{"id":96,"date":"2022-02-21T02:36:59","date_gmt":"2022-02-21T14:36:59","guid":{"rendered":"https:\/\/0-zz.com\/03\/?page_id=96"},"modified":"2022-04-28T04:12:05","modified_gmt":"2022-04-28T16:12:05","slug":"z","status":"publish","type":"page","link":"https:\/\/0-zz.com\/03\/z\/","title":{"rendered":"Z"},"content":{"rendered":"\n<h2 class=\"wp-block-heading\" id=\"z-03-z-03z\">z &#8211; 03\/z &#8211; 03Z<\/h2>\n\n\n\n<figure class=\"wp-block-embed is-type-video is-provider-youtube wp-block-embed-youtube wp-embed-aspect-16-9 wp-has-aspect-ratio\"><div class=\"wp-block-embed__wrapper\">\n<iframe loading=\"lazy\" title=\"Halina Kunicka - Niech no tylko zakwitn\u0105 jab\u0142onie [Official Audio]\" width=\"580\" height=\"326\" src=\"https:\/\/www.youtube.com\/embed\/lOZv-HYWkmc?feature=oembed\" frameborder=\"0\" allow=\"accelerometer; autoplay; clipboard-write; encrypted-media; gyroscope; picture-in-picture; web-share\" referrerpolicy=\"strict-origin-when-cross-origin\" allowfullscreen><\/iframe>\n<\/div><\/figure>\n\n\n\n<h2 class=\"wp-block-heading\" id=\"halina-kunicka-niech-no-tylko-zakwitna-jablonie-official-audio\">Halina Kunicka &#8211; Niech no tylko zakwitn\u0105 jab\u0142onie [Official Audio]<\/h2>\n\n\n\n<p>71K views&nbsp;\u00b7&nbsp;2 years ago<\/p>\n\n\n\n<h2 class=\"wp-block-heading\" id=\"polskie-nagrania\">Polskie Nagrania<\/h2>\n\n\n\n<p>SUBSCRIBED 108K subscribers<\/p>\n\n\n\n<p><a href=\"https:\/\/m.youtube.com\/channel\/UCeAFhL7tQmtLp9zk7uQpNoQ\">https:\/\/m.youtube.com\/channel\/UCeAFhL7tQmtLp9zk7uQpNoQ<\/a><\/p>\n\n\n\n<p>\u015awiat nie jest taki z\u0142y,<br>\u015awiat nie jest wcale md\u0142y,<br>Niech no tylko zakwitn\u0105 jab\u0142onie,<br>To i milion z nieba kapnie,<br>I dziewczyna kocha \u0142atwiej,<br>Jab\u0142onie, kwitn\u0105ce jab\u0142onie&#8230;<\/p>\n\n\n\n<p>Wszystkim manna pada z nieba,<br>Ludzie maj\u0105, co potrzeba,<br>Darmo \u015bwiat\u0142o, gaz, lokaje.<br>\u015api\u0105 od rana do wieczora,<br>Czasem drepcz\u0105 do ko\u015bcio\u0142a<br>I noc\u0105 zm\u0119czeni \u015bpiewaj\u0105&#8230;<\/p>\n\n\n\n<p>\u015awiat nie jest taki z\u0142y,<br>\u015awiat nie jest taki md\u0142y,<br>Niech no tylko zakwitn\u0105 jab\u0142onie.<br>Babcie wnuczkom bajki klec\u0105,<br>Z\u0142ote z\u0119by z nieba lec\u0105,<br>Jab\u0142onie, kwitn\u0105ce jab\u0142onie&#8230;<\/p>\n\n\n\n<p>Oto chmurka na niebiesiech,<br>Zgadujemy, co nam niesie &#8211;<br>Bia\u0142y \u015bnieg czy srebrne z\u0142ot\u00f3wki?<br>Wszyscy klniemy: &#8222;To\u017c to skandal!<br>Dzisiaj z nieba &#8211; wstyd i granda &#8211;<br>Lec\u0105 gor\u0105ce par\u00f3wki&#8221;.<\/p>\n\n\n\n<p>\u015awiat nie jest taki z\u0142y,<br>\u015awiat nie jest wcale md\u0142y,<br>Tak ko\u0144czymy t\u0119 nasz\u0105 melodi\u0119.<br>Wiosn\u0105 ludzie umieraj\u0105,<br>Wiosn\u0105 ludzie si\u0119 kochaj\u0105,<br>I dziewczyna z ulicy, i z\u0142odziej.<\/p>\n\n\n\n<p>Policjanci i poeci,<br>Chuligani, z\u0142ote dzieci,<br>Wszyscy ta\u0144cz\u0105 do \u015bwitu kankana.<br>\u015api\u0105 od rana do wieczora,<br>Czasem drepcz\u0105 do ko\u015bcio\u0142a,<br>A w nocy zm\u0119czeni \u015bpiewaj\u0105&#8230;<\/p>\n\n\n\n<p>\u015awiat nie jest taki z\u0142y,<br>\u015awiat nie jest wcale md\u0142y,<br>Niech no tylko zakwitn\u0105 jab\u0142onie,<br>To i milion z nieba kapnie,<br>I dziewczyna kocha \u0142atwiej,<br>Jab\u0142onie, kwitn\u0105ce jab\u0142onie&#8230;<\/p>\n\n\n\n<figure class=\"wp-block-table\"><table><tbody><tr><th>Autor tekstu:<\/th><td>Jerzy Afanasjew<\/td><\/tr><tr><th>Kompozytor:<\/th><td>Janusz Hajdun<\/td><\/tr><\/tbody><\/table><\/figure>\n\n\n\n<p><a href=\"https:\/\/www.tekstowo.pl\/piosenka,halina_kunicka,niech_no_tylko_zakwitna_jablonie.html\">https:\/\/www.tekstowo.pl\/piosenka,halina_kunicka,niech_no_tylko_zakwitna_jablonie.html<\/a><\/p>\n\n\n\n<hr class=\"wp-block-separator\"\/>\n\n\n\n<h4 class=\"wp-block-heading\">0-zz.com\/0 &#8211; 0-zz.com\/z :<\/h4>\n\n\n\n<p><small><strong><a href=\"http:\/\/0-zz.com\/0\">1\ufe0f\u20e31\ufe0f\u20e3-0<\/a> |<a href=\"http:\/\/0-zz.com\/1\">1\ufe0f\u20e32\ufe0f\u20e3-1<\/a> |<a href=\"http:\/\/0-zz.com\/2\">1\ufe0f\u20e33\ufe0f\u20e3-2<\/a> |<a href=\"http:\/\/0-zz.com\/3\">1\ufe0f\u20e34\ufe0f\u20e3-3<\/a> |<a href=\"http:\/\/0-zz.com\/4\">1\ufe0f\u20e35\ufe0f\u20e3-4<\/a> |<a href=\"http:\/\/0-zz.com\/5\">1\ufe0f\u20e36\ufe0f\u20e3-5<\/a> <\/strong><\/small><br><small> <strong><a href=\"http:\/\/0-zz.com\/6\">2\ufe0f\u20e31\ufe0f\u20e3-6<\/a> |<a href=\"http:\/\/0-zz.com\/7\">2\ufe0f\u20e32\ufe0f\u20e3-7<\/a> |<a href=\"http:\/\/0-zz.com\/8\">2\ufe0f\u20e33\ufe0f\u20e3-8<\/a> |<a href=\"http:\/\/0-zz.com\/9\">2\ufe0f\u20e34\ufe0f\u20e3-9<\/a> |<a href=\"http:\/\/0-zz.com\/a\">2\ufe0f\u20e35\ufe0f\u20e3-A<\/a> |<a href=\"http:\/\/0-zz.com\/b\">2\ufe0f\u20e36\ufe0f\u20e3-B<\/a><\/strong><\/small><br><small> <strong><a href=\"http:\/\/0-zz.com\/c\">3\ufe0f\u20e31\ufe0f\u20e3-C<\/a> |<a href=\"http:\/\/0-zz.com\/d\">3\ufe0f\u20e32\ufe0f\u20e3-D<\/a> |<a href=\"http:\/\/0-zz.com\/e\">3\ufe0f\u20e33\ufe0f\u20e3-E<\/a> |<a href=\"http:\/\/0-zz.com\/f\">3\ufe0f\u20e34\ufe0f\u20e3-F<\/a> |<a href=\"http:\/\/0-zz.com\/g\">3\ufe0f\u20e35\ufe0f\u20e3-G<\/a> |<a href=\"http:\/\/0-zz.com\/h\">3\ufe0f\u20e36\ufe0f\u20e3-H<\/a><\/strong><\/small><br><small> <strong><a href=\"http:\/\/0-zz.com\/i\">4\ufe0f\u20e31\ufe0f\u20e3-I<\/a> |<a href=\"http:\/\/0-zz.com\/j\">4\ufe0f\u20e32\ufe0f\u20e3-J<\/a> |<a href=\"http:\/\/0-zz.com\/k\">4\ufe0f\u20e33\ufe0f\u20e3-K<\/a> |<a href=\"http:\/\/0-zz.com\/l\">4\ufe0f\u20e34\ufe0f\u20e3-L<\/a> |<a href=\"http:\/\/0-zz.com\/m\">4\ufe0f\u20e35\ufe0f\u20e3-M<\/a> |<a href=\"http:\/\/0-zz.com\/n\">4\ufe0f\u20e36\ufe0f\u20e3-N<\/a><\/strong><\/small><br><small> <strong><a href=\"http:\/\/0-zz.com\/o\">5\ufe0f\u20e31\ufe0f\u20e3-O<\/a> |<a href=\"http:\/\/0-zz.com\/p\">5\ufe0f\u20e32\ufe0f\u20e3-P<\/a> |<a href=\"http:\/\/0-zz.com\/q\">5\ufe0f\u20e33\ufe0f\u20e3-Q<\/a> |<a href=\"http:\/\/0-zz.com\/r\">5\ufe0f\u20e34\ufe0f\u20e3-R<\/a> |<a href=\"http:\/\/0-zz.com\/s\">5\ufe0f\u20e35\ufe0f\u20e3-S<\/a> |<a href=\"http:\/\/0-zz.com\/t\">5\ufe0f\u20e36\ufe0f\u20e3-T<\/a><\/strong><\/small><br><small> <strong><a href=\"http:\/\/0-zz.com\/u\">6\ufe0f\u20e31\ufe0f\u20e3-U<\/a> |<a href=\"http:\/\/0-zz.com\/v\">6\ufe0f\u20e32\ufe0f\u20e3-V<\/a> |<a href=\"http:\/\/0-zz.com\/w\">6\ufe0f\u20e33\ufe0f\u20e3-W<\/a> |<a href=\"http:\/\/0-zz.com\/x\">6\ufe0f\u20e34\ufe0f\u20e3-X<\/a> |<a href=\"http:\/\/0-zz.com\/y\">6\ufe0f\u20e35\ufe0f\u20e3-Y<\/a> |<a href=\"http:\/\/0-zz.com\/z\">6\ufe0f\u20e36\ufe0f\u20e3-Z<\/a><\/strong><\/small><\/p>\n\n\n\n<p>Roll 2 dice ?? 1\ufe0f\u20e32\ufe0f\u20e33\ufe0f\u20e34\ufe0f\u20e35\ufe0f\u20e36\ufe0f\u20e3<\/p>\n\n\n\n<p><a href=\"https:\/\/www.random.org\/dice\/\">https:\/\/www.random.org\/dice\/<\/a><\/p>\n\n\n\n<p><a href=\"https:\/\/www.google.com\/search?q=dice+roller\">https:\/\/www.google.com\/search?q=dice+roller<\/a><\/p>\n\n\n\n<hr class=\"wp-block-separator\"\/>\n\n\n\n<p><a href=\"https:\/\/12r.pl\/ea\/\">12r.pl\/ea<\/a>&nbsp;-&gt;&nbsp;<a href=\"https:\/\/12r.uk\/ea\/\">12r.uk\/ea<\/a>&nbsp;-&gt;&nbsp;<a href=\"https:\/\/7hi7.com\/ea\/\">7hi7.com\/ea<\/a><\/p>\n\n\n\n<p>Wikipedia.org &#8211; Play game &#8211; portals, categories, states, cities, capital cities<\/p>\n","protected":false},"excerpt":{"rendered":"<p>z &#8211; 03\/z &#8211; 03Z Halina Kunicka &#8211; Niech no tylko zakwitn\u0105 jab\u0142onie [Official Audio] 71K views&nbsp;\u00b7&nbsp;2 years ago Polskie Nagrania SUBSCRIBED 108K subscribers https:\/\/m.youtube.com\/channel\/UCeAFhL7tQmtLp9zk7uQpNoQ \u015awiat nie jest taki z\u0142y,\u015awiat nie jest wcale md\u0142y,Niech no tylko zakwitn\u0105 jab\u0142onie,To i milion z nieba kapnie,I dziewczyna kocha \u0142atwiej,Jab\u0142onie, kwitn\u0105ce jab\u0142onie&#8230; Wszystkim manna pada z nieba,Ludzie maj\u0105, co [&hellip;]<\/p>\n","protected":false},"author":1,"featured_media":0,"parent":0,"menu_order":0,"comment_status":"closed","ping_status":"closed","template":"","meta":{"footnotes":""},"class_list":["post-96","page","type-page","status-publish","hentry"],"_links":{"self":[{"href":"https:\/\/0-zz.com\/03\/wp-json\/wp\/v2\/pages\/96","targetHints":{"allow":["GET"]}}],"collection":[{"href":"https:\/\/0-zz.com\/03\/wp-json\/wp\/v2\/pages"}],"about":[{"href":"https:\/\/0-zz.com\/03\/wp-json\/wp\/v2\/types\/page"}],"author":[{"embeddable":true,"href":"https:\/\/0-zz.com\/03\/wp-json\/wp\/v2\/users\/1"}],"replies":[{"embeddable":true,"href":"https:\/\/0-zz.com\/03\/wp-json\/wp\/v2\/comments?post=96"}],"version-history":[{"count":3,"href":"https:\/\/0-zz.com\/03\/wp-json\/wp\/v2\/pages\/96\/revisions"}],"predecessor-version":[{"id":172,"href":"https:\/\/0-zz.com\/03\/wp-json\/wp\/v2\/pages\/96\/revisions\/172"}],"wp:attachment":[{"href":"https:\/\/0-zz.com\/03\/wp-json\/wp\/v2\/media?parent=96"}],"curies":[{"name":"wp","href":"https:\/\/api.w.org\/{rel}","templated":true}]}}