{"id":83,"date":"2022-02-21T02:03:18","date_gmt":"2022-02-21T14:03:18","guid":{"rendered":"https:\/\/0-zz.com\/03\/?page_id=83"},"modified":"2022-04-28T04:05:30","modified_gmt":"2022-04-28T16:05:30","slug":"t","status":"publish","type":"page","link":"https:\/\/0-zz.com\/03\/t\/","title":{"rendered":"T"},"content":{"rendered":"\n<h2 class=\"wp-block-heading\" id=\"t-03-t-03t\">t &#8211; 03\/t &#8211; 03T<\/h2>\n\n\n\n<figure class=\"wp-block-embed is-type-video is-provider-youtube wp-block-embed-youtube wp-embed-aspect-16-9 wp-has-aspect-ratio\"><div class=\"wp-block-embed__wrapper\">\n<iframe loading=\"lazy\" title=\"Wojciech M\u0142ynarski - Jeste\u015bmy na wczasach [Official Audio]\" width=\"580\" height=\"326\" src=\"https:\/\/www.youtube.com\/embed\/o1HCzB99IHg?feature=oembed\" frameborder=\"0\" allow=\"accelerometer; autoplay; clipboard-write; encrypted-media; gyroscope; picture-in-picture; web-share\" referrerpolicy=\"strict-origin-when-cross-origin\" allowfullscreen><\/iframe>\n<\/div><\/figure>\n\n\n\n<h2 class=\"wp-block-heading\" id=\"wojciech-mlynarski-jestesmy-na-wczasach-official-audio\">Wojciech M\u0142ynarski &#8211; Jeste\u015bmy na wczasach [Official Audio]<\/h2>\n\n\n\n<p>30K views&nbsp;\u00b7&nbsp;3 years ago<\/p>\n\n\n\n<h2 class=\"wp-block-heading\" id=\"polskie-nagrania\">Polskie Nagrania<\/h2>\n\n\n\n<p>SUBSCRIBED 108K subscribers<\/p>\n\n\n\n<p><a href=\"https:\/\/m.youtube.com\/channel\/UCeAFhL7tQmtLp9zk7uQpNoQ\">https:\/\/m.youtube.com\/channel\/UCeAFhL7tQmtLp9zk7uQpNoQ<\/a><\/p>\n\n\n\n<p>Za oknami noc, w g\u00f3rach \u015bniegu moc okrywa wszystko<br>czort jedyny wie, co rzuci\u0142o mnie w to uzdrowisko.<br>Na parkiecie szum, wczasowicz\u00f3w t\u0142um spleciony g\u0119sto,<br>siedz\u0119 tutaj sam, a przed sob\u0105 mam orkiestr\u0119 m\u0119sk\u0105.<br>Typ, co szarpie bas wie, \u017ce nadszed\u0142 czas, gdy w kim\u015b na ba\u0144ce<br>czu\u0142a struna drgnie i rozpoczn\u0105 si\u0119 g\u00f3ralskie ta\u0144ce.<br>Jest g\u00f3rala wart taniec, gdy masz fart, gdy dziewcz\u0119 kwili.<br>Z basem typ to wie, wi\u0119c u\u015bmiecha si\u0119 i ju\u017c po chwili:<\/p>\n\n\n\n<p>Dla sympatycznej panny Krysi z turnusu trzeciego<br>od sympatycznego pana Waldka: &#8222;pucio-pucio&#8221;!<\/p>\n\n\n\n<p>Jeste\u015bmy na wczasach w tych g\u00f3ralskich lasach,<br>w &#8222;propieniach&#8221; s\u0142onecznych opalamy si\u0119.<br>Orkiestra &#8222;przygryfa&#8221; &#8222;sykocznego&#8221; b\u00e9guine&#8217;a,<br>to nie twoja &#8222;fina, &#8222;sze&#8221; &#8222;podryfam ci\u0119&#8221;&#8230;<\/p>\n\n\n\n<p>Ta panna Krysia, panna Krysia<br>kr\u00f3lowa\u0142a na turnusach nie od dzisiaj,<br>a ka\u017cdego roku w\u0142a\u015bnie o tej porze<br>przyje\u017cd\u017ca\u0142a tu, do pensjonatu \u201eOrze\u0142&#8221;.<br>Kuracjuszy rozmarzony wzrok<br>\u015bledzi\u0142 wci\u0105\u017c jej ka\u017cdy gest i krok.<\/p>\n\n\n\n<p>Za oknami noc, w g\u00f3rach \u015bniegu moc na drzewach wisi,<br>czort jedyny wie, \u017ce basista te\u017c si\u0119 kocha w Krysi&#8230;<br>Wie jedyny czort, co kosztuje to, by wci\u0105\u017c od nowa<br>bra\u0107 kontrabas i t\u0142umi\u0105c po\u017car krwi tak anonsowa\u0107:<\/p>\n\n\n\n<p>Dla sympatycznej panny Krysi z turnusu trzeciego<br>od sympatycznego oczywi\u015bcie niew\u0105tpliwie pana Mietka: pucio-pucio!<\/p>\n\n\n\n<p>Jeste\u015bmy na wczasach w tych g\u00f3ralskich lasach,<br>w &#8222;propieniach&#8221; s\u0142onecznych opalamy si\u0119.<\/p>\n\n\n\n<p>A panna Krysia, panna Krysia<br>z panem Mietkiem, co si\u0119 tu\u017c przed chwil\u0105 przysiad\u0142<br>przemierza\u0142a wzd\u0142u\u017c i wszerz parkietu przestrze\u0144,<br>ale nigdy nie spojrza\u0142a ku orkiestrze,<br>sk\u0105d basisty rozmarzony wzrok<br>\u015bledzi\u0142 wci\u0105\u017c jej ka\u017cdy gest i krok.<\/p>\n\n\n\n<p>Za oknami noc, w g\u00f3rach \u015bniegu moc okrywa wszystko,<br>ca\u0142y turnus \u015bpi, a w\u015br\u00f3d innych \u015bni i nasz basista,<br>\u017ce doko\u0142a szum, na parkiecie t\u0142um, przy czo\u0142ach czo\u0142a,<br>a on rzuca bas i ma w oczach blask i g\u0142o\u015bno wo\u0142a:<\/p>\n\n\n\n<p>\u201eSPOK\u00d3J ORKIESTRA!!!<br>Teraz&#8230; dla sympatycznej panny Krysi&#8230;<br>z turnusu trzeciego&#8230; ode mnie&#8230;<br>Panno Krysiu&#8230; kocham pani\u0105!&#8230; Wszystko&#8230;&#8221;<\/p>\n\n\n\n<p>Ha ha ha ha ha ha ha ha!!! Co to si\u0119 dzia\u0142o, co si\u0119 dzia\u0142o!<br>Uzdrowiska p\u00f3\u0142 ze \u015bmiechu sie skr\u0119ca\u0142o<br>i skr\u0119ci\u0142o by do ko\u0144ca biednych ludzi,<br>gdyby wreszcie si\u0119 basista nie obudzi\u0142&#8230;<br>Bo miewamy cz\u0119sto g\u0142upie sny,<br>ale potem si\u0119 budzimy i:<\/p>\n\n\n\n<p>Dla sympatycznej panny Krysi z turnusu trzeciego<br>od sympatycznego , niew\u0105tpliwie, pana Waldka:<br>&#8222;pucio-pucio&#8221;!<\/p>\n\n\n\n<figure class=\"wp-block-table\"><table><tbody><tr><th>Autor tekstu:<\/th><td>Wojciech M\u0142ynarski<\/td><\/tr><tr><th>Kompozytor:<\/th><td>Janusz Sent<\/td><\/tr><\/tbody><\/table><\/figure>\n\n\n\n<p><a href=\"https:\/\/www.tekstowo.pl\/piosenka,wojciech_mlynarski,jestesmy_na_wczasach.html\">https:\/\/www.tekstowo.pl\/piosenka,wojciech_mlynarski,jestesmy_na_wczasach.html<\/a><\/p>\n\n\n\n<hr class=\"wp-block-separator\"\/>\n\n\n\n<h4 class=\"wp-block-heading\">0-zz.com\/0 &#8211; 0-zz.com\/z :<\/h4>\n\n\n\n<p><small><strong><a href=\"http:\/\/0-zz.com\/0\">1\ufe0f\u20e31\ufe0f\u20e3-0<\/a> |<a href=\"http:\/\/0-zz.com\/1\">1\ufe0f\u20e32\ufe0f\u20e3-1<\/a> |<a href=\"http:\/\/0-zz.com\/2\">1\ufe0f\u20e33\ufe0f\u20e3-2<\/a> |<a href=\"http:\/\/0-zz.com\/3\">1\ufe0f\u20e34\ufe0f\u20e3-3<\/a> |<a href=\"http:\/\/0-zz.com\/4\">1\ufe0f\u20e35\ufe0f\u20e3-4<\/a> |<a href=\"http:\/\/0-zz.com\/5\">1\ufe0f\u20e36\ufe0f\u20e3-5<\/a> <\/strong><\/small><br><small> <strong><a href=\"http:\/\/0-zz.com\/6\">2\ufe0f\u20e31\ufe0f\u20e3-6<\/a> |<a href=\"http:\/\/0-zz.com\/7\">2\ufe0f\u20e32\ufe0f\u20e3-7<\/a> |<a href=\"http:\/\/0-zz.com\/8\">2\ufe0f\u20e33\ufe0f\u20e3-8<\/a> |<a href=\"http:\/\/0-zz.com\/9\">2\ufe0f\u20e34\ufe0f\u20e3-9<\/a> |<a href=\"http:\/\/0-zz.com\/a\">2\ufe0f\u20e35\ufe0f\u20e3-A<\/a> |<a href=\"http:\/\/0-zz.com\/b\">2\ufe0f\u20e36\ufe0f\u20e3-B<\/a><\/strong><\/small><br><small> <strong><a href=\"http:\/\/0-zz.com\/c\">3\ufe0f\u20e31\ufe0f\u20e3-C<\/a> |<a href=\"http:\/\/0-zz.com\/d\">3\ufe0f\u20e32\ufe0f\u20e3-D<\/a> |<a href=\"http:\/\/0-zz.com\/e\">3\ufe0f\u20e33\ufe0f\u20e3-E<\/a> |<a href=\"http:\/\/0-zz.com\/f\">3\ufe0f\u20e34\ufe0f\u20e3-F<\/a> |<a href=\"http:\/\/0-zz.com\/g\">3\ufe0f\u20e35\ufe0f\u20e3-G<\/a> |<a href=\"http:\/\/0-zz.com\/h\">3\ufe0f\u20e36\ufe0f\u20e3-H<\/a><\/strong><\/small><br><small> <strong><a href=\"http:\/\/0-zz.com\/i\">4\ufe0f\u20e31\ufe0f\u20e3-I<\/a> |<a href=\"http:\/\/0-zz.com\/j\">4\ufe0f\u20e32\ufe0f\u20e3-J<\/a> |<a href=\"http:\/\/0-zz.com\/k\">4\ufe0f\u20e33\ufe0f\u20e3-K<\/a> |<a href=\"http:\/\/0-zz.com\/l\">4\ufe0f\u20e34\ufe0f\u20e3-L<\/a> |<a href=\"http:\/\/0-zz.com\/m\">4\ufe0f\u20e35\ufe0f\u20e3-M<\/a> |<a href=\"http:\/\/0-zz.com\/n\">4\ufe0f\u20e36\ufe0f\u20e3-N<\/a><\/strong><\/small><br><small> <strong><a href=\"http:\/\/0-zz.com\/o\">5\ufe0f\u20e31\ufe0f\u20e3-O<\/a> |<a href=\"http:\/\/0-zz.com\/p\">5\ufe0f\u20e32\ufe0f\u20e3-P<\/a> |<a href=\"http:\/\/0-zz.com\/q\">5\ufe0f\u20e33\ufe0f\u20e3-Q<\/a> |<a href=\"http:\/\/0-zz.com\/r\">5\ufe0f\u20e34\ufe0f\u20e3-R<\/a> |<a href=\"http:\/\/0-zz.com\/s\">5\ufe0f\u20e35\ufe0f\u20e3-S<\/a> |<a href=\"http:\/\/0-zz.com\/t\">5\ufe0f\u20e36\ufe0f\u20e3-T<\/a><\/strong><\/small><br><small> <strong><a href=\"http:\/\/0-zz.com\/u\">6\ufe0f\u20e31\ufe0f\u20e3-U<\/a> |<a href=\"http:\/\/0-zz.com\/v\">6\ufe0f\u20e32\ufe0f\u20e3-V<\/a> |<a href=\"http:\/\/0-zz.com\/w\">6\ufe0f\u20e33\ufe0f\u20e3-W<\/a> |<a href=\"http:\/\/0-zz.com\/x\">6\ufe0f\u20e34\ufe0f\u20e3-X<\/a> |<a href=\"http:\/\/0-zz.com\/y\">6\ufe0f\u20e35\ufe0f\u20e3-Y<\/a> |<a href=\"http:\/\/0-zz.com\/z\">6\ufe0f\u20e36\ufe0f\u20e3-Z<\/a><\/strong><\/small><\/p>\n\n\n\n<p>Roll 2 dice ?? 1\ufe0f\u20e32\ufe0f\u20e33\ufe0f\u20e34\ufe0f\u20e35\ufe0f\u20e36\ufe0f\u20e3<\/p>\n\n\n\n<p><a href=\"https:\/\/www.random.org\/dice\/\">https:\/\/www.random.org\/dice\/<\/a><\/p>\n\n\n\n<p><a href=\"https:\/\/www.google.com\/search?q=dice+roller\">https:\/\/www.google.com\/search?q=dice+roller<\/a><\/p>\n\n\n\n<hr class=\"wp-block-separator\"\/>\n\n\n\n<p><a href=\"https:\/\/12r.pl\/ea\/\">12r.pl\/ea<\/a>&nbsp;-&gt;&nbsp;<a href=\"https:\/\/12r.uk\/ea\/\">12r.uk\/ea<\/a>&nbsp;-&gt;&nbsp;<a href=\"https:\/\/7hi7.com\/ea\/\">7hi7.com\/ea<\/a><\/p>\n\n\n\n<p>Wikipedia.org &#8211; Play game &#8211; portals, categories, states, cities, capital cities<\/p>\n","protected":false},"excerpt":{"rendered":"<p>t &#8211; 03\/t &#8211; 03T Wojciech M\u0142ynarski &#8211; Jeste\u015bmy na wczasach [Official Audio] 30K views&nbsp;\u00b7&nbsp;3 years ago Polskie Nagrania SUBSCRIBED 108K subscribers https:\/\/m.youtube.com\/channel\/UCeAFhL7tQmtLp9zk7uQpNoQ Za oknami noc, w g\u00f3rach \u015bniegu moc okrywa wszystkoczort jedyny wie, co rzuci\u0142o mnie w to uzdrowisko.Na parkiecie szum, wczasowicz\u00f3w t\u0142um spleciony g\u0119sto,siedz\u0119 tutaj sam, a przed sob\u0105 mam orkiestr\u0119 m\u0119sk\u0105.Typ, co [&hellip;]<\/p>\n","protected":false},"author":1,"featured_media":0,"parent":0,"menu_order":0,"comment_status":"closed","ping_status":"closed","template":"","meta":{"footnotes":""},"class_list":["post-83","page","type-page","status-publish","hentry"],"_links":{"self":[{"href":"https:\/\/0-zz.com\/03\/wp-json\/wp\/v2\/pages\/83","targetHints":{"allow":["GET"]}}],"collection":[{"href":"https:\/\/0-zz.com\/03\/wp-json\/wp\/v2\/pages"}],"about":[{"href":"https:\/\/0-zz.com\/03\/wp-json\/wp\/v2\/types\/page"}],"author":[{"embeddable":true,"href":"https:\/\/0-zz.com\/03\/wp-json\/wp\/v2\/users\/1"}],"replies":[{"embeddable":true,"href":"https:\/\/0-zz.com\/03\/wp-json\/wp\/v2\/comments?post=83"}],"version-history":[{"count":3,"href":"https:\/\/0-zz.com\/03\/wp-json\/wp\/v2\/pages\/83\/revisions"}],"predecessor-version":[{"id":166,"href":"https:\/\/0-zz.com\/03\/wp-json\/wp\/v2\/pages\/83\/revisions\/166"}],"wp:attachment":[{"href":"https:\/\/0-zz.com\/03\/wp-json\/wp\/v2\/media?parent=83"}],"curies":[{"name":"wp","href":"https:\/\/api.w.org\/{rel}","templated":true}]}}