{"id":81,"date":"2022-02-21T01:56:12","date_gmt":"2022-02-21T13:56:12","guid":{"rendered":"https:\/\/0-zz.com\/03\/?page_id=81"},"modified":"2022-04-28T04:03:30","modified_gmt":"2022-04-28T16:03:30","slug":"s","status":"publish","type":"page","link":"https:\/\/0-zz.com\/03\/s\/","title":{"rendered":"S"},"content":{"rendered":"\n<h2 class=\"wp-block-heading\" id=\"s-03-s-03s\">s &#8211; 03\/s &#8211; 03S<\/h2>\n\n\n\n<figure class=\"wp-block-embed is-type-video is-provider-youtube wp-block-embed-youtube wp-embed-aspect-16-9 wp-has-aspect-ratio\"><div class=\"wp-block-embed__wrapper\">\n<iframe loading=\"lazy\" title=\"Zbigniew Kurtycz, Barbara Dunin - Cicha woda [Official Audio]\" width=\"580\" height=\"326\" src=\"https:\/\/www.youtube.com\/embed\/mC29M3mjQ9c?feature=oembed\" frameborder=\"0\" allow=\"accelerometer; autoplay; clipboard-write; encrypted-media; gyroscope; picture-in-picture; web-share\" referrerpolicy=\"strict-origin-when-cross-origin\" allowfullscreen><\/iframe>\n<\/div><\/figure>\n\n\n\n<h2 class=\"wp-block-heading\" id=\"zbigniew-kurtycz-barbara-dunin-cicha-woda-official-audio\">Zbigniew Kurtycz, Barbara Dunin &#8211; Cicha woda [Official Audio]<\/h2>\n\n\n\n<p>20K views&nbsp;\u00b7&nbsp;2 years ago<\/p>\n\n\n\n<h2 class=\"wp-block-heading\" id=\"polskie-nagrania\">Polskie Nagrania<\/h2>\n\n\n\n<p>SUBSCRIBED 108K subscribers<\/p>\n\n\n\n<p><a href=\"https:\/\/m.youtube.com\/channel\/UCeAFhL7tQmtLp9zk7uQpNoQ\">https:\/\/m.youtube.com\/channel\/UCeAFhL7tQmtLp9zk7uQpNoQ<\/a><\/p>\n\n\n\n<p>P\u0142yn\u0105\u0142 strumyk przez zielony las,<br>A przy brzegu le\u017ca\u0142 sto kilowy g\u0142az.<br>P\u0142yn\u0105\u0142 strumyk. Min\u0105\u0142 jaki\u015b czas,<br>Sto kilowy g\u0142az gdzie\u015b zgin\u0105\u0142,<br>Strumyk p\u0142ynie tak jak p\u0142yn\u0105\u0142.<\/p>\n\n\n\n<p>Cicha woda brzegi rwie,<br>Nie wiesz nawet jak i gdzie.<br>Nie zd\u0105\u017cysz nawet zabezpieczy\u0107 si\u0119,<br>Bo nie zna nikt metody,<br>By si\u0119 ustrzec cichej wody.<br>Cicha woda brzegi rwie,<br>W jaki spos\u00f3b? kto to wie,<br>Ma racj\u0119, \u017ce tak powiem, to przys\u0142owie:<br>Cicha woda brzegi rwie.<\/p>\n\n\n\n<p>Sz\u0142a dziewczyna przez zielony las<br>Popatrzy\u0142a na mnie tylko jeden raz.<br>Popatrzy\u0142a. Min\u0105\u0142 jaki\u015b czas,<br>Lecz widocznie jej uroda<br>By\u0142a jak ta cicha woda.<\/p>\n\n\n\n<p>Cicha woda brzegi rwie,<br>Nie wiesz nawet jak i gdzie.<br>Nie zd\u0105\u017cysz nawet zabezpieczy\u0107 si\u0119,<br>Bo nie zna nikt metody,<br>By si\u0119 ustrzec cichej wody.<br>Cicha woda brzegi rwie,<br>W jaki spos\u00f3b? kto to wie,<br>Ma racj\u0119, \u017ce tak powiem, to przys\u0142owie:<br>Cicha woda brzegi rwie.<\/p>\n\n\n\n<p>P\u0142ynie strumyk przez zielony las,<br>Sko\u0144czy\u0142 si\u0119 ju\u017c dla mnie kawalerski czas.<br>Dzisiaj tylko czasem &#8211; prosz\u0119 was &#8211;<br>Je\u015bli \u017conka mnie nie s\u0142yszy,<br>\u015apiewam sobie jak najciszej.<\/p>\n\n\n\n<p>Cicha woda brzegi rwie,<br>Nie wiesz nawet jak i gdzie.<br>Nie zd\u0105\u017cysz nawet zabezpieczy\u0107 si\u0119,<br>Bo nie zna nikt metody,<br>By si\u0119 ustrzec cichej wody.<br>Cicha woda brzegi rwie,<br>W jaki spos\u00f3b? kto to wie,<br>Ma racj\u0119, \u017ce tak powiem, to przys\u0142owie:<br>Cicha woda brzegi rwie.<\/p>\n\n\n\n<figure class=\"wp-block-table\"><table><tbody><tr><th>Autor tekstu:<\/th><td>Ludwik Jerzy Kern<\/td><\/tr><tr><th>Kompozytor:<\/th><td>Adi Rozner\/Zbigniew Kurtycz<\/td><\/tr><\/tbody><\/table><\/figure>\n\n\n\n<p><a href=\"https:\/\/www.tekstowo.pl\/piosenka,zbigniew_kurtycz,cicha_woda.html\">https:\/\/www.tekstowo.pl\/piosenka,zbigniew_kurtycz,cicha_woda.html<\/a><\/p>\n\n\n\n<hr class=\"wp-block-separator\"\/>\n\n\n\n<h4 class=\"wp-block-heading\">0-zz.com\/0 &#8211; 0-zz.com\/z :<\/h4>\n\n\n\n<p><small><strong><a href=\"http:\/\/0-zz.com\/0\">1\ufe0f\u20e31\ufe0f\u20e3-0<\/a> |<a href=\"http:\/\/0-zz.com\/1\">1\ufe0f\u20e32\ufe0f\u20e3-1<\/a> |<a href=\"http:\/\/0-zz.com\/2\">1\ufe0f\u20e33\ufe0f\u20e3-2<\/a> |<a href=\"http:\/\/0-zz.com\/3\">1\ufe0f\u20e34\ufe0f\u20e3-3<\/a> |<a href=\"http:\/\/0-zz.com\/4\">1\ufe0f\u20e35\ufe0f\u20e3-4<\/a> |<a href=\"http:\/\/0-zz.com\/5\">1\ufe0f\u20e36\ufe0f\u20e3-5<\/a> <\/strong><\/small><br><small> <strong><a href=\"http:\/\/0-zz.com\/6\">2\ufe0f\u20e31\ufe0f\u20e3-6<\/a> |<a href=\"http:\/\/0-zz.com\/7\">2\ufe0f\u20e32\ufe0f\u20e3-7<\/a> |<a href=\"http:\/\/0-zz.com\/8\">2\ufe0f\u20e33\ufe0f\u20e3-8<\/a> |<a href=\"http:\/\/0-zz.com\/9\">2\ufe0f\u20e34\ufe0f\u20e3-9<\/a> |<a href=\"http:\/\/0-zz.com\/a\">2\ufe0f\u20e35\ufe0f\u20e3-A<\/a> |<a href=\"http:\/\/0-zz.com\/b\">2\ufe0f\u20e36\ufe0f\u20e3-B<\/a><\/strong><\/small><br><small> <strong><a href=\"http:\/\/0-zz.com\/c\">3\ufe0f\u20e31\ufe0f\u20e3-C<\/a> |<a href=\"http:\/\/0-zz.com\/d\">3\ufe0f\u20e32\ufe0f\u20e3-D<\/a> |<a href=\"http:\/\/0-zz.com\/e\">3\ufe0f\u20e33\ufe0f\u20e3-E<\/a> |<a href=\"http:\/\/0-zz.com\/f\">3\ufe0f\u20e34\ufe0f\u20e3-F<\/a> |<a href=\"http:\/\/0-zz.com\/g\">3\ufe0f\u20e35\ufe0f\u20e3-G<\/a> |<a href=\"http:\/\/0-zz.com\/h\">3\ufe0f\u20e36\ufe0f\u20e3-H<\/a><\/strong><\/small><br><small> <strong><a href=\"http:\/\/0-zz.com\/i\">4\ufe0f\u20e31\ufe0f\u20e3-I<\/a> |<a href=\"http:\/\/0-zz.com\/j\">4\ufe0f\u20e32\ufe0f\u20e3-J<\/a> |<a href=\"http:\/\/0-zz.com\/k\">4\ufe0f\u20e33\ufe0f\u20e3-K<\/a> |<a href=\"http:\/\/0-zz.com\/l\">4\ufe0f\u20e34\ufe0f\u20e3-L<\/a> |<a href=\"http:\/\/0-zz.com\/m\">4\ufe0f\u20e35\ufe0f\u20e3-M<\/a> |<a href=\"http:\/\/0-zz.com\/n\">4\ufe0f\u20e36\ufe0f\u20e3-N<\/a><\/strong><\/small><br><small> <strong><a href=\"http:\/\/0-zz.com\/o\">5\ufe0f\u20e31\ufe0f\u20e3-O<\/a> |<a href=\"http:\/\/0-zz.com\/p\">5\ufe0f\u20e32\ufe0f\u20e3-P<\/a> |<a href=\"http:\/\/0-zz.com\/q\">5\ufe0f\u20e33\ufe0f\u20e3-Q<\/a> |<a href=\"http:\/\/0-zz.com\/r\">5\ufe0f\u20e34\ufe0f\u20e3-R<\/a> |<a href=\"http:\/\/0-zz.com\/s\">5\ufe0f\u20e35\ufe0f\u20e3-S<\/a> |<a href=\"http:\/\/0-zz.com\/t\">5\ufe0f\u20e36\ufe0f\u20e3-T<\/a><\/strong><\/small><br><small> <strong><a href=\"http:\/\/0-zz.com\/u\">6\ufe0f\u20e31\ufe0f\u20e3-U<\/a> |<a href=\"http:\/\/0-zz.com\/v\">6\ufe0f\u20e32\ufe0f\u20e3-V<\/a> |<a href=\"http:\/\/0-zz.com\/w\">6\ufe0f\u20e33\ufe0f\u20e3-W<\/a> |<a href=\"http:\/\/0-zz.com\/x\">6\ufe0f\u20e34\ufe0f\u20e3-X<\/a> |<a href=\"http:\/\/0-zz.com\/y\">6\ufe0f\u20e35\ufe0f\u20e3-Y<\/a> |<a href=\"http:\/\/0-zz.com\/z\">6\ufe0f\u20e36\ufe0f\u20e3-Z<\/a><\/strong><\/small><\/p>\n\n\n\n<p>Roll 2 dice ?? 1\ufe0f\u20e32\ufe0f\u20e33\ufe0f\u20e34\ufe0f\u20e35\ufe0f\u20e36\ufe0f\u20e3<\/p>\n\n\n\n<p><a href=\"https:\/\/www.random.org\/dice\/\">https:\/\/www.random.org\/dice\/<\/a><\/p>\n\n\n\n<p><a href=\"https:\/\/www.google.com\/search?q=dice+roller\">https:\/\/www.google.com\/search?q=dice+roller<\/a><\/p>\n\n\n\n<hr class=\"wp-block-separator\"\/>\n\n\n\n<p><a href=\"https:\/\/12r.pl\/ea\/\">12r.pl\/ea<\/a>&nbsp;-&gt;&nbsp;<a href=\"https:\/\/12r.uk\/ea\/\">12r.uk\/ea<\/a>&nbsp;-&gt;&nbsp;<a href=\"https:\/\/7hi7.com\/ea\/\">7hi7.com\/ea<\/a><\/p>\n\n\n\n<p>Wikipedia.org &#8211; Play game &#8211; portals, categories, states, cities, capital cities<\/p>\n","protected":false},"excerpt":{"rendered":"<p>s &#8211; 03\/s &#8211; 03S Zbigniew Kurtycz, Barbara Dunin &#8211; Cicha woda [Official Audio] 20K views&nbsp;\u00b7&nbsp;2 years ago Polskie Nagrania SUBSCRIBED 108K subscribers https:\/\/m.youtube.com\/channel\/UCeAFhL7tQmtLp9zk7uQpNoQ P\u0142yn\u0105\u0142 strumyk przez zielony las,A przy brzegu le\u017ca\u0142 sto kilowy g\u0142az.P\u0142yn\u0105\u0142 strumyk. Min\u0105\u0142 jaki\u015b czas,Sto kilowy g\u0142az gdzie\u015b zgin\u0105\u0142,Strumyk p\u0142ynie tak jak p\u0142yn\u0105\u0142. Cicha woda brzegi rwie,Nie wiesz nawet jak i [&hellip;]<\/p>\n","protected":false},"author":1,"featured_media":0,"parent":0,"menu_order":0,"comment_status":"closed","ping_status":"closed","template":"","meta":{"footnotes":""},"class_list":["post-81","page","type-page","status-publish","hentry"],"_links":{"self":[{"href":"https:\/\/0-zz.com\/03\/wp-json\/wp\/v2\/pages\/81","targetHints":{"allow":["GET"]}}],"collection":[{"href":"https:\/\/0-zz.com\/03\/wp-json\/wp\/v2\/pages"}],"about":[{"href":"https:\/\/0-zz.com\/03\/wp-json\/wp\/v2\/types\/page"}],"author":[{"embeddable":true,"href":"https:\/\/0-zz.com\/03\/wp-json\/wp\/v2\/users\/1"}],"replies":[{"embeddable":true,"href":"https:\/\/0-zz.com\/03\/wp-json\/wp\/v2\/comments?post=81"}],"version-history":[{"count":3,"href":"https:\/\/0-zz.com\/03\/wp-json\/wp\/v2\/pages\/81\/revisions"}],"predecessor-version":[{"id":165,"href":"https:\/\/0-zz.com\/03\/wp-json\/wp\/v2\/pages\/81\/revisions\/165"}],"wp:attachment":[{"href":"https:\/\/0-zz.com\/03\/wp-json\/wp\/v2\/media?parent=81"}],"curies":[{"name":"wp","href":"https:\/\/api.w.org\/{rel}","templated":true}]}}