{"id":77,"date":"2022-02-21T01:44:43","date_gmt":"2022-02-21T13:44:43","guid":{"rendered":"https:\/\/0-zz.com\/03\/?page_id=77"},"modified":"2022-04-28T04:01:35","modified_gmt":"2022-04-28T16:01:35","slug":"q","status":"publish","type":"page","link":"https:\/\/0-zz.com\/03\/q\/","title":{"rendered":"Q"},"content":{"rendered":"\n<h2 class=\"wp-block-heading\" id=\"q-03-q-03q\">q &#8211; 03\/q &#8211; 03Q<\/h2>\n\n\n\n<figure class=\"wp-block-embed is-type-video is-provider-youtube wp-block-embed-youtube wp-embed-aspect-16-9 wp-has-aspect-ratio\"><div class=\"wp-block-embed__wrapper\">\n<iframe loading=\"lazy\" title=\"Maciej Kossowski - Dwudziestolatki [Official Audio]\" width=\"580\" height=\"326\" src=\"https:\/\/www.youtube.com\/embed\/sDs8R8qlCZ4?feature=oembed\" frameborder=\"0\" allow=\"accelerometer; autoplay; clipboard-write; encrypted-media; gyroscope; picture-in-picture; web-share\" referrerpolicy=\"strict-origin-when-cross-origin\" allowfullscreen><\/iframe>\n<\/div><\/figure>\n\n\n\n<h2 class=\"wp-block-heading\" id=\"maciej-kossowski-dwudziestolatki-official-audio\">Maciej Kossowski &#8211; Dwudziestolatki [Official Audio]<\/h2>\n\n\n\n<p>26K views&nbsp;\u00b7&nbsp;2 years ago<\/p>\n\n\n\n<h2 class=\"wp-block-heading\" id=\"polskie-nagrania\">Polskie Nagrania<\/h2>\n\n\n\n<p>SUBSCRIBED 108K subscribers<\/p>\n\n\n\n<p><a href=\"https:\/\/m.youtube.com\/channel\/UCeAFhL7tQmtLp9zk7uQpNoQ\">https:\/\/m.youtube.com\/channel\/UCeAFhL7tQmtLp9zk7uQpNoQ<\/a><\/p>\n\n\n\n<p>I zwrotka:<br>Ja mam dwadzie\u015bcia lat! Ty masz dwadzie\u015bcia lat! Przed nami si\u00f3dme niebo!<br>Dzi\u015b nie potrzeba wi\u0119cej nam do szcz\u0119\u015bcia chyba ju\u017c nic!<br>Ja mam dwadzie\u015bcia lat! Ty masz dwadzie\u015bcia lat! Przed nami si\u00f3dme niebo!<br>Dwudziestolatkom zawsze w pas si\u0119 k\u0142ania \u015bwiat, ca\u0142y \u015bwiat!<\/p>\n\n\n\n<p>Ref:<br>Dwudziestolatki, (Dwudziestolatki!)<br>To ja i ty! (To ja i ty!)<br>Zapytaj ojca, zapytaj matki, jakie si\u0119 wtedy ma sny?<\/p>\n\n\n\n<p>II zwrotka:<br>Ja mam dwadzie\u015bcia lat! Ty masz dwadzie\u015bcia lat! Przed nami si\u00f3dme niebo!<br>Dzi\u015b nie potrzeba wi\u0119cej nam do szcz\u0119\u015bcia chyba ju\u017c nic!<\/p>\n\n\n\n<p>(melodia)<\/p>\n\n\n\n<p>III zwrotka:<br>Dwudziestolatki! Lubi\u0105 kino!<br>Dwudziestolatki! Lubi\u0105 teatr!<br>Dwudziestolatki! Lubi\u0105 s\u0142o\u0144ce!<br>Dwudziestolatki! Lubi\u0105 gwiazdy!<br>Dwudziestolatki! Lubi\u0105 g\u00f3ry!<br>Dwudziestolatki! Lubi\u0105 morze!<br>I lubi\u0105 ta\u0144czy\u0107 Madison&#8217;a! Tak!<\/p>\n\n\n\n<p>IV zwrotka:<br>Ja mam dwadzie\u015bcia lat! Ty masz dwadzie\u015bcia lat! Nie b\u0119dzie nigdy wi\u0119cej!<br>Bo zakochani zawsze maj\u0105 tylko dwadzie\u015bcia lat!<br>Ca\u0142y \u015bwiat!<br>Cudny \u015awiat!<br>Ma jak my dwadzie\u015bcia lat!<br>Jak my wszyscy ma dwadzie\u015bcia lat!<br>Ca\u0142y \u015bwiat!<br>Cudny \u015bwiat!<br>Ma jak my dwadzie\u015bcia lat!<br>Jak my wszyscy ma dwadzie\u015bcia lat!<\/p>\n\n\n\n<p>V zwrotka:<br>Ca\u0142y \u015bwiat&#8230;! Ca\u0142y \u015bwiat&#8230;!<br>&#8230;<br>Ma jak my dwadzie\u015bcia lat!<br>Jak my wszyscy ma dwadzie\u015bcia lat!<br>Dwudziestolatki!<\/p>\n\n\n\n<figure class=\"wp-block-table\"><table><tbody><tr><th>Autor tekstu:<\/th><td>W\u0142odzimierz Patuszy\u0144ski<\/td><\/tr><tr><th>Kompozytor:<\/th><td>J\u00f3zef Krzeczek<\/td><\/tr><\/tbody><\/table><\/figure>\n\n\n\n<p><a href=\"https:\/\/www.tekstowo.pl\/piosenka,maciej_kossowski,dwudziestolatki.html\">https:\/\/www.tekstowo.pl\/piosenka,maciej_kossowski,dwudziestolatki.html<\/a><\/p>\n\n\n\n<hr class=\"wp-block-separator\"\/>\n\n\n\n<h4 class=\"wp-block-heading\">0-zz.com\/0 &#8211; 0-zz.com\/z :<\/h4>\n\n\n\n<p><small><strong><a href=\"http:\/\/0-zz.com\/0\">1\ufe0f\u20e31\ufe0f\u20e3-0<\/a> |<a href=\"http:\/\/0-zz.com\/1\">1\ufe0f\u20e32\ufe0f\u20e3-1<\/a> |<a href=\"http:\/\/0-zz.com\/2\">1\ufe0f\u20e33\ufe0f\u20e3-2<\/a> |<a href=\"http:\/\/0-zz.com\/3\">1\ufe0f\u20e34\ufe0f\u20e3-3<\/a> |<a href=\"http:\/\/0-zz.com\/4\">1\ufe0f\u20e35\ufe0f\u20e3-4<\/a> |<a href=\"http:\/\/0-zz.com\/5\">1\ufe0f\u20e36\ufe0f\u20e3-5<\/a> <\/strong><\/small><br><small> <strong><a href=\"http:\/\/0-zz.com\/6\">2\ufe0f\u20e31\ufe0f\u20e3-6<\/a> |<a href=\"http:\/\/0-zz.com\/7\">2\ufe0f\u20e32\ufe0f\u20e3-7<\/a> |<a href=\"http:\/\/0-zz.com\/8\">2\ufe0f\u20e33\ufe0f\u20e3-8<\/a> |<a href=\"http:\/\/0-zz.com\/9\">2\ufe0f\u20e34\ufe0f\u20e3-9<\/a> |<a href=\"http:\/\/0-zz.com\/a\">2\ufe0f\u20e35\ufe0f\u20e3-A<\/a> |<a href=\"http:\/\/0-zz.com\/b\">2\ufe0f\u20e36\ufe0f\u20e3-B<\/a><\/strong><\/small><br><small> <strong><a href=\"http:\/\/0-zz.com\/c\">3\ufe0f\u20e31\ufe0f\u20e3-C<\/a> |<a href=\"http:\/\/0-zz.com\/d\">3\ufe0f\u20e32\ufe0f\u20e3-D<\/a> |<a href=\"http:\/\/0-zz.com\/e\">3\ufe0f\u20e33\ufe0f\u20e3-E<\/a> |<a href=\"http:\/\/0-zz.com\/f\">3\ufe0f\u20e34\ufe0f\u20e3-F<\/a> |<a href=\"http:\/\/0-zz.com\/g\">3\ufe0f\u20e35\ufe0f\u20e3-G<\/a> |<a href=\"http:\/\/0-zz.com\/h\">3\ufe0f\u20e36\ufe0f\u20e3-H<\/a><\/strong><\/small><br><small> <strong><a href=\"http:\/\/0-zz.com\/i\">4\ufe0f\u20e31\ufe0f\u20e3-I<\/a> |<a href=\"http:\/\/0-zz.com\/j\">4\ufe0f\u20e32\ufe0f\u20e3-J<\/a> |<a href=\"http:\/\/0-zz.com\/k\">4\ufe0f\u20e33\ufe0f\u20e3-K<\/a> |<a href=\"http:\/\/0-zz.com\/l\">4\ufe0f\u20e34\ufe0f\u20e3-L<\/a> |<a href=\"http:\/\/0-zz.com\/m\">4\ufe0f\u20e35\ufe0f\u20e3-M<\/a> |<a href=\"http:\/\/0-zz.com\/n\">4\ufe0f\u20e36\ufe0f\u20e3-N<\/a><\/strong><\/small><br><small> <strong><a href=\"http:\/\/0-zz.com\/o\">5\ufe0f\u20e31\ufe0f\u20e3-O<\/a> |<a href=\"http:\/\/0-zz.com\/p\">5\ufe0f\u20e32\ufe0f\u20e3-P<\/a> |<a href=\"http:\/\/0-zz.com\/q\">5\ufe0f\u20e33\ufe0f\u20e3-Q<\/a> |<a href=\"http:\/\/0-zz.com\/r\">5\ufe0f\u20e34\ufe0f\u20e3-R<\/a> |<a href=\"http:\/\/0-zz.com\/s\">5\ufe0f\u20e35\ufe0f\u20e3-S<\/a> |<a href=\"http:\/\/0-zz.com\/t\">5\ufe0f\u20e36\ufe0f\u20e3-T<\/a><\/strong><\/small><br><small> <strong><a href=\"http:\/\/0-zz.com\/u\">6\ufe0f\u20e31\ufe0f\u20e3-U<\/a> |<a href=\"http:\/\/0-zz.com\/v\">6\ufe0f\u20e32\ufe0f\u20e3-V<\/a> |<a href=\"http:\/\/0-zz.com\/w\">6\ufe0f\u20e33\ufe0f\u20e3-W<\/a> |<a href=\"http:\/\/0-zz.com\/x\">6\ufe0f\u20e34\ufe0f\u20e3-X<\/a> |<a href=\"http:\/\/0-zz.com\/y\">6\ufe0f\u20e35\ufe0f\u20e3-Y<\/a> |<a href=\"http:\/\/0-zz.com\/z\">6\ufe0f\u20e36\ufe0f\u20e3-Z<\/a><\/strong><\/small><\/p>\n\n\n\n<p>Roll 2 dice ?? 1\ufe0f\u20e32\ufe0f\u20e33\ufe0f\u20e34\ufe0f\u20e35\ufe0f\u20e36\ufe0f\u20e3<\/p>\n\n\n\n<p><a href=\"https:\/\/www.random.org\/dice\/\">https:\/\/www.random.org\/dice\/<\/a><\/p>\n\n\n\n<p><a href=\"https:\/\/www.google.com\/search?q=dice+roller\">https:\/\/www.google.com\/search?q=dice+roller<\/a><\/p>\n\n\n\n<hr class=\"wp-block-separator\"\/>\n\n\n\n<p><a href=\"https:\/\/12r.pl\/ea\/\">12r.pl\/ea<\/a>&nbsp;-&gt;&nbsp;<a href=\"https:\/\/12r.uk\/ea\/\">12r.uk\/ea<\/a>&nbsp;-&gt;&nbsp;<a href=\"https:\/\/7hi7.com\/ea\/\">7hi7.com\/ea<\/a><\/p>\n\n\n\n<p>Wikipedia.org &#8211; Play game &#8211; portals, categories, states, cities, capital cities<\/p>\n","protected":false},"excerpt":{"rendered":"<p>q &#8211; 03\/q &#8211; 03Q Maciej Kossowski &#8211; Dwudziestolatki [Official Audio] 26K views&nbsp;\u00b7&nbsp;2 years ago Polskie Nagrania SUBSCRIBED 108K subscribers https:\/\/m.youtube.com\/channel\/UCeAFhL7tQmtLp9zk7uQpNoQ I zwrotka:Ja mam dwadzie\u015bcia lat! Ty masz dwadzie\u015bcia lat! Przed nami si\u00f3dme niebo!Dzi\u015b nie potrzeba wi\u0119cej nam do szcz\u0119\u015bcia chyba ju\u017c nic!Ja mam dwadzie\u015bcia lat! Ty masz dwadzie\u015bcia lat! Przed nami si\u00f3dme niebo!Dwudziestolatkom zawsze [&hellip;]<\/p>\n","protected":false},"author":1,"featured_media":0,"parent":0,"menu_order":0,"comment_status":"closed","ping_status":"closed","template":"","meta":{"footnotes":""},"class_list":["post-77","page","type-page","status-publish","hentry"],"_links":{"self":[{"href":"https:\/\/0-zz.com\/03\/wp-json\/wp\/v2\/pages\/77","targetHints":{"allow":["GET"]}}],"collection":[{"href":"https:\/\/0-zz.com\/03\/wp-json\/wp\/v2\/pages"}],"about":[{"href":"https:\/\/0-zz.com\/03\/wp-json\/wp\/v2\/types\/page"}],"author":[{"embeddable":true,"href":"https:\/\/0-zz.com\/03\/wp-json\/wp\/v2\/users\/1"}],"replies":[{"embeddable":true,"href":"https:\/\/0-zz.com\/03\/wp-json\/wp\/v2\/comments?post=77"}],"version-history":[{"count":3,"href":"https:\/\/0-zz.com\/03\/wp-json\/wp\/v2\/pages\/77\/revisions"}],"predecessor-version":[{"id":163,"href":"https:\/\/0-zz.com\/03\/wp-json\/wp\/v2\/pages\/77\/revisions\/163"}],"wp:attachment":[{"href":"https:\/\/0-zz.com\/03\/wp-json\/wp\/v2\/media?parent=77"}],"curies":[{"name":"wp","href":"https:\/\/api.w.org\/{rel}","templated":true}]}}