{"id":75,"date":"2022-02-21T01:38:11","date_gmt":"2022-02-21T13:38:11","guid":{"rendered":"https:\/\/0-zz.com\/03\/?page_id=75"},"modified":"2022-04-28T04:00:25","modified_gmt":"2022-04-28T16:00:25","slug":"p","status":"publish","type":"page","link":"https:\/\/0-zz.com\/03\/p\/","title":{"rendered":"P"},"content":{"rendered":"\n<h2 class=\"wp-block-heading\" id=\"p-03-p-03p\">p &#8211; 03\/p &#8211; 03P<\/h2>\n\n\n\n<figure class=\"wp-block-embed is-type-video is-provider-youtube wp-block-embed-youtube wp-embed-aspect-16-9 wp-has-aspect-ratio\"><div class=\"wp-block-embed__wrapper\">\n<iframe loading=\"lazy\" title=\"Maryla Rodowicz - Ma\u0142go\u015bka, szkoda \u0142ez [Official Audio]\" width=\"580\" height=\"326\" src=\"https:\/\/www.youtube.com\/embed\/4Ly2n4SwsQ8?feature=oembed\" frameborder=\"0\" allow=\"accelerometer; autoplay; clipboard-write; encrypted-media; gyroscope; picture-in-picture; web-share\" referrerpolicy=\"strict-origin-when-cross-origin\" allowfullscreen><\/iframe>\n<\/div><\/figure>\n\n\n\n<h2 class=\"wp-block-heading\" id=\"maryla-rodowicz-malgoska-szkoda-lez-official-audio\">Maryla Rodowicz &#8211; Ma\u0142go\u015bka, szkoda \u0142ez [Official Audio]<\/h2>\n\n\n\n<p>63K views&nbsp;\u00b7&nbsp;1 year ago<\/p>\n\n\n\n<h2 class=\"wp-block-heading\" id=\"polskie-nagrania\">Polskie Nagrania<\/h2>\n\n\n\n<p>SUBSCRIBED 108K subscribers<\/p>\n\n\n\n<p><a href=\"https:\/\/m.youtube.com\/channel\/UCeAFhL7tQmtLp9zk7uQpNoQ\">https:\/\/m.youtube.com\/channel\/UCeAFhL7tQmtLp9zk7uQpNoQ<\/a><\/p>\n\n\n\n<p>To by\u0142 maj,<br>pachnia\u0142a Saska K\u0119pa<br>szalonym, zielonym bzem.<br>To by\u0142 maj,<br>gotowa by\u0142a ta sukienka<br>i noc si\u0119 stawa\u0142a dniem.<\/p>\n\n\n\n<p>Ju\u017c zapisani byli\u015bmy w urz\u0119dzie,<br>bia\u0142e koszule na sznurze sch\u0142y.<br>Nie wiedzia\u0142am,<br>co ze mn\u0105 b\u0119dzie,<br>gdy tamt\u0105 dziewczyn\u0119<br>pod r\u0119k\u0119 ujrza\u0142am z nim.<\/p>\n\n\n\n<p>Ma\u0142go\u015bka \u2013 m\u00f3wi\u0105 mi \u2013<br>on niewart jednej \u0142zy,<br>on nie jest wart jednej \u0142zy.<br>Ma\u0142go\u015bka, kochaj nas,<br>na smutki przyjdzie czas,<br>za\u015bpiewaj raz, zata\u0144cz raz!<br>Ma\u0142go\u015bka, ta\u0144cz i pij,<br>a z niego sobie kpij,<br>a z niego kpij sobie, kpij!<br>Jak wr\u00f3ci, powiedz: nie.<br>Niech idzie tam gdzie chce.<br>Hej, g\u0142upia ty, g\u0142upia ty, g\u0142upia ty.<\/p>\n\n\n\n<p>Jesie\u0144 ju\u017c,<br>ju\u017c pal\u0105 chwasty w sadach<br>i pachnie zielony dym.<br>Jesie\u0144 ju\u017c,<br>gdy zajrz\u0119 do s\u0105siada,<br>pytaj\u0105 mnie, czy jestem z kim<\/p>\n\n\n\n<p>Widzia\u0142am bia\u0142y \u015blub, id\u0105 \u015bwi\u0119ta,<br>nie s\u0142ysza\u0142am z daleka s\u0142\u00f3w.<br>Mo\u017ce rosn\u0105<br>im ju\u017c piskl\u0119ta,<br>a suknia tej m\u0142odej<br>uszyta jest z moich sn\u00f3w.<\/p>\n\n\n\n<p>Ma\u0142go\u015bka \u2013 m\u00f3wi\u0105 mi \u2013<br>on niewart jednej \u0142zy,<br>oj g\u0142upia ty, g\u0142upia ty.<br>Ma\u0142go\u015bka \u2013 wr\u00f3\u017c\u0105 z kart \u2013<br>on nie jest grosza wart,<br>a we\u017a go czart, we\u017a go czart!<br>Ma\u0142go\u015bka, ta\u0144cz i pij,<br>a z niego sobie kpij,<br>a z niego kpij sobie, kpij.<br>Jak wr\u00f3ci, powiedz: nie.<br>Niech zginie gdzie\u015b na dnie.<br>Hej, g\u0142upia ty, g\u0142upia ty, g\u0142upia ty.<\/p>\n\n\n\n<figure class=\"wp-block-table\"><table><tbody><tr><th>Autor tekstu:<\/th><td>Agnieszka Osiecka<\/td><\/tr><tr><th>Kompozytor:<\/th><td>Katarzyna Gaertner<\/td><\/tr><\/tbody><\/table><\/figure>\n\n\n\n<p><a href=\"https:\/\/www.tekstowo.pl\/piosenka,maryla_rodowicz,malgoska.html\">https:\/\/www.tekstowo.pl\/piosenka,maryla_rodowicz,malgoska.html<\/a><\/p>\n\n\n\n<hr class=\"wp-block-separator\"\/>\n\n\n\n<h4 class=\"wp-block-heading\">0-zz.com\/0 &#8211; 0-zz.com\/z :<\/h4>\n\n\n\n<p><small><strong><a href=\"http:\/\/0-zz.com\/0\">1\ufe0f\u20e31\ufe0f\u20e3-0<\/a> |<a href=\"http:\/\/0-zz.com\/1\">1\ufe0f\u20e32\ufe0f\u20e3-1<\/a> |<a href=\"http:\/\/0-zz.com\/2\">1\ufe0f\u20e33\ufe0f\u20e3-2<\/a> |<a href=\"http:\/\/0-zz.com\/3\">1\ufe0f\u20e34\ufe0f\u20e3-3<\/a> |<a href=\"http:\/\/0-zz.com\/4\">1\ufe0f\u20e35\ufe0f\u20e3-4<\/a> |<a href=\"http:\/\/0-zz.com\/5\">1\ufe0f\u20e36\ufe0f\u20e3-5<\/a> <\/strong><\/small><br><small> <strong><a href=\"http:\/\/0-zz.com\/6\">2\ufe0f\u20e31\ufe0f\u20e3-6<\/a> |<a href=\"http:\/\/0-zz.com\/7\">2\ufe0f\u20e32\ufe0f\u20e3-7<\/a> |<a href=\"http:\/\/0-zz.com\/8\">2\ufe0f\u20e33\ufe0f\u20e3-8<\/a> |<a href=\"http:\/\/0-zz.com\/9\">2\ufe0f\u20e34\ufe0f\u20e3-9<\/a> |<a href=\"http:\/\/0-zz.com\/a\">2\ufe0f\u20e35\ufe0f\u20e3-A<\/a> |<a href=\"http:\/\/0-zz.com\/b\">2\ufe0f\u20e36\ufe0f\u20e3-B<\/a><\/strong><\/small><br><small> <strong><a href=\"http:\/\/0-zz.com\/c\">3\ufe0f\u20e31\ufe0f\u20e3-C<\/a> |<a href=\"http:\/\/0-zz.com\/d\">3\ufe0f\u20e32\ufe0f\u20e3-D<\/a> |<a href=\"http:\/\/0-zz.com\/e\">3\ufe0f\u20e33\ufe0f\u20e3-E<\/a> |<a href=\"http:\/\/0-zz.com\/f\">3\ufe0f\u20e34\ufe0f\u20e3-F<\/a> |<a href=\"http:\/\/0-zz.com\/g\">3\ufe0f\u20e35\ufe0f\u20e3-G<\/a> |<a href=\"http:\/\/0-zz.com\/h\">3\ufe0f\u20e36\ufe0f\u20e3-H<\/a><\/strong><\/small><br><small> <strong><a href=\"http:\/\/0-zz.com\/i\">4\ufe0f\u20e31\ufe0f\u20e3-I<\/a> |<a href=\"http:\/\/0-zz.com\/j\">4\ufe0f\u20e32\ufe0f\u20e3-J<\/a> |<a href=\"http:\/\/0-zz.com\/k\">4\ufe0f\u20e33\ufe0f\u20e3-K<\/a> |<a href=\"http:\/\/0-zz.com\/l\">4\ufe0f\u20e34\ufe0f\u20e3-L<\/a> |<a href=\"http:\/\/0-zz.com\/m\">4\ufe0f\u20e35\ufe0f\u20e3-M<\/a> |<a href=\"http:\/\/0-zz.com\/n\">4\ufe0f\u20e36\ufe0f\u20e3-N<\/a><\/strong><\/small><br><small> <strong><a href=\"http:\/\/0-zz.com\/o\">5\ufe0f\u20e31\ufe0f\u20e3-O<\/a> |<a href=\"http:\/\/0-zz.com\/p\">5\ufe0f\u20e32\ufe0f\u20e3-P<\/a> |<a href=\"http:\/\/0-zz.com\/q\">5\ufe0f\u20e33\ufe0f\u20e3-Q<\/a> |<a href=\"http:\/\/0-zz.com\/r\">5\ufe0f\u20e34\ufe0f\u20e3-R<\/a> |<a href=\"http:\/\/0-zz.com\/s\">5\ufe0f\u20e35\ufe0f\u20e3-S<\/a> |<a href=\"http:\/\/0-zz.com\/t\">5\ufe0f\u20e36\ufe0f\u20e3-T<\/a><\/strong><\/small><br><small> <strong><a href=\"http:\/\/0-zz.com\/u\">6\ufe0f\u20e31\ufe0f\u20e3-U<\/a> |<a href=\"http:\/\/0-zz.com\/v\">6\ufe0f\u20e32\ufe0f\u20e3-V<\/a> |<a href=\"http:\/\/0-zz.com\/w\">6\ufe0f\u20e33\ufe0f\u20e3-W<\/a> |<a href=\"http:\/\/0-zz.com\/x\">6\ufe0f\u20e34\ufe0f\u20e3-X<\/a> |<a href=\"http:\/\/0-zz.com\/y\">6\ufe0f\u20e35\ufe0f\u20e3-Y<\/a> |<a href=\"http:\/\/0-zz.com\/z\">6\ufe0f\u20e36\ufe0f\u20e3-Z<\/a><\/strong><\/small><\/p>\n\n\n\n<p>Roll 2 dice ?? 1\ufe0f\u20e32\ufe0f\u20e33\ufe0f\u20e34\ufe0f\u20e35\ufe0f\u20e36\ufe0f\u20e3<\/p>\n\n\n\n<p><a href=\"https:\/\/www.random.org\/dice\/\">https:\/\/www.random.org\/dice\/<\/a><\/p>\n\n\n\n<p><a href=\"https:\/\/www.google.com\/search?q=dice+roller\">https:\/\/www.google.com\/search?q=dice+roller<\/a><\/p>\n\n\n\n<hr class=\"wp-block-separator\"\/>\n\n\n\n<p><a href=\"https:\/\/12r.pl\/ea\/\">12r.pl\/ea<\/a>&nbsp;-&gt;&nbsp;<a href=\"https:\/\/12r.uk\/ea\/\">12r.uk\/ea<\/a>&nbsp;-&gt;&nbsp;<a href=\"https:\/\/7hi7.com\/ea\/\">7hi7.com\/ea<\/a><\/p>\n\n\n\n<p>Wikipedia.org &#8211; Play game &#8211; portals, categories, states, cities, capital cities<\/p>\n","protected":false},"excerpt":{"rendered":"<p>p &#8211; 03\/p &#8211; 03P Maryla Rodowicz &#8211; Ma\u0142go\u015bka, szkoda \u0142ez [Official Audio] 63K views&nbsp;\u00b7&nbsp;1 year ago Polskie Nagrania SUBSCRIBED 108K subscribers https:\/\/m.youtube.com\/channel\/UCeAFhL7tQmtLp9zk7uQpNoQ To by\u0142 maj,pachnia\u0142a Saska K\u0119paszalonym, zielonym bzem.To by\u0142 maj,gotowa by\u0142a ta sukienkai noc si\u0119 stawa\u0142a dniem. Ju\u017c zapisani byli\u015bmy w urz\u0119dzie,bia\u0142e koszule na sznurze sch\u0142y.Nie wiedzia\u0142am,co ze mn\u0105 b\u0119dzie,gdy tamt\u0105 dziewczyn\u0119pod r\u0119k\u0119 [&hellip;]<\/p>\n","protected":false},"author":1,"featured_media":0,"parent":0,"menu_order":0,"comment_status":"closed","ping_status":"closed","template":"","meta":{"footnotes":""},"class_list":["post-75","page","type-page","status-publish","hentry"],"_links":{"self":[{"href":"https:\/\/0-zz.com\/03\/wp-json\/wp\/v2\/pages\/75","targetHints":{"allow":["GET"]}}],"collection":[{"href":"https:\/\/0-zz.com\/03\/wp-json\/wp\/v2\/pages"}],"about":[{"href":"https:\/\/0-zz.com\/03\/wp-json\/wp\/v2\/types\/page"}],"author":[{"embeddable":true,"href":"https:\/\/0-zz.com\/03\/wp-json\/wp\/v2\/users\/1"}],"replies":[{"embeddable":true,"href":"https:\/\/0-zz.com\/03\/wp-json\/wp\/v2\/comments?post=75"}],"version-history":[{"count":3,"href":"https:\/\/0-zz.com\/03\/wp-json\/wp\/v2\/pages\/75\/revisions"}],"predecessor-version":[{"id":162,"href":"https:\/\/0-zz.com\/03\/wp-json\/wp\/v2\/pages\/75\/revisions\/162"}],"wp:attachment":[{"href":"https:\/\/0-zz.com\/03\/wp-json\/wp\/v2\/media?parent=75"}],"curies":[{"name":"wp","href":"https:\/\/api.w.org\/{rel}","templated":true}]}}