{"id":72,"date":"2022-02-21T00:57:14","date_gmt":"2022-02-21T12:57:14","guid":{"rendered":"https:\/\/0-zz.com\/03\/?page_id=72"},"modified":"2022-04-28T03:59:19","modified_gmt":"2022-04-28T15:59:19","slug":"o","status":"publish","type":"page","link":"https:\/\/0-zz.com\/03\/o\/","title":{"rendered":"O"},"content":{"rendered":"\n<h2 class=\"wp-block-heading\" id=\"o-03-o-03o\">o &#8211; 03\/o &#8211; 03O<\/h2>\n\n\n\n<figure class=\"wp-block-embed is-type-video is-provider-youtube wp-block-embed-youtube wp-embed-aspect-16-9 wp-has-aspect-ratio\"><div class=\"wp-block-embed__wrapper\">\n<iframe loading=\"lazy\" title=\"Czewone Gitary - Dzie\u0144 jeden w roku [Official Audio] 1967r.\" width=\"580\" height=\"326\" src=\"https:\/\/www.youtube.com\/embed\/eFclPPnIw_0?feature=oembed\" frameborder=\"0\" allow=\"accelerometer; autoplay; clipboard-write; encrypted-media; gyroscope; picture-in-picture; web-share\" referrerpolicy=\"strict-origin-when-cross-origin\" allowfullscreen><\/iframe>\n<\/div><\/figure>\n\n\n\n<h2 class=\"wp-block-heading\" id=\"czewone-gitary-dzien-jeden-w-roku-official-audio-1967r\">Czewone Gitary &#8211; Dzie\u0144 jeden w roku [Official Audio] 1967r.<\/h2>\n\n\n\n<p>34K views&nbsp;\u00b7&nbsp;3 years ago<\/p>\n\n\n\n<h2 class=\"wp-block-heading\" id=\"polskie-nagrania\">Polskie Nagrania<\/h2>\n\n\n\n<p>SUBSCRIBED 108K subscribers<\/p>\n\n\n\n<p><a href=\"https:\/\/m.youtube.com\/channel\/UCeAFhL7tQmtLp9zk7uQpNoQ\">https:\/\/m.youtube.com\/channel\/UCeAFhL7tQmtLp9zk7uQpNoQ<\/a><\/p>\n\n\n\n<p>Jest taki dzie\u0144&#8230;<br>Bardzo ciep\u0142y, cho\u0107 grudniowy.<br>Dzie\u0144, zwyk\u0142y dzie\u0144,<br>W kt\u00f3rym gasn\u0105 wszelkie spory.<\/p>\n\n\n\n<p>Jest taki dzie\u0144,<br>W kt\u00f3rym rado\u015b\u0107 wita wszystkich,<br>Dzie\u0144, kt\u00f3ry ju\u017c<br>Ka\u017cdy z nas zna od ko\u0142yski.<\/p>\n\n\n\n<p>Niebo &#8211; Ziemi, Niebu &#8211; Ziemia;<br>Wszyscy wszystkim \u015bl\u0105 \u017cyczenia:<br>Drzewa &#8211; ptakom, ptaki &#8211; drzewom,<br>Tchnienie wiatru &#8211; p\u0142atkom \u015bniegu.<\/p>\n\n\n\n<p>Jest taki dzie\u0144 &#8211;<br>Tylko jeden raz do roku.<br>Dzie\u0144, zwyk\u0142y dzie\u0144,<br>Kt\u00f3ry liczy si\u0119 od zmroku.<\/p>\n\n\n\n<p>Jest taki dzie\u0144,<br>Gdy jeste\u015bmy wszyscy razem.<br>Dzie\u0144, pi\u0119kny dzie\u0144 &#8211;<br>Dzi\u015b nam rok go sk\u0142ada w darze.<\/p>\n\n\n\n<p>Niebo &#8211; Ziemi, Niebu &#8211; Ziemia;<br>Wszyscy wszystkim \u015bl\u0105 \u017cyczenia,<br>A gdy wszyscy usn\u0105 wreszcie,<br>Noc igliwia zapach niesie.<\/p>\n\n\n\n<figure class=\"wp-block-table\"><table><tbody><tr><th>Autor tekstu:<\/th><td>Krzysztof Dzikowski<\/td><\/tr><tr><th>Kompozytor:<\/th><td>Seweryn Krajewski<\/td><\/tr><\/tbody><\/table><\/figure>\n\n\n\n<p><a href=\"https:\/\/www.tekstowo.pl\/piosenka,czerwone_gitary,dzie__jeden_w_roku.html\">https:\/\/www.tekstowo.pl\/piosenka,czerwone_gitary,dzie__jeden_w_roku.html<\/a><\/p>\n\n\n\n<hr class=\"wp-block-separator\"\/>\n\n\n\n<h4 class=\"wp-block-heading\">0-zz.com\/0 &#8211; 0-zz.com\/z :<\/h4>\n\n\n\n<p><small><strong><a href=\"http:\/\/0-zz.com\/0\">1\ufe0f\u20e31\ufe0f\u20e3-0<\/a> |<a href=\"http:\/\/0-zz.com\/1\">1\ufe0f\u20e32\ufe0f\u20e3-1<\/a> |<a href=\"http:\/\/0-zz.com\/2\">1\ufe0f\u20e33\ufe0f\u20e3-2<\/a> |<a href=\"http:\/\/0-zz.com\/3\">1\ufe0f\u20e34\ufe0f\u20e3-3<\/a> |<a href=\"http:\/\/0-zz.com\/4\">1\ufe0f\u20e35\ufe0f\u20e3-4<\/a> |<a href=\"http:\/\/0-zz.com\/5\">1\ufe0f\u20e36\ufe0f\u20e3-5<\/a> <\/strong><\/small><br><small> <strong><a href=\"http:\/\/0-zz.com\/6\">2\ufe0f\u20e31\ufe0f\u20e3-6<\/a> |<a href=\"http:\/\/0-zz.com\/7\">2\ufe0f\u20e32\ufe0f\u20e3-7<\/a> |<a href=\"http:\/\/0-zz.com\/8\">2\ufe0f\u20e33\ufe0f\u20e3-8<\/a> |<a href=\"http:\/\/0-zz.com\/9\">2\ufe0f\u20e34\ufe0f\u20e3-9<\/a> |<a href=\"http:\/\/0-zz.com\/a\">2\ufe0f\u20e35\ufe0f\u20e3-A<\/a> |<a href=\"http:\/\/0-zz.com\/b\">2\ufe0f\u20e36\ufe0f\u20e3-B<\/a><\/strong><\/small><br><small> <strong><a href=\"http:\/\/0-zz.com\/c\">3\ufe0f\u20e31\ufe0f\u20e3-C<\/a> |<a href=\"http:\/\/0-zz.com\/d\">3\ufe0f\u20e32\ufe0f\u20e3-D<\/a> |<a href=\"http:\/\/0-zz.com\/e\">3\ufe0f\u20e33\ufe0f\u20e3-E<\/a> |<a href=\"http:\/\/0-zz.com\/f\">3\ufe0f\u20e34\ufe0f\u20e3-F<\/a> |<a href=\"http:\/\/0-zz.com\/g\">3\ufe0f\u20e35\ufe0f\u20e3-G<\/a> |<a href=\"http:\/\/0-zz.com\/h\">3\ufe0f\u20e36\ufe0f\u20e3-H<\/a><\/strong><\/small><br><small> <strong><a href=\"http:\/\/0-zz.com\/i\">4\ufe0f\u20e31\ufe0f\u20e3-I<\/a> |<a href=\"http:\/\/0-zz.com\/j\">4\ufe0f\u20e32\ufe0f\u20e3-J<\/a> |<a href=\"http:\/\/0-zz.com\/k\">4\ufe0f\u20e33\ufe0f\u20e3-K<\/a> |<a href=\"http:\/\/0-zz.com\/l\">4\ufe0f\u20e34\ufe0f\u20e3-L<\/a> |<a href=\"http:\/\/0-zz.com\/m\">4\ufe0f\u20e35\ufe0f\u20e3-M<\/a> |<a href=\"http:\/\/0-zz.com\/n\">4\ufe0f\u20e36\ufe0f\u20e3-N<\/a><\/strong><\/small><br><small> <strong><a href=\"http:\/\/0-zz.com\/o\">5\ufe0f\u20e31\ufe0f\u20e3-O<\/a> |<a href=\"http:\/\/0-zz.com\/p\">5\ufe0f\u20e32\ufe0f\u20e3-P<\/a> |<a href=\"http:\/\/0-zz.com\/q\">5\ufe0f\u20e33\ufe0f\u20e3-Q<\/a> |<a href=\"http:\/\/0-zz.com\/r\">5\ufe0f\u20e34\ufe0f\u20e3-R<\/a> |<a href=\"http:\/\/0-zz.com\/s\">5\ufe0f\u20e35\ufe0f\u20e3-S<\/a> |<a href=\"http:\/\/0-zz.com\/t\">5\ufe0f\u20e36\ufe0f\u20e3-T<\/a><\/strong><\/small><br><small> <strong><a href=\"http:\/\/0-zz.com\/u\">6\ufe0f\u20e31\ufe0f\u20e3-U<\/a> |<a href=\"http:\/\/0-zz.com\/v\">6\ufe0f\u20e32\ufe0f\u20e3-V<\/a> |<a href=\"http:\/\/0-zz.com\/w\">6\ufe0f\u20e33\ufe0f\u20e3-W<\/a> |<a href=\"http:\/\/0-zz.com\/x\">6\ufe0f\u20e34\ufe0f\u20e3-X<\/a> |<a href=\"http:\/\/0-zz.com\/y\">6\ufe0f\u20e35\ufe0f\u20e3-Y<\/a> |<a href=\"http:\/\/0-zz.com\/z\">6\ufe0f\u20e36\ufe0f\u20e3-Z<\/a><\/strong><\/small><\/p>\n\n\n\n<p>Roll 2 dice ?? 1\ufe0f\u20e32\ufe0f\u20e33\ufe0f\u20e34\ufe0f\u20e35\ufe0f\u20e36\ufe0f\u20e3<\/p>\n\n\n\n<p><a href=\"https:\/\/www.random.org\/dice\/\">https:\/\/www.random.org\/dice\/<\/a><\/p>\n\n\n\n<p><a href=\"https:\/\/www.google.com\/search?q=dice+roller\">https:\/\/www.google.com\/search?q=dice+roller<\/a><\/p>\n\n\n\n<hr class=\"wp-block-separator\"\/>\n\n\n\n<p><a href=\"https:\/\/12r.pl\/ea\/\">12r.pl\/ea<\/a>&nbsp;-&gt;&nbsp;<a href=\"https:\/\/12r.uk\/ea\/\">12r.uk\/ea<\/a>&nbsp;-&gt;&nbsp;<a href=\"https:\/\/7hi7.com\/ea\/\">7hi7.com\/ea<\/a><\/p>\n\n\n\n<p>Wikipedia.org &#8211; Play game &#8211; portals, categories, states, cities, capital cities<\/p>\n","protected":false},"excerpt":{"rendered":"<p>o &#8211; 03\/o &#8211; 03O Czewone Gitary &#8211; Dzie\u0144 jeden w roku [Official Audio] 1967r. 34K views&nbsp;\u00b7&nbsp;3 years ago Polskie Nagrania SUBSCRIBED 108K subscribers https:\/\/m.youtube.com\/channel\/UCeAFhL7tQmtLp9zk7uQpNoQ Jest taki dzie\u0144&#8230;Bardzo ciep\u0142y, cho\u0107 grudniowy.Dzie\u0144, zwyk\u0142y dzie\u0144,W kt\u00f3rym gasn\u0105 wszelkie spory. Jest taki dzie\u0144,W kt\u00f3rym rado\u015b\u0107 wita wszystkich,Dzie\u0144, kt\u00f3ry ju\u017cKa\u017cdy z nas zna od ko\u0142yski. Niebo &#8211; Ziemi, Niebu [&hellip;]<\/p>\n","protected":false},"author":1,"featured_media":0,"parent":0,"menu_order":0,"comment_status":"closed","ping_status":"closed","template":"","meta":{"footnotes":""},"class_list":["post-72","page","type-page","status-publish","hentry"],"_links":{"self":[{"href":"https:\/\/0-zz.com\/03\/wp-json\/wp\/v2\/pages\/72","targetHints":{"allow":["GET"]}}],"collection":[{"href":"https:\/\/0-zz.com\/03\/wp-json\/wp\/v2\/pages"}],"about":[{"href":"https:\/\/0-zz.com\/03\/wp-json\/wp\/v2\/types\/page"}],"author":[{"embeddable":true,"href":"https:\/\/0-zz.com\/03\/wp-json\/wp\/v2\/users\/1"}],"replies":[{"embeddable":true,"href":"https:\/\/0-zz.com\/03\/wp-json\/wp\/v2\/comments?post=72"}],"version-history":[{"count":4,"href":"https:\/\/0-zz.com\/03\/wp-json\/wp\/v2\/pages\/72\/revisions"}],"predecessor-version":[{"id":161,"href":"https:\/\/0-zz.com\/03\/wp-json\/wp\/v2\/pages\/72\/revisions\/161"}],"wp:attachment":[{"href":"https:\/\/0-zz.com\/03\/wp-json\/wp\/v2\/media?parent=72"}],"curies":[{"name":"wp","href":"https:\/\/api.w.org\/{rel}","templated":true}]}}