{"id":68,"date":"2022-02-21T00:24:03","date_gmt":"2022-02-21T12:24:03","guid":{"rendered":"https:\/\/0-zz.com\/03\/?page_id=68"},"modified":"2022-04-28T03:57:22","modified_gmt":"2022-04-28T15:57:22","slug":"m","status":"publish","type":"page","link":"https:\/\/0-zz.com\/03\/m\/","title":{"rendered":"M"},"content":{"rendered":"\n<h2 class=\"wp-block-heading\" id=\"m-03-m-03m\">m &#8211; 03\/m &#8211; 03M<\/h2>\n\n\n\n<figure class=\"wp-block-embed is-type-video is-provider-youtube wp-block-embed-youtube wp-embed-aspect-16-9 wp-has-aspect-ratio\"><div class=\"wp-block-embed__wrapper\">\n<iframe loading=\"lazy\" title=\"Kasia Sobczyk - Nie b\u0105d\u017a taki szybki Bill [Official Audio]\" width=\"580\" height=\"326\" src=\"https:\/\/www.youtube.com\/embed\/4B2SZnvwFQ8?feature=oembed\" frameborder=\"0\" allow=\"accelerometer; autoplay; clipboard-write; encrypted-media; gyroscope; picture-in-picture; web-share\" referrerpolicy=\"strict-origin-when-cross-origin\" allowfullscreen><\/iframe>\n<\/div><\/figure>\n\n\n\n<h2 class=\"wp-block-heading\" id=\"kasia-sobczyk-nie-badz-taki-szybki-bill-official-audio\">Kasia Sobczyk &#8211; Nie b\u0105d\u017a taki szybki Bill [Official Audio]<\/h2>\n\n\n\n<p>45K views&nbsp;\u00b7&nbsp;2 years ago<\/p>\n\n\n\n<h2 class=\"wp-block-heading\" id=\"polskie-nagrania\">Polskie Nagrania<\/h2>\n\n\n\n<p>SUBSCRIBED 108K subscribers<\/p>\n\n\n\n<p><a href=\"https:\/\/m.youtube.com\/channel\/UCeAFhL7tQmtLp9zk7uQpNoQ\">https:\/\/m.youtube.com\/channel\/UCeAFhL7tQmtLp9zk7uQpNoQ<\/a><\/p>\n\n\n\n<p>Tak mnie \u015bmieszy nies\u0142ychanie, daj\u0119 s\u0142owo (daj\u0119 s\u0142owo),<br>kiedy robisz si\u0119 wsp\u00f3\u0142czesnym Casanov\u0105 (Casanov\u0105),<br>patrzysz w oczy moje piwne,<br>r\u0119ce zbytnio masz aktywne<br>i wygl\u0105dasz, jakby\u015b chcia\u0142 mnie zje\u015b\u0107.<\/p>\n\n\n\n<p>Nie b\u0105d\u017a taki szybki Bill,<br>wstrzymaj si\u0119 przez kilka chwil,<br>przesta\u0144 dzia\u0142a\u0107 jednostajnie,<br>porozmawiaj o Einsteinie,<br>nie b\u0105d\u017a taki szybki Bill!<\/p>\n\n\n\n<p>Weronik\u0119, Ma\u0142gorzat\u0119 i Iren\u0119 (i Iren\u0119),<br>te\u017c przede mn\u0105 podrywa\u0142e\u015b tym systemem (tym systemem),<br>czy naprawd\u0119 do tej pory<br>w odpowiedzi na amory<br>\u017cadna ci nie powiedzia\u0142a z nich?<\/p>\n\n\n\n<p>Ani Zuzia, ani J\u00f3zia, ani Lidka,<br>ani Zosia, ani Gosia, ani Kitka,<br>ani Mania, ani Hania, ani Tania,<br>ani Frania, ani siostra Frani \u2014 Ania.<\/p>\n\n\n\n<p>Nie b\u0105d\u017a taki szybki Bill,<br>wstrzymaj si\u0119 przez kilka chwil,<br>przesta\u0144 dzia\u0142a\u0107 jednostajnie,<br>porozmawiaj o Einsteinie,<br>nie b\u0105d\u017a taki szybki Bill!<\/p>\n\n\n\n<p>Niecierpliwo\u015b\u0107 to okropnie brzydka wada (brzydka wada),<br>przez t\u0119 wad\u0119 si\u0119 niekiedy g\u0142upio wpada (g\u0142upio wpada),<br>zamiast wpada\u0107 tak od razu,<br>lepiej odj\u0105\u0107 troch\u0119 gazu,<br>o czym w\u0142a\u015bnie m\u00f3wi refren ten:<\/p>\n\n\n\n<p>Nie b\u0105d\u017a taki szybki Bill,<br>wstrzymaj si\u0119 przez kilka chwil,<br>przesta\u0144 dzia\u0142a\u0107 jednostajnie,<br>porozmawiaj o Einsteinie,<br>nie b\u0105d\u017a taki szybki Bill!<\/p>\n\n\n\n<p>Nie b\u0105d\u017a taki szybki Bill (Casanova),<br>dobrze czasem zmieni\u0107 styl (daj\u0119 s\u0142owo),<br>chcesz omota\u0107 mnie, to powiedz,<br>czemu lata odrzutowiec,<br>nie b\u0105d\u017a taki szybki Bill!<\/p>\n\n\n\n<p>Nie b\u0105d\u017a taki szybki Bill,<br>nie b\u0105d\u017a taki szybki Bill,<br>bo wystarczy jedna szpila<br>i nie b\u0119dzie \u015bladu z Billa,<br>nie b\u0105d\u017a taki szybki Bill!<\/p>\n\n\n\n<figure class=\"wp-block-table\"><table><tbody><tr><th>Autor tekstu:<\/th><td>Ludwik Jerzy Kern<\/td><\/tr><tr><th>Kompozytor:<\/th><td>Jerzy Matuszkiewicz<\/td><\/tr><\/tbody><\/table><\/figure>\n\n\n\n<p><a href=\"https:\/\/www.tekstowo.pl\/piosenka,kasia_sobczyk,nie_bad__taki_szybki_bill_.html\">https:\/\/www.tekstowo.pl\/piosenka,kasia_sobczyk,nie_bad__taki_szybki_bill_.html<\/a><\/p>\n\n\n\n<hr class=\"wp-block-separator\"\/>\n\n\n\n<h4 class=\"wp-block-heading\">0-zz.com\/0 &#8211; 0-zz.com\/z :<\/h4>\n\n\n\n<p><small><strong><a href=\"http:\/\/0-zz.com\/0\">1\ufe0f\u20e31\ufe0f\u20e3-0<\/a> |<a href=\"http:\/\/0-zz.com\/1\">1\ufe0f\u20e32\ufe0f\u20e3-1<\/a> |<a href=\"http:\/\/0-zz.com\/2\">1\ufe0f\u20e33\ufe0f\u20e3-2<\/a> |<a href=\"http:\/\/0-zz.com\/3\">1\ufe0f\u20e34\ufe0f\u20e3-3<\/a> |<a href=\"http:\/\/0-zz.com\/4\">1\ufe0f\u20e35\ufe0f\u20e3-4<\/a> |<a href=\"http:\/\/0-zz.com\/5\">1\ufe0f\u20e36\ufe0f\u20e3-5<\/a> <\/strong><\/small><br><small> <strong><a href=\"http:\/\/0-zz.com\/6\">2\ufe0f\u20e31\ufe0f\u20e3-6<\/a> |<a href=\"http:\/\/0-zz.com\/7\">2\ufe0f\u20e32\ufe0f\u20e3-7<\/a> |<a href=\"http:\/\/0-zz.com\/8\">2\ufe0f\u20e33\ufe0f\u20e3-8<\/a> |<a href=\"http:\/\/0-zz.com\/9\">2\ufe0f\u20e34\ufe0f\u20e3-9<\/a> |<a href=\"http:\/\/0-zz.com\/a\">2\ufe0f\u20e35\ufe0f\u20e3-A<\/a> |<a href=\"http:\/\/0-zz.com\/b\">2\ufe0f\u20e36\ufe0f\u20e3-B<\/a><\/strong><\/small><br><small> <strong><a href=\"http:\/\/0-zz.com\/c\">3\ufe0f\u20e31\ufe0f\u20e3-C<\/a> |<a href=\"http:\/\/0-zz.com\/d\">3\ufe0f\u20e32\ufe0f\u20e3-D<\/a> |<a href=\"http:\/\/0-zz.com\/e\">3\ufe0f\u20e33\ufe0f\u20e3-E<\/a> |<a href=\"http:\/\/0-zz.com\/f\">3\ufe0f\u20e34\ufe0f\u20e3-F<\/a> |<a href=\"http:\/\/0-zz.com\/g\">3\ufe0f\u20e35\ufe0f\u20e3-G<\/a> |<a href=\"http:\/\/0-zz.com\/h\">3\ufe0f\u20e36\ufe0f\u20e3-H<\/a><\/strong><\/small><br><small> <strong><a href=\"http:\/\/0-zz.com\/i\">4\ufe0f\u20e31\ufe0f\u20e3-I<\/a> |<a href=\"http:\/\/0-zz.com\/j\">4\ufe0f\u20e32\ufe0f\u20e3-J<\/a> |<a href=\"http:\/\/0-zz.com\/k\">4\ufe0f\u20e33\ufe0f\u20e3-K<\/a> |<a href=\"http:\/\/0-zz.com\/l\">4\ufe0f\u20e34\ufe0f\u20e3-L<\/a> |<a href=\"http:\/\/0-zz.com\/m\">4\ufe0f\u20e35\ufe0f\u20e3-M<\/a> |<a href=\"http:\/\/0-zz.com\/n\">4\ufe0f\u20e36\ufe0f\u20e3-N<\/a><\/strong><\/small><br><small> <strong><a href=\"http:\/\/0-zz.com\/o\">5\ufe0f\u20e31\ufe0f\u20e3-O<\/a> |<a href=\"http:\/\/0-zz.com\/p\">5\ufe0f\u20e32\ufe0f\u20e3-P<\/a> |<a href=\"http:\/\/0-zz.com\/q\">5\ufe0f\u20e33\ufe0f\u20e3-Q<\/a> |<a href=\"http:\/\/0-zz.com\/r\">5\ufe0f\u20e34\ufe0f\u20e3-R<\/a> |<a href=\"http:\/\/0-zz.com\/s\">5\ufe0f\u20e35\ufe0f\u20e3-S<\/a> |<a href=\"http:\/\/0-zz.com\/t\">5\ufe0f\u20e36\ufe0f\u20e3-T<\/a><\/strong><\/small><br><small> <strong><a href=\"http:\/\/0-zz.com\/u\">6\ufe0f\u20e31\ufe0f\u20e3-U<\/a> |<a href=\"http:\/\/0-zz.com\/v\">6\ufe0f\u20e32\ufe0f\u20e3-V<\/a> |<a href=\"http:\/\/0-zz.com\/w\">6\ufe0f\u20e33\ufe0f\u20e3-W<\/a> |<a href=\"http:\/\/0-zz.com\/x\">6\ufe0f\u20e34\ufe0f\u20e3-X<\/a> |<a href=\"http:\/\/0-zz.com\/y\">6\ufe0f\u20e35\ufe0f\u20e3-Y<\/a> |<a href=\"http:\/\/0-zz.com\/z\">6\ufe0f\u20e36\ufe0f\u20e3-Z<\/a><\/strong><\/small><\/p>\n\n\n\n<p>Roll 2 dice ?? 1\ufe0f\u20e32\ufe0f\u20e33\ufe0f\u20e34\ufe0f\u20e35\ufe0f\u20e36\ufe0f\u20e3<\/p>\n\n\n\n<p><a href=\"https:\/\/www.random.org\/dice\/\">https:\/\/www.random.org\/dice\/<\/a><\/p>\n\n\n\n<p><a href=\"https:\/\/www.google.com\/search?q=dice+roller\">https:\/\/www.google.com\/search?q=dice+roller<\/a><\/p>\n\n\n\n<hr class=\"wp-block-separator\"\/>\n\n\n\n<p><a href=\"https:\/\/12r.pl\/ea\/\">12r.pl\/ea<\/a>&nbsp;-&gt;&nbsp;<a href=\"https:\/\/12r.uk\/ea\/\">12r.uk\/ea<\/a>&nbsp;-&gt;&nbsp;<a href=\"https:\/\/7hi7.com\/ea\/\">7hi7.com\/ea<\/a><\/p>\n\n\n\n<p>Wikipedia.org &#8211; Play game &#8211; portals, categories, states, cities, capital cities<\/p>\n","protected":false},"excerpt":{"rendered":"<p>m &#8211; 03\/m &#8211; 03M Kasia Sobczyk &#8211; Nie b\u0105d\u017a taki szybki Bill [Official Audio] 45K views&nbsp;\u00b7&nbsp;2 years ago Polskie Nagrania SUBSCRIBED 108K subscribers https:\/\/m.youtube.com\/channel\/UCeAFhL7tQmtLp9zk7uQpNoQ Tak mnie \u015bmieszy nies\u0142ychanie, daj\u0119 s\u0142owo (daj\u0119 s\u0142owo),kiedy robisz si\u0119 wsp\u00f3\u0142czesnym Casanov\u0105 (Casanov\u0105),patrzysz w oczy moje piwne,r\u0119ce zbytnio masz aktywnei wygl\u0105dasz, jakby\u015b chcia\u0142 mnie zje\u015b\u0107. Nie b\u0105d\u017a taki szybki Bill,wstrzymaj [&hellip;]<\/p>\n","protected":false},"author":1,"featured_media":0,"parent":0,"menu_order":0,"comment_status":"closed","ping_status":"closed","template":"","meta":{"footnotes":""},"class_list":["post-68","page","type-page","status-publish","hentry"],"_links":{"self":[{"href":"https:\/\/0-zz.com\/03\/wp-json\/wp\/v2\/pages\/68","targetHints":{"allow":["GET"]}}],"collection":[{"href":"https:\/\/0-zz.com\/03\/wp-json\/wp\/v2\/pages"}],"about":[{"href":"https:\/\/0-zz.com\/03\/wp-json\/wp\/v2\/types\/page"}],"author":[{"embeddable":true,"href":"https:\/\/0-zz.com\/03\/wp-json\/wp\/v2\/users\/1"}],"replies":[{"embeddable":true,"href":"https:\/\/0-zz.com\/03\/wp-json\/wp\/v2\/comments?post=68"}],"version-history":[{"count":3,"href":"https:\/\/0-zz.com\/03\/wp-json\/wp\/v2\/pages\/68\/revisions"}],"predecessor-version":[{"id":159,"href":"https:\/\/0-zz.com\/03\/wp-json\/wp\/v2\/pages\/68\/revisions\/159"}],"wp:attachment":[{"href":"https:\/\/0-zz.com\/03\/wp-json\/wp\/v2\/media?parent=68"}],"curies":[{"name":"wp","href":"https:\/\/api.w.org\/{rel}","templated":true}]}}