{"id":66,"date":"2022-02-21T00:18:13","date_gmt":"2022-02-21T12:18:13","guid":{"rendered":"https:\/\/0-zz.com\/03\/?page_id=66"},"modified":"2022-04-28T03:56:09","modified_gmt":"2022-04-28T15:56:09","slug":"l","status":"publish","type":"page","link":"https:\/\/0-zz.com\/03\/l\/","title":{"rendered":"L"},"content":{"rendered":"\n<h2 class=\"wp-block-heading\" id=\"l-03-l-03l\">l &#8211; 03\/l &#8211; 03L<\/h2>\n\n\n\n<figure class=\"wp-block-embed is-type-video is-provider-youtube wp-block-embed-youtube wp-embed-aspect-16-9 wp-has-aspect-ratio\"><div class=\"wp-block-embed__wrapper\">\n<iframe loading=\"lazy\" title=\"Andrzej D\u0105browski - Do zakochania jeden krok [Official Audio]\" width=\"580\" height=\"326\" src=\"https:\/\/www.youtube.com\/embed\/4muXGiES-eQ?feature=oembed\" frameborder=\"0\" allow=\"accelerometer; autoplay; clipboard-write; encrypted-media; gyroscope; picture-in-picture; web-share\" referrerpolicy=\"strict-origin-when-cross-origin\" allowfullscreen><\/iframe>\n<\/div><\/figure>\n\n\n\n<h2 class=\"wp-block-heading\" id=\"andrzej-dabrowski-do-zakochania-jeden-krok-official-audio\">Andrzej D\u0105browski &#8211; Do zakochania jeden krok [Official Audio]<\/h2>\n\n\n\n<p>112K views&nbsp;\u00b7&nbsp;3 years ago<\/p>\n\n\n\n<h2 class=\"wp-block-heading\" id=\"polskie-nagrania\">Polskie Nagrania<\/h2>\n\n\n\n<p>SUBSCRIBED 108K subscribers<\/p>\n\n\n\n<p><a href=\"https:\/\/m.youtube.com\/channel\/UCeAFhL7tQmtLp9zk7uQpNoQ\">https:\/\/m.youtube.com\/channel\/UCeAFhL7tQmtLp9zk7uQpNoQ<\/a><\/p>\n\n\n\n<p>Mijaj\u0105 dni, miesi\u0105ce, mija rok<br>Prawdziwe \u017cycie mija nas o krok<br>I z tym nam dobrze jest i nie jest<br>I niby nic nie dzieje si\u0119<br>\u015awiat nam nie wadzi, lecz przez ca\u0142y czas<br>Co\u015b si\u0119 gromadzi, co\u015b dojrzewa w nas<br>Co by\u0142o ledwie nutk\u0105 rzewn\u0105<br>Zmienia si\u0119 w pewno\u015b\u0107 tego \u017ce<\/p>\n\n\n\n<p>Ref :<br>Do zakochania jeden krok , jeden jedyny krok nic wi\u0119cej<br>Do zakochania jeden krok , trzeba go zrobi\u0107 jak najpr\u0119dzej<br>Dop\u00f3ki si\u0119 zapala wzrok , dop\u00f3ki si\u0119 splataj\u0105 r\u0119ce<br>Dop\u00f3ki kusi nocy mrok, do zakochania jeden krok<br>Do zakochania jeden krok &#8230;<\/p>\n\n\n\n<p>A potem znowu codzienno\u015bci kurz<br>I zakochanie te\u017c za tob\u0105 ju\u017c<br>I tylko to jedno masz ze \u015bwiata<br>Niezmienn\u0105 pewno\u015b\u0107 w\u0142asnych wad<br>A potem braku zdarze\u0144 zn\u00f3w masz do\u015b\u0107<br>I zn\u00f3w si\u0119 zamiast marze\u0144 zjawia kto\u015b<br>Ma imi\u0119 adres kolor w\u0142os\u00f3w<br>I ju\u017c nie spos\u00f3b oprze\u0107 si\u0119<\/p>\n\n\n\n<p>Ref :<br>Do zakochania jeden krok , jeden jedyny krok nic wi\u0119cej<br>Do zakochania jeden krok , trzeba go zrobi\u0107 jak najpr\u0119dzej<br>Dop\u00f3ki si\u0119 zapala wzrok , dop\u00f3ki si\u0119 splataj\u0105 r\u0119ce<br>Dop\u00f3ki kusi nocy mrok, do zakochania jeden krok<br>Do zakochania jeden krok &#8230;<\/p>\n\n\n\n<figure class=\"wp-block-table\"><table><tbody><tr><th>Autor tekstu:<\/th><td>Andrzej Bianusz<\/td><\/tr><tr><th>Kompozytor:<\/th><td>Antoni Kopff<\/td><\/tr><\/tbody><\/table><\/figure>\n\n\n\n<p><a href=\"https:\/\/www.tekstowo.pl\/piosenka,andrzej_dabrowski,do_zakochania_jeden_krok.html\">https:\/\/www.tekstowo.pl\/piosenka,andrzej_dabrowski,do_zakochania_jeden_krok.html<\/a><\/p>\n\n\n\n<hr class=\"wp-block-separator\"\/>\n\n\n\n<h4 class=\"wp-block-heading\">0-zz.com\/0 &#8211; 0-zz.com\/z :<\/h4>\n\n\n\n<p><small><strong><a href=\"http:\/\/0-zz.com\/0\">1\ufe0f\u20e31\ufe0f\u20e3-0<\/a> |<a href=\"http:\/\/0-zz.com\/1\">1\ufe0f\u20e32\ufe0f\u20e3-1<\/a> |<a href=\"http:\/\/0-zz.com\/2\">1\ufe0f\u20e33\ufe0f\u20e3-2<\/a> |<a href=\"http:\/\/0-zz.com\/3\">1\ufe0f\u20e34\ufe0f\u20e3-3<\/a> |<a href=\"http:\/\/0-zz.com\/4\">1\ufe0f\u20e35\ufe0f\u20e3-4<\/a> |<a href=\"http:\/\/0-zz.com\/5\">1\ufe0f\u20e36\ufe0f\u20e3-5<\/a> <\/strong><\/small><br><small> <strong><a href=\"http:\/\/0-zz.com\/6\">2\ufe0f\u20e31\ufe0f\u20e3-6<\/a> |<a href=\"http:\/\/0-zz.com\/7\">2\ufe0f\u20e32\ufe0f\u20e3-7<\/a> |<a href=\"http:\/\/0-zz.com\/8\">2\ufe0f\u20e33\ufe0f\u20e3-8<\/a> |<a href=\"http:\/\/0-zz.com\/9\">2\ufe0f\u20e34\ufe0f\u20e3-9<\/a> |<a href=\"http:\/\/0-zz.com\/a\">2\ufe0f\u20e35\ufe0f\u20e3-A<\/a> |<a href=\"http:\/\/0-zz.com\/b\">2\ufe0f\u20e36\ufe0f\u20e3-B<\/a><\/strong><\/small><br><small> <strong><a href=\"http:\/\/0-zz.com\/c\">3\ufe0f\u20e31\ufe0f\u20e3-C<\/a> |<a href=\"http:\/\/0-zz.com\/d\">3\ufe0f\u20e32\ufe0f\u20e3-D<\/a> |<a href=\"http:\/\/0-zz.com\/e\">3\ufe0f\u20e33\ufe0f\u20e3-E<\/a> |<a href=\"http:\/\/0-zz.com\/f\">3\ufe0f\u20e34\ufe0f\u20e3-F<\/a> |<a href=\"http:\/\/0-zz.com\/g\">3\ufe0f\u20e35\ufe0f\u20e3-G<\/a> |<a href=\"http:\/\/0-zz.com\/h\">3\ufe0f\u20e36\ufe0f\u20e3-H<\/a><\/strong><\/small><br><small> <strong><a href=\"http:\/\/0-zz.com\/i\">4\ufe0f\u20e31\ufe0f\u20e3-I<\/a> |<a href=\"http:\/\/0-zz.com\/j\">4\ufe0f\u20e32\ufe0f\u20e3-J<\/a> |<a href=\"http:\/\/0-zz.com\/k\">4\ufe0f\u20e33\ufe0f\u20e3-K<\/a> |<a href=\"http:\/\/0-zz.com\/l\">4\ufe0f\u20e34\ufe0f\u20e3-L<\/a> |<a href=\"http:\/\/0-zz.com\/m\">4\ufe0f\u20e35\ufe0f\u20e3-M<\/a> |<a href=\"http:\/\/0-zz.com\/n\">4\ufe0f\u20e36\ufe0f\u20e3-N<\/a><\/strong><\/small><br><small> <strong><a href=\"http:\/\/0-zz.com\/o\">5\ufe0f\u20e31\ufe0f\u20e3-O<\/a> |<a href=\"http:\/\/0-zz.com\/p\">5\ufe0f\u20e32\ufe0f\u20e3-P<\/a> |<a href=\"http:\/\/0-zz.com\/q\">5\ufe0f\u20e33\ufe0f\u20e3-Q<\/a> |<a href=\"http:\/\/0-zz.com\/r\">5\ufe0f\u20e34\ufe0f\u20e3-R<\/a> |<a href=\"http:\/\/0-zz.com\/s\">5\ufe0f\u20e35\ufe0f\u20e3-S<\/a> |<a href=\"http:\/\/0-zz.com\/t\">5\ufe0f\u20e36\ufe0f\u20e3-T<\/a><\/strong><\/small><br><small> <strong><a href=\"http:\/\/0-zz.com\/u\">6\ufe0f\u20e31\ufe0f\u20e3-U<\/a> |<a href=\"http:\/\/0-zz.com\/v\">6\ufe0f\u20e32\ufe0f\u20e3-V<\/a> |<a href=\"http:\/\/0-zz.com\/w\">6\ufe0f\u20e33\ufe0f\u20e3-W<\/a> |<a href=\"http:\/\/0-zz.com\/x\">6\ufe0f\u20e34\ufe0f\u20e3-X<\/a> |<a href=\"http:\/\/0-zz.com\/y\">6\ufe0f\u20e35\ufe0f\u20e3-Y<\/a> |<a href=\"http:\/\/0-zz.com\/z\">6\ufe0f\u20e36\ufe0f\u20e3-Z<\/a><\/strong><\/small><\/p>\n\n\n\n<p>Roll 2 dice ?? 1\ufe0f\u20e32\ufe0f\u20e33\ufe0f\u20e34\ufe0f\u20e35\ufe0f\u20e36\ufe0f\u20e3<\/p>\n\n\n\n<p><a href=\"https:\/\/www.random.org\/dice\/\">https:\/\/www.random.org\/dice\/<\/a><\/p>\n\n\n\n<p><a href=\"https:\/\/www.google.com\/search?q=dice+roller\">https:\/\/www.google.com\/search?q=dice+roller<\/a><\/p>\n\n\n\n<hr class=\"wp-block-separator\"\/>\n\n\n\n<p><a href=\"https:\/\/12r.pl\/ea\/\">12r.pl\/ea<\/a>&nbsp;-&gt;&nbsp;<a href=\"https:\/\/12r.uk\/ea\/\">12r.uk\/ea<\/a>&nbsp;-&gt;&nbsp;<a href=\"https:\/\/7hi7.com\/ea\/\">7hi7.com\/ea<\/a><\/p>\n\n\n\n<p>Wikipedia.org &#8211; Play game &#8211; portals, categories, states, cities, capital cities<\/p>\n","protected":false},"excerpt":{"rendered":"<p>l &#8211; 03\/l &#8211; 03L Andrzej D\u0105browski &#8211; Do zakochania jeden krok [Official Audio] 112K views&nbsp;\u00b7&nbsp;3 years ago Polskie Nagrania SUBSCRIBED 108K subscribers https:\/\/m.youtube.com\/channel\/UCeAFhL7tQmtLp9zk7uQpNoQ Mijaj\u0105 dni, miesi\u0105ce, mija rokPrawdziwe \u017cycie mija nas o krokI z tym nam dobrze jest i nie jestI niby nic nie dzieje si\u0119\u015awiat nam nie wadzi, lecz przez ca\u0142y czasCo\u015b si\u0119 [&hellip;]<\/p>\n","protected":false},"author":1,"featured_media":0,"parent":0,"menu_order":0,"comment_status":"closed","ping_status":"closed","template":"","meta":{"footnotes":""},"class_list":["post-66","page","type-page","status-publish","hentry"],"_links":{"self":[{"href":"https:\/\/0-zz.com\/03\/wp-json\/wp\/v2\/pages\/66","targetHints":{"allow":["GET"]}}],"collection":[{"href":"https:\/\/0-zz.com\/03\/wp-json\/wp\/v2\/pages"}],"about":[{"href":"https:\/\/0-zz.com\/03\/wp-json\/wp\/v2\/types\/page"}],"author":[{"embeddable":true,"href":"https:\/\/0-zz.com\/03\/wp-json\/wp\/v2\/users\/1"}],"replies":[{"embeddable":true,"href":"https:\/\/0-zz.com\/03\/wp-json\/wp\/v2\/comments?post=66"}],"version-history":[{"count":3,"href":"https:\/\/0-zz.com\/03\/wp-json\/wp\/v2\/pages\/66\/revisions"}],"predecessor-version":[{"id":158,"href":"https:\/\/0-zz.com\/03\/wp-json\/wp\/v2\/pages\/66\/revisions\/158"}],"wp:attachment":[{"href":"https:\/\/0-zz.com\/03\/wp-json\/wp\/v2\/media?parent=66"}],"curies":[{"name":"wp","href":"https:\/\/api.w.org\/{rel}","templated":true}]}}