{"id":48,"date":"2022-02-20T23:43:11","date_gmt":"2022-02-21T11:43:11","guid":{"rendered":"https:\/\/0-zz.com\/03\/?page_id=48"},"modified":"2022-04-28T03:46:27","modified_gmt":"2022-04-28T15:46:27","slug":"e","status":"publish","type":"page","link":"https:\/\/0-zz.com\/03\/e\/","title":{"rendered":"E"},"content":{"rendered":"\n<h2 class=\"wp-block-heading\" id=\"e-03-e-03e\">e &#8211; 03\/e &#8211; 03E<\/h2>\n\n\n\n<figure class=\"wp-block-embed is-type-video is-provider-youtube wp-block-embed-youtube wp-embed-aspect-16-9 wp-has-aspect-ratio\"><div class=\"wp-block-embed__wrapper\">\n<iframe loading=\"lazy\" title=\"Marek Grechuta - Serce [Official Audio]\" width=\"580\" height=\"326\" src=\"https:\/\/www.youtube.com\/embed\/lv5rG4shk44?feature=oembed\" frameborder=\"0\" allow=\"accelerometer; autoplay; clipboard-write; encrypted-media; gyroscope; picture-in-picture; web-share\" referrerpolicy=\"strict-origin-when-cross-origin\" allowfullscreen><\/iframe>\n<\/div><\/figure>\n\n\n\n<h2 class=\"wp-block-heading\" id=\"marek-grechuta-serce-official-audio\">Marek Grechuta &#8211; Serce [Official Audio]<\/h2>\n\n\n\n<p>294K views&nbsp;\u00b7&nbsp;2 years ago<\/p>\n\n\n\n<h2 class=\"wp-block-heading\" id=\"polskie-nagrania\">Polskie Nagrania<\/h2>\n\n\n\n<p>SUBSCRIBED 108K subscribers<\/p>\n\n\n\n<p><a href=\"https:\/\/m.youtube.com\/channel\/UCeAFhL7tQmtLp9zk7uQpNoQ\">https:\/\/m.youtube.com\/channel\/UCeAFhL7tQmtLp9zk7uQpNoQ<\/a><\/p>\n\n\n\n<p>za smutek m\u00f3j,<br>a pani wdzi\u0119k<br>ofiarowa\u0142em pani<br>p\u0119k czerwonych melancholii.<br>i lekkomy\u015blnie da\u0142em s\u0142owo,<br>\u017ce kwiat kwitnie ksi\u0119\u017cycowo,<br>a li\u015bcie mr\u0105 srebrzy\u015bcie<\/p>\n\n\n\n<p>pani zdziwiona m\u00f3wi:<br>&#8222;C\u00f3\u017c, to przecie\u017c bukiet zwyk\u0142ych r\u00f3\u017c.&#8221;<br>tak, rzeczywi\u015bcie.<br>wi\u0119c c\u00f3\u017c Ci dam?<\/p>\n\n\n\n<p>dam Ci serce szczeroz\u0142ote.<br>dam konika cukrowego.<br>we\u017a to serce, wyjd\u017a na drog\u0119.<br>i nie pytaj si\u0119 &#8222;Dlaczego?&#8221;<br>we\u017a to serce, wyjd\u017a na drog\u0119.<br>i nie pytaj si\u0119 &#8222;Dlaczego?&#8221;<\/p>\n\n\n\n<p>stara baba za straganem<br>wyrzuci\u0142a wielki kosz.<br>popatrz jak na z\u0142ota drog\u0119<br>tw\u00f3j cukrowy konik skoczy\u0142.<br>popatrz jak na z\u0142ot\u0105 drog\u0119<br>tw\u00f3j cukrowy konik skoczy\u0142<\/p>\n\n\n\n<p>za smutek m\u00f3j,<br>a pani wdzi\u0119k<br>ofiarowa\u0142em pani<br>p\u0119k czerwonych melancholii<\/p>\n\n\n\n<p>a pani c\u00f3\u017c,<br>nie chce tych r\u00f3\u017c<br>\u017ce takie brzydkie,<br>\u017ce czerwone<br>i \u017ce z kolcami<br>wi\u0119c c\u00f3\u017c Ci dam?<\/p>\n\n\n\n<p>dam pier\u015bcionek z koralikiem.<br>ten niebieski jak twe oczy.<br>popatrz jak na z\u0142ot\u0105 drog\u0119<br>tw\u00f3j cukrowy konik skoczy\u0142<br>popatrz jak na z\u0142ot\u0105 drog\u0119<br>tw\u00f3j cukrowy konik skoczy\u0142<\/p>\n\n\n\n<p>dam Ci serce szczeroz\u0142ote<br>dam konika cukrowego<br>we\u017a to serce, wyjd\u017a na drog\u0119.<br>i nie pytaj si\u0119 &#8222;Dlaczego?&#8221;<br>we\u017a to serce, wyjd\u017a na drog\u0119.<br>i nie pytaj si\u0119 &#8222;Dlaczego?&#8221;<\/p>\n\n\n\n<figure class=\"wp-block-table\"><table><tbody><tr><th>Autor tekstu:<\/th><td>Liliana Wi\u015bniowska, Andrzej Nowicki<\/td><\/tr><tr><th>Kompozytor:<\/th><td>Jan Kanty Pawlu\u015bkiewicz<\/td><\/tr><\/tbody><\/table><\/figure>\n\n\n\n<p><a href=\"https:\/\/www.tekstowo.pl\/piosenka,marek_grechuta,serce.html\">https:\/\/www.tekstowo.pl\/piosenka,marek_grechuta,serce.html<\/a><\/p>\n\n\n\n<hr class=\"wp-block-separator\"\/>\n\n\n\n<h4 class=\"wp-block-heading\">0-zz.com\/0 &#8211; 0-zz.com\/z :<\/h4>\n\n\n\n<p><small><strong><a href=\"http:\/\/0-zz.com\/0\">1\ufe0f\u20e31\ufe0f\u20e3-0<\/a> |<a href=\"http:\/\/0-zz.com\/1\">1\ufe0f\u20e32\ufe0f\u20e3-1<\/a> |<a href=\"http:\/\/0-zz.com\/2\">1\ufe0f\u20e33\ufe0f\u20e3-2<\/a> |<a href=\"http:\/\/0-zz.com\/3\">1\ufe0f\u20e34\ufe0f\u20e3-3<\/a> |<a href=\"http:\/\/0-zz.com\/4\">1\ufe0f\u20e35\ufe0f\u20e3-4<\/a> |<a href=\"http:\/\/0-zz.com\/5\">1\ufe0f\u20e36\ufe0f\u20e3-5<\/a> <\/strong><\/small><br><small> <strong><a href=\"http:\/\/0-zz.com\/6\">2\ufe0f\u20e31\ufe0f\u20e3-6<\/a> |<a href=\"http:\/\/0-zz.com\/7\">2\ufe0f\u20e32\ufe0f\u20e3-7<\/a> |<a href=\"http:\/\/0-zz.com\/8\">2\ufe0f\u20e33\ufe0f\u20e3-8<\/a> |<a href=\"http:\/\/0-zz.com\/9\">2\ufe0f\u20e34\ufe0f\u20e3-9<\/a> |<a href=\"http:\/\/0-zz.com\/a\">2\ufe0f\u20e35\ufe0f\u20e3-A<\/a> |<a href=\"http:\/\/0-zz.com\/b\">2\ufe0f\u20e36\ufe0f\u20e3-B<\/a><\/strong><\/small><br><small> <strong><a href=\"http:\/\/0-zz.com\/c\">3\ufe0f\u20e31\ufe0f\u20e3-C<\/a> |<a href=\"http:\/\/0-zz.com\/d\">3\ufe0f\u20e32\ufe0f\u20e3-D<\/a> |<a href=\"http:\/\/0-zz.com\/e\">3\ufe0f\u20e33\ufe0f\u20e3-E<\/a> |<a href=\"http:\/\/0-zz.com\/f\">3\ufe0f\u20e34\ufe0f\u20e3-F<\/a> |<a href=\"http:\/\/0-zz.com\/g\">3\ufe0f\u20e35\ufe0f\u20e3-G<\/a> |<a href=\"http:\/\/0-zz.com\/h\">3\ufe0f\u20e36\ufe0f\u20e3-H<\/a><\/strong><\/small><br><small> <strong><a href=\"http:\/\/0-zz.com\/i\">4\ufe0f\u20e31\ufe0f\u20e3-I<\/a> |<a href=\"http:\/\/0-zz.com\/j\">4\ufe0f\u20e32\ufe0f\u20e3-J<\/a> |<a href=\"http:\/\/0-zz.com\/k\">4\ufe0f\u20e33\ufe0f\u20e3-K<\/a> |<a href=\"http:\/\/0-zz.com\/l\">4\ufe0f\u20e34\ufe0f\u20e3-L<\/a> |<a href=\"http:\/\/0-zz.com\/m\">4\ufe0f\u20e35\ufe0f\u20e3-M<\/a> |<a href=\"http:\/\/0-zz.com\/n\">4\ufe0f\u20e36\ufe0f\u20e3-N<\/a><\/strong><\/small><br><small> <strong><a href=\"http:\/\/0-zz.com\/o\">5\ufe0f\u20e31\ufe0f\u20e3-O<\/a> |<a href=\"http:\/\/0-zz.com\/p\">5\ufe0f\u20e32\ufe0f\u20e3-P<\/a> |<a href=\"http:\/\/0-zz.com\/q\">5\ufe0f\u20e33\ufe0f\u20e3-Q<\/a> |<a href=\"http:\/\/0-zz.com\/r\">5\ufe0f\u20e34\ufe0f\u20e3-R<\/a> |<a href=\"http:\/\/0-zz.com\/s\">5\ufe0f\u20e35\ufe0f\u20e3-S<\/a> |<a href=\"http:\/\/0-zz.com\/t\">5\ufe0f\u20e36\ufe0f\u20e3-T<\/a><\/strong><\/small><br><small> <strong><a href=\"http:\/\/0-zz.com\/u\">6\ufe0f\u20e31\ufe0f\u20e3-U<\/a> |<a href=\"http:\/\/0-zz.com\/v\">6\ufe0f\u20e32\ufe0f\u20e3-V<\/a> |<a href=\"http:\/\/0-zz.com\/w\">6\ufe0f\u20e33\ufe0f\u20e3-W<\/a> |<a href=\"http:\/\/0-zz.com\/x\">6\ufe0f\u20e34\ufe0f\u20e3-X<\/a> |<a href=\"http:\/\/0-zz.com\/y\">6\ufe0f\u20e35\ufe0f\u20e3-Y<\/a> |<a href=\"http:\/\/0-zz.com\/z\">6\ufe0f\u20e36\ufe0f\u20e3-Z<\/a><\/strong><\/small><\/p>\n\n\n\n<p>Roll 2 dice ?? 1\ufe0f\u20e32\ufe0f\u20e33\ufe0f\u20e34\ufe0f\u20e35\ufe0f\u20e36\ufe0f\u20e3<\/p>\n\n\n\n<p><a href=\"https:\/\/www.random.org\/dice\/\">https:\/\/www.random.org\/dice\/<\/a><\/p>\n\n\n\n<p><a href=\"https:\/\/www.google.com\/search?q=dice+roller\">https:\/\/www.google.com\/search?q=dice+roller<\/a><\/p>\n\n\n\n<hr class=\"wp-block-separator\"\/>\n\n\n\n<p><a href=\"https:\/\/12r.pl\/ea\/\">12r.pl\/ea<\/a>&nbsp;-&gt;&nbsp;<a href=\"https:\/\/12r.uk\/ea\/\">12r.uk\/ea<\/a>&nbsp;-&gt;&nbsp;<a href=\"https:\/\/7hi7.com\/ea\/\">7hi7.com\/ea<\/a><\/p>\n\n\n\n<p>Wikipedia.org &#8211; Play game &#8211; portals, categories, states, cities, capital cities<\/p>\n","protected":false},"excerpt":{"rendered":"<p>e &#8211; 03\/e &#8211; 03E Marek Grechuta &#8211; Serce [Official Audio] 294K views&nbsp;\u00b7&nbsp;2 years ago Polskie Nagrania SUBSCRIBED 108K subscribers https:\/\/m.youtube.com\/channel\/UCeAFhL7tQmtLp9zk7uQpNoQ za smutek m\u00f3j,a pani wdzi\u0119kofiarowa\u0142em panip\u0119k czerwonych melancholii.i lekkomy\u015blnie da\u0142em s\u0142owo,\u017ce kwiat kwitnie ksi\u0119\u017cycowo,a li\u015bcie mr\u0105 srebrzy\u015bcie pani zdziwiona m\u00f3wi:&#8222;C\u00f3\u017c, to przecie\u017c bukiet zwyk\u0142ych r\u00f3\u017c.&#8221;tak, rzeczywi\u015bcie.wi\u0119c c\u00f3\u017c Ci dam? dam Ci serce szczeroz\u0142ote.dam konika [&hellip;]<\/p>\n","protected":false},"author":1,"featured_media":0,"parent":0,"menu_order":0,"comment_status":"closed","ping_status":"closed","template":"","meta":{"footnotes":""},"class_list":["post-48","page","type-page","status-publish","hentry"],"_links":{"self":[{"href":"https:\/\/0-zz.com\/03\/wp-json\/wp\/v2\/pages\/48","targetHints":{"allow":["GET"]}}],"collection":[{"href":"https:\/\/0-zz.com\/03\/wp-json\/wp\/v2\/pages"}],"about":[{"href":"https:\/\/0-zz.com\/03\/wp-json\/wp\/v2\/types\/page"}],"author":[{"embeddable":true,"href":"https:\/\/0-zz.com\/03\/wp-json\/wp\/v2\/users\/1"}],"replies":[{"embeddable":true,"href":"https:\/\/0-zz.com\/03\/wp-json\/wp\/v2\/comments?post=48"}],"version-history":[{"count":3,"href":"https:\/\/0-zz.com\/03\/wp-json\/wp\/v2\/pages\/48\/revisions"}],"predecessor-version":[{"id":150,"href":"https:\/\/0-zz.com\/03\/wp-json\/wp\/v2\/pages\/48\/revisions\/150"}],"wp:attachment":[{"href":"https:\/\/0-zz.com\/03\/wp-json\/wp\/v2\/media?parent=48"}],"curies":[{"name":"wp","href":"https:\/\/api.w.org\/{rel}","templated":true}]}}