{"id":44,"date":"2022-02-20T23:31:52","date_gmt":"2022-02-21T11:31:52","guid":{"rendered":"https:\/\/0-zz.com\/03\/?page_id=44"},"modified":"2022-04-28T03:44:26","modified_gmt":"2022-04-28T15:44:26","slug":"c","status":"publish","type":"page","link":"https:\/\/0-zz.com\/03\/c\/","title":{"rendered":"C"},"content":{"rendered":"\n<h2 class=\"wp-block-heading\" id=\"c-03-c-03c\">c &#8211; 03\/c &#8211; 03C<\/h2>\n\n\n\n<figure class=\"wp-block-embed is-type-video is-provider-youtube wp-block-embed-youtube wp-embed-aspect-16-9 wp-has-aspect-ratio\"><div class=\"wp-block-embed__wrapper\">\n<iframe loading=\"lazy\" title=\"Anna Jantar - Rado\u015b\u0107 najpi\u0119kniejszych lat [Official Audio]\" width=\"580\" height=\"326\" src=\"https:\/\/www.youtube.com\/embed\/De2fGXOQ-MA?feature=oembed\" frameborder=\"0\" allow=\"accelerometer; autoplay; clipboard-write; encrypted-media; gyroscope; picture-in-picture; web-share\" referrerpolicy=\"strict-origin-when-cross-origin\" allowfullscreen><\/iframe>\n<\/div><\/figure>\n\n\n\n<h2 class=\"wp-block-heading\" id=\"anna-jantar-radosc-najpiekniejszych-lat-official-audio\">Anna Jantar &#8211; Rado\u015b\u0107 najpi\u0119kniejszych lat [Official Audio]<\/h2>\n\n\n\n<p>265K views&nbsp;\u00b7&nbsp;2 years ago<\/p>\n\n\n\n<h2 class=\"wp-block-heading\" id=\"polskie-nagrania\">Polskie Nagrania<\/h2>\n\n\n\n<p>SUBSCRIBED 108K subscribers<\/p>\n\n\n\n<p><a href=\"https:\/\/m.youtube.com\/channel\/UCeAFhL7tQmtLp9zk7uQpNoQ\">https:\/\/m.youtube.com\/channel\/UCeAFhL7tQmtLp9zk7uQpNoQ<\/a><\/p>\n\n\n\n<p>To ju\u017c przedmie\u015bcia gorzki smak<br>Autobus rusza w kr\u00f3tki rejs<br>Zdyszana biegn\u0119 z \u017cartu w \u017cart<br>Z podr\u00f3\u017cy w podr\u00f3\u017c, z wiersza w wiersz<br>I kocham, pragn\u0119, trac\u0119 tak<br>Jakby si\u0119 chwil\u0105 stawa\u0142 rok<br>Jak gdyby \u015bwiat<br>Wymyka\u0142 mi si\u0119 z r\u0105k<\/p>\n\n\n\n<p>To, co mam (to, co mam)<br>To rado\u015b\u0107 najpi\u0119kniejszych lat<br>To, co mam (to, co mam)<br>To serce, kt\u00f3re jeszcze na wszystko sta\u0107<br>To, co mam (to, co mam)<br>To m\u0142odo\u015b\u0107, kt\u00f3rej nie potrafi\u0119 kry\u0107<br>To wiara, \u017ce<br>Naprawd\u0119 umiem \u017cy\u0107 &#8211; umiem \u017cy\u0107.<\/p>\n\n\n\n<p>Ju\u017c jesie\u0144 i latawc\u00f3w klucz<br>A w kinach tyle pustych miejsc<br>Z niedawnych zdarze\u0144 \u015bcieram kurz<br>Babiego lata w\u0105t\u0142\u0105 sie\u0107, ooo&#8230;<br>I jestem wiatrem, \u015bpiewam wiatr<br>I jestem \u0142\u0105k\u0105, trawy \u017ad\u017ab\u0142em<br>Jak bia\u0142y jacht<br>W nieznany p\u0142yn\u0119 dzie\u0144<\/p>\n\n\n\n<p>To, co mam (to, co mam)<br>To rado\u015b\u0107 najpi\u0119kniejszych lat<br>To, co mam (to, co mam)<br>To serce, kt\u00f3re jeszcze na wszystko sta\u0107<br>To, co mam (to, co mam)<br>To m\u0142odo\u015b\u0107, kt\u00f3rej nie potrafi\u0119 kry\u0107<br>To wiara, \u017ce<br>Naprawd\u0119 umiem \u017cy\u0107 &#8211; umiem \u017cy\u0107.<\/p>\n\n\n\n<figure class=\"wp-block-table\"><table><tbody><tr><th>Autor tekstu:<\/th><td>Wojciech Jagielski, Janusz Kondratowicz<\/td><\/tr><tr><th>Kompozytor:<\/th><td>Jaros\u0142aw Kukulski<\/td><\/tr><\/tbody><\/table><\/figure>\n\n\n\n<p><a href=\"https:\/\/www.tekstowo.pl\/piosenka,anna_jantar,radosc_najpiekniejszych_lat.html\">https:\/\/www.tekstowo.pl\/piosenka,anna_jantar,radosc_najpiekniejszych_lat.html<\/a><\/p>\n\n\n\n<hr class=\"wp-block-separator\"\/>\n\n\n\n<h4 class=\"wp-block-heading\">0-zz.com\/0 &#8211; 0-zz.com\/z :<\/h4>\n\n\n\n<p><small><strong><a href=\"http:\/\/0-zz.com\/0\">1\ufe0f\u20e31\ufe0f\u20e3-0<\/a> |<a href=\"http:\/\/0-zz.com\/1\">1\ufe0f\u20e32\ufe0f\u20e3-1<\/a> |<a href=\"http:\/\/0-zz.com\/2\">1\ufe0f\u20e33\ufe0f\u20e3-2<\/a> |<a href=\"http:\/\/0-zz.com\/3\">1\ufe0f\u20e34\ufe0f\u20e3-3<\/a> |<a href=\"http:\/\/0-zz.com\/4\">1\ufe0f\u20e35\ufe0f\u20e3-4<\/a> |<a href=\"http:\/\/0-zz.com\/5\">1\ufe0f\u20e36\ufe0f\u20e3-5<\/a> <\/strong><\/small><br><small> <strong><a href=\"http:\/\/0-zz.com\/6\">2\ufe0f\u20e31\ufe0f\u20e3-6<\/a> |<a href=\"http:\/\/0-zz.com\/7\">2\ufe0f\u20e32\ufe0f\u20e3-7<\/a> |<a href=\"http:\/\/0-zz.com\/8\">2\ufe0f\u20e33\ufe0f\u20e3-8<\/a> |<a href=\"http:\/\/0-zz.com\/9\">2\ufe0f\u20e34\ufe0f\u20e3-9<\/a> |<a href=\"http:\/\/0-zz.com\/a\">2\ufe0f\u20e35\ufe0f\u20e3-A<\/a> |<a href=\"http:\/\/0-zz.com\/b\">2\ufe0f\u20e36\ufe0f\u20e3-B<\/a><\/strong><\/small><br><small> <strong><a href=\"http:\/\/0-zz.com\/c\">3\ufe0f\u20e31\ufe0f\u20e3-C<\/a> |<a href=\"http:\/\/0-zz.com\/d\">3\ufe0f\u20e32\ufe0f\u20e3-D<\/a> |<a href=\"http:\/\/0-zz.com\/e\">3\ufe0f\u20e33\ufe0f\u20e3-E<\/a> |<a href=\"http:\/\/0-zz.com\/f\">3\ufe0f\u20e34\ufe0f\u20e3-F<\/a> |<a href=\"http:\/\/0-zz.com\/g\">3\ufe0f\u20e35\ufe0f\u20e3-G<\/a> |<a href=\"http:\/\/0-zz.com\/h\">3\ufe0f\u20e36\ufe0f\u20e3-H<\/a><\/strong><\/small><br><small> <strong><a href=\"http:\/\/0-zz.com\/i\">4\ufe0f\u20e31\ufe0f\u20e3-I<\/a> |<a href=\"http:\/\/0-zz.com\/j\">4\ufe0f\u20e32\ufe0f\u20e3-J<\/a> |<a href=\"http:\/\/0-zz.com\/k\">4\ufe0f\u20e33\ufe0f\u20e3-K<\/a> |<a href=\"http:\/\/0-zz.com\/l\">4\ufe0f\u20e34\ufe0f\u20e3-L<\/a> |<a href=\"http:\/\/0-zz.com\/m\">4\ufe0f\u20e35\ufe0f\u20e3-M<\/a> |<a href=\"http:\/\/0-zz.com\/n\">4\ufe0f\u20e36\ufe0f\u20e3-N<\/a><\/strong><\/small><br><small> <strong><a href=\"http:\/\/0-zz.com\/o\">5\ufe0f\u20e31\ufe0f\u20e3-O<\/a> |<a href=\"http:\/\/0-zz.com\/p\">5\ufe0f\u20e32\ufe0f\u20e3-P<\/a> |<a href=\"http:\/\/0-zz.com\/q\">5\ufe0f\u20e33\ufe0f\u20e3-Q<\/a> |<a href=\"http:\/\/0-zz.com\/r\">5\ufe0f\u20e34\ufe0f\u20e3-R<\/a> |<a href=\"http:\/\/0-zz.com\/s\">5\ufe0f\u20e35\ufe0f\u20e3-S<\/a> |<a href=\"http:\/\/0-zz.com\/t\">5\ufe0f\u20e36\ufe0f\u20e3-T<\/a><\/strong><\/small><br><small> <strong><a href=\"http:\/\/0-zz.com\/u\">6\ufe0f\u20e31\ufe0f\u20e3-U<\/a> |<a href=\"http:\/\/0-zz.com\/v\">6\ufe0f\u20e32\ufe0f\u20e3-V<\/a> |<a href=\"http:\/\/0-zz.com\/w\">6\ufe0f\u20e33\ufe0f\u20e3-W<\/a> |<a href=\"http:\/\/0-zz.com\/x\">6\ufe0f\u20e34\ufe0f\u20e3-X<\/a> |<a href=\"http:\/\/0-zz.com\/y\">6\ufe0f\u20e35\ufe0f\u20e3-Y<\/a> |<a href=\"http:\/\/0-zz.com\/z\">6\ufe0f\u20e36\ufe0f\u20e3-Z<\/a><\/strong><\/small><\/p>\n\n\n\n<p>Roll 2 dice ?? 1\ufe0f\u20e32\ufe0f\u20e33\ufe0f\u20e34\ufe0f\u20e35\ufe0f\u20e36\ufe0f\u20e3<\/p>\n\n\n\n<p><a href=\"https:\/\/www.random.org\/dice\/\">https:\/\/www.random.org\/dice\/<\/a><\/p>\n\n\n\n<p><a href=\"https:\/\/www.google.com\/search?q=dice+roller\">https:\/\/www.google.com\/search?q=dice+roller<\/a><\/p>\n\n\n\n<hr class=\"wp-block-separator\"\/>\n\n\n\n<p><a href=\"https:\/\/12r.pl\/ea\/\">12r.pl\/ea<\/a>&nbsp;-&gt;&nbsp;<a href=\"https:\/\/12r.uk\/ea\/\">12r.uk\/ea<\/a>&nbsp;-&gt;&nbsp;<a href=\"https:\/\/7hi7.com\/ea\/\">7hi7.com\/ea<\/a><\/p>\n\n\n\n<p>Wikipedia.org &#8211; Play game &#8211; portals, categories, states, cities, capital cities<\/p>\n","protected":false},"excerpt":{"rendered":"<p>c &#8211; 03\/c &#8211; 03C Anna Jantar &#8211; Rado\u015b\u0107 najpi\u0119kniejszych lat [Official Audio] 265K views&nbsp;\u00b7&nbsp;2 years ago Polskie Nagrania SUBSCRIBED 108K subscribers https:\/\/m.youtube.com\/channel\/UCeAFhL7tQmtLp9zk7uQpNoQ To ju\u017c przedmie\u015bcia gorzki smakAutobus rusza w kr\u00f3tki rejsZdyszana biegn\u0119 z \u017cartu w \u017cartZ podr\u00f3\u017cy w podr\u00f3\u017c, z wiersza w wierszI kocham, pragn\u0119, trac\u0119 takJakby si\u0119 chwil\u0105 stawa\u0142 rokJak gdyby \u015bwiatWymyka\u0142 mi [&hellip;]<\/p>\n","protected":false},"author":1,"featured_media":0,"parent":0,"menu_order":0,"comment_status":"closed","ping_status":"closed","template":"","meta":{"footnotes":""},"class_list":["post-44","page","type-page","status-publish","hentry"],"_links":{"self":[{"href":"https:\/\/0-zz.com\/03\/wp-json\/wp\/v2\/pages\/44","targetHints":{"allow":["GET"]}}],"collection":[{"href":"https:\/\/0-zz.com\/03\/wp-json\/wp\/v2\/pages"}],"about":[{"href":"https:\/\/0-zz.com\/03\/wp-json\/wp\/v2\/types\/page"}],"author":[{"embeddable":true,"href":"https:\/\/0-zz.com\/03\/wp-json\/wp\/v2\/users\/1"}],"replies":[{"embeddable":true,"href":"https:\/\/0-zz.com\/03\/wp-json\/wp\/v2\/comments?post=44"}],"version-history":[{"count":3,"href":"https:\/\/0-zz.com\/03\/wp-json\/wp\/v2\/pages\/44\/revisions"}],"predecessor-version":[{"id":148,"href":"https:\/\/0-zz.com\/03\/wp-json\/wp\/v2\/pages\/44\/revisions\/148"}],"wp:attachment":[{"href":"https:\/\/0-zz.com\/03\/wp-json\/wp\/v2\/media?parent=44"}],"curies":[{"name":"wp","href":"https:\/\/api.w.org\/{rel}","templated":true}]}}