{"id":42,"date":"2022-02-20T23:20:56","date_gmt":"2022-02-21T11:20:56","guid":{"rendered":"https:\/\/0-zz.com\/03\/?page_id=42"},"modified":"2022-04-28T03:43:19","modified_gmt":"2022-04-28T15:43:19","slug":"b","status":"publish","type":"page","link":"https:\/\/0-zz.com\/03\/b\/","title":{"rendered":"B"},"content":{"rendered":"\n<h2 class=\"wp-block-heading\" id=\"b-03-b-03b\">b &#8211; 03\/b &#8211; 03B<\/h2>\n\n\n\n<figure class=\"wp-block-embed is-type-video is-provider-youtube wp-block-embed-youtube wp-embed-aspect-16-9 wp-has-aspect-ratio\"><div class=\"wp-block-embed__wrapper\">\n<iframe loading=\"lazy\" title=\"Halina Fr\u0105ckowiak - Papierowy ksi\u0119\u017cyc [Official Audio]\" width=\"580\" height=\"326\" src=\"https:\/\/www.youtube.com\/embed\/rlkzBab-wjA?feature=oembed\" frameborder=\"0\" allow=\"accelerometer; autoplay; clipboard-write; encrypted-media; gyroscope; picture-in-picture; web-share\" referrerpolicy=\"strict-origin-when-cross-origin\" allowfullscreen><\/iframe>\n<\/div><\/figure>\n\n\n\n<h2 class=\"wp-block-heading\" id=\"halina-frackowiak-papierowy-ksiezyc-official-audio\">Halina Fr\u0105ckowiak &#8211; Papierowy ksi\u0119\u017cyc [Official Audio]<\/h2>\n\n\n\n<p>216K views&nbsp;\u00b7&nbsp;2 years ago<\/p>\n\n\n\n<h2 class=\"wp-block-heading\" id=\"polskie-nagrania\">Polskie Nagrania<\/h2>\n\n\n\n<p>SUBSCRIBED 108K subscribers<\/p>\n\n\n\n<p><a href=\"https:\/\/m.youtube.com\/channel\/UCeAFhL7tQmtLp9zk7uQpNoQ\">https:\/\/m.youtube.com\/channel\/UCeAFhL7tQmtLp9zk7uQpNoQ<\/a><\/p>\n\n\n\n<p>Nie, nie b\u0119d\u0119 w San Francisco,<br>to nie to miejsce i czas,<br>Jutro dla mnie to ju\u017c przysz\u0142o\u015b\u0107,<br>inna kreacja i twarz.<\/p>\n\n\n\n<p>Schn\u0105 na szybie \u015blady \u0142ez<br>pora ju\u017c dogra\u0107 ten akt,<br>kto z nas kiedy\u015b patrz\u0105c wstecz<br>wspomni love story sprzed lat,<br>wspomni love story sprzed lat.<\/p>\n\n\n\n<p>Papierowy ksi\u0119\u017cyc z nieba spad\u0142,<br>sko\u0144czy\u0142 si\u0119 video film,<br>mo\u017ce to by\u0142 romans, mo\u017ce \u017cart,<br>dzi\u015b nie obchodzi mnie to,<br>dzi\u015b ju\u017c nie martwi\u0119 si\u0119 tym,<\/p>\n\n\n\n<p>Papierowy ksi\u0119\u017cyc z nieba spad\u0142,<br>umar\u0142 kr\u00f3l, niech \u017cyje kr\u00f3l,<br>zn\u00f3w taks\u00f3wk\u0105 sama jad\u0119 w \u015bwiat,<br>w kt\u00f3rym nie liczy si\u0119 nic<br>pr\u00f3cz paru szale\u0144stw i bzdur.<\/p>\n\n\n\n<p>Marzy mi si\u0119 Jokohama,<br>hotel z ob\u0142ok\u00f3w i szk\u0142a,<br>jak mam zmieni\u0107 fa\u0142sz i bana\u0142,<br>\u017cycia, co byle jak trwa<\/p>\n\n\n\n<p>Schn\u0105 na szybie \u015blady \u0142ez,<br>kto\u015b z nas wyj\u015b\u0107 musi na plus,<br>taki ma\u0142y dramat, lecz<br>wszystko w nim jasne jest ju\u017c,<br>wszystko w nim jasne jest ju\u017c.<\/p>\n\n\n\n<p>Papierowy ksi\u0119\u017cyc z nieba spad\u0142,<br>sko\u0144czy\u0142 si\u0119 video film,<br>mo\u017ce to by\u0142 romans, mo\u017ce \u017cart,<br>dzi\u015b nie obchodzi mnie to,<br>dzi\u015b ju\u017c nie martwi\u0119 si\u0119 tym,<\/p>\n\n\n\n<p>Papierowy ksi\u0119\u017cyc z nieba spad\u0142,<br>umar\u0142 kr\u00f3l, niech \u017cyje kr\u00f3l,<br>zn\u00f3w taks\u00f3wk\u0105 sama jad\u0119 w \u015bwiat,<br>w kt\u00f3rym nie liczy si\u0119 nic<br>pr\u00f3cz paru szale\u0144stw i bzdur.<\/p>\n\n\n\n<p>Papierowy ksi\u0119\u017cyc z nieba spad\u0142,<br>sko\u0144czy\u0142 si\u0119 video film,<br>mo\u017ce to by\u0142 romans, mo\u017ce \u017cart,<br>dzi\u015b nie obchodzi mnie to&#8230;<\/p>\n\n\n\n<figure class=\"wp-block-table\"><table><tbody><tr><th>Autor tekstu:<\/th><td>Janusz Kondratowicz<\/td><\/tr><tr><th>Kompozytor:<\/th><td>Jaros\u0142aw Kukulski<\/td><\/tr><\/tbody><\/table><\/figure>\n\n\n\n<p><a href=\"https:\/\/www.tekstowo.pl\/piosenka,halina_frackowiak,papierowy_ksiezyc.html\">https:\/\/www.tekstowo.pl\/piosenka,halina_frackowiak,papierowy_ksiezyc.html<\/a><\/p>\n\n\n\n<hr class=\"wp-block-separator\"\/>\n\n\n\n<h4 class=\"wp-block-heading\">0-zz.com\/0 &#8211; 0-zz.com\/z :<\/h4>\n\n\n\n<p><small><strong><a href=\"http:\/\/0-zz.com\/0\">1\ufe0f\u20e31\ufe0f\u20e3-0<\/a> |<a href=\"http:\/\/0-zz.com\/1\">1\ufe0f\u20e32\ufe0f\u20e3-1<\/a> |<a href=\"http:\/\/0-zz.com\/2\">1\ufe0f\u20e33\ufe0f\u20e3-2<\/a> |<a href=\"http:\/\/0-zz.com\/3\">1\ufe0f\u20e34\ufe0f\u20e3-3<\/a> |<a href=\"http:\/\/0-zz.com\/4\">1\ufe0f\u20e35\ufe0f\u20e3-4<\/a> |<a href=\"http:\/\/0-zz.com\/5\">1\ufe0f\u20e36\ufe0f\u20e3-5<\/a> <\/strong><\/small><br><small> <strong><a href=\"http:\/\/0-zz.com\/6\">2\ufe0f\u20e31\ufe0f\u20e3-6<\/a> |<a href=\"http:\/\/0-zz.com\/7\">2\ufe0f\u20e32\ufe0f\u20e3-7<\/a> |<a href=\"http:\/\/0-zz.com\/8\">2\ufe0f\u20e33\ufe0f\u20e3-8<\/a> |<a href=\"http:\/\/0-zz.com\/9\">2\ufe0f\u20e34\ufe0f\u20e3-9<\/a> |<a href=\"http:\/\/0-zz.com\/a\">2\ufe0f\u20e35\ufe0f\u20e3-A<\/a> |<a href=\"http:\/\/0-zz.com\/b\">2\ufe0f\u20e36\ufe0f\u20e3-B<\/a><\/strong><\/small><br><small> <strong><a href=\"http:\/\/0-zz.com\/c\">3\ufe0f\u20e31\ufe0f\u20e3-C<\/a> |<a href=\"http:\/\/0-zz.com\/d\">3\ufe0f\u20e32\ufe0f\u20e3-D<\/a> |<a href=\"http:\/\/0-zz.com\/e\">3\ufe0f\u20e33\ufe0f\u20e3-E<\/a> |<a href=\"http:\/\/0-zz.com\/f\">3\ufe0f\u20e34\ufe0f\u20e3-F<\/a> |<a href=\"http:\/\/0-zz.com\/g\">3\ufe0f\u20e35\ufe0f\u20e3-G<\/a> |<a href=\"http:\/\/0-zz.com\/h\">3\ufe0f\u20e36\ufe0f\u20e3-H<\/a><\/strong><\/small><br><small> <strong><a href=\"http:\/\/0-zz.com\/i\">4\ufe0f\u20e31\ufe0f\u20e3-I<\/a> |<a href=\"http:\/\/0-zz.com\/j\">4\ufe0f\u20e32\ufe0f\u20e3-J<\/a> |<a href=\"http:\/\/0-zz.com\/k\">4\ufe0f\u20e33\ufe0f\u20e3-K<\/a> |<a href=\"http:\/\/0-zz.com\/l\">4\ufe0f\u20e34\ufe0f\u20e3-L<\/a> |<a href=\"http:\/\/0-zz.com\/m\">4\ufe0f\u20e35\ufe0f\u20e3-M<\/a> |<a href=\"http:\/\/0-zz.com\/n\">4\ufe0f\u20e36\ufe0f\u20e3-N<\/a><\/strong><\/small><br><small> <strong><a href=\"http:\/\/0-zz.com\/o\">5\ufe0f\u20e31\ufe0f\u20e3-O<\/a> |<a href=\"http:\/\/0-zz.com\/p\">5\ufe0f\u20e32\ufe0f\u20e3-P<\/a> |<a href=\"http:\/\/0-zz.com\/q\">5\ufe0f\u20e33\ufe0f\u20e3-Q<\/a> |<a href=\"http:\/\/0-zz.com\/r\">5\ufe0f\u20e34\ufe0f\u20e3-R<\/a> |<a href=\"http:\/\/0-zz.com\/s\">5\ufe0f\u20e35\ufe0f\u20e3-S<\/a> |<a href=\"http:\/\/0-zz.com\/t\">5\ufe0f\u20e36\ufe0f\u20e3-T<\/a><\/strong><\/small><br><small> <strong><a href=\"http:\/\/0-zz.com\/u\">6\ufe0f\u20e31\ufe0f\u20e3-U<\/a> |<a href=\"http:\/\/0-zz.com\/v\">6\ufe0f\u20e32\ufe0f\u20e3-V<\/a> |<a href=\"http:\/\/0-zz.com\/w\">6\ufe0f\u20e33\ufe0f\u20e3-W<\/a> |<a href=\"http:\/\/0-zz.com\/x\">6\ufe0f\u20e34\ufe0f\u20e3-X<\/a> |<a href=\"http:\/\/0-zz.com\/y\">6\ufe0f\u20e35\ufe0f\u20e3-Y<\/a> |<a href=\"http:\/\/0-zz.com\/z\">6\ufe0f\u20e36\ufe0f\u20e3-Z<\/a><\/strong><\/small><\/p>\n\n\n\n<p>Roll 2 dice ?? 1\ufe0f\u20e32\ufe0f\u20e33\ufe0f\u20e34\ufe0f\u20e35\ufe0f\u20e36\ufe0f\u20e3<\/p>\n\n\n\n<p><a href=\"https:\/\/www.random.org\/dice\/\">https:\/\/www.random.org\/dice\/<\/a><\/p>\n\n\n\n<p><a href=\"https:\/\/www.google.com\/search?q=dice+roller\">https:\/\/www.google.com\/search?q=dice+roller<\/a><\/p>\n\n\n\n<hr class=\"wp-block-separator\"\/>\n\n\n\n<p><a href=\"https:\/\/12r.pl\/ea\/\">12r.pl\/ea<\/a>&nbsp;-&gt;&nbsp;<a href=\"https:\/\/12r.uk\/ea\/\">12r.uk\/ea<\/a>&nbsp;-&gt;&nbsp;<a href=\"https:\/\/7hi7.com\/ea\/\">7hi7.com\/ea<\/a><\/p>\n\n\n\n<p>Wikipedia.org &#8211; Play game &#8211; portals, categories, states, cities, capital cities<\/p>\n","protected":false},"excerpt":{"rendered":"<p>b &#8211; 03\/b &#8211; 03B Halina Fr\u0105ckowiak &#8211; Papierowy ksi\u0119\u017cyc [Official Audio] 216K views&nbsp;\u00b7&nbsp;2 years ago Polskie Nagrania SUBSCRIBED 108K subscribers https:\/\/m.youtube.com\/channel\/UCeAFhL7tQmtLp9zk7uQpNoQ Nie, nie b\u0119d\u0119 w San Francisco,to nie to miejsce i czas,Jutro dla mnie to ju\u017c przysz\u0142o\u015b\u0107,inna kreacja i twarz. Schn\u0105 na szybie \u015blady \u0142ezpora ju\u017c dogra\u0107 ten akt,kto z nas kiedy\u015b patrz\u0105c wsteczwspomni [&hellip;]<\/p>\n","protected":false},"author":1,"featured_media":0,"parent":0,"menu_order":0,"comment_status":"closed","ping_status":"closed","template":"","meta":{"footnotes":""},"class_list":["post-42","page","type-page","status-publish","hentry"],"_links":{"self":[{"href":"https:\/\/0-zz.com\/03\/wp-json\/wp\/v2\/pages\/42","targetHints":{"allow":["GET"]}}],"collection":[{"href":"https:\/\/0-zz.com\/03\/wp-json\/wp\/v2\/pages"}],"about":[{"href":"https:\/\/0-zz.com\/03\/wp-json\/wp\/v2\/types\/page"}],"author":[{"embeddable":true,"href":"https:\/\/0-zz.com\/03\/wp-json\/wp\/v2\/users\/1"}],"replies":[{"embeddable":true,"href":"https:\/\/0-zz.com\/03\/wp-json\/wp\/v2\/comments?post=42"}],"version-history":[{"count":3,"href":"https:\/\/0-zz.com\/03\/wp-json\/wp\/v2\/pages\/42\/revisions"}],"predecessor-version":[{"id":147,"href":"https:\/\/0-zz.com\/03\/wp-json\/wp\/v2\/pages\/42\/revisions\/147"}],"wp:attachment":[{"href":"https:\/\/0-zz.com\/03\/wp-json\/wp\/v2\/media?parent=42"}],"curies":[{"name":"wp","href":"https:\/\/api.w.org\/{rel}","templated":true}]}}