{"id":38,"date":"2022-02-20T23:11:35","date_gmt":"2022-02-21T11:11:35","guid":{"rendered":"https:\/\/0-zz.com\/03\/?page_id=38"},"modified":"2022-04-28T03:41:26","modified_gmt":"2022-04-28T15:41:26","slug":"9-2","status":"publish","type":"page","link":"https:\/\/0-zz.com\/03\/9-2\/","title":{"rendered":"9"},"content":{"rendered":"\n<h2 class=\"wp-block-heading\" id=\"9-03-9-039\">9 &#8211; 03\/9 &#8211; 039<\/h2>\n\n\n\n<figure class=\"wp-block-embed is-type-video is-provider-youtube wp-block-embed-youtube wp-embed-aspect-16-9 wp-has-aspect-ratio\"><div class=\"wp-block-embed__wrapper\">\n<iframe loading=\"lazy\" title=\"Halina Fr\u0105ckowiak - Tin Pan Alley [Official Audio]\" width=\"580\" height=\"326\" src=\"https:\/\/www.youtube.com\/embed\/caZUuC9c1Xw?feature=oembed\" frameborder=\"0\" allow=\"accelerometer; autoplay; clipboard-write; encrypted-media; gyroscope; picture-in-picture; web-share\" referrerpolicy=\"strict-origin-when-cross-origin\" allowfullscreen><\/iframe>\n<\/div><\/figure>\n\n\n\n<h2 class=\"wp-block-heading\" id=\"halina-frackowiak-tin-pan-alley-official-audio\">Halina Fr\u0105ckowiak &#8211; Tin Pan Alley [Official Audio]<\/h2>\n\n\n\n<p>316K views&nbsp;\u00b7&nbsp;2 years ago<\/p>\n\n\n\n<h2 class=\"wp-block-heading\" id=\"polskie-nagrania\">Polskie Nagrania<\/h2>\n\n\n\n<p>SUBSCRIBED 108K subscribers<\/p>\n\n\n\n<p><a href=\"https:\/\/m.youtube.com\/channel\/UCeAFhL7tQmtLp9zk7uQpNoQ\">https:\/\/m.youtube.com\/channel\/UCeAFhL7tQmtLp9zk7uQpNoQ<\/a><\/p>\n\n\n\n<p>Zabior\u0119 ciebie kiedy\u015b w\u0142a\u015bnie tam,<br>samolot mi\u0119kko zejdzie w d\u00f3\u0142<br>i miasto jak muzyczny super &#8211; sam<br>zbudzi sze\u015b\u0107 \u015bpi\u0105cych strun.<\/p>\n\n\n\n<p>Taks\u00f3wk\u0105 \u017c\u00f3\u0142t\u0105 tak jak China Town,<br>ruszymy t\u0142umi\u0105c po\u017car serc<br>w muzyk\u0119, kt\u00f3ra nie zna prawd i k\u0142amstw,<br>ale jest, ci\u0105gle jest.<\/p>\n\n\n\n<p>Nie wszyscy wielcy ju\u017c przestali gra\u0107,<br>cho\u0107 powia\u0142 wiatr pogod\u0105 dla bogaczy,<br>z\u0142e czarne fortepiany nie chc\u0105 spa\u0107,<br>\u017cyje w nich stary blues.<\/p>\n\n\n\n<p>Na Tin Pan Alley w sklepach dobre dni,<br>ulicznym grajkom zn\u00f3w si\u0119 tutaj p\u0142aci,<br>g\u0142o\u015bniki dudni\u0105 przez otwarte drzwi,<br>szybciej im bije puls.<\/p>\n\n\n\n<p>Nie wszyscy wielcy ju\u017c przestali gra\u0107<br>cho\u0107 powia\u0142 wiatr pogod\u0105 dla bogaczy,<br>z\u0142e czarne fortepiany nie chc\u0105 spa\u0107,<br>\u017cyje w nich stary blues.<\/p>\n\n\n\n<p>W witrynach nuty z pi\u0119\u0107dziesi\u0105tych lat,<br>ok\u0142adki lekko zdartych p\u0142yt,<br>muzyka, kt\u00f3r\u0105 zawsze kocha\u0142 \u015bwiat,<br>dobrych firm<br>znany szyld.<\/p>\n\n\n\n<p>Co z tego we\u017amiesz, to ju\u017c twoja rzecz<br>taks\u00f3wka wr\u00f3ci z piskiem k\u00f3\u0142<br>i zn\u00f3w lotnisko, lot 55,<br>jeszcze raz<br>patrzysz w d\u00f3\u0142.<\/p>\n\n\n\n<p>Nie wszyscy wielcy ju\u017c przestali gra\u0107,<br>cho\u0107 powia\u0142 wiatr pogod\u0105 dla bogaczy,<br>z\u0142e czarne fortepiany nie chc\u0105 spa\u0107,<br>\u017cyje w nich stary blues.<\/p>\n\n\n\n<p>Na Tin Pan Alley w sklepach dobre dni,<br>ulicznym grajkom zn\u00f3w si\u0119 tutaj p\u0142aci,<br>g\u0142o\u015bniki dudni\u0105 przez otwarte drzwi,<br>szybciej im bije puls.<\/p>\n\n\n\n<p>Nie wszyscy wielcy ju\u017c przestali gra\u0107,<br>cho\u0107 powia\u0142 wiatr pogod\u0105 dla bogaczy,<br>z\u0142e czarne fortepiany nie chc\u0105 spa\u0107,<br>\u017cyje w nich stary blues.<\/p>\n\n\n\n<p>Nie wszyscy wielcy ju\u017c przestali gra\u0107,<br>cho\u0107 powia\u0142 wiatr pogod\u0105 dla bogaczy,<br>z\u0142e czarne fortepiany nie chc\u0105 spa\u0107,<br>\u017cyje w nich stary blues.<\/p>\n\n\n\n<figure class=\"wp-block-table\"><table><tbody><tr><th>Autor tekstu:<\/th><td>Janusz Kondratowicz<\/td><\/tr><tr><th>Kompozytor:<\/th><td>Jaros\u0142aw Kukulski<\/td><\/tr><\/tbody><\/table><\/figure>\n\n\n\n<p><a href=\"https:\/\/www.tekstowo.pl\/piosenka,halina_frackowiak,tin_pan_alley.html\">https:\/\/www.tekstowo.pl\/piosenka,halina_frackowiak,tin_pan_alley.html<\/a><\/p>\n\n\n\n<hr class=\"wp-block-separator\"\/>\n\n\n\n<h4 class=\"wp-block-heading\">0-zz.com\/0 &#8211; 0-zz.com\/z :<\/h4>\n\n\n\n<p><small><strong><a href=\"http:\/\/0-zz.com\/0\">1\ufe0f\u20e31\ufe0f\u20e3-0<\/a> |<a href=\"http:\/\/0-zz.com\/1\">1\ufe0f\u20e32\ufe0f\u20e3-1<\/a> |<a href=\"http:\/\/0-zz.com\/2\">1\ufe0f\u20e33\ufe0f\u20e3-2<\/a> |<a href=\"http:\/\/0-zz.com\/3\">1\ufe0f\u20e34\ufe0f\u20e3-3<\/a> |<a href=\"http:\/\/0-zz.com\/4\">1\ufe0f\u20e35\ufe0f\u20e3-4<\/a> |<a href=\"http:\/\/0-zz.com\/5\">1\ufe0f\u20e36\ufe0f\u20e3-5<\/a> <\/strong><\/small><br><small> <strong><a href=\"http:\/\/0-zz.com\/6\">2\ufe0f\u20e31\ufe0f\u20e3-6<\/a> |<a href=\"http:\/\/0-zz.com\/7\">2\ufe0f\u20e32\ufe0f\u20e3-7<\/a> |<a href=\"http:\/\/0-zz.com\/8\">2\ufe0f\u20e33\ufe0f\u20e3-8<\/a> |<a href=\"http:\/\/0-zz.com\/9\">2\ufe0f\u20e34\ufe0f\u20e3-9<\/a> |<a href=\"http:\/\/0-zz.com\/a\">2\ufe0f\u20e35\ufe0f\u20e3-A<\/a> |<a href=\"http:\/\/0-zz.com\/b\">2\ufe0f\u20e36\ufe0f\u20e3-B<\/a><\/strong><\/small><br><small> <strong><a href=\"http:\/\/0-zz.com\/c\">3\ufe0f\u20e31\ufe0f\u20e3-C<\/a> |<a href=\"http:\/\/0-zz.com\/d\">3\ufe0f\u20e32\ufe0f\u20e3-D<\/a> |<a href=\"http:\/\/0-zz.com\/e\">3\ufe0f\u20e33\ufe0f\u20e3-E<\/a> |<a href=\"http:\/\/0-zz.com\/f\">3\ufe0f\u20e34\ufe0f\u20e3-F<\/a> |<a href=\"http:\/\/0-zz.com\/g\">3\ufe0f\u20e35\ufe0f\u20e3-G<\/a> |<a href=\"http:\/\/0-zz.com\/h\">3\ufe0f\u20e36\ufe0f\u20e3-H<\/a><\/strong><\/small><br><small> <strong><a href=\"http:\/\/0-zz.com\/i\">4\ufe0f\u20e31\ufe0f\u20e3-I<\/a> |<a href=\"http:\/\/0-zz.com\/j\">4\ufe0f\u20e32\ufe0f\u20e3-J<\/a> |<a href=\"http:\/\/0-zz.com\/k\">4\ufe0f\u20e33\ufe0f\u20e3-K<\/a> |<a href=\"http:\/\/0-zz.com\/l\">4\ufe0f\u20e34\ufe0f\u20e3-L<\/a> |<a href=\"http:\/\/0-zz.com\/m\">4\ufe0f\u20e35\ufe0f\u20e3-M<\/a> |<a href=\"http:\/\/0-zz.com\/n\">4\ufe0f\u20e36\ufe0f\u20e3-N<\/a><\/strong><\/small><br><small> <strong><a href=\"http:\/\/0-zz.com\/o\">5\ufe0f\u20e31\ufe0f\u20e3-O<\/a> |<a href=\"http:\/\/0-zz.com\/p\">5\ufe0f\u20e32\ufe0f\u20e3-P<\/a> |<a href=\"http:\/\/0-zz.com\/q\">5\ufe0f\u20e33\ufe0f\u20e3-Q<\/a> |<a href=\"http:\/\/0-zz.com\/r\">5\ufe0f\u20e34\ufe0f\u20e3-R<\/a> |<a href=\"http:\/\/0-zz.com\/s\">5\ufe0f\u20e35\ufe0f\u20e3-S<\/a> |<a href=\"http:\/\/0-zz.com\/t\">5\ufe0f\u20e36\ufe0f\u20e3-T<\/a><\/strong><\/small><br><small> <strong><a href=\"http:\/\/0-zz.com\/u\">6\ufe0f\u20e31\ufe0f\u20e3-U<\/a> |<a href=\"http:\/\/0-zz.com\/v\">6\ufe0f\u20e32\ufe0f\u20e3-V<\/a> |<a href=\"http:\/\/0-zz.com\/w\">6\ufe0f\u20e33\ufe0f\u20e3-W<\/a> |<a href=\"http:\/\/0-zz.com\/x\">6\ufe0f\u20e34\ufe0f\u20e3-X<\/a> |<a href=\"http:\/\/0-zz.com\/y\">6\ufe0f\u20e35\ufe0f\u20e3-Y<\/a> |<a href=\"http:\/\/0-zz.com\/z\">6\ufe0f\u20e36\ufe0f\u20e3-Z<\/a><\/strong><\/small><\/p>\n\n\n\n<p>Roll 2 dice ?? 1\ufe0f\u20e32\ufe0f\u20e33\ufe0f\u20e34\ufe0f\u20e35\ufe0f\u20e36\ufe0f\u20e3<\/p>\n\n\n\n<p><a href=\"https:\/\/www.random.org\/dice\/\">https:\/\/www.random.org\/dice\/<\/a><\/p>\n\n\n\n<p><a href=\"https:\/\/www.google.com\/search?q=dice+roller\">https:\/\/www.google.com\/search?q=dice+roller<\/a><\/p>\n\n\n\n<hr class=\"wp-block-separator\"\/>\n\n\n\n<p><a href=\"https:\/\/12r.pl\/ea\/\">12r.pl\/ea<\/a>&nbsp;-&gt;&nbsp;<a href=\"https:\/\/12r.uk\/ea\/\">12r.uk\/ea<\/a>&nbsp;-&gt;&nbsp;<a href=\"https:\/\/7hi7.com\/ea\/\">7hi7.com\/ea<\/a><\/p>\n\n\n\n<p>Wikipedia.org &#8211; Play game &#8211; portals, categories, states, cities, capital cities<\/p>\n","protected":false},"excerpt":{"rendered":"<p>9 &#8211; 03\/9 &#8211; 039 Halina Fr\u0105ckowiak &#8211; Tin Pan Alley [Official Audio] 316K views&nbsp;\u00b7&nbsp;2 years ago Polskie Nagrania SUBSCRIBED 108K subscribers https:\/\/m.youtube.com\/channel\/UCeAFhL7tQmtLp9zk7uQpNoQ Zabior\u0119 ciebie kiedy\u015b w\u0142a\u015bnie tam,samolot mi\u0119kko zejdzie w d\u00f3\u0142i miasto jak muzyczny super &#8211; samzbudzi sze\u015b\u0107 \u015bpi\u0105cych strun. Taks\u00f3wk\u0105 \u017c\u00f3\u0142t\u0105 tak jak China Town,ruszymy t\u0142umi\u0105c po\u017car sercw muzyk\u0119, kt\u00f3ra nie zna prawd [&hellip;]<\/p>\n","protected":false},"author":1,"featured_media":0,"parent":0,"menu_order":0,"comment_status":"closed","ping_status":"closed","template":"","meta":{"footnotes":""},"class_list":["post-38","page","type-page","status-publish","hentry"],"_links":{"self":[{"href":"https:\/\/0-zz.com\/03\/wp-json\/wp\/v2\/pages\/38","targetHints":{"allow":["GET"]}}],"collection":[{"href":"https:\/\/0-zz.com\/03\/wp-json\/wp\/v2\/pages"}],"about":[{"href":"https:\/\/0-zz.com\/03\/wp-json\/wp\/v2\/types\/page"}],"author":[{"embeddable":true,"href":"https:\/\/0-zz.com\/03\/wp-json\/wp\/v2\/users\/1"}],"replies":[{"embeddable":true,"href":"https:\/\/0-zz.com\/03\/wp-json\/wp\/v2\/comments?post=38"}],"version-history":[{"count":3,"href":"https:\/\/0-zz.com\/03\/wp-json\/wp\/v2\/pages\/38\/revisions"}],"predecessor-version":[{"id":145,"href":"https:\/\/0-zz.com\/03\/wp-json\/wp\/v2\/pages\/38\/revisions\/145"}],"wp:attachment":[{"href":"https:\/\/0-zz.com\/03\/wp-json\/wp\/v2\/media?parent=38"}],"curies":[{"name":"wp","href":"https:\/\/api.w.org\/{rel}","templated":true}]}}