{"id":36,"date":"2022-02-20T23:07:12","date_gmt":"2022-02-21T11:07:12","guid":{"rendered":"https:\/\/0-zz.com\/03\/?page_id=36"},"modified":"2022-04-28T03:40:34","modified_gmt":"2022-04-28T15:40:34","slug":"8-2","status":"publish","type":"page","link":"https:\/\/0-zz.com\/03\/8-2\/","title":{"rendered":"8"},"content":{"rendered":"\n<h2 class=\"wp-block-heading\" id=\"8-03-8-038\">8 &#8211; 03\/8 &#8211; 038<\/h2>\n\n\n\n<figure class=\"wp-block-embed is-type-video is-provider-youtube wp-block-embed-youtube wp-embed-aspect-16-9 wp-has-aspect-ratio\"><div class=\"wp-block-embed__wrapper\">\n<iframe loading=\"lazy\" title=\"Helena Majdaniec - Rudy rydz [Official Audio]\" width=\"580\" height=\"326\" src=\"https:\/\/www.youtube.com\/embed\/th1Sgf_nkoY?feature=oembed\" frameborder=\"0\" allow=\"accelerometer; autoplay; clipboard-write; encrypted-media; gyroscope; picture-in-picture; web-share\" referrerpolicy=\"strict-origin-when-cross-origin\" allowfullscreen><\/iframe>\n<\/div><\/figure>\n\n\n\n<h2 class=\"wp-block-heading\" id=\"helena-majdaniec-rudy-rydz-official-audio\">Helena Majdaniec &#8211; Rudy rydz [Official Audio]<\/h2>\n\n\n\n<p>355K views&nbsp;\u00b7&nbsp;2 years ago<\/p>\n\n\n\n<h2 class=\"wp-block-heading\" id=\"polskie-nagrania\">Polskie Nagrania<\/h2>\n\n\n\n<p>SUBSCRIBED 108K subscribers<\/p>\n\n\n\n<p><a href=\"https:\/\/m.youtube.com\/channel\/UCeAFhL7tQmtLp9zk7uQpNoQ\">https:\/\/m.youtube.com\/channel\/UCeAFhL7tQmtLp9zk7uQpNoQ<\/a><\/p>\n\n\n\n<p>By\u0142 sobie raz zielony las<br>A w lesie jakby nigdy nic<br>W zielonej pustce, na jednej n\u00f3\u017cce<br>Sta\u0142 sobie rudy rydz<\/p>\n\n\n\n<p>O, rudy, rudy, rudy, rudy rydz<br>Jaka pi\u0119kna sztuka!<br>Rudy, rudy, rudy rydz<br>A ja rydz\u00f3w szukam<br>O, rudy, rudy, rudy, rudy rydz<br>Mam na rydza smaczek<br>Rudy, rudy, rudy, rudy rydz<br>Lepszy ni\u017c ma\u015blaczek<\/p>\n\n\n\n<p>O, gdyby chcia\u0142 i gdyby tak<br>Zerwa\u0107 si\u0119 da\u0142, o Bo\u017ce!<br>Lecz na to rydz nie m\u00f3wi nic<br>Bo m\u00f3wi\u0107 wszak nie mo\u017ce<\/p>\n\n\n\n<p>O, rudy, rudy, rudy, rudy rydz<br>Tylko spuszcza oczy<br>Rudy, rudy, rudy, rudy rydz<br>Gniewa si\u0119 i boczy<br>O, rudy, rudy, rudy, rudy rydz<br>Boi si\u0119 no\u017cyka<br>Rudy, rudy, rudy rydz<br>Nie chce do koszyka<\/p>\n\n\n\n<p>Przez ca\u0142y czas zielony las<br>Co\u015b plecie z wiatrem trzy po trzy<br>I nawet nie wie, \u017ce gdzie\u015b pod drzewem<br>Samotny rydzyk \u015bpi<\/p>\n\n\n\n<p>O, rudy, rudy, rudy, rudy rydz<br>Jaka pi\u0119kna sztuka!<br>Rudy, rudy, rudy, rudy rydz<br>A ja rydz\u00f3w szukam<br>O, rudy, rudy, rudy, rudy rydz<br>Mam na rydza smaczek<br>Rudy, rudy, rudy rydz<br>Lepszy ni\u017c ma\u015blaczek<\/p>\n\n\n\n<p>O, gdyby chcia\u0142 i gdyby tak<br>Zerwa\u0107 si\u0119 da\u0142, o Bo\u017ce!<br>Lecz na to rydz nie m\u00f3wi nic<br>Bo m\u00f3wi\u0107 wszak nie mo\u017ce<\/p>\n\n\n\n<p>O, rudy, rudy, rudy, rudy rydz<br>Ju\u017c go nie uprosz\u0119<br>Rudy, rudy, rudy, rudy rydz<br>Chyba p\u00f3jd\u0119 z koszem<br>O, rudy, rudy, rudy, rudy rydz<br>Pr\u00f3\u017cne z nim pogwarki<br>No to, no to, no to nic<br>P\u00f3jd\u0119 na pieczarki!<\/p>\n\n\n\n<p>P\u00f3jd\u0119 na pieczarki!<br>P\u00f3jd\u0119 na pieczarki!<\/p>\n\n\n\n<figure class=\"wp-block-table\"><table><tbody><tr><th>Autor tekstu:<\/th><td>Adam Hosper (Jacek Boche\u0144ski)<\/td><\/tr><tr><th>Kompozytor:<\/th><td>Bogus\u0142aw Klimczuk<\/td><\/tr><\/tbody><\/table><\/figure>\n\n\n\n<p><a href=\"https:\/\/www.tekstowo.pl\/piosenka,helena_majdaniec,rudy_rydz.html\">https:\/\/www.tekstowo.pl\/piosenka,helena_majdaniec,rudy_rydz.html<\/a><\/p>\n\n\n\n<hr class=\"wp-block-separator\"\/>\n\n\n\n<h4 class=\"wp-block-heading\">0-zz.com\/0 &#8211; 0-zz.com\/z :<\/h4>\n\n\n\n<p><small><strong><a href=\"http:\/\/0-zz.com\/0\">1\ufe0f\u20e31\ufe0f\u20e3-0<\/a> |<a href=\"http:\/\/0-zz.com\/1\">1\ufe0f\u20e32\ufe0f\u20e3-1<\/a> |<a href=\"http:\/\/0-zz.com\/2\">1\ufe0f\u20e33\ufe0f\u20e3-2<\/a> |<a href=\"http:\/\/0-zz.com\/3\">1\ufe0f\u20e34\ufe0f\u20e3-3<\/a> |<a href=\"http:\/\/0-zz.com\/4\">1\ufe0f\u20e35\ufe0f\u20e3-4<\/a> |<a href=\"http:\/\/0-zz.com\/5\">1\ufe0f\u20e36\ufe0f\u20e3-5<\/a> <\/strong><\/small><br><small> <strong><a href=\"http:\/\/0-zz.com\/6\">2\ufe0f\u20e31\ufe0f\u20e3-6<\/a> |<a href=\"http:\/\/0-zz.com\/7\">2\ufe0f\u20e32\ufe0f\u20e3-7<\/a> |<a href=\"http:\/\/0-zz.com\/8\">2\ufe0f\u20e33\ufe0f\u20e3-8<\/a> |<a href=\"http:\/\/0-zz.com\/9\">2\ufe0f\u20e34\ufe0f\u20e3-9<\/a> |<a href=\"http:\/\/0-zz.com\/a\">2\ufe0f\u20e35\ufe0f\u20e3-A<\/a> |<a href=\"http:\/\/0-zz.com\/b\">2\ufe0f\u20e36\ufe0f\u20e3-B<\/a><\/strong><\/small><br><small> <strong><a href=\"http:\/\/0-zz.com\/c\">3\ufe0f\u20e31\ufe0f\u20e3-C<\/a> |<a href=\"http:\/\/0-zz.com\/d\">3\ufe0f\u20e32\ufe0f\u20e3-D<\/a> |<a href=\"http:\/\/0-zz.com\/e\">3\ufe0f\u20e33\ufe0f\u20e3-E<\/a> |<a href=\"http:\/\/0-zz.com\/f\">3\ufe0f\u20e34\ufe0f\u20e3-F<\/a> |<a href=\"http:\/\/0-zz.com\/g\">3\ufe0f\u20e35\ufe0f\u20e3-G<\/a> |<a href=\"http:\/\/0-zz.com\/h\">3\ufe0f\u20e36\ufe0f\u20e3-H<\/a><\/strong><\/small><br><small> <strong><a href=\"http:\/\/0-zz.com\/i\">4\ufe0f\u20e31\ufe0f\u20e3-I<\/a> |<a href=\"http:\/\/0-zz.com\/j\">4\ufe0f\u20e32\ufe0f\u20e3-J<\/a> |<a href=\"http:\/\/0-zz.com\/k\">4\ufe0f\u20e33\ufe0f\u20e3-K<\/a> |<a href=\"http:\/\/0-zz.com\/l\">4\ufe0f\u20e34\ufe0f\u20e3-L<\/a> |<a href=\"http:\/\/0-zz.com\/m\">4\ufe0f\u20e35\ufe0f\u20e3-M<\/a> |<a href=\"http:\/\/0-zz.com\/n\">4\ufe0f\u20e36\ufe0f\u20e3-N<\/a><\/strong><\/small><br><small> <strong><a href=\"http:\/\/0-zz.com\/o\">5\ufe0f\u20e31\ufe0f\u20e3-O<\/a> |<a href=\"http:\/\/0-zz.com\/p\">5\ufe0f\u20e32\ufe0f\u20e3-P<\/a> |<a href=\"http:\/\/0-zz.com\/q\">5\ufe0f\u20e33\ufe0f\u20e3-Q<\/a> |<a href=\"http:\/\/0-zz.com\/r\">5\ufe0f\u20e34\ufe0f\u20e3-R<\/a> |<a href=\"http:\/\/0-zz.com\/s\">5\ufe0f\u20e35\ufe0f\u20e3-S<\/a> |<a href=\"http:\/\/0-zz.com\/t\">5\ufe0f\u20e36\ufe0f\u20e3-T<\/a><\/strong><\/small><br><small> <strong><a href=\"http:\/\/0-zz.com\/u\">6\ufe0f\u20e31\ufe0f\u20e3-U<\/a> |<a href=\"http:\/\/0-zz.com\/v\">6\ufe0f\u20e32\ufe0f\u20e3-V<\/a> |<a href=\"http:\/\/0-zz.com\/w\">6\ufe0f\u20e33\ufe0f\u20e3-W<\/a> |<a href=\"http:\/\/0-zz.com\/x\">6\ufe0f\u20e34\ufe0f\u20e3-X<\/a> |<a href=\"http:\/\/0-zz.com\/y\">6\ufe0f\u20e35\ufe0f\u20e3-Y<\/a> |<a href=\"http:\/\/0-zz.com\/z\">6\ufe0f\u20e36\ufe0f\u20e3-Z<\/a><\/strong><\/small><\/p>\n\n\n\n<p>Roll 2 dice ?? 1\ufe0f\u20e32\ufe0f\u20e33\ufe0f\u20e34\ufe0f\u20e35\ufe0f\u20e36\ufe0f\u20e3<\/p>\n\n\n\n<p><a href=\"https:\/\/www.random.org\/dice\/\">https:\/\/www.random.org\/dice\/<\/a><\/p>\n\n\n\n<p><a href=\"https:\/\/www.google.com\/search?q=dice+roller\">https:\/\/www.google.com\/search?q=dice+roller<\/a><\/p>\n\n\n\n<hr class=\"wp-block-separator\"\/>\n\n\n\n<p><a href=\"https:\/\/12r.pl\/ea\/\">12r.pl\/ea<\/a>&nbsp;-&gt;&nbsp;<a href=\"https:\/\/12r.uk\/ea\/\">12r.uk\/ea<\/a>&nbsp;-&gt;&nbsp;<a href=\"https:\/\/7hi7.com\/ea\/\">7hi7.com\/ea<\/a><\/p>\n\n\n\n<p>Wikipedia.org &#8211; Play game &#8211; portals, categories, states, cities, capital cities<\/p>\n","protected":false},"excerpt":{"rendered":"<p>8 &#8211; 03\/8 &#8211; 038 Helena Majdaniec &#8211; Rudy rydz [Official Audio] 355K views&nbsp;\u00b7&nbsp;2 years ago Polskie Nagrania SUBSCRIBED 108K subscribers https:\/\/m.youtube.com\/channel\/UCeAFhL7tQmtLp9zk7uQpNoQ By\u0142 sobie raz zielony lasA w lesie jakby nigdy nicW zielonej pustce, na jednej n\u00f3\u017cceSta\u0142 sobie rudy rydz O, rudy, rudy, rudy, rudy rydzJaka pi\u0119kna sztuka!Rudy, rudy, rudy rydzA ja rydz\u00f3w szukamO, rudy, [&hellip;]<\/p>\n","protected":false},"author":1,"featured_media":0,"parent":0,"menu_order":0,"comment_status":"closed","ping_status":"closed","template":"","meta":{"footnotes":""},"class_list":["post-36","page","type-page","status-publish","hentry"],"_links":{"self":[{"href":"https:\/\/0-zz.com\/03\/wp-json\/wp\/v2\/pages\/36","targetHints":{"allow":["GET"]}}],"collection":[{"href":"https:\/\/0-zz.com\/03\/wp-json\/wp\/v2\/pages"}],"about":[{"href":"https:\/\/0-zz.com\/03\/wp-json\/wp\/v2\/types\/page"}],"author":[{"embeddable":true,"href":"https:\/\/0-zz.com\/03\/wp-json\/wp\/v2\/users\/1"}],"replies":[{"embeddable":true,"href":"https:\/\/0-zz.com\/03\/wp-json\/wp\/v2\/comments?post=36"}],"version-history":[{"count":3,"href":"https:\/\/0-zz.com\/03\/wp-json\/wp\/v2\/pages\/36\/revisions"}],"predecessor-version":[{"id":144,"href":"https:\/\/0-zz.com\/03\/wp-json\/wp\/v2\/pages\/36\/revisions\/144"}],"wp:attachment":[{"href":"https:\/\/0-zz.com\/03\/wp-json\/wp\/v2\/media?parent=36"}],"curies":[{"name":"wp","href":"https:\/\/api.w.org\/{rel}","templated":true}]}}