{"id":34,"date":"2022-02-20T23:02:48","date_gmt":"2022-02-21T11:02:48","guid":{"rendered":"https:\/\/0-zz.com\/03\/?page_id=34"},"modified":"2022-04-28T03:39:42","modified_gmt":"2022-04-28T15:39:42","slug":"7-2","status":"publish","type":"page","link":"https:\/\/0-zz.com\/03\/7-2\/","title":{"rendered":"7"},"content":{"rendered":"\n<h2 class=\"wp-block-heading\" id=\"7-03-7-037\">7 &#8211; 03\/7 &#8211; 037<\/h2>\n\n\n\n<figure class=\"wp-block-embed is-type-video is-provider-youtube wp-block-embed-youtube wp-embed-aspect-16-9 wp-has-aspect-ratio\"><div class=\"wp-block-embed__wrapper\">\n<iframe loading=\"lazy\" title=\"Marek Grechuta \/ Anawa - Korow\u00f3d [Official Audio]\" width=\"580\" height=\"326\" src=\"https:\/\/www.youtube.com\/embed\/vrZKEvEen0M?feature=oembed\" frameborder=\"0\" allow=\"accelerometer; autoplay; clipboard-write; encrypted-media; gyroscope; picture-in-picture; web-share\" referrerpolicy=\"strict-origin-when-cross-origin\" allowfullscreen><\/iframe>\n<\/div><\/figure>\n\n\n\n<h2 class=\"wp-block-heading\" id=\"marek-grechuta-anawa-korowod-official-audio\">Marek Grechuta \/ Anawa &#8211; Korow\u00f3d [Official Audio]<\/h2>\n\n\n\n<p>424K views&nbsp;\u00b7&nbsp;2 years ago<\/p>\n\n\n\n<h2 class=\"wp-block-heading\" id=\"polskie-nagrania\">Polskie Nagrania<\/h2>\n\n\n\n<p>SUBSCRIBED 108K subscribers<\/p>\n\n\n\n<p><a href=\"https:\/\/m.youtube.com\/channel\/UCeAFhL7tQmtLp9zk7uQpNoQ\">https:\/\/m.youtube.com\/channel\/UCeAFhL7tQmtLp9zk7uQpNoQ<\/a><\/p>\n\n\n\n<p>Kto pierwszy szed\u0142 przed siebie?<br>Kto pierwszy cel wyznaczy\u0142?<br>Kto pierwszy w nas rozpozna\u0142 \u2014<br>Kto wrog\u00f3w? Kto przyjaci\u00f3\u0142?<br>Kto pierwszy s\u0142aw\u0119 wszelk\u0105 i w\u0142o\u015bci swe mia\u0142 za nic?<br>A kto nie umia\u0142 zasn\u0105\u0107 nim nie wymy\u015bli\u0142 granic?<\/p>\n\n\n\n<p>Kto pierwszy w noc bezsenn\u0105 wymy\u015bli\u0142 wielk\u0105 armi\u0119?<br>Kto zosta\u0142 bohaterem? Kto \u017cy\u0142 i umar\u0142 marnie?<br>Kto pierwszy zosta\u0142 panem? Kto pierwszy zosta\u0142 s\u0142ug\u0105?<br>Kto musia\u0142 wstawa\u0107 wcze\u015bnie, a kto m\u00f3g\u0142 spa\u0107 za d\u0142ugo?<\/p>\n\n\n\n<p>Zapatrzeni w ta\u0144cu, zapatrzeni w siebie<br>Zapatrzeni w s\u0142o\u0144cu, zapatrzeni w niebie<br>Wci\u0105\u017c niepewni siebie, siebie niewiadomi<br>Pyta\u0107 wci\u0105\u017c b\u0119dziemy, pyta\u0107 po kryjomu<\/p>\n\n\n\n<p>Kto pierwszy szed\u0142 przed siebie?<br>Kto pierwszy cel wyznaczy\u0142?<br>Kto pierwszy w nas rozpozna\u0142 \u2014<br>Kto wrog\u00f3w? Kto przyjaci\u00f3\u0142?<br>Kto pierwszy s\u0142aw\u0119 wszelk\u0105 i w\u0142o\u015bci swe mia\u0142 za nic?<br>A kto nie umia\u0142 zasn\u0105\u0107 nim nie wymy\u015bli\u0142 granic?<\/p>\n\n\n\n<p>Kto pierwszy by\u0142 fakirem?<br>Kto pierwszy astrologiem?<br>Kto pierwszy zosta\u0142 kr\u00f3lem?<br>A kto chcia\u0142 zosta\u0107 bogiem?<br>Kto z gwiazdozbioru Vega patrz\u0105c na ziemi\u0119 zgadnie<br>Kto pierwszy by\u0142 cz\u0142owiekiem?<br>Kto b\u0119dzie nim ostatni?<\/p>\n\n\n\n<p>Zapatrzeni w ta\u0144cu, zapatrzeni w siebie<br>Zapatrzeni w s\u0142o\u0144cu, zpatrzeni w niebie<br>Wci\u0105\u017c niepewni siebie, siebie niewiadomi<br>Pyta\u0107 wci\u0105\u017c b\u0119dziemy, pyta\u0107 po kryjomu<\/p>\n\n\n\n<p>Kto pierwszy szed\u0142 przed siebie?<br>Kto pierwszy cel wyznaczy\u0142?<br>Kto pierwszy w nas rozpozna\u0142 \u2014<br>Kto wrog\u00f3w? Kto przyjaci\u00f3\u0142?<br>Kto pierwszy s\u0142aw\u0119 wszelk\u0105 i w\u0142o\u015bci swe mia\u0142 za nic?<br>A kto nie umia\u0142 zasn\u0105\u0107 nim nie wymy\u015bli\u0142 granic?<\/p>\n\n\n\n<p>Kto pierwszy w noc bezsenn\u0105 wymy\u015bli\u0142 wielk\u0105 armi\u0119?<br>Kto zosta\u0142 bohaterem? Kto \u017cy\u0142 i umar\u0142 marnie?<br>Kto pierwszy zosta\u0142 panem? Kto pierwszy zosta\u0142 s\u0142ug\u0105?<br>Kto musia\u0142 wstawa\u0107 wcze\u015bnie, a kto m\u00f3g\u0142 spa\u0107 za d\u0142ugo?<\/p>\n\n\n\n<p>Zapatrzeni w ta\u0144cu, zapatrzeni w siebie<br>Zapatrzeni w s\u0142o\u0144cu, zapatrzeni w niebie<br>Wci\u0105\u017c niepewni siebie, siebie niewiadomi<br>Pyta\u0107 wci\u0105\u017c b\u0119dziemy, pyta\u0107 po kryjomu<\/p>\n\n\n\n<p>Kto pierwszy szed\u0142 przed siebie?<br>Kto pierwszy cel wyznaczy\u0142?<br>Kto pierwszy w nas rozpozna\u0142 \u2014<br>Kto wrog\u00f3w? Kto przyjaci\u00f3\u0142?<br>Kto pierwszy s\u0142aw\u0119 wszelk\u0105 i w\u0142o\u015bci swe mia\u0142 za nic?<br>A kto nie umia\u0142 zasn\u0105\u0107 nim nie wymy\u015bli\u0142 granic?<\/p>\n\n\n\n<p>Kto pierwszy by\u0142 fakirem?<br>Kto pierwszy astrologiem?<br>Kto pierwszy zosta\u0142 kr\u00f3lem?<br>A kto chcia\u0142 zosta\u0107 bogiem?<br>Kto z gwiazdozbioru Vega patrz\u0105c na ziemi\u0119 zgadnie<br>Kto pierwszy by\u0142 cz\u0142owiekiem?<br>Kto b\u0119dzie nim ostatni?<\/p>\n\n\n\n<figure class=\"wp-block-table\"><table><tbody><tr><th>Autor tekstu:<\/th><td>Leszek Aleksander Moczulski<\/td><\/tr><tr><th>Kompozytor:<\/th><td>Marek Grechuta<\/td><\/tr><\/tbody><\/table><\/figure>\n\n\n\n<p><a href=\"https:\/\/www.tekstowo.pl\/piosenka,marek_grechuta,korowod.html\">https:\/\/www.tekstowo.pl\/piosenka,marek_grechuta,korowod.html<\/a><\/p>\n\n\n\n<hr class=\"wp-block-separator\"\/>\n\n\n\n<h4 class=\"wp-block-heading\">0-zz.com\/0 &#8211; 0-zz.com\/z :<\/h4>\n\n\n\n<p><small><strong><a href=\"http:\/\/0-zz.com\/0\">1\ufe0f\u20e31\ufe0f\u20e3-0<\/a> |<a href=\"http:\/\/0-zz.com\/1\">1\ufe0f\u20e32\ufe0f\u20e3-1<\/a> |<a href=\"http:\/\/0-zz.com\/2\">1\ufe0f\u20e33\ufe0f\u20e3-2<\/a> |<a href=\"http:\/\/0-zz.com\/3\">1\ufe0f\u20e34\ufe0f\u20e3-3<\/a> |<a href=\"http:\/\/0-zz.com\/4\">1\ufe0f\u20e35\ufe0f\u20e3-4<\/a> |<a href=\"http:\/\/0-zz.com\/5\">1\ufe0f\u20e36\ufe0f\u20e3-5<\/a> <\/strong><\/small><br><small> <strong><a href=\"http:\/\/0-zz.com\/6\">2\ufe0f\u20e31\ufe0f\u20e3-6<\/a> |<a href=\"http:\/\/0-zz.com\/7\">2\ufe0f\u20e32\ufe0f\u20e3-7<\/a> |<a href=\"http:\/\/0-zz.com\/8\">2\ufe0f\u20e33\ufe0f\u20e3-8<\/a> |<a href=\"http:\/\/0-zz.com\/9\">2\ufe0f\u20e34\ufe0f\u20e3-9<\/a> |<a href=\"http:\/\/0-zz.com\/a\">2\ufe0f\u20e35\ufe0f\u20e3-A<\/a> |<a href=\"http:\/\/0-zz.com\/b\">2\ufe0f\u20e36\ufe0f\u20e3-B<\/a><\/strong><\/small><br><small> <strong><a href=\"http:\/\/0-zz.com\/c\">3\ufe0f\u20e31\ufe0f\u20e3-C<\/a> |<a href=\"http:\/\/0-zz.com\/d\">3\ufe0f\u20e32\ufe0f\u20e3-D<\/a> |<a href=\"http:\/\/0-zz.com\/e\">3\ufe0f\u20e33\ufe0f\u20e3-E<\/a> |<a href=\"http:\/\/0-zz.com\/f\">3\ufe0f\u20e34\ufe0f\u20e3-F<\/a> |<a href=\"http:\/\/0-zz.com\/g\">3\ufe0f\u20e35\ufe0f\u20e3-G<\/a> |<a href=\"http:\/\/0-zz.com\/h\">3\ufe0f\u20e36\ufe0f\u20e3-H<\/a><\/strong><\/small><br><small> <strong><a href=\"http:\/\/0-zz.com\/i\">4\ufe0f\u20e31\ufe0f\u20e3-I<\/a> |<a href=\"http:\/\/0-zz.com\/j\">4\ufe0f\u20e32\ufe0f\u20e3-J<\/a> |<a href=\"http:\/\/0-zz.com\/k\">4\ufe0f\u20e33\ufe0f\u20e3-K<\/a> |<a href=\"http:\/\/0-zz.com\/l\">4\ufe0f\u20e34\ufe0f\u20e3-L<\/a> |<a href=\"http:\/\/0-zz.com\/m\">4\ufe0f\u20e35\ufe0f\u20e3-M<\/a> |<a href=\"http:\/\/0-zz.com\/n\">4\ufe0f\u20e36\ufe0f\u20e3-N<\/a><\/strong><\/small><br><small> <strong><a href=\"http:\/\/0-zz.com\/o\">5\ufe0f\u20e31\ufe0f\u20e3-O<\/a> |<a href=\"http:\/\/0-zz.com\/p\">5\ufe0f\u20e32\ufe0f\u20e3-P<\/a> |<a href=\"http:\/\/0-zz.com\/q\">5\ufe0f\u20e33\ufe0f\u20e3-Q<\/a> |<a href=\"http:\/\/0-zz.com\/r\">5\ufe0f\u20e34\ufe0f\u20e3-R<\/a> |<a href=\"http:\/\/0-zz.com\/s\">5\ufe0f\u20e35\ufe0f\u20e3-S<\/a> |<a href=\"http:\/\/0-zz.com\/t\">5\ufe0f\u20e36\ufe0f\u20e3-T<\/a><\/strong><\/small><br><small> <strong><a href=\"http:\/\/0-zz.com\/u\">6\ufe0f\u20e31\ufe0f\u20e3-U<\/a> |<a href=\"http:\/\/0-zz.com\/v\">6\ufe0f\u20e32\ufe0f\u20e3-V<\/a> |<a href=\"http:\/\/0-zz.com\/w\">6\ufe0f\u20e33\ufe0f\u20e3-W<\/a> |<a href=\"http:\/\/0-zz.com\/x\">6\ufe0f\u20e34\ufe0f\u20e3-X<\/a> |<a href=\"http:\/\/0-zz.com\/y\">6\ufe0f\u20e35\ufe0f\u20e3-Y<\/a> |<a href=\"http:\/\/0-zz.com\/z\">6\ufe0f\u20e36\ufe0f\u20e3-Z<\/a><\/strong><\/small><\/p>\n\n\n\n<p>Roll 2 dice ?? 1\ufe0f\u20e32\ufe0f\u20e33\ufe0f\u20e34\ufe0f\u20e35\ufe0f\u20e36\ufe0f\u20e3<\/p>\n\n\n\n<p><a href=\"https:\/\/www.random.org\/dice\/\">https:\/\/www.random.org\/dice\/<\/a><\/p>\n\n\n\n<p><a href=\"https:\/\/www.google.com\/search?q=dice+roller\">https:\/\/www.google.com\/search?q=dice+roller<\/a><\/p>\n\n\n\n<hr class=\"wp-block-separator\"\/>\n\n\n\n<p><a href=\"https:\/\/12r.pl\/ea\/\">12r.pl\/ea<\/a>&nbsp;-&gt;&nbsp;<a href=\"https:\/\/12r.uk\/ea\/\">12r.uk\/ea<\/a>&nbsp;-&gt;&nbsp;<a href=\"https:\/\/7hi7.com\/ea\/\">7hi7.com\/ea<\/a><\/p>\n\n\n\n<p>Wikipedia.org &#8211; Play game &#8211; portals, categories, states, cities, capital cities<\/p>\n","protected":false},"excerpt":{"rendered":"<p>7 &#8211; 03\/7 &#8211; 037 Marek Grechuta \/ Anawa &#8211; Korow\u00f3d [Official Audio] 424K views&nbsp;\u00b7&nbsp;2 years ago Polskie Nagrania SUBSCRIBED 108K subscribers https:\/\/m.youtube.com\/channel\/UCeAFhL7tQmtLp9zk7uQpNoQ Kto pierwszy szed\u0142 przed siebie?Kto pierwszy cel wyznaczy\u0142?Kto pierwszy w nas rozpozna\u0142 \u2014Kto wrog\u00f3w? Kto przyjaci\u00f3\u0142?Kto pierwszy s\u0142aw\u0119 wszelk\u0105 i w\u0142o\u015bci swe mia\u0142 za nic?A kto nie umia\u0142 zasn\u0105\u0107 nim nie wymy\u015bli\u0142 [&hellip;]<\/p>\n","protected":false},"author":1,"featured_media":0,"parent":0,"menu_order":0,"comment_status":"closed","ping_status":"closed","template":"","meta":{"footnotes":""},"class_list":["post-34","page","type-page","status-publish","hentry"],"_links":{"self":[{"href":"https:\/\/0-zz.com\/03\/wp-json\/wp\/v2\/pages\/34","targetHints":{"allow":["GET"]}}],"collection":[{"href":"https:\/\/0-zz.com\/03\/wp-json\/wp\/v2\/pages"}],"about":[{"href":"https:\/\/0-zz.com\/03\/wp-json\/wp\/v2\/types\/page"}],"author":[{"embeddable":true,"href":"https:\/\/0-zz.com\/03\/wp-json\/wp\/v2\/users\/1"}],"replies":[{"embeddable":true,"href":"https:\/\/0-zz.com\/03\/wp-json\/wp\/v2\/comments?post=34"}],"version-history":[{"count":3,"href":"https:\/\/0-zz.com\/03\/wp-json\/wp\/v2\/pages\/34\/revisions"}],"predecessor-version":[{"id":143,"href":"https:\/\/0-zz.com\/03\/wp-json\/wp\/v2\/pages\/34\/revisions\/143"}],"wp:attachment":[{"href":"https:\/\/0-zz.com\/03\/wp-json\/wp\/v2\/media?parent=34"}],"curies":[{"name":"wp","href":"https:\/\/api.w.org\/{rel}","templated":true}]}}