{"id":26,"date":"2022-02-20T22:44:27","date_gmt":"2022-02-21T10:44:27","guid":{"rendered":"https:\/\/0-zz.com\/03\/?page_id=26"},"modified":"2022-04-28T03:36:27","modified_gmt":"2022-04-28T15:36:27","slug":"4-2","status":"publish","type":"page","link":"https:\/\/0-zz.com\/03\/4-2\/","title":{"rendered":"4"},"content":{"rendered":"\n<h2 class=\"wp-block-heading\" id=\"4-03-4-034\">4 &#8211; 03\/4 &#8211; 034<\/h2>\n\n\n\n<figure class=\"wp-block-embed is-type-video is-provider-youtube wp-block-embed-youtube wp-embed-aspect-16-9 wp-has-aspect-ratio\"><div class=\"wp-block-embed__wrapper\">\n<iframe loading=\"lazy\" title=\"Marek Grechuta - Niepewno\u015b\u0107 [Official Audio]\" width=\"580\" height=\"326\" src=\"https:\/\/www.youtube.com\/embed\/VBDYT4wJAa4?feature=oembed\" frameborder=\"0\" allow=\"accelerometer; autoplay; clipboard-write; encrypted-media; gyroscope; picture-in-picture; web-share\" referrerpolicy=\"strict-origin-when-cross-origin\" allowfullscreen><\/iframe>\n<\/div><\/figure>\n\n\n\n<h2 class=\"wp-block-heading\" id=\"marek-grechuta-niepewnosc-official-audio\">Marek Grechuta &#8211; Niepewno\u015b\u0107 [Official Audio]<\/h2>\n\n\n\n<p>627K views&nbsp;\u00b7&nbsp;2 years ago<\/p>\n\n\n\n<h2 class=\"wp-block-heading\" id=\"polskie-nagrania\">Polskie Nagrania<\/h2>\n\n\n\n<p>SUBSCRIBED 108K subscribers<\/p>\n\n\n\n<p><a href=\"https:\/\/m.youtube.com\/channel\/UCeAFhL7tQmtLp9zk7uQpNoQ\">https:\/\/m.youtube.com\/channel\/UCeAFhL7tQmtLp9zk7uQpNoQ<\/a><\/p>\n\n\n\n<p>Gdy ci\u0119 nie widz\u0119, nie wzdycham, nie p\u0142acz\u0119,<br>Nie trac\u0119 zmys\u0142\u00f3w, kiedy ci\u0119 zobacz\u0119;<br>Jednak\u017ce gdy ci\u0119 d\u0142ugo nie ogl\u0105dam,<br>Czego\u015b mi braknie, kogo\u015b widzie\u0107 \u017c\u0105dam;<br>I t\u0119skni\u0105c sobie zadaj\u0119 pytanie:<br>Czy to jest przyja\u017a\u0144? czy to jest kochanie?<\/p>\n\n\n\n<p>Daba Daba&#8230;<\/p>\n\n\n\n<p>Cierpia\u0142em nieraz, nie my\u015bla\u0142em wcale,<br>Abym przed tob\u0105 szed\u0142 wylewa\u0107 \u017cale;<br>Id\u0105c bez celu, nie pilnuj\u0105c drogi,<br>Sam nie pojmuj\u0119, jak w twe zajd\u0119 progi;<br>I wchodz\u0105c sobie zadaj\u0119 pytanie;<br>Co mnie tu wiod\u0142o? przyja\u017a\u0144 czy kochanie<\/p>\n\n\n\n<p>Daba Daba&#8230;.<\/p>\n\n\n\n<p>Gdy z oczu znikniesz, nie mog\u0119 ni razu<br>W my\u015bli twojego odnowi\u0107 obrazu;<br>Jednak\u017ce nieraz czuj\u0119 mimo ch\u0119ci,<br>\u017be on jest zawsze blisko mej pami\u0119ci.<br>I znowu sobie zadaj\u0119 pytanie:<br>Czy to jest przyja\u017a\u0144? Czy to jest kochanie?<\/p>\n\n\n\n<p>Daba Daba&#8230;.<\/p>\n\n\n\n<p>Dla twego zdrowia \u017cycia bym nie sk\u0105pi\u0142,<br>Po tw\u0105 spokojno\u015b\u0107 do piekie\u0142 bym zst\u0105pi\u0142;<br>Cho\u0107 \u015bmia\u0142ej \u017c\u0105dzy nie ma w sercu mojem,<br>Bym by\u0142 dla ciebie zdrowiem i pokojem.<br>I znowu sobie powtarzam pytanie:<br>Czy to jest przyja\u017a\u0144? Czy to jest kochanie?<\/p>\n\n\n\n<p>Daba Daba&#8230;.<\/p>\n\n\n\n<figure class=\"wp-block-table\"><table><tbody><tr><th>Autor tekstu:<\/th><td>Adam Mickiewicz<\/td><\/tr><tr><th>Kompozytor:<\/th><td>Jan Kanty Pawlu\u015bkiewicz<\/td><\/tr><\/tbody><\/table><\/figure>\n\n\n\n<p><a href=\"https:\/\/www.tekstowo.pl\/piosenka,marek_grechuta,niepewnosc.html\">https:\/\/www.tekstowo.pl\/piosenka,marek_grechuta,niepewnosc.html<\/a><\/p>\n\n\n\n<hr class=\"wp-block-separator\"\/>\n\n\n\n<h4 class=\"wp-block-heading\">0-zz.com\/0 &#8211; 0-zz.com\/z :<\/h4>\n\n\n\n<p><small><strong><a href=\"http:\/\/0-zz.com\/0\">1\ufe0f\u20e31\ufe0f\u20e3-0<\/a> |<a href=\"http:\/\/0-zz.com\/1\">1\ufe0f\u20e32\ufe0f\u20e3-1<\/a> |<a href=\"http:\/\/0-zz.com\/2\">1\ufe0f\u20e33\ufe0f\u20e3-2<\/a> |<a href=\"http:\/\/0-zz.com\/3\">1\ufe0f\u20e34\ufe0f\u20e3-3<\/a> |<a href=\"http:\/\/0-zz.com\/4\">1\ufe0f\u20e35\ufe0f\u20e3-4<\/a> |<a href=\"http:\/\/0-zz.com\/5\">1\ufe0f\u20e36\ufe0f\u20e3-5<\/a> <\/strong><\/small><br><small> <strong><a href=\"http:\/\/0-zz.com\/6\">2\ufe0f\u20e31\ufe0f\u20e3-6<\/a> |<a href=\"http:\/\/0-zz.com\/7\">2\ufe0f\u20e32\ufe0f\u20e3-7<\/a> |<a href=\"http:\/\/0-zz.com\/8\">2\ufe0f\u20e33\ufe0f\u20e3-8<\/a> |<a href=\"http:\/\/0-zz.com\/9\">2\ufe0f\u20e34\ufe0f\u20e3-9<\/a> |<a href=\"http:\/\/0-zz.com\/a\">2\ufe0f\u20e35\ufe0f\u20e3-A<\/a> |<a href=\"http:\/\/0-zz.com\/b\">2\ufe0f\u20e36\ufe0f\u20e3-B<\/a><\/strong><\/small><br><small> <strong><a href=\"http:\/\/0-zz.com\/c\">3\ufe0f\u20e31\ufe0f\u20e3-C<\/a> |<a href=\"http:\/\/0-zz.com\/d\">3\ufe0f\u20e32\ufe0f\u20e3-D<\/a> |<a href=\"http:\/\/0-zz.com\/e\">3\ufe0f\u20e33\ufe0f\u20e3-E<\/a> |<a href=\"http:\/\/0-zz.com\/f\">3\ufe0f\u20e34\ufe0f\u20e3-F<\/a> |<a href=\"http:\/\/0-zz.com\/g\">3\ufe0f\u20e35\ufe0f\u20e3-G<\/a> |<a href=\"http:\/\/0-zz.com\/h\">3\ufe0f\u20e36\ufe0f\u20e3-H<\/a><\/strong><\/small><br><small> <strong><a href=\"http:\/\/0-zz.com\/i\">4\ufe0f\u20e31\ufe0f\u20e3-I<\/a> |<a href=\"http:\/\/0-zz.com\/j\">4\ufe0f\u20e32\ufe0f\u20e3-J<\/a> |<a href=\"http:\/\/0-zz.com\/k\">4\ufe0f\u20e33\ufe0f\u20e3-K<\/a> |<a href=\"http:\/\/0-zz.com\/l\">4\ufe0f\u20e34\ufe0f\u20e3-L<\/a> |<a href=\"http:\/\/0-zz.com\/m\">4\ufe0f\u20e35\ufe0f\u20e3-M<\/a> |<a href=\"http:\/\/0-zz.com\/n\">4\ufe0f\u20e36\ufe0f\u20e3-N<\/a><\/strong><\/small><br><small> <strong><a href=\"http:\/\/0-zz.com\/o\">5\ufe0f\u20e31\ufe0f\u20e3-O<\/a> |<a href=\"http:\/\/0-zz.com\/p\">5\ufe0f\u20e32\ufe0f\u20e3-P<\/a> |<a href=\"http:\/\/0-zz.com\/q\">5\ufe0f\u20e33\ufe0f\u20e3-Q<\/a> |<a href=\"http:\/\/0-zz.com\/r\">5\ufe0f\u20e34\ufe0f\u20e3-R<\/a> |<a href=\"http:\/\/0-zz.com\/s\">5\ufe0f\u20e35\ufe0f\u20e3-S<\/a> |<a href=\"http:\/\/0-zz.com\/t\">5\ufe0f\u20e36\ufe0f\u20e3-T<\/a><\/strong><\/small><br><small> <strong><a href=\"http:\/\/0-zz.com\/u\">6\ufe0f\u20e31\ufe0f\u20e3-U<\/a> |<a href=\"http:\/\/0-zz.com\/v\">6\ufe0f\u20e32\ufe0f\u20e3-V<\/a> |<a href=\"http:\/\/0-zz.com\/w\">6\ufe0f\u20e33\ufe0f\u20e3-W<\/a> |<a href=\"http:\/\/0-zz.com\/x\">6\ufe0f\u20e34\ufe0f\u20e3-X<\/a> |<a href=\"http:\/\/0-zz.com\/y\">6\ufe0f\u20e35\ufe0f\u20e3-Y<\/a> |<a href=\"http:\/\/0-zz.com\/z\">6\ufe0f\u20e36\ufe0f\u20e3-Z<\/a><\/strong><\/small><\/p>\n\n\n\n<p>Roll 2 dice ?? 1\ufe0f\u20e32\ufe0f\u20e33\ufe0f\u20e34\ufe0f\u20e35\ufe0f\u20e36\ufe0f\u20e3<\/p>\n\n\n\n<p><a href=\"https:\/\/www.random.org\/dice\/\">https:\/\/www.random.org\/dice\/<\/a><\/p>\n\n\n\n<p><a href=\"https:\/\/www.google.com\/search?q=dice+roller\">https:\/\/www.google.com\/search?q=dice+roller<\/a><\/p>\n\n\n\n<hr class=\"wp-block-separator\"\/>\n\n\n\n<p><a href=\"https:\/\/12r.pl\/ea\/\">12r.pl\/ea<\/a>&nbsp;-&gt;&nbsp;<a href=\"https:\/\/12r.uk\/ea\/\">12r.uk\/ea<\/a>&nbsp;-&gt;&nbsp;<a href=\"https:\/\/7hi7.com\/ea\/\">7hi7.com\/ea<\/a><\/p>\n\n\n\n<p>Wikipedia.org &#8211; Play game &#8211; portals, categories, states, cities, capital cities<\/p>\n","protected":false},"excerpt":{"rendered":"<p>4 &#8211; 03\/4 &#8211; 034 Marek Grechuta &#8211; Niepewno\u015b\u0107 [Official Audio] 627K views&nbsp;\u00b7&nbsp;2 years ago Polskie Nagrania SUBSCRIBED 108K subscribers https:\/\/m.youtube.com\/channel\/UCeAFhL7tQmtLp9zk7uQpNoQ Gdy ci\u0119 nie widz\u0119, nie wzdycham, nie p\u0142acz\u0119,Nie trac\u0119 zmys\u0142\u00f3w, kiedy ci\u0119 zobacz\u0119;Jednak\u017ce gdy ci\u0119 d\u0142ugo nie ogl\u0105dam,Czego\u015b mi braknie, kogo\u015b widzie\u0107 \u017c\u0105dam;I t\u0119skni\u0105c sobie zadaj\u0119 pytanie:Czy to jest przyja\u017a\u0144? czy to jest kochanie? [&hellip;]<\/p>\n","protected":false},"author":1,"featured_media":0,"parent":0,"menu_order":0,"comment_status":"closed","ping_status":"closed","template":"","meta":{"footnotes":""},"class_list":["post-26","page","type-page","status-publish","hentry"],"_links":{"self":[{"href":"https:\/\/0-zz.com\/03\/wp-json\/wp\/v2\/pages\/26","targetHints":{"allow":["GET"]}}],"collection":[{"href":"https:\/\/0-zz.com\/03\/wp-json\/wp\/v2\/pages"}],"about":[{"href":"https:\/\/0-zz.com\/03\/wp-json\/wp\/v2\/types\/page"}],"author":[{"embeddable":true,"href":"https:\/\/0-zz.com\/03\/wp-json\/wp\/v2\/users\/1"}],"replies":[{"embeddable":true,"href":"https:\/\/0-zz.com\/03\/wp-json\/wp\/v2\/comments?post=26"}],"version-history":[{"count":4,"href":"https:\/\/0-zz.com\/03\/wp-json\/wp\/v2\/pages\/26\/revisions"}],"predecessor-version":[{"id":140,"href":"https:\/\/0-zz.com\/03\/wp-json\/wp\/v2\/pages\/26\/revisions\/140"}],"wp:attachment":[{"href":"https:\/\/0-zz.com\/03\/wp-json\/wp\/v2\/media?parent=26"}],"curies":[{"name":"wp","href":"https:\/\/api.w.org\/{rel}","templated":true}]}}