{"id":96,"date":"2022-02-20T21:23:49","date_gmt":"2022-02-21T09:23:49","guid":{"rendered":"https:\/\/0-zz.com\/02\/?page_id=96"},"modified":"2022-04-28T03:22:56","modified_gmt":"2022-04-28T15:22:56","slug":"r","status":"publish","type":"page","link":"https:\/\/0-zz.com\/02\/r\/","title":{"rendered":"R"},"content":{"rendered":"\n<h2 class=\"wp-block-heading\" id=\"r-02-r-02r\">r &#8211; 02\/r &#8211; 02R<\/h2>\n\n\n\n<figure class=\"wp-block-embed is-type-video is-provider-youtube wp-block-embed-youtube wp-embed-aspect-16-9 wp-has-aspect-ratio\"><div class=\"wp-block-embed__wrapper\">\n<iframe loading=\"lazy\" title=\"Piotr Szczepanik - Goni\u0105c kormorany [Official Audio]\" width=\"580\" height=\"326\" src=\"https:\/\/www.youtube.com\/embed\/mDTCj3slFMM?feature=oembed\" frameborder=\"0\" allow=\"accelerometer; autoplay; clipboard-write; encrypted-media; gyroscope; picture-in-picture; web-share\" referrerpolicy=\"strict-origin-when-cross-origin\" allowfullscreen><\/iframe>\n<\/div><\/figure>\n\n\n\n<h2 class=\"wp-block-heading\" id=\"piotr-szczepanik-goniac-kormorany-official-audio\">Piotr Szczepanik &#8211; Goni\u0105c kormorany [Official Audio]<\/h2>\n\n\n\n<p>3.1M views&nbsp;\u00b7&nbsp;2 years ago<\/p>\n\n\n\n<h2 class=\"wp-block-heading\" id=\"polskie-nagrania\">Polskie Nagrania<\/h2>\n\n\n\n<p>SUBSCRIBED 108K subscribers<\/p>\n\n\n\n<p><a href=\"https:\/\/m.youtube.com\/channel\/UCeAFhL7tQmtLp9zk7uQpNoQ\">https:\/\/m.youtube.com\/channel\/UCeAFhL7tQmtLp9zk7uQpNoQ<\/a><\/p>\n\n\n\n<p>dzie\u0144 ga\u015bnie w szarej mgle<br>wiatr str\u0105ca krople z drzew<br>sznur kormoran\u00f3w w locie spl\u0105ta\u0142 si\u0119<br>po\u017cegna\u0142 ciep\u0142y dzie\u0144<br>ostatni dzie\u0144 w mazurskich stronach<\/p>\n\n\n\n<p>zmierzch z jezior \u017cagle zdj\u0105\u0142<br>mgie\u0142 porozpina\u0142 splot<br>szmer tataraku jeszcze dobieg\u0142 nas<br>ju\u017c wraca\u0107 czas<\/p>\n\n\n\n<p>noc si\u0119 przybra\u0142a w czer\u0144<br>to smutny lata zmierzch<br>ju\u017c kormorany odlecia\u0142y st\u0105d<br>poszuka\u0107 ciep\u0142ych stron<br>powr\u00f3c\u0105 z wiosn\u0105 nad jeziora<\/p>\n\n\n\n<p>nikt nas nie \u017cegna tu<br>dzi\u015b tak tu pusto ju\u017c<br>mg\u0142y tylko \u015bciga w\u015br\u00f3d sitowia wiatr<br>ju\u017c wraca\u0107 czas<br>mg\u0142y tylko \u015bciga w\u015br\u00f3d sitowia wiatr<br>ju\u017c wraca\u0107 czas<\/p>\n\n\n\n<figure class=\"wp-block-table\"><table><tbody><tr><th>Autor tekstu:<\/th><td>Andrzej Tylczy\u0144ski<\/td><\/tr><tr><th>Kompozytor:<\/th><td>Jerzy Woy-Wojciechowski<\/td><\/tr><\/tbody><\/table><\/figure>\n\n\n\n<p><a href=\"https:\/\/www.tekstowo.pl\/piosenka,piotr_szczepanik,goniac_kormorany.html\">https:\/\/www.tekstowo.pl\/piosenka,piotr_szczepanik,goniac_kormorany.html<\/a><\/p>\n\n\n\n<hr class=\"wp-block-separator\"\/>\n\n\n\n<h4 class=\"wp-block-heading\">0-zz.com\/0 &#8211; 0-zz.com\/z :<\/h4>\n\n\n\n<p><small><strong><a href=\"http:\/\/0-zz.com\/0\">1\ufe0f\u20e31\ufe0f\u20e3-0<\/a> |<a href=\"http:\/\/0-zz.com\/1\">1\ufe0f\u20e32\ufe0f\u20e3-1<\/a> |<a href=\"http:\/\/0-zz.com\/2\">1\ufe0f\u20e33\ufe0f\u20e3-2<\/a> |<a href=\"http:\/\/0-zz.com\/3\">1\ufe0f\u20e34\ufe0f\u20e3-3<\/a> |<a href=\"http:\/\/0-zz.com\/4\">1\ufe0f\u20e35\ufe0f\u20e3-4<\/a> |<a href=\"http:\/\/0-zz.com\/5\">1\ufe0f\u20e36\ufe0f\u20e3-5<\/a> <\/strong><\/small><br><small> <strong><a href=\"http:\/\/0-zz.com\/6\">2\ufe0f\u20e31\ufe0f\u20e3-6<\/a> |<a href=\"http:\/\/0-zz.com\/7\">2\ufe0f\u20e32\ufe0f\u20e3-7<\/a> |<a href=\"http:\/\/0-zz.com\/8\">2\ufe0f\u20e33\ufe0f\u20e3-8<\/a> |<a href=\"http:\/\/0-zz.com\/9\">2\ufe0f\u20e34\ufe0f\u20e3-9<\/a> |<a href=\"http:\/\/0-zz.com\/a\">2\ufe0f\u20e35\ufe0f\u20e3-A<\/a> |<a href=\"http:\/\/0-zz.com\/b\">2\ufe0f\u20e36\ufe0f\u20e3-B<\/a><\/strong><\/small><br><small> <strong><a href=\"http:\/\/0-zz.com\/c\">3\ufe0f\u20e31\ufe0f\u20e3-C<\/a> |<a href=\"http:\/\/0-zz.com\/d\">3\ufe0f\u20e32\ufe0f\u20e3-D<\/a> |<a href=\"http:\/\/0-zz.com\/e\">3\ufe0f\u20e33\ufe0f\u20e3-E<\/a> |<a href=\"http:\/\/0-zz.com\/f\">3\ufe0f\u20e34\ufe0f\u20e3-F<\/a> |<a href=\"http:\/\/0-zz.com\/g\">3\ufe0f\u20e35\ufe0f\u20e3-G<\/a> |<a href=\"http:\/\/0-zz.com\/h\">3\ufe0f\u20e36\ufe0f\u20e3-H<\/a><\/strong><\/small><br><small> <strong><a href=\"http:\/\/0-zz.com\/i\">4\ufe0f\u20e31\ufe0f\u20e3-I<\/a> |<a href=\"http:\/\/0-zz.com\/j\">4\ufe0f\u20e32\ufe0f\u20e3-J<\/a> |<a href=\"http:\/\/0-zz.com\/k\">4\ufe0f\u20e33\ufe0f\u20e3-K<\/a> |<a href=\"http:\/\/0-zz.com\/l\">4\ufe0f\u20e34\ufe0f\u20e3-L<\/a> |<a href=\"http:\/\/0-zz.com\/m\">4\ufe0f\u20e35\ufe0f\u20e3-M<\/a> |<a href=\"http:\/\/0-zz.com\/n\">4\ufe0f\u20e36\ufe0f\u20e3-N<\/a><\/strong><\/small><br><small> <strong><a href=\"http:\/\/0-zz.com\/o\">5\ufe0f\u20e31\ufe0f\u20e3-O<\/a> |<a href=\"http:\/\/0-zz.com\/p\">5\ufe0f\u20e32\ufe0f\u20e3-P<\/a> |<a href=\"http:\/\/0-zz.com\/q\">5\ufe0f\u20e33\ufe0f\u20e3-Q<\/a> |<a href=\"http:\/\/0-zz.com\/r\">5\ufe0f\u20e34\ufe0f\u20e3-R<\/a> |<a href=\"http:\/\/0-zz.com\/s\">5\ufe0f\u20e35\ufe0f\u20e3-S<\/a> |<a href=\"http:\/\/0-zz.com\/t\">5\ufe0f\u20e36\ufe0f\u20e3-T<\/a><\/strong><\/small><br><small> <strong><a href=\"http:\/\/0-zz.com\/u\">6\ufe0f\u20e31\ufe0f\u20e3-U<\/a> |<a href=\"http:\/\/0-zz.com\/v\">6\ufe0f\u20e32\ufe0f\u20e3-V<\/a> |<a href=\"http:\/\/0-zz.com\/w\">6\ufe0f\u20e33\ufe0f\u20e3-W<\/a> |<a href=\"http:\/\/0-zz.com\/x\">6\ufe0f\u20e34\ufe0f\u20e3-X<\/a> |<a href=\"http:\/\/0-zz.com\/y\">6\ufe0f\u20e35\ufe0f\u20e3-Y<\/a> |<a href=\"http:\/\/0-zz.com\/z\">6\ufe0f\u20e36\ufe0f\u20e3-Z<\/a><\/strong><\/small><\/p>\n\n\n\n<p>Roll 2 dice ?? 1\ufe0f\u20e32\ufe0f\u20e33\ufe0f\u20e34\ufe0f\u20e35\ufe0f\u20e36\ufe0f\u20e3<\/p>\n\n\n\n<p><a href=\"https:\/\/www.random.org\/dice\/\">https:\/\/www.random.org\/dice\/<\/a><\/p>\n\n\n\n<p><a href=\"https:\/\/www.google.com\/search?q=dice+roller\">https:\/\/www.google.com\/search?q=dice+roller<\/a><\/p>\n\n\n\n<hr class=\"wp-block-separator\"\/>\n\n\n\n<p><a href=\"https:\/\/12r.pl\/ea\/\">12r.pl\/ea<\/a>&nbsp;-&gt;&nbsp;<a href=\"https:\/\/12r.uk\/ea\/\">12r.uk\/ea<\/a>&nbsp;-&gt;&nbsp;<a href=\"https:\/\/7hi7.com\/ea\/\">7hi7.com\/ea<\/a><\/p>\n\n\n\n<p>Wikipedia.org &#8211; Play game &#8211; portals, categories, states, cities, capital cities<\/p>\n","protected":false},"excerpt":{"rendered":"<p>r &#8211; 02\/r &#8211; 02R Piotr Szczepanik &#8211; Goni\u0105c kormorany [Official Audio] 3.1M views&nbsp;\u00b7&nbsp;2 years ago Polskie Nagrania SUBSCRIBED 108K subscribers https:\/\/m.youtube.com\/channel\/UCeAFhL7tQmtLp9zk7uQpNoQ dzie\u0144 ga\u015bnie w szarej mglewiatr str\u0105ca krople z drzewsznur kormoran\u00f3w w locie spl\u0105ta\u0142 si\u0119po\u017cegna\u0142 ciep\u0142y dzie\u0144ostatni dzie\u0144 w mazurskich stronach zmierzch z jezior \u017cagle zdj\u0105\u0142mgie\u0142 porozpina\u0142 splotszmer tataraku jeszcze dobieg\u0142 nasju\u017c wraca\u0107 czas [&hellip;]<\/p>\n","protected":false},"author":1,"featured_media":0,"parent":0,"menu_order":0,"comment_status":"closed","ping_status":"closed","template":"","meta":{"footnotes":""},"class_list":["post-96","page","type-page","status-publish","hentry"],"_links":{"self":[{"href":"https:\/\/0-zz.com\/02\/wp-json\/wp\/v2\/pages\/96","targetHints":{"allow":["GET"]}}],"collection":[{"href":"https:\/\/0-zz.com\/02\/wp-json\/wp\/v2\/pages"}],"about":[{"href":"https:\/\/0-zz.com\/02\/wp-json\/wp\/v2\/types\/page"}],"author":[{"embeddable":true,"href":"https:\/\/0-zz.com\/02\/wp-json\/wp\/v2\/users\/1"}],"replies":[{"embeddable":true,"href":"https:\/\/0-zz.com\/02\/wp-json\/wp\/v2\/comments?post=96"}],"version-history":[{"count":3,"href":"https:\/\/0-zz.com\/02\/wp-json\/wp\/v2\/pages\/96\/revisions"}],"predecessor-version":[{"id":189,"href":"https:\/\/0-zz.com\/02\/wp-json\/wp\/v2\/pages\/96\/revisions\/189"}],"wp:attachment":[{"href":"https:\/\/0-zz.com\/02\/wp-json\/wp\/v2\/media?parent=96"}],"curies":[{"name":"wp","href":"https:\/\/api.w.org\/{rel}","templated":true}]}}