{"id":88,"date":"2022-02-20T21:11:41","date_gmt":"2022-02-21T09:11:41","guid":{"rendered":"https:\/\/0-zz.com\/02\/?page_id=88"},"modified":"2022-04-28T03:20:56","modified_gmt":"2022-04-28T15:20:56","slug":"p","status":"publish","type":"page","link":"https:\/\/0-zz.com\/02\/p\/","title":{"rendered":"P"},"content":{"rendered":"\n<h2 class=\"wp-block-heading\" id=\"p-02-p-02p\">p &#8211; 02\/p &#8211; 02P<\/h2>\n\n\n\n<figure class=\"wp-block-embed is-type-video is-provider-youtube wp-block-embed-youtube wp-embed-aspect-16-9 wp-has-aspect-ratio\"><div class=\"wp-block-embed__wrapper\">\n<iframe loading=\"lazy\" title=\"Czerwone Gitary - Ci\u0105gle pada [Official Audio]\" width=\"580\" height=\"326\" src=\"https:\/\/www.youtube.com\/embed\/r1CM68Z3z0A?feature=oembed\" frameborder=\"0\" allow=\"accelerometer; autoplay; clipboard-write; encrypted-media; gyroscope; picture-in-picture; web-share\" referrerpolicy=\"strict-origin-when-cross-origin\" allowfullscreen><\/iframe>\n<\/div><\/figure>\n\n\n\n<h2 class=\"wp-block-heading\" id=\"czerwone-gitary-ciagle-pada-official-audio\">Czerwone Gitary &#8211; Ci\u0105gle pada [Official Audio]<\/h2>\n\n\n\n<p>1.8M views&nbsp;\u00b7&nbsp;2 years ago<\/p>\n\n\n\n<p>Ci\u0105gle pada!<br>Asfalt ulic jest dzi\u015b \u015bliski jak brzuch ryby,<br>Mokre niebo si\u0119 opuszcza coraz ni\u017cej,<br>\u017beby przejrze\u0107 si\u0119 w marszczonej deszczem wodzie.<\/p>\n\n\n\n<p>A ja?<br>A ja chodz\u0119 desperacko i na przek\u00f3r wszystkim mokn\u0119,<br>Patrz\u0119 w niebo, chwytam w usta deszczu krople,<br>Patrz\u0105 na mnie rozp\u0142aszczone twarze w oknie, to nic!<\/p>\n\n\n\n<p>Ci\u0105gle pada!<br>Ludzie biegn\u0105, bo si\u0119 bardzo boj\u0105 deszczu,<br>Stoj\u0105 w bramie, ledwie si\u0119 w tej bramie mieszcz\u0105c,<br>Ludzie skacz\u0105 przez ka\u0142u\u017ce na swej drodze.<\/p>\n\n\n\n<p>A ja?<br>A ja chodz\u0119, nie przejmuj\u0105c si\u0119 ulew\u0105 ani spiesz\u0105c,<br>Czuj\u0105c, jak mi krople deszczu usta pieszcz\u0105,<br>Ze z\u0142o\u017conym parasolem id\u0119 pieszo, o tak!<\/p>\n\n\n\n<p>Ci\u0105gle pada!<br>Alejkami ju\u017c strumienie wody p\u0142yn\u0105,<br>Jaka\u015b para si\u0119 okry\u0142a peleryn\u0105,<br>Przygl\u0105daj\u0105c si\u0119, jak mokn\u0105 bzy w ogrodzie.<\/p>\n\n\n\n<p>A ja?<br>A ja chodz\u0119 w strugach wody, ale z czo\u0142em podniesionym,<br>\u017badna si\u0142a mnie nie zmusza i nie goni,<br>Id\u0119 niby zwiastun burzy z kwiatkiem w d\u0142oni, o tak!<\/p>\n\n\n\n<p>Ci\u0105gle pada!<br>Nagle ogniem otworzy\u0142y si\u0119 niebiosa,<br>Potem zacz\u0105\u0142 deszcz ulewny sie\u0107 z ukosa,<br>Li\u015bcie klonu si\u0119 zatrz\u0119s\u0142y w wielkiej trwodze.<\/p>\n\n\n\n<p>A ja?<br>A ja chodz\u0119 i niestraszna mi wichura ani ulewa,<br>Ani piorun, kt\u00f3ry trafi\u0142 obok drzewa,<br>S\u0142ucham wiatru, kt\u00f3ry wci\u0105\u017c inaczej \u015bpiewa.<\/p>\n\n\n\n<p>Ci\u0105gle pada!<br>Nagle ogniem otworzy\u0142y si\u0119 niebiosa,<br>Potem zacz\u0105\u0142 deszcz ulewny sia\u0107 z ukosa,<br>Li\u015bcie klonu si\u0119 zatrz\u0119s\u0142y w wielkiej trwodze.<\/p>\n\n\n\n<p>A ja?<br>A ja chodz\u0119 i niestraszna mi wichura ani ulewa,<br>Ani piorun, kt\u00f3ry trafi\u0142 obok drzewa,<br>S\u0142ucham wiatru, kt\u00f3ry wci\u0105\u017c inaczej \u015bpiewa.<\/p>\n\n\n\n<p>A ja?<br>A ja chodz\u0119 desperacko i na przek\u00f3r wszystkim mokn\u0119,<br>Patrz\u0119 w niebo, chwytam w usta deszczu krople,<br>Patrz\u0105 na mnie rozp\u0142aszczone twarze w oknie, to nic!<\/p>\n\n\n\n<figure class=\"wp-block-table\"><table><tbody><tr><th>Autor tekstu:<\/th><td>Krzysztof Dzikowski<\/td><\/tr><tr><th>Kompozytor:<\/th><td>Seweryn Krajewski<\/td><\/tr><\/tbody><\/table><\/figure>\n\n\n\n<p><a href=\"https:\/\/www.tekstowo.pl\/piosenka,czerwone_gitary,ciagle_pada.html\">https:\/\/www.tekstowo.pl\/piosenka,czerwone_gitary,ciagle_pada.html<\/a><\/p>\n\n\n\n<figure class=\"wp-block-embed is-type-video is-provider-youtube wp-block-embed-youtube wp-embed-aspect-16-9 wp-has-aspect-ratio\"><div class=\"wp-block-embed__wrapper\">\n<iframe loading=\"lazy\" title=\"Czerwone Gitary - P\u0142on\u0105 g\u00f3ry p\u0142on\u0105 lasy [Official Audio]\" width=\"580\" height=\"326\" src=\"https:\/\/www.youtube.com\/embed\/1WlgS-gYMcs?feature=oembed\" frameborder=\"0\" allow=\"accelerometer; autoplay; clipboard-write; encrypted-media; gyroscope; picture-in-picture; web-share\" referrerpolicy=\"strict-origin-when-cross-origin\" allowfullscreen><\/iframe>\n<\/div><\/figure>\n\n\n\n<h2 class=\"wp-block-heading\" id=\"czerwone-gitary-plona-gory-plona-lasy-official-audio\">Czerwone Gitary &#8211; P\u0142on\u0105 g\u00f3ry p\u0142on\u0105 lasy [Official Audio]<\/h2>\n\n\n\n<p>6.5M views&nbsp;\u00b7&nbsp;2 years ago<\/p>\n\n\n\n<h2 class=\"wp-block-heading\" id=\"polskie-nagrania\">Polskie Nagrania<\/h2>\n\n\n\n<p>SUBSCRIBED 108K subscribers<\/p>\n\n\n\n<p><a href=\"https:\/\/m.youtube.com\/channel\/UCeAFhL7tQmtLp9zk7uQpNoQ\">https:\/\/m.youtube.com\/channel\/UCeAFhL7tQmtLp9zk7uQpNoQ<\/a><\/p>\n\n\n\n<p>P\u0142on\u0105 g\u00f3ry, p\u0142on\u0105 lasy w przedwieczornej mgle,<br>Stromym zboczem dnia, s\u0142o\u0144ce toczy si\u0119.<br>P\u0142on\u0105 g\u00f3ry, p\u0142on\u0105 lasy, lecz nie dla mnie ju\u017c,<br>Brak mi list\u00f3w twych, ciep\u0142a twoich s\u0142\u00f3w.<\/p>\n\n\n\n<p>Rzu\u0107 mi\u0119dzy nas najszersz\u0105 z rzek,<br>Najg\u0142\u0119bszy nurt, najdalszy brzeg.<br>Rzu\u0107 mi\u0119dzy nas to, co w nas z\u0142e,<br>A ja i tak odnajd\u0119 ci\u0119.<\/p>\n\n\n\n<p>P\u0142on\u0105 g\u00f3ry, p\u0142on\u0105 lasy, nim je zgasi zmierzch<br>Znowu minie noc, znowu minie dzie\u0144.<br>P\u0142on\u0105 g\u00f3ry p\u0142on\u0105 lasy, lecz nie dla mnie ju\u017c,<br>Brak mi zwierze\u0144 twych, ciszy twego snu.<\/p>\n\n\n\n<p>Rzu\u0107 mi\u0119dzy nas najd\u0142u\u017cszy rok,<br>Najskrytszy \u017cal, najg\u0142upszy b\u0142\u0105d.<br>Rzu\u0107 mi\u0119dzy nas to, co w nas z\u0142e,<br>A ja i tak odnajd\u0119 ci\u0119.<br>La, la, la, la&#8230;<br>Aa, aa, aa, aa&#8230;<\/p>\n\n\n\n<figure class=\"wp-block-table\"><table><tbody><tr><th>Autor tekstu:<\/th><td>Janusz Kondratowicz<\/td><\/tr><tr><th>Kompozytor:<\/th><td>Seweryn Krajewski<\/td><\/tr><\/tbody><\/table><\/figure>\n\n\n\n<p><a href=\"https:\/\/www.tekstowo.pl\/piosenka,czerwone_gitary,plona_gory__plona_lasy.html\">https:\/\/www.tekstowo.pl\/piosenka,czerwone_gitary,plona_gory__plona_lasy.html<\/a><\/p>\n\n\n\n<hr class=\"wp-block-separator\"\/>\n\n\n\n<h4 class=\"wp-block-heading\">0-zz.com\/0 &#8211; 0-zz.com\/z :<\/h4>\n\n\n\n<p><small><strong><a href=\"http:\/\/0-zz.com\/0\">1\ufe0f\u20e31\ufe0f\u20e3-0<\/a> |<a href=\"http:\/\/0-zz.com\/1\">1\ufe0f\u20e32\ufe0f\u20e3-1<\/a> |<a href=\"http:\/\/0-zz.com\/2\">1\ufe0f\u20e33\ufe0f\u20e3-2<\/a> |<a href=\"http:\/\/0-zz.com\/3\">1\ufe0f\u20e34\ufe0f\u20e3-3<\/a> |<a href=\"http:\/\/0-zz.com\/4\">1\ufe0f\u20e35\ufe0f\u20e3-4<\/a> |<a href=\"http:\/\/0-zz.com\/5\">1\ufe0f\u20e36\ufe0f\u20e3-5<\/a> <\/strong><\/small><br><small> <strong><a href=\"http:\/\/0-zz.com\/6\">2\ufe0f\u20e31\ufe0f\u20e3-6<\/a> |<a href=\"http:\/\/0-zz.com\/7\">2\ufe0f\u20e32\ufe0f\u20e3-7<\/a> |<a href=\"http:\/\/0-zz.com\/8\">2\ufe0f\u20e33\ufe0f\u20e3-8<\/a> |<a href=\"http:\/\/0-zz.com\/9\">2\ufe0f\u20e34\ufe0f\u20e3-9<\/a> |<a href=\"http:\/\/0-zz.com\/a\">2\ufe0f\u20e35\ufe0f\u20e3-A<\/a> |<a href=\"http:\/\/0-zz.com\/b\">2\ufe0f\u20e36\ufe0f\u20e3-B<\/a><\/strong><\/small><br><small> <strong><a href=\"http:\/\/0-zz.com\/c\">3\ufe0f\u20e31\ufe0f\u20e3-C<\/a> |<a href=\"http:\/\/0-zz.com\/d\">3\ufe0f\u20e32\ufe0f\u20e3-D<\/a> |<a href=\"http:\/\/0-zz.com\/e\">3\ufe0f\u20e33\ufe0f\u20e3-E<\/a> |<a href=\"http:\/\/0-zz.com\/f\">3\ufe0f\u20e34\ufe0f\u20e3-F<\/a> |<a href=\"http:\/\/0-zz.com\/g\">3\ufe0f\u20e35\ufe0f\u20e3-G<\/a> |<a href=\"http:\/\/0-zz.com\/h\">3\ufe0f\u20e36\ufe0f\u20e3-H<\/a><\/strong><\/small><br><small> <strong><a href=\"http:\/\/0-zz.com\/i\">4\ufe0f\u20e31\ufe0f\u20e3-I<\/a> |<a href=\"http:\/\/0-zz.com\/j\">4\ufe0f\u20e32\ufe0f\u20e3-J<\/a> |<a href=\"http:\/\/0-zz.com\/k\">4\ufe0f\u20e33\ufe0f\u20e3-K<\/a> |<a href=\"http:\/\/0-zz.com\/l\">4\ufe0f\u20e34\ufe0f\u20e3-L<\/a> |<a href=\"http:\/\/0-zz.com\/m\">4\ufe0f\u20e35\ufe0f\u20e3-M<\/a> |<a href=\"http:\/\/0-zz.com\/n\">4\ufe0f\u20e36\ufe0f\u20e3-N<\/a><\/strong><\/small><br><small> <strong><a href=\"http:\/\/0-zz.com\/o\">5\ufe0f\u20e31\ufe0f\u20e3-O<\/a> |<a href=\"http:\/\/0-zz.com\/p\">5\ufe0f\u20e32\ufe0f\u20e3-P<\/a> |<a href=\"http:\/\/0-zz.com\/q\">5\ufe0f\u20e33\ufe0f\u20e3-Q<\/a> |<a href=\"http:\/\/0-zz.com\/r\">5\ufe0f\u20e34\ufe0f\u20e3-R<\/a> |<a href=\"http:\/\/0-zz.com\/s\">5\ufe0f\u20e35\ufe0f\u20e3-S<\/a> |<a href=\"http:\/\/0-zz.com\/t\">5\ufe0f\u20e36\ufe0f\u20e3-T<\/a><\/strong><\/small><br><small> <strong><a href=\"http:\/\/0-zz.com\/u\">6\ufe0f\u20e31\ufe0f\u20e3-U<\/a> |<a href=\"http:\/\/0-zz.com\/v\">6\ufe0f\u20e32\ufe0f\u20e3-V<\/a> |<a href=\"http:\/\/0-zz.com\/w\">6\ufe0f\u20e33\ufe0f\u20e3-W<\/a> |<a href=\"http:\/\/0-zz.com\/x\">6\ufe0f\u20e34\ufe0f\u20e3-X<\/a> |<a href=\"http:\/\/0-zz.com\/y\">6\ufe0f\u20e35\ufe0f\u20e3-Y<\/a> |<a href=\"http:\/\/0-zz.com\/z\">6\ufe0f\u20e36\ufe0f\u20e3-Z<\/a><\/strong><\/small><\/p>\n\n\n\n<p>Roll 2 dice ?? 1\ufe0f\u20e32\ufe0f\u20e33\ufe0f\u20e34\ufe0f\u20e35\ufe0f\u20e36\ufe0f\u20e3<\/p>\n\n\n\n<p><a href=\"https:\/\/www.random.org\/dice\/\">https:\/\/www.random.org\/dice\/<\/a><\/p>\n\n\n\n<p><a href=\"https:\/\/www.google.com\/search?q=dice+roller\">https:\/\/www.google.com\/search?q=dice+roller<\/a><\/p>\n\n\n\n<hr class=\"wp-block-separator\"\/>\n\n\n\n<p><a href=\"https:\/\/12r.pl\/ea\/\">12r.pl\/ea<\/a>&nbsp;-&gt;&nbsp;<a href=\"https:\/\/12r.uk\/ea\/\">12r.uk\/ea<\/a>&nbsp;-&gt;&nbsp;<a href=\"https:\/\/7hi7.com\/ea\/\">7hi7.com\/ea<\/a><\/p>\n\n\n\n<p>Wikipedia.org &#8211; Play game &#8211; portals, categories, states, cities, capital cities<\/p>\n","protected":false},"excerpt":{"rendered":"<p>p &#8211; 02\/p &#8211; 02P Czerwone Gitary &#8211; Ci\u0105gle pada [Official Audio] 1.8M views&nbsp;\u00b7&nbsp;2 years ago Ci\u0105gle pada!Asfalt ulic jest dzi\u015b \u015bliski jak brzuch ryby,Mokre niebo si\u0119 opuszcza coraz ni\u017cej,\u017beby przejrze\u0107 si\u0119 w marszczonej deszczem wodzie. A ja?A ja chodz\u0119 desperacko i na przek\u00f3r wszystkim mokn\u0119,Patrz\u0119 w niebo, chwytam w usta deszczu krople,Patrz\u0105 na mnie [&hellip;]<\/p>\n","protected":false},"author":1,"featured_media":0,"parent":0,"menu_order":0,"comment_status":"closed","ping_status":"closed","template":"","meta":{"footnotes":""},"class_list":["post-88","page","type-page","status-publish","hentry"],"_links":{"self":[{"href":"https:\/\/0-zz.com\/02\/wp-json\/wp\/v2\/pages\/88","targetHints":{"allow":["GET"]}}],"collection":[{"href":"https:\/\/0-zz.com\/02\/wp-json\/wp\/v2\/pages"}],"about":[{"href":"https:\/\/0-zz.com\/02\/wp-json\/wp\/v2\/types\/page"}],"author":[{"embeddable":true,"href":"https:\/\/0-zz.com\/02\/wp-json\/wp\/v2\/users\/1"}],"replies":[{"embeddable":true,"href":"https:\/\/0-zz.com\/02\/wp-json\/wp\/v2\/comments?post=88"}],"version-history":[{"count":5,"href":"https:\/\/0-zz.com\/02\/wp-json\/wp\/v2\/pages\/88\/revisions"}],"predecessor-version":[{"id":187,"href":"https:\/\/0-zz.com\/02\/wp-json\/wp\/v2\/pages\/88\/revisions\/187"}],"wp:attachment":[{"href":"https:\/\/0-zz.com\/02\/wp-json\/wp\/v2\/media?parent=88"}],"curies":[{"name":"wp","href":"https:\/\/api.w.org\/{rel}","templated":true}]}}