{"id":78,"date":"2022-02-20T20:42:41","date_gmt":"2022-02-21T08:42:41","guid":{"rendered":"https:\/\/0-zz.com\/02\/?page_id=78"},"modified":"2022-04-28T03:15:32","modified_gmt":"2022-04-28T15:15:32","slug":"l","status":"publish","type":"page","link":"https:\/\/0-zz.com\/02\/l\/","title":{"rendered":"L"},"content":{"rendered":"\n<h2 class=\"wp-block-heading\" id=\"l-02-l-02l\">l &#8211; 02\/l &#8211; 02L<\/h2>\n\n\n\n<figure class=\"wp-block-embed is-type-video is-provider-youtube wp-block-embed-youtube wp-embed-aspect-16-9 wp-has-aspect-ratio\"><div class=\"wp-block-embed__wrapper\">\n<iframe loading=\"lazy\" title=\"Marek Grechuta - B\u0119dziesz moj\u0105 pani\u0105 [Official Audio]\" width=\"580\" height=\"326\" src=\"https:\/\/www.youtube.com\/embed\/XWgehPzY-rE?feature=oembed\" frameborder=\"0\" allow=\"accelerometer; autoplay; clipboard-write; encrypted-media; gyroscope; picture-in-picture; web-share\" referrerpolicy=\"strict-origin-when-cross-origin\" allowfullscreen><\/iframe>\n<\/div><\/figure>\n\n\n\n<h2 class=\"wp-block-heading\" id=\"marek-grechuta-bedziesz-moja-pania-official-audio\">Marek Grechuta &#8211; B\u0119dziesz moj\u0105 pani\u0105 [Official Audio]<\/h2>\n\n\n\n<p>1M views&nbsp;\u00b7&nbsp;2 years ago<\/p>\n\n\n\n<p>B\u0119dziesz zbiera\u0107 kwiaty,<br>B\u0119dziesz si\u0119 u\u015bmiecha\u0107,<br>B\u0119dziesz liczy\u0107 gwiazdy,<br>B\u0119dziesz na mnie czeka\u0107,<\/p>\n\n\n\n<p>I ty w\u0142a\u015bnie ty b\u0119dziesz moj\u0105 dam\u0105!<br>I ty tylko ty b\u0119dziesz moj\u0105 pani\u0105!<\/p>\n\n\n\n<p>B\u0119d\u0105 ci gra\u0142y skrzypce lipowe,<br>B\u0119d\u0105 \u015bpiewa\u0142y jarz\u0119binowe,<br>Drzewa, li\u015bcie, ptaki wszystkie&#8230;<\/p>\n\n\n\n<p>B\u0119d\u0119 z tob\u0105 ta\u0144czy\u0107,<br>Bajki opowiada\u0107,<br>S\u0142o\u0144ce z pomara\u0144czy,<br>W twoje d\u0142onie sk\u0142ada\u0107!<\/p>\n\n\n\n<p>I ty w\u0142a\u015bnie ty b\u0119dziesz moj\u0105 dam\u0105!<br>I ty tylko ty b\u0119dziesz moj\u0105 pani\u0105!<\/p>\n\n\n\n<p>B\u0119d\u0105 ci gra\u0142y noc\u0105 sierpniow\u0105,<br>Wiatry strojone barw\u0105 s\u0142o\u0144ca<br>B\u0119d\u0105 \u015bpiewa\u0142y, \u015bpiewa\u0142y bez ko\u0144ca!<\/p>\n\n\n\n<p>B\u0119dziesz mia\u0142a imi\u0119,<br>Jak wiosenna r\u00f3\u017ca,<br>B\u0119dziesz mia\u0142a mi\u0142o\u015b\u0107,<br>Jak jesienna burza!<\/p>\n\n\n\n<p>I ty w\u0142a\u015bnie ty b\u0119dziesz moj\u0105 dam\u0105!<br>I ty tylko ty b\u0119dziesz moj\u0105 pani\u0105!<\/p>\n\n\n\n<figure class=\"wp-block-table\"><table><tbody><tr><th>Autor tekstu:<\/th><td>Marek Grechuta<\/td><\/tr><tr><th>Kompozytor:<\/th><td>Marek Grechuta<\/td><\/tr><\/tbody><\/table><\/figure>\n\n\n\n<p><a href=\"https:\/\/www.tekstowo.pl\/piosenka,marek_grechuta,bedziesz_moja_pania_1.html\">https:\/\/www.tekstowo.pl\/piosenka,marek_grechuta,bedziesz_moja_pania_1.html<\/a><\/p>\n\n\n\n<figure class=\"wp-block-embed is-type-video is-provider-youtube wp-block-embed-youtube wp-embed-aspect-16-9 wp-has-aspect-ratio\"><div class=\"wp-block-embed__wrapper\">\n<iframe loading=\"lazy\" title=\"Marek Grechuta \/ Anawa - Wiosna - ach to ty [Official Audio]\" width=\"580\" height=\"326\" src=\"https:\/\/www.youtube.com\/embed\/3NQnnhlRWmc?feature=oembed\" frameborder=\"0\" allow=\"accelerometer; autoplay; clipboard-write; encrypted-media; gyroscope; picture-in-picture; web-share\" referrerpolicy=\"strict-origin-when-cross-origin\" allowfullscreen><\/iframe>\n<\/div><\/figure>\n\n\n\n<h2 class=\"wp-block-heading\" id=\"marek-grechuta-anawa-wiosna-ach-to-ty-official-audio\">Marek Grechuta \/ Anawa &#8211; Wiosna &#8211; ach to ty [Official Audio]<\/h2>\n\n\n\n<p>2.4M views&nbsp;\u00b7&nbsp;2 years ago<\/p>\n\n\n\n<h2 class=\"wp-block-heading\" id=\"polskie-nagrania\">Polskie Nagrania<\/h2>\n\n\n\n<p>SUBSCRIBED 108K subscribers<\/p>\n\n\n\n<p><a href=\"https:\/\/m.youtube.com\/channel\/UCeAFhL7tQmtLp9zk7uQpNoQ\">https:\/\/m.youtube.com\/channel\/UCeAFhL7tQmtLp9zk7uQpNoQ<\/a><\/p>\n\n\n\n<p>Dzisiaj rano niespodzianie zapuka\u0142a do mych drzwi<br>Wcze\u015bniej ni\u017c oczekiwa\u0142em przysz\u0142y te cieplejsze dni<br>Zdj\u0105\u0142em z niej zmokni\u0119te palto, posadzi\u0142em vis a vis<br>Zapachnia\u0142o, zaja\u015bnia\u0142o wiosna, ach to ty<br>Wiosna, wiosna, wiosna, ach to ty<\/p>\n\n\n\n<p>Wiosna, wiosna, wiosna, ach to ty<br>Wiosna, wiosna, wiosna, ach to ty<br>Wiosna, wiosna, wiosna, ach to ty<br>Wiosna, wiosna, wiosna, ach to ty<\/p>\n\n\n\n<p>Dni mija\u0142y coraz d\u0142u\u017csze, coraz cieplej by\u0142o u mnie<br>Coraz l\u017cejsze mia\u0142a suknie, lekko p\u0142yn\u0105\u0142 wiosny strumie\u0144<br>Wreszcie nocy raz czerwcowej zobaczy\u0142em j\u0105 jak \u015bpi<br>Bez niczego. Zrozumia\u0142em lato, ech\u017ce ty<br>Lato, lato, lato, ech\u017ce ty<\/p>\n\n\n\n<p>Lato, lato, lato, ech\u017ce ty<br>Lato, lato, lato, ech\u017ce ty<br>Lato, lato, lato, ech\u017ce ty<br>Lato, lato, lato, ech\u017ce ty<\/p>\n\n\n\n<p>Od gor\u0105ca twych promieni zap\u0142on\u0119\u0142y li\u015bcie drzew<br>Od zieleni do czerwieni kr\u0105\u017cy\u0142 lata senny lew<br>Ma\u0142a chmurka nad jej czo\u0142em, ma\u0142a \u0142ezka s\u0142ony smak<br>Pociemnia\u0142o, poszarza\u0142o-jesie\u0144 jak to tak<br>Jesie\u0144, jesie\u0144 &#8211; jak to tak<\/p>\n\n\n\n<p>Jesie\u0144, jesie\u0144, jesie\u0144 &#8211; jak to tak<br>Jesie\u0144, jesie\u0144, jesie\u0144 &#8211; jak to tak<br>Jesie\u0144, jesie\u0144, jesie\u0144 &#8211; jak to tak<br>Jesie\u0144, jesie\u0144, jesie\u0144 &#8211; jak to tak<\/p>\n\n\n\n<p>Bia\u0142e wiatry ju\u017c zawia\u0142y, wiosny, lata wszystkie znaki<br>Po niej tylko pozosta\u0142y przymarzni\u0119te dwa le\u017caki<br>Stoj\u0119 w oknie, wypatruj\u0119 nagle dzwonek u mych drzwi<br>Zima, zima wchod\u017a\u017ce szybciej, ogrzej si\u0119 na par\u0119 chwil<\/p>\n\n\n\n<p>Wiosna, wiosna, wiosna, ach to ty<br>Wiosna, wiosna, wiosna, ach to ty<br>Wiosna, wiosna, wiosna, ach to ty<br>Wiosna, wiosna, wiosna, ach to ty<\/p>\n\n\n\n<p>Lato, lato, lato, ech\u017ce ty<br>Wiosna, wiosna, wiosna, ech\u017ce ty<br>Lato, lato, lato, ech\u017ce ty<br>Wiosna, wiosna, wiosna, ech\u017ce ty<\/p>\n\n\n\n<p>Jesie\u0144, jesie\u0144, jesie\u0144 &#8211; jak to tak<br>Wiosna, wiosna, wiosna &#8211; jak to tak<br>Jesie\u0144, jesie\u0144, jesie\u0144 &#8211; jak to tak<br>Wiosna, wiosna, wiosna &#8211; jak to tak<\/p>\n\n\n\n<p>Wiosna, wiosna, wiosna, ach to ty<br>Wiosna, wiosna, wiosna, ach to ty<br>Wiosna, wiosna, wiosna, ach to ty<br>Wiosna, wiosna, wiosna, ach to ty<br>Wiosna, wiosna, wiosna, ach to ty<br>Wiosna, wiosna, wiosna, ach to ty &#8230;<\/p>\n\n\n\n<figure class=\"wp-block-table\"><table><tbody><tr><th>Autor tekstu:<\/th><td>Marek Grechuta<\/td><\/tr><tr><th>Kompozytor:<\/th><td>Marek Grechuta<\/td><\/tr><\/tbody><\/table><\/figure>\n\n\n\n<p><a href=\"https:\/\/www.tekstowo.pl\/piosenka,marek_grechuta,wiosna__ach_to_ty.html\">https:\/\/www.tekstowo.pl\/piosenka,marek_grechuta,wiosna__ach_to_ty.html<\/a><\/p>\n\n\n\n<hr class=\"wp-block-separator\"\/>\n\n\n\n<h4 class=\"wp-block-heading\">0-zz.com\/0 &#8211; 0-zz.com\/z :<\/h4>\n\n\n\n<p><small><strong><a href=\"http:\/\/0-zz.com\/0\">1\ufe0f\u20e31\ufe0f\u20e3-0<\/a> |<a href=\"http:\/\/0-zz.com\/1\">1\ufe0f\u20e32\ufe0f\u20e3-1<\/a> |<a href=\"http:\/\/0-zz.com\/2\">1\ufe0f\u20e33\ufe0f\u20e3-2<\/a> |<a href=\"http:\/\/0-zz.com\/3\">1\ufe0f\u20e34\ufe0f\u20e3-3<\/a> |<a href=\"http:\/\/0-zz.com\/4\">1\ufe0f\u20e35\ufe0f\u20e3-4<\/a> |<a href=\"http:\/\/0-zz.com\/5\">1\ufe0f\u20e36\ufe0f\u20e3-5<\/a> <\/strong><\/small><br><small> <strong><a href=\"http:\/\/0-zz.com\/6\">2\ufe0f\u20e31\ufe0f\u20e3-6<\/a> |<a href=\"http:\/\/0-zz.com\/7\">2\ufe0f\u20e32\ufe0f\u20e3-7<\/a> |<a href=\"http:\/\/0-zz.com\/8\">2\ufe0f\u20e33\ufe0f\u20e3-8<\/a> |<a href=\"http:\/\/0-zz.com\/9\">2\ufe0f\u20e34\ufe0f\u20e3-9<\/a> |<a href=\"http:\/\/0-zz.com\/a\">2\ufe0f\u20e35\ufe0f\u20e3-A<\/a> |<a href=\"http:\/\/0-zz.com\/b\">2\ufe0f\u20e36\ufe0f\u20e3-B<\/a><\/strong><\/small><br><small> <strong><a href=\"http:\/\/0-zz.com\/c\">3\ufe0f\u20e31\ufe0f\u20e3-C<\/a> |<a href=\"http:\/\/0-zz.com\/d\">3\ufe0f\u20e32\ufe0f\u20e3-D<\/a> |<a href=\"http:\/\/0-zz.com\/e\">3\ufe0f\u20e33\ufe0f\u20e3-E<\/a> |<a href=\"http:\/\/0-zz.com\/f\">3\ufe0f\u20e34\ufe0f\u20e3-F<\/a> |<a href=\"http:\/\/0-zz.com\/g\">3\ufe0f\u20e35\ufe0f\u20e3-G<\/a> |<a href=\"http:\/\/0-zz.com\/h\">3\ufe0f\u20e36\ufe0f\u20e3-H<\/a><\/strong><\/small><br><small> <strong><a href=\"http:\/\/0-zz.com\/i\">4\ufe0f\u20e31\ufe0f\u20e3-I<\/a> |<a href=\"http:\/\/0-zz.com\/j\">4\ufe0f\u20e32\ufe0f\u20e3-J<\/a> |<a href=\"http:\/\/0-zz.com\/k\">4\ufe0f\u20e33\ufe0f\u20e3-K<\/a> |<a href=\"http:\/\/0-zz.com\/l\">4\ufe0f\u20e34\ufe0f\u20e3-L<\/a> |<a href=\"http:\/\/0-zz.com\/m\">4\ufe0f\u20e35\ufe0f\u20e3-M<\/a> |<a href=\"http:\/\/0-zz.com\/n\">4\ufe0f\u20e36\ufe0f\u20e3-N<\/a><\/strong><\/small><br><small> <strong><a href=\"http:\/\/0-zz.com\/o\">5\ufe0f\u20e31\ufe0f\u20e3-O<\/a> |<a href=\"http:\/\/0-zz.com\/p\">5\ufe0f\u20e32\ufe0f\u20e3-P<\/a> |<a href=\"http:\/\/0-zz.com\/q\">5\ufe0f\u20e33\ufe0f\u20e3-Q<\/a> |<a href=\"http:\/\/0-zz.com\/r\">5\ufe0f\u20e34\ufe0f\u20e3-R<\/a> |<a href=\"http:\/\/0-zz.com\/s\">5\ufe0f\u20e35\ufe0f\u20e3-S<\/a> |<a href=\"http:\/\/0-zz.com\/t\">5\ufe0f\u20e36\ufe0f\u20e3-T<\/a><\/strong><\/small><br><small> <strong><a href=\"http:\/\/0-zz.com\/u\">6\ufe0f\u20e31\ufe0f\u20e3-U<\/a> |<a href=\"http:\/\/0-zz.com\/v\">6\ufe0f\u20e32\ufe0f\u20e3-V<\/a> |<a href=\"http:\/\/0-zz.com\/w\">6\ufe0f\u20e33\ufe0f\u20e3-W<\/a> |<a href=\"http:\/\/0-zz.com\/x\">6\ufe0f\u20e34\ufe0f\u20e3-X<\/a> |<a href=\"http:\/\/0-zz.com\/y\">6\ufe0f\u20e35\ufe0f\u20e3-Y<\/a> |<a href=\"http:\/\/0-zz.com\/z\">6\ufe0f\u20e36\ufe0f\u20e3-Z<\/a><\/strong><\/small><\/p>\n\n\n\n<p>Roll 2 dice ?? 1\ufe0f\u20e32\ufe0f\u20e33\ufe0f\u20e34\ufe0f\u20e35\ufe0f\u20e36\ufe0f\u20e3<\/p>\n\n\n\n<p><a href=\"https:\/\/www.random.org\/dice\/\">https:\/\/www.random.org\/dice\/<\/a><\/p>\n\n\n\n<p><a href=\"https:\/\/www.google.com\/search?q=dice+roller\">https:\/\/www.google.com\/search?q=dice+roller<\/a><\/p>\n\n\n\n<hr class=\"wp-block-separator\"\/>\n\n\n\n<p><a href=\"https:\/\/12r.pl\/ea\/\">12r.pl\/ea<\/a>&nbsp;-&gt;&nbsp;<a href=\"https:\/\/12r.uk\/ea\/\">12r.uk\/ea<\/a>&nbsp;-&gt;&nbsp;<a href=\"https:\/\/7hi7.com\/ea\/\">7hi7.com\/ea<\/a><\/p>\n\n\n\n<p>Wikipedia.org &#8211; Play game &#8211; portals, categories, states, cities, capital cities<\/p>\n","protected":false},"excerpt":{"rendered":"<p>l &#8211; 02\/l &#8211; 02L Marek Grechuta &#8211; B\u0119dziesz moj\u0105 pani\u0105 [Official Audio] 1M views&nbsp;\u00b7&nbsp;2 years ago B\u0119dziesz zbiera\u0107 kwiaty,B\u0119dziesz si\u0119 u\u015bmiecha\u0107,B\u0119dziesz liczy\u0107 gwiazdy,B\u0119dziesz na mnie czeka\u0107, I ty w\u0142a\u015bnie ty b\u0119dziesz moj\u0105 dam\u0105!I ty tylko ty b\u0119dziesz moj\u0105 pani\u0105! B\u0119d\u0105 ci gra\u0142y skrzypce lipowe,B\u0119d\u0105 \u015bpiewa\u0142y jarz\u0119binowe,Drzewa, li\u015bcie, ptaki wszystkie&#8230; B\u0119d\u0119 z tob\u0105 ta\u0144czy\u0107,Bajki opowiada\u0107,S\u0142o\u0144ce [&hellip;]<\/p>\n","protected":false},"author":1,"featured_media":0,"parent":0,"menu_order":0,"comment_status":"closed","ping_status":"closed","template":"","meta":{"footnotes":""},"class_list":["post-78","page","type-page","status-publish","hentry"],"_links":{"self":[{"href":"https:\/\/0-zz.com\/02\/wp-json\/wp\/v2\/pages\/78","targetHints":{"allow":["GET"]}}],"collection":[{"href":"https:\/\/0-zz.com\/02\/wp-json\/wp\/v2\/pages"}],"about":[{"href":"https:\/\/0-zz.com\/02\/wp-json\/wp\/v2\/types\/page"}],"author":[{"embeddable":true,"href":"https:\/\/0-zz.com\/02\/wp-json\/wp\/v2\/users\/1"}],"replies":[{"embeddable":true,"href":"https:\/\/0-zz.com\/02\/wp-json\/wp\/v2\/comments?post=78"}],"version-history":[{"count":4,"href":"https:\/\/0-zz.com\/02\/wp-json\/wp\/v2\/pages\/78\/revisions"}],"predecessor-version":[{"id":182,"href":"https:\/\/0-zz.com\/02\/wp-json\/wp\/v2\/pages\/78\/revisions\/182"}],"wp:attachment":[{"href":"https:\/\/0-zz.com\/02\/wp-json\/wp\/v2\/media?parent=78"}],"curies":[{"name":"wp","href":"https:\/\/api.w.org\/{rel}","templated":true}]}}