{"id":61,"date":"2022-02-20T04:07:56","date_gmt":"2022-02-20T16:07:56","guid":{"rendered":"https:\/\/0-zz.com\/02\/?page_id=61"},"modified":"2022-04-28T03:12:51","modified_gmt":"2022-04-28T15:12:51","slug":"j","status":"publish","type":"page","link":"https:\/\/0-zz.com\/02\/j\/","title":{"rendered":"J"},"content":{"rendered":"\n<h2 class=\"wp-block-heading\" id=\"j-02-j-02j\">j &#8211; 02\/j &#8211; 02J<\/h2>\n\n\n\n<figure class=\"wp-block-embed is-type-video is-provider-youtube wp-block-embed-youtube wp-embed-aspect-4-3 wp-has-aspect-ratio\"><div class=\"wp-block-embed__wrapper\">\n<iframe loading=\"lazy\" title=\"Perfect - Raz Po Raz (Strasza Nas) [Official Music Video]\" width=\"580\" height=\"435\" src=\"https:\/\/www.youtube.com\/embed\/eZKErNyPHyg?feature=oembed\" frameborder=\"0\" allow=\"accelerometer; autoplay; clipboard-write; encrypted-media; gyroscope; picture-in-picture; web-share\" referrerpolicy=\"strict-origin-when-cross-origin\" allowfullscreen><\/iframe>\n<\/div><\/figure>\n\n\n\n<h2 class=\"wp-block-heading\" id=\"perfect-raz-po-raz-strasza-nas-official-music-video\">Perfect &#8211; Raz Po Raz (Strasza Nas) [Official Music Video]<\/h2>\n\n\n\n<p>6.5M views&nbsp;\u00b7&nbsp;11 years ago<\/p>\n\n\n\n<h2 class=\"wp-block-heading\" id=\"perfect\">Perfect<\/h2>\n\n\n\n<p>SUBSCRIBED 13.3K subscribers<\/p>\n\n\n\n<p><a href=\"https:\/\/m.youtube.com\/channel\/UCUaRrYUIJWOEvJU539e_HwQ\">https:\/\/m.youtube.com\/channel\/UCUaRrYUIJWOEvJU539e_HwQ<\/a><\/p>\n\n\n\n<p>Ka\u017cde z nas swoje \u015bcie\u017cki ma<br>Wydeptane i sprawdzone od lat<br>Czasem my\u015bl mi nie daje spa\u0107<br>Kto chodzi bokiem<br>Kto chodzi bokiem<\/p>\n\n\n\n<p>Kiedy ja chc\u0119 zielonym by\u0107<br>Dom grza\u0107 s\u0142o\u0144cem i deszcz\u00f3wk\u0119 z chmur pi\u0107<br>Wtedy mnie dopada my\u015bl<br>Kto ma ochot\u0119<br>O \u015bwiat lepszy si\u0119 bi\u0107<\/p>\n\n\n\n<p>Raz po raz strasz\u0105 nas<br>M\u00f3wi\u0105 wprost \u017ce to fina\u0142<br>Rok mo\u017ce pi\u0119\u0107 komet deszcz i szlus<br>Chyba \u017ce t\u0119gi \u0142eb myli si\u0119<br>I kurtyna w d\u00f3\u0142 zamiast spa\u015b\u0107<br>W g\u00f3r\u0119 mknie<\/p>\n\n\n\n<p>Mo\u017ce ja jad\u0142em inny chleb<br>Mo\u017ce ksi\u0119gi czytywa\u0142em nie te<br>Patrz\u0119 w ekran i wci\u0105\u017c pytam si\u0119<br>Czy \u015bwiat na g\u0142owie<br>To jedyny nasz wk\u0142ad<\/p>\n\n\n\n<p>Raz po raz strasz\u0105 nas<br>\u017be nasz \u0142ad w\u0142a\u015bnie mija<br>Bo ca\u0142e z\u0142o krew i pot to my<br>Chyba mam lepszy wzrok niez\u0142y plan si\u0119 rozwija<br>Zn\u00f3w \u0142\u0105czy nas t\u0119czy most<\/p>\n\n\n\n<p>Gdy o tym my\u015bl\u0119 w g\u0142owie zam\u0119t mam<br>\u015amia\u0107 si\u0119 czy te\u017c w\u0142osy rwa\u0107<br>Muzyk\u0119 s\u0142ysz\u0119 cia\u0142o rusza w tan<br>I tak mog\u0119 wieki trwa\u0107<\/p>\n\n\n\n<p>Raz po raz strasz\u0105 nas<br>M\u00f3wi\u0105 wprost \u017ce to fina\u0142<br>Rok mo\u017ce pi\u0119\u0107 komet deszcz i szlus<br>Chyba \u017ce t\u0119gi \u0142eb myli si\u0119<br>I kurtyna w d\u00f3\u0142 zamiast spa\u015b\u0107<br>w g\u00f3r\u0119 mknie do gwiazd<\/p>\n\n\n\n<p>Raz po raz strasz\u0105 nas<br>\u017be nasz \u0142ad w\u0142a\u015bnie mija<br>Bo ca\u0142e z\u0142o krew i pot to my<br>Chyba mam lepszy wzrok niez\u0142y plan si\u0119 rozwija<br>Zn\u00f3w \u0142\u0105czy nas t\u0119czy most<\/p>\n\n\n\n<p>Ka\u017cdy z nas swoje \u015bcie\u017cki ma<br>Wydeptane i sprawdzone od lat<\/p>\n\n\n\n<figure class=\"wp-block-table\"><table><tbody><tr><th>Autor tekstu:<\/th><td>Bogdan Olewicz<\/td><\/tr><tr><th>Kompozytor:<\/th><td>Dariusz Kozakiewicz<\/td><\/tr><\/tbody><\/table><\/figure>\n\n\n\n<p><a href=\"https:\/\/www.tekstowo.pl\/piosenka,perfect,raz_po_raz.html\">https:\/\/www.tekstowo.pl\/piosenka,perfect,raz_po_raz.html<\/a><\/p>\n\n\n\n<hr class=\"wp-block-separator\"\/>\n\n\n\n<h4 class=\"wp-block-heading\">0-zz.com\/0 &#8211; 0-zz.com\/z :<\/h4>\n\n\n\n<p><small><strong><a href=\"http:\/\/0-zz.com\/0\">1\ufe0f\u20e31\ufe0f\u20e3-0<\/a> |<a href=\"http:\/\/0-zz.com\/1\">1\ufe0f\u20e32\ufe0f\u20e3-1<\/a> |<a href=\"http:\/\/0-zz.com\/2\">1\ufe0f\u20e33\ufe0f\u20e3-2<\/a> |<a href=\"http:\/\/0-zz.com\/3\">1\ufe0f\u20e34\ufe0f\u20e3-3<\/a> |<a href=\"http:\/\/0-zz.com\/4\">1\ufe0f\u20e35\ufe0f\u20e3-4<\/a> |<a href=\"http:\/\/0-zz.com\/5\">1\ufe0f\u20e36\ufe0f\u20e3-5<\/a> <\/strong><\/small><br><small> <strong><a href=\"http:\/\/0-zz.com\/6\">2\ufe0f\u20e31\ufe0f\u20e3-6<\/a> |<a href=\"http:\/\/0-zz.com\/7\">2\ufe0f\u20e32\ufe0f\u20e3-7<\/a> |<a href=\"http:\/\/0-zz.com\/8\">2\ufe0f\u20e33\ufe0f\u20e3-8<\/a> |<a href=\"http:\/\/0-zz.com\/9\">2\ufe0f\u20e34\ufe0f\u20e3-9<\/a> |<a href=\"http:\/\/0-zz.com\/a\">2\ufe0f\u20e35\ufe0f\u20e3-A<\/a> |<a href=\"http:\/\/0-zz.com\/b\">2\ufe0f\u20e36\ufe0f\u20e3-B<\/a><\/strong><\/small><br><small> <strong><a href=\"http:\/\/0-zz.com\/c\">3\ufe0f\u20e31\ufe0f\u20e3-C<\/a> |<a href=\"http:\/\/0-zz.com\/d\">3\ufe0f\u20e32\ufe0f\u20e3-D<\/a> |<a href=\"http:\/\/0-zz.com\/e\">3\ufe0f\u20e33\ufe0f\u20e3-E<\/a> |<a href=\"http:\/\/0-zz.com\/f\">3\ufe0f\u20e34\ufe0f\u20e3-F<\/a> |<a href=\"http:\/\/0-zz.com\/g\">3\ufe0f\u20e35\ufe0f\u20e3-G<\/a> |<a href=\"http:\/\/0-zz.com\/h\">3\ufe0f\u20e36\ufe0f\u20e3-H<\/a><\/strong><\/small><br><small> <strong><a href=\"http:\/\/0-zz.com\/i\">4\ufe0f\u20e31\ufe0f\u20e3-I<\/a> |<a href=\"http:\/\/0-zz.com\/j\">4\ufe0f\u20e32\ufe0f\u20e3-J<\/a> |<a href=\"http:\/\/0-zz.com\/k\">4\ufe0f\u20e33\ufe0f\u20e3-K<\/a> |<a href=\"http:\/\/0-zz.com\/l\">4\ufe0f\u20e34\ufe0f\u20e3-L<\/a> |<a href=\"http:\/\/0-zz.com\/m\">4\ufe0f\u20e35\ufe0f\u20e3-M<\/a> |<a href=\"http:\/\/0-zz.com\/n\">4\ufe0f\u20e36\ufe0f\u20e3-N<\/a><\/strong><\/small><br><small> <strong><a href=\"http:\/\/0-zz.com\/o\">5\ufe0f\u20e31\ufe0f\u20e3-O<\/a> |<a href=\"http:\/\/0-zz.com\/p\">5\ufe0f\u20e32\ufe0f\u20e3-P<\/a> |<a href=\"http:\/\/0-zz.com\/q\">5\ufe0f\u20e33\ufe0f\u20e3-Q<\/a> |<a href=\"http:\/\/0-zz.com\/r\">5\ufe0f\u20e34\ufe0f\u20e3-R<\/a> |<a href=\"http:\/\/0-zz.com\/s\">5\ufe0f\u20e35\ufe0f\u20e3-S<\/a> |<a href=\"http:\/\/0-zz.com\/t\">5\ufe0f\u20e36\ufe0f\u20e3-T<\/a><\/strong><\/small><br><small> <strong><a href=\"http:\/\/0-zz.com\/u\">6\ufe0f\u20e31\ufe0f\u20e3-U<\/a> |<a href=\"http:\/\/0-zz.com\/v\">6\ufe0f\u20e32\ufe0f\u20e3-V<\/a> |<a href=\"http:\/\/0-zz.com\/w\">6\ufe0f\u20e33\ufe0f\u20e3-W<\/a> |<a href=\"http:\/\/0-zz.com\/x\">6\ufe0f\u20e34\ufe0f\u20e3-X<\/a> |<a href=\"http:\/\/0-zz.com\/y\">6\ufe0f\u20e35\ufe0f\u20e3-Y<\/a> |<a href=\"http:\/\/0-zz.com\/z\">6\ufe0f\u20e36\ufe0f\u20e3-Z<\/a><\/strong><\/small><\/p>\n\n\n\n<p>Roll 2 dice ?? 1\ufe0f\u20e32\ufe0f\u20e33\ufe0f\u20e34\ufe0f\u20e35\ufe0f\u20e36\ufe0f\u20e3<\/p>\n\n\n\n<p><a href=\"https:\/\/www.random.org\/dice\/\">https:\/\/www.random.org\/dice\/<\/a><\/p>\n\n\n\n<p><a href=\"https:\/\/www.google.com\/search?q=dice+roller\">https:\/\/www.google.com\/search?q=dice+roller<\/a><\/p>\n\n\n\n<hr class=\"wp-block-separator\"\/>\n\n\n\n<p><a href=\"https:\/\/12r.pl\/ea\/\">12r.pl\/ea<\/a>&nbsp;-&gt;&nbsp;<a href=\"https:\/\/12r.uk\/ea\/\">12r.uk\/ea<\/a>&nbsp;-&gt;&nbsp;<a href=\"https:\/\/7hi7.com\/ea\/\">7hi7.com\/ea<\/a><\/p>\n\n\n\n<p>Wikipedia.org &#8211; Play game &#8211; portals, categories, states, cities, capital cities<\/p>\n","protected":false},"excerpt":{"rendered":"<p>j &#8211; 02\/j &#8211; 02J Perfect &#8211; Raz Po Raz (Strasza Nas) [Official Music Video] 6.5M views&nbsp;\u00b7&nbsp;11 years ago Perfect SUBSCRIBED 13.3K subscribers https:\/\/m.youtube.com\/channel\/UCUaRrYUIJWOEvJU539e_HwQ Ka\u017cde z nas swoje \u015bcie\u017cki maWydeptane i sprawdzone od latCzasem my\u015bl mi nie daje spa\u0107Kto chodzi bokiemKto chodzi bokiem Kiedy ja chc\u0119 zielonym by\u0107Dom grza\u0107 s\u0142o\u0144cem i deszcz\u00f3wk\u0119 z chmur pi\u0107Wtedy [&hellip;]<\/p>\n","protected":false},"author":1,"featured_media":0,"parent":0,"menu_order":0,"comment_status":"closed","ping_status":"closed","template":"","meta":{"footnotes":""},"class_list":["post-61","page","type-page","status-publish","hentry"],"_links":{"self":[{"href":"https:\/\/0-zz.com\/02\/wp-json\/wp\/v2\/pages\/61","targetHints":{"allow":["GET"]}}],"collection":[{"href":"https:\/\/0-zz.com\/02\/wp-json\/wp\/v2\/pages"}],"about":[{"href":"https:\/\/0-zz.com\/02\/wp-json\/wp\/v2\/types\/page"}],"author":[{"embeddable":true,"href":"https:\/\/0-zz.com\/02\/wp-json\/wp\/v2\/users\/1"}],"replies":[{"embeddable":true,"href":"https:\/\/0-zz.com\/02\/wp-json\/wp\/v2\/comments?post=61"}],"version-history":[{"count":4,"href":"https:\/\/0-zz.com\/02\/wp-json\/wp\/v2\/pages\/61\/revisions"}],"predecessor-version":[{"id":179,"href":"https:\/\/0-zz.com\/02\/wp-json\/wp\/v2\/pages\/61\/revisions\/179"}],"wp:attachment":[{"href":"https:\/\/0-zz.com\/02\/wp-json\/wp\/v2\/media?parent=61"}],"curies":[{"name":"wp","href":"https:\/\/api.w.org\/{rel}","templated":true}]}}