{"id":59,"date":"2022-02-20T04:06:16","date_gmt":"2022-02-20T16:06:16","guid":{"rendered":"https:\/\/0-zz.com\/02\/?page_id=59"},"modified":"2022-04-28T03:11:56","modified_gmt":"2022-04-28T15:11:56","slug":"i","status":"publish","type":"page","link":"https:\/\/0-zz.com\/02\/i\/","title":{"rendered":"I"},"content":{"rendered":"\n<h2 class=\"wp-block-heading\" id=\"i-02-i-02i\">i &#8211; 02\/i &#8211; 02I<\/h2>\n\n\n\n<figure class=\"wp-block-embed is-type-video is-provider-youtube wp-block-embed-youtube wp-embed-aspect-16-9 wp-has-aspect-ratio\"><div class=\"wp-block-embed__wrapper\">\n<iframe loading=\"lazy\" title=\"Video - Wszystko Jedno\" width=\"580\" height=\"326\" src=\"https:\/\/www.youtube.com\/embed\/OUaRbA1fYSg?feature=oembed\" frameborder=\"0\" allow=\"accelerometer; autoplay; clipboard-write; encrypted-media; gyroscope; picture-in-picture; web-share\" referrerpolicy=\"strict-origin-when-cross-origin\" allowfullscreen><\/iframe>\n<\/div><\/figure>\n\n\n\n<h2 class=\"wp-block-heading\" id=\"video-wszystko-jedno\">Video &#8211; Wszystko Jedno<\/h2>\n\n\n\n<p>18M views&nbsp;\u00b7&nbsp;6 years ago<\/p>\n\n\n\n<h2 class=\"wp-block-heading\" id=\"videoofficialvevo\">VideoOfficialVEVO<\/h2>\n\n\n\n<p>SUBSCRIBED 38.9K subscribers<\/p>\n\n\n\n<p><a href=\"https:\/\/m.youtube.com\/channel\/UCQH0_Ax9KZfsb3Z82mnnQ_Q\">https:\/\/m.youtube.com\/channel\/UCQH0_Ax9KZfsb3Z82mnnQ_Q<\/a><\/p>\n\n\n\n<p>1.<br>Chmury p\u0142yn\u0105, gdzie\u015b za oknem<br>Cho\u0107 na chwile, z\u0142apmy oddech<br>S\u0142o\u0144ce patrzy, w d\u00f3\u0142 zazdrosne<br>I wszystko jasne, i takie proste (proste), proste (proste&#8230;)<\/p>\n\n\n\n<p>Ref.:<br>Je\u015bli to ostatni w \u017cyciu dzie\u0144,<br>Je\u015bli jutra nie ma by\u0107 na pewno<br>Z ka\u017cdym \u0142ykiem \u017cal mi coraz mniej,<br>Jest mi doskonale wszystko jedno<br>Je\u015bli to ostatni w \u017cyciu dzie\u0144,<br>Je\u015bli jutra nie ma by\u0107 na pewno<br>Z ka\u017cdym \u0142ykiem \u017cal mi coraz mniej,<br>Wiem \u017ce dzisiaj ta\u0144czysz tylko ze mn\u0105<\/p>\n\n\n\n<p>2.<br>S\u0142owa milcz\u0105, jak najg\u0142o\u015bniej<br>W zimny wiecz\u00f3r, jak na wiosn\u0119<br>A Ty, przez ulic\u0119 zn\u00f3w, nie ostro\u017cnie (nie ostro\u017cnie&#8230;)<br>Biegniesz do mnie tu, do mnie (do mnie, do mnie, do mnie)<\/p>\n\n\n\n<p>Ref.:<br>Je\u015bli to ostatni w \u017cyciu dzie\u0144,<br>Je\u015bli jutra nie ma by\u0107 na pewno<br>Z ka\u017cdym \u0142ykiem \u017cal mi coraz mniej,<br>Jest mi doskonale wszystko jedno<br>Je\u015bli to ostatni w \u017cyciu dzie\u0144,<br>Je\u015bli jutra nie ma by\u0107 na pewno<br>Z ka\u017cdym \u0142ykiem \u017cal mi coraz mniej,<br>Wiem \u017ce dzisiaj ta\u0144czysz tylko ze mn\u0105<\/p>\n\n\n\n<p>Je\u015bli to ostatni w \u017cyciu dzie\u0144, (w \u017cyciu dzie\u0144)<br>Je\u015bli jutra nie ma by\u0107 na pewno<br>Z ka\u017cdym \u0142ykiem \u017cal mi coraz mniej, (coraz mniej)<br>Jest mi doskonale wszystko jedno<br>Je\u015bli to ostatni w \u017cyciu dzie\u0144, (w \u017cyciu dzie\u0144)<br>Je\u015bli jutra nie ma by\u0107 na pewno (nie ma by\u0107 na pewno)<br>Z ka\u017cdym \u0142ykiem \u017cal mi coraz mniej, (coraz mniej)<br>Wiem \u017ce dzisiaj ta\u0144czysz tylko ze mn\u0105<\/p>\n\n\n\n<figure class=\"wp-block-table\"><table><tbody><tr><th>Autor tekstu:<\/th><td>Wojciech \u0141uszczykiewicz<\/td><\/tr><tr><th>Kompozytor:<\/th><td>Marek Kisieli\u0144ski<\/td><\/tr><\/tbody><\/table><\/figure>\n\n\n\n<p><a href=\"https:\/\/www.tekstowo.pl\/piosenka,video,wszystko_jedno.html\">https:\/\/www.tekstowo.pl\/piosenka,video,wszystko_jedno.html<\/a><\/p>\n\n\n\n<figure class=\"wp-block-embed is-type-video is-provider-youtube wp-block-embed-youtube wp-embed-aspect-16-9 wp-has-aspect-ratio\"><div class=\"wp-block-embed__wrapper\">\n<iframe loading=\"lazy\" title=\"Video - Sroda Czwartek [Official Music Video]\" width=\"580\" height=\"326\" src=\"https:\/\/www.youtube.com\/embed\/FBhwK89YTSs?feature=oembed\" frameborder=\"0\" allow=\"accelerometer; autoplay; clipboard-write; encrypted-media; gyroscope; picture-in-picture; web-share\" referrerpolicy=\"strict-origin-when-cross-origin\" allowfullscreen><\/iframe>\n<\/div><\/figure>\n\n\n\n<h2 class=\"wp-block-heading\" id=\"video-sroda-czwartek-official-music-video\">Video &#8211; Sroda Czwartek [Official Music Video]<\/h2>\n\n\n\n<p>7.9M views&nbsp;\u00b7&nbsp;10 years ago<\/p>\n\n\n\n<p>1. \u015awiat\u0142o zga\u015b, zamknij drzwi, na pocz\u0105tek, na pocz\u0105tek<br>Lady Pank puszcz\u0119 ci, tylko nie z ostatnich p\u0142yt<br>Jedno z nas, b\u0119dzie dzi\u015b, nieprzytomne, nieprzytomne<br>Jutro nam, b\u0119dzie wstyd, teraz ta\u0144cz, nie m\u00f3w nic<\/p>\n\n\n\n<p>Ref.:I niech stanie w miejscu czas, nikt nie patrzy na mnie tak, jak ty<br>Niech si\u0119 kr\u0119ci ca\u0142y \u015bwiat, zawsze niech ju\u017c b\u0119dzie tak, jak dzi\u015b<\/p>\n\n\n\n<p>2. Stracisz czas, ze mn\u0105 dzi\u015b, i pieni\u0105dze, i pieni\u0105dze<br>\u017bycie trwa, to nie film, nie da si\u0119 przed ko\u0144cem wyj\u015b\u0107<br>Wi\u0119c zapalmy (zapalmy), i wpadnijmy (i wpadnijmy), w melancholi\u0119, w melancholi\u0119<br>Zr\u00f3bmy tak, \u017ceby nic, nie zapomnie\u0107 z tego i&#8230;<\/p>\n\n\n\n<p>Ref.:I niech stanie w miejscu czas, nikt nie patrzy na mnie tak, jak ty<br>Niech si\u0119 kr\u0119ci ca\u0142y \u015bwiat, zawsze niech ju\u017c b\u0119dzie tak, jak dzi\u015b<br>\u015aroda, Czwartek na, na, na&#8230;<br>I tak dalej na, na, na&#8230;<br>I niech stanie w miejscu czas, zawsze niech ju\u017c b\u0119dzie tak, jak dzi\u015b, jak dzi\u015b<br>Jak dzi\u015b&#8230; jak dzi\u015b<br>I niech stanie w miejscu czas, nikt nie patrzy na mnie tak (niech stanie w miejscu czas), jak ty<br>Niech si\u0119 kr\u0119ci ca\u0142y \u015bwiat, zawsze niech ju\u017c b\u0119dzie tak (niech si\u0119 kr\u0119ci ca\u0142y \u015bwiat), jak dzi\u015b<br>\u015aroda,Czwartek na, na, na&#8230;<br>I tak dalej na, na, na&#8230; (niech si\u0119 kr\u0119ci ca\u0142y \u015bwiat)<br>I niech stanie w miejscu czas, zawsze niech ju\u017c b\u0119dzie tak (niech stanie w miejscu czas), jak dzi\u015b, jak dzi\u015b<br>Dzi\u015b&#8230; (niech si\u0119 kr\u0119ci ca\u0142y \u015bwiat)<br>\u015aroda,Czwartek na, na, na&#8230; (niech stanie w miejscu czas)<br>I tak dalej na, na, na (niech si\u0119 kr\u0119ci ca\u0142y \u015bwiat)<br>I niech stanie w miejscu czas, zawsze niech ju\u017c b\u0119dzie tak, jak dzi\u015b<\/p>\n\n\n\n<figure class=\"wp-block-table\"><table><tbody><tr><th>Autor tekstu:<\/th><td>Wojciech \u0141uszczykiewicz<\/td><\/tr><tr><th>Kompozytor:<\/th><td>Video<\/td><\/tr><\/tbody><\/table><\/figure>\n\n\n\n<p><a href=\"https:\/\/www.tekstowo.pl\/piosenka,video,sroda_czwartek.html\">https:\/\/www.tekstowo.pl\/piosenka,video,sroda_czwartek.html<\/a><\/p>\n\n\n\n<hr class=\"wp-block-separator\"\/>\n\n\n\n<h4 class=\"wp-block-heading\">0-zz.com\/0 &#8211; 0-zz.com\/z :<\/h4>\n\n\n\n<p><small><strong><a href=\"http:\/\/0-zz.com\/0\">1\ufe0f\u20e31\ufe0f\u20e3-0<\/a> |<a href=\"http:\/\/0-zz.com\/1\">1\ufe0f\u20e32\ufe0f\u20e3-1<\/a> |<a href=\"http:\/\/0-zz.com\/2\">1\ufe0f\u20e33\ufe0f\u20e3-2<\/a> |<a href=\"http:\/\/0-zz.com\/3\">1\ufe0f\u20e34\ufe0f\u20e3-3<\/a> |<a href=\"http:\/\/0-zz.com\/4\">1\ufe0f\u20e35\ufe0f\u20e3-4<\/a> |<a href=\"http:\/\/0-zz.com\/5\">1\ufe0f\u20e36\ufe0f\u20e3-5<\/a> <\/strong><\/small><br><small> <strong><a href=\"http:\/\/0-zz.com\/6\">2\ufe0f\u20e31\ufe0f\u20e3-6<\/a> |<a href=\"http:\/\/0-zz.com\/7\">2\ufe0f\u20e32\ufe0f\u20e3-7<\/a> |<a href=\"http:\/\/0-zz.com\/8\">2\ufe0f\u20e33\ufe0f\u20e3-8<\/a> |<a href=\"http:\/\/0-zz.com\/9\">2\ufe0f\u20e34\ufe0f\u20e3-9<\/a> |<a href=\"http:\/\/0-zz.com\/a\">2\ufe0f\u20e35\ufe0f\u20e3-A<\/a> |<a href=\"http:\/\/0-zz.com\/b\">2\ufe0f\u20e36\ufe0f\u20e3-B<\/a><\/strong><\/small><br><small> <strong><a href=\"http:\/\/0-zz.com\/c\">3\ufe0f\u20e31\ufe0f\u20e3-C<\/a> |<a href=\"http:\/\/0-zz.com\/d\">3\ufe0f\u20e32\ufe0f\u20e3-D<\/a> |<a href=\"http:\/\/0-zz.com\/e\">3\ufe0f\u20e33\ufe0f\u20e3-E<\/a> |<a href=\"http:\/\/0-zz.com\/f\">3\ufe0f\u20e34\ufe0f\u20e3-F<\/a> |<a href=\"http:\/\/0-zz.com\/g\">3\ufe0f\u20e35\ufe0f\u20e3-G<\/a> |<a href=\"http:\/\/0-zz.com\/h\">3\ufe0f\u20e36\ufe0f\u20e3-H<\/a><\/strong><\/small><br><small> <strong><a href=\"http:\/\/0-zz.com\/i\">4\ufe0f\u20e31\ufe0f\u20e3-I<\/a> |<a href=\"http:\/\/0-zz.com\/j\">4\ufe0f\u20e32\ufe0f\u20e3-J<\/a> |<a href=\"http:\/\/0-zz.com\/k\">4\ufe0f\u20e33\ufe0f\u20e3-K<\/a> |<a href=\"http:\/\/0-zz.com\/l\">4\ufe0f\u20e34\ufe0f\u20e3-L<\/a> |<a href=\"http:\/\/0-zz.com\/m\">4\ufe0f\u20e35\ufe0f\u20e3-M<\/a> |<a href=\"http:\/\/0-zz.com\/n\">4\ufe0f\u20e36\ufe0f\u20e3-N<\/a><\/strong><\/small><br><small> <strong><a href=\"http:\/\/0-zz.com\/o\">5\ufe0f\u20e31\ufe0f\u20e3-O<\/a> |<a href=\"http:\/\/0-zz.com\/p\">5\ufe0f\u20e32\ufe0f\u20e3-P<\/a> |<a href=\"http:\/\/0-zz.com\/q\">5\ufe0f\u20e33\ufe0f\u20e3-Q<\/a> |<a href=\"http:\/\/0-zz.com\/r\">5\ufe0f\u20e34\ufe0f\u20e3-R<\/a> |<a href=\"http:\/\/0-zz.com\/s\">5\ufe0f\u20e35\ufe0f\u20e3-S<\/a> |<a href=\"http:\/\/0-zz.com\/t\">5\ufe0f\u20e36\ufe0f\u20e3-T<\/a><\/strong><\/small><br><small> <strong><a href=\"http:\/\/0-zz.com\/u\">6\ufe0f\u20e31\ufe0f\u20e3-U<\/a> |<a href=\"http:\/\/0-zz.com\/v\">6\ufe0f\u20e32\ufe0f\u20e3-V<\/a> |<a href=\"http:\/\/0-zz.com\/w\">6\ufe0f\u20e33\ufe0f\u20e3-W<\/a> |<a href=\"http:\/\/0-zz.com\/x\">6\ufe0f\u20e34\ufe0f\u20e3-X<\/a> |<a href=\"http:\/\/0-zz.com\/y\">6\ufe0f\u20e35\ufe0f\u20e3-Y<\/a> |<a href=\"http:\/\/0-zz.com\/z\">6\ufe0f\u20e36\ufe0f\u20e3-Z<\/a><\/strong><\/small><\/p>\n\n\n\n<p>Roll 2 dice ?? 1\ufe0f\u20e32\ufe0f\u20e33\ufe0f\u20e34\ufe0f\u20e35\ufe0f\u20e36\ufe0f\u20e3<\/p>\n\n\n\n<p><a href=\"https:\/\/www.random.org\/dice\/\">https:\/\/www.random.org\/dice\/<\/a><\/p>\n\n\n\n<p><a href=\"https:\/\/www.google.com\/search?q=dice+roller\">https:\/\/www.google.com\/search?q=dice+roller<\/a><\/p>\n\n\n\n<hr class=\"wp-block-separator\"\/>\n\n\n\n<p><a href=\"https:\/\/12r.pl\/ea\/\">12r.pl\/ea<\/a>&nbsp;-&gt;&nbsp;<a href=\"https:\/\/12r.uk\/ea\/\">12r.uk\/ea<\/a>&nbsp;-&gt;&nbsp;<a href=\"https:\/\/7hi7.com\/ea\/\">7hi7.com\/ea<\/a><\/p>\n\n\n\n<p>Wikipedia.org &#8211; Play game &#8211; portals, categories, states, cities, capital cities<\/p>\n","protected":false},"excerpt":{"rendered":"<p>i &#8211; 02\/i &#8211; 02I Video &#8211; Wszystko Jedno 18M views&nbsp;\u00b7&nbsp;6 years ago VideoOfficialVEVO SUBSCRIBED 38.9K subscribers https:\/\/m.youtube.com\/channel\/UCQH0_Ax9KZfsb3Z82mnnQ_Q 1.Chmury p\u0142yn\u0105, gdzie\u015b za oknemCho\u0107 na chwile, z\u0142apmy oddechS\u0142o\u0144ce patrzy, w d\u00f3\u0142 zazdrosneI wszystko jasne, i takie proste (proste), proste (proste&#8230;) Ref.:Je\u015bli to ostatni w \u017cyciu dzie\u0144,Je\u015bli jutra nie ma by\u0107 na pewnoZ ka\u017cdym \u0142ykiem \u017cal mi [&hellip;]<\/p>\n","protected":false},"author":1,"featured_media":0,"parent":0,"menu_order":0,"comment_status":"closed","ping_status":"closed","template":"","meta":{"footnotes":""},"class_list":["post-59","page","type-page","status-publish","hentry"],"_links":{"self":[{"href":"https:\/\/0-zz.com\/02\/wp-json\/wp\/v2\/pages\/59","targetHints":{"allow":["GET"]}}],"collection":[{"href":"https:\/\/0-zz.com\/02\/wp-json\/wp\/v2\/pages"}],"about":[{"href":"https:\/\/0-zz.com\/02\/wp-json\/wp\/v2\/types\/page"}],"author":[{"embeddable":true,"href":"https:\/\/0-zz.com\/02\/wp-json\/wp\/v2\/users\/1"}],"replies":[{"embeddable":true,"href":"https:\/\/0-zz.com\/02\/wp-json\/wp\/v2\/comments?post=59"}],"version-history":[{"count":8,"href":"https:\/\/0-zz.com\/02\/wp-json\/wp\/v2\/pages\/59\/revisions"}],"predecessor-version":[{"id":178,"href":"https:\/\/0-zz.com\/02\/wp-json\/wp\/v2\/pages\/59\/revisions\/178"}],"wp:attachment":[{"href":"https:\/\/0-zz.com\/02\/wp-json\/wp\/v2\/media?parent=59"}],"curies":[{"name":"wp","href":"https:\/\/api.w.org\/{rel}","templated":true}]}}