{"id":53,"date":"2022-02-20T03:53:40","date_gmt":"2022-02-20T15:53:40","guid":{"rendered":"https:\/\/0-zz.com\/02\/?page_id=53"},"modified":"2022-04-28T03:10:06","modified_gmt":"2022-04-28T15:10:06","slug":"h","status":"publish","type":"page","link":"https:\/\/0-zz.com\/02\/h\/","title":{"rendered":"H"},"content":{"rendered":"\n<h2 class=\"wp-block-heading\" id=\"h-02-h-02h\">h &#8211; 02\/h &#8211; 02H<\/h2>\n\n\n\n<figure class=\"wp-block-embed is-type-video is-provider-youtube wp-block-embed-youtube wp-embed-aspect-4-3 wp-has-aspect-ratio\"><div class=\"wp-block-embed__wrapper\">\n<iframe loading=\"lazy\" title=\"Dla Ciebie\" width=\"580\" height=\"435\" src=\"https:\/\/www.youtube.com\/embed\/SuUZMMhARBA?feature=oembed\" frameborder=\"0\" allow=\"accelerometer; autoplay; clipboard-write; encrypted-media; gyroscope; picture-in-picture; web-share\" referrerpolicy=\"strict-origin-when-cross-origin\" allowfullscreen><\/iframe>\n<\/div><\/figure>\n\n\n\n<h2 class=\"wp-block-heading\" id=\"myslovitz-dla-ciebie\">Myslovitz &#8211; Dla Ciebie<\/h2>\n\n\n\n<p>821K views&nbsp;\u00b7&nbsp;1 year ago<\/p>\n\n\n\n<p>Dla Ciebie m\u00f3g\u0142bym zrobi\u0107 wszystko<br>Co zechcesz powiedz tylko<br>Naprawd\u0119 na du\u017co mnie sta\u0107<\/p>\n\n\n\n<p>Dla Ciebie m\u00f3g\u0142bym wszystko zmieni\u0107<br>M\u00f3g\u0142bym nawet uwierzy\u0107<br>Naprawd\u0119 na du\u017co mnie sta\u0107<\/p>\n\n\n\n<p>Dla Ciebie zrywam polne kwiaty<br>Szukam tych najrzadszych<br>Naprawd\u0119 na du\u017co mnie sta\u0107<\/p>\n\n\n\n<p>Najch\u0119tniej zamkn\u0105\u0142bym Ci\u0119 w klatce,<br>Bo kocham na Ciebie patrze\u0107<br>Naprawd\u0119 na du\u017co mnie sta\u0107<\/p>\n\n\n\n<p>To wszystko czego chc\u0119<br>To wszystko czego mi brak<br>To wszystko czego ja nigdy nie b\u0119d\u0119 mia\u0142<br>To wszystko czego chc\u0119<br>To wszystko czego mi brak<br>To wszystko czego ja nigdy nie b\u0119d\u0119 mia\u0142<br>Otw\u00f3rz oczy zobacz sam<br>Przed nami mg\u0142a<\/p>\n\n\n\n<p>Dla Ciebie m\u00f3g\u0142bym zrobi\u0107 wszystko<br>Co zechcesz powiedz tylko<br>Naprawd\u0119 na du\u017co mnie sta\u0107<\/p>\n\n\n\n<p>Przez Ciebie wpad\u0142em w g\u0142\u0119bok\u0105 depresj\u0119<br>Ju\u017c teraz nie wiem kim jestem,<br>Bo naprawd\u0119 na du\u017co mnie sta\u0107<\/p>\n\n\n\n<p>To wszystko czego chc\u0119<br>To wszystko czego mi brak<br>To wszystko czego ja nigdy nie b\u0119d\u0119 mia\u0142<br>Otw\u00f3rz oczy, zobacz sam<br>Przed nami mg\u0142a<br>Zamykam oczy<br>Nie chc\u0119 widzie\u0107, nie chc\u0119 czu\u0107<br>Czy to koniec ju\u017c?<\/p>\n\n\n\n<p>To koniec ju\u017c&#8230;<\/p>\n\n\n\n<figure class=\"wp-block-table\"><table><tbody><tr><th>Autor tekstu:<\/th><td>J. Kuderski, W. Kuderski, P. Myszor, W. Powaga, A.Rojek<\/td><\/tr><tr><th>Kompozytor:<\/th><td>J. Kuderski, W. Kuderski, P. Myszor, W. Powaga, A. Rojek<\/td><\/tr><\/tbody><\/table><\/figure>\n\n\n\n<p><a href=\"https:\/\/www.tekstowo.pl\/piosenka,myslovitz,dla_ciebie.html\">https:\/\/www.tekstowo.pl\/piosenka,myslovitz,dla_ciebie.html<\/a><\/p>\n\n\n\n<figure class=\"wp-block-embed is-type-video is-provider-youtube wp-block-embed-youtube wp-embed-aspect-4-3 wp-has-aspect-ratio\"><div class=\"wp-block-embed__wrapper\">\n<iframe loading=\"lazy\" title=\"Peggy Brown\" width=\"580\" height=\"435\" src=\"https:\/\/www.youtube.com\/embed\/UCPvqqZMxlw?feature=oembed\" frameborder=\"0\" allow=\"accelerometer; autoplay; clipboard-write; encrypted-media; gyroscope; picture-in-picture; web-share\" referrerpolicy=\"strict-origin-when-cross-origin\" allowfullscreen><\/iframe>\n<\/div><\/figure>\n\n\n\n<h2 class=\"wp-block-heading\" id=\"myslovitz-peggy-brown\">Myslovitz &#8211; Peggy Brown<\/h2>\n\n\n\n<p>386K views&nbsp;\u00b7&nbsp;1 year ago<\/p>\n\n\n\n<h2 class=\"wp-block-heading\" id=\"myslovitzofficial\">MyslovitzOfficial<\/h2>\n\n\n\n<p>SUBSCRIBED 23.9K subscribers<\/p>\n\n\n\n<p><a href=\"https:\/\/m.youtube.com\/channel\/UCiwQqfrOD6GwADmfsJytTpQ\">https:\/\/m.youtube.com\/channel\/UCiwQqfrOD6GwADmfsJytTpQ<\/a><\/p>\n\n\n\n<p>O Peggy Brown, o Peggy Brown<br>Kto Ciebie ukocha\u0107 b\u0119dzie umia\u0142 (x4)<\/p>\n\n\n\n<p>Jedyne, o czym wci\u0105\u017c my\u015bl\u0119<br>To ciemnow\u0142osa dziewczyna<br>Cho\u0107 nie chce da\u0107, czego prosz\u0119<br>W oddali od siebie mnie trzyma<br>Cho\u0107 nie chce moich przysi\u0105g<br>Nie s\u0142yszy nawet swej dumy, o nie<\/p>\n\n\n\n<p>O Peggy Brown, o Peggy Brown<br>Kto Ciebie ukocha\u0107 b\u0119dzie umia\u0142 (x4)<\/p>\n\n\n\n<p>Jej g\u0142os jest dla mnie muzyk\u0105<br>Pulsuje jak ciche echo<br>Jej twarde, bia\u0142e piersi<br>Mleczniejsze s\u0105, ni\u017c jej mleko<br>Jej suknia z mi\u0119kkiej tafty<br>Dzi\u015b skromnie opuszczona<\/p>\n\n\n\n<p>O Peggy Brown, o Peggy Brown<br>Kto Ciebie ukocha\u0107 b\u0119dzie umia\u0142 (x4)<\/p>\n\n\n\n<p>Nocami w samotno\u015bci<br>Rozpustny sen widzia\u0142em<br>\u017be\u015bmy w jednym \u0142\u00f3\u017cku<br>Spojeni cia\u0142o z cia\u0142em<br>Ale tym snem naj\u015bmielszym<br>Twej dumy nie ura\u017c\u0119, o nie<\/p>\n\n\n\n<p>O Peggy Brown, o Peggy Brown<br>Kto Ciebie ukocha\u0107 b\u0119dzie umia\u0142 (x4)<\/p>\n\n\n\n<figure class=\"wp-block-table\"><table><tbody><tr><th>Autor tekstu:<\/th><td>Toirdhealbhach \u00d3 Cearbhall\u00e1in, t\u0142um. Ernest Bryll<\/td><\/tr><tr><th>Kompozytor:<\/th><td>Marek Ja\u0142owiecki<\/td><\/tr><\/tbody><\/table><\/figure>\n\n\n\n<p><a href=\"https:\/\/www.tekstowo.pl\/piosenka,myslovitz,peggy_brown.html\">https:\/\/www.tekstowo.pl\/piosenka,myslovitz,peggy_brown.html<\/a><\/p>\n\n\n\n<hr class=\"wp-block-separator\"\/>\n\n\n\n<h4 class=\"wp-block-heading\">0-zz.com\/0 &#8211; 0-zz.com\/z :<\/h4>\n\n\n\n<p><small><strong><a href=\"http:\/\/0-zz.com\/0\">1\ufe0f\u20e31\ufe0f\u20e3-0<\/a> |<a href=\"http:\/\/0-zz.com\/1\">1\ufe0f\u20e32\ufe0f\u20e3-1<\/a> |<a href=\"http:\/\/0-zz.com\/2\">1\ufe0f\u20e33\ufe0f\u20e3-2<\/a> |<a href=\"http:\/\/0-zz.com\/3\">1\ufe0f\u20e34\ufe0f\u20e3-3<\/a> |<a href=\"http:\/\/0-zz.com\/4\">1\ufe0f\u20e35\ufe0f\u20e3-4<\/a> |<a href=\"http:\/\/0-zz.com\/5\">1\ufe0f\u20e36\ufe0f\u20e3-5<\/a> <\/strong><\/small><br><small> <strong><a href=\"http:\/\/0-zz.com\/6\">2\ufe0f\u20e31\ufe0f\u20e3-6<\/a> |<a href=\"http:\/\/0-zz.com\/7\">2\ufe0f\u20e32\ufe0f\u20e3-7<\/a> |<a href=\"http:\/\/0-zz.com\/8\">2\ufe0f\u20e33\ufe0f\u20e3-8<\/a> |<a href=\"http:\/\/0-zz.com\/9\">2\ufe0f\u20e34\ufe0f\u20e3-9<\/a> |<a href=\"http:\/\/0-zz.com\/a\">2\ufe0f\u20e35\ufe0f\u20e3-A<\/a> |<a href=\"http:\/\/0-zz.com\/b\">2\ufe0f\u20e36\ufe0f\u20e3-B<\/a><\/strong><\/small><br><small> <strong><a href=\"http:\/\/0-zz.com\/c\">3\ufe0f\u20e31\ufe0f\u20e3-C<\/a> |<a href=\"http:\/\/0-zz.com\/d\">3\ufe0f\u20e32\ufe0f\u20e3-D<\/a> |<a href=\"http:\/\/0-zz.com\/e\">3\ufe0f\u20e33\ufe0f\u20e3-E<\/a> |<a href=\"http:\/\/0-zz.com\/f\">3\ufe0f\u20e34\ufe0f\u20e3-F<\/a> |<a href=\"http:\/\/0-zz.com\/g\">3\ufe0f\u20e35\ufe0f\u20e3-G<\/a> |<a href=\"http:\/\/0-zz.com\/h\">3\ufe0f\u20e36\ufe0f\u20e3-H<\/a><\/strong><\/small><br><small> <strong><a href=\"http:\/\/0-zz.com\/i\">4\ufe0f\u20e31\ufe0f\u20e3-I<\/a> |<a href=\"http:\/\/0-zz.com\/j\">4\ufe0f\u20e32\ufe0f\u20e3-J<\/a> |<a href=\"http:\/\/0-zz.com\/k\">4\ufe0f\u20e33\ufe0f\u20e3-K<\/a> |<a href=\"http:\/\/0-zz.com\/l\">4\ufe0f\u20e34\ufe0f\u20e3-L<\/a> |<a href=\"http:\/\/0-zz.com\/m\">4\ufe0f\u20e35\ufe0f\u20e3-M<\/a> |<a href=\"http:\/\/0-zz.com\/n\">4\ufe0f\u20e36\ufe0f\u20e3-N<\/a><\/strong><\/small><br><small> <strong><a href=\"http:\/\/0-zz.com\/o\">5\ufe0f\u20e31\ufe0f\u20e3-O<\/a> |<a href=\"http:\/\/0-zz.com\/p\">5\ufe0f\u20e32\ufe0f\u20e3-P<\/a> |<a href=\"http:\/\/0-zz.com\/q\">5\ufe0f\u20e33\ufe0f\u20e3-Q<\/a> |<a href=\"http:\/\/0-zz.com\/r\">5\ufe0f\u20e34\ufe0f\u20e3-R<\/a> |<a href=\"http:\/\/0-zz.com\/s\">5\ufe0f\u20e35\ufe0f\u20e3-S<\/a> |<a href=\"http:\/\/0-zz.com\/t\">5\ufe0f\u20e36\ufe0f\u20e3-T<\/a><\/strong><\/small><br><small> <strong><a href=\"http:\/\/0-zz.com\/u\">6\ufe0f\u20e31\ufe0f\u20e3-U<\/a> |<a href=\"http:\/\/0-zz.com\/v\">6\ufe0f\u20e32\ufe0f\u20e3-V<\/a> |<a href=\"http:\/\/0-zz.com\/w\">6\ufe0f\u20e33\ufe0f\u20e3-W<\/a> |<a href=\"http:\/\/0-zz.com\/x\">6\ufe0f\u20e34\ufe0f\u20e3-X<\/a> |<a href=\"http:\/\/0-zz.com\/y\">6\ufe0f\u20e35\ufe0f\u20e3-Y<\/a> |<a href=\"http:\/\/0-zz.com\/z\">6\ufe0f\u20e36\ufe0f\u20e3-Z<\/a><\/strong><\/small><\/p>\n\n\n\n<p>Roll 2 dice ?? 1\ufe0f\u20e32\ufe0f\u20e33\ufe0f\u20e34\ufe0f\u20e35\ufe0f\u20e36\ufe0f\u20e3<\/p>\n\n\n\n<p><a href=\"https:\/\/www.random.org\/dice\/\">https:\/\/www.random.org\/dice\/<\/a><\/p>\n\n\n\n<p><a href=\"https:\/\/www.google.com\/search?q=dice+roller\">https:\/\/www.google.com\/search?q=dice+roller<\/a><\/p>\n\n\n\n<hr class=\"wp-block-separator\"\/>\n\n\n\n<p><a href=\"https:\/\/12r.pl\/ea\/\">12r.pl\/ea<\/a>&nbsp;-&gt;&nbsp;<a href=\"https:\/\/12r.uk\/ea\/\">12r.uk\/ea<\/a>&nbsp;-&gt;&nbsp;<a href=\"https:\/\/7hi7.com\/ea\/\">7hi7.com\/ea<\/a><\/p>\n\n\n\n<p>Wikipedia.org &#8211; Play game &#8211; portals, categories, states, cities, capital cities<\/p>\n","protected":false},"excerpt":{"rendered":"<p>h &#8211; 02\/h &#8211; 02H Myslovitz &#8211; Dla Ciebie 821K views&nbsp;\u00b7&nbsp;1 year ago Dla Ciebie m\u00f3g\u0142bym zrobi\u0107 wszystkoCo zechcesz powiedz tylkoNaprawd\u0119 na du\u017co mnie sta\u0107 Dla Ciebie m\u00f3g\u0142bym wszystko zmieni\u0107M\u00f3g\u0142bym nawet uwierzy\u0107Naprawd\u0119 na du\u017co mnie sta\u0107 Dla Ciebie zrywam polne kwiatySzukam tych najrzadszychNaprawd\u0119 na du\u017co mnie sta\u0107 Najch\u0119tniej zamkn\u0105\u0142bym Ci\u0119 w klatce,Bo kocham na Ciebie [&hellip;]<\/p>\n","protected":false},"author":1,"featured_media":0,"parent":0,"menu_order":0,"comment_status":"closed","ping_status":"closed","template":"","meta":{"footnotes":""},"class_list":["post-53","page","type-page","status-publish","hentry"],"_links":{"self":[{"href":"https:\/\/0-zz.com\/02\/wp-json\/wp\/v2\/pages\/53","targetHints":{"allow":["GET"]}}],"collection":[{"href":"https:\/\/0-zz.com\/02\/wp-json\/wp\/v2\/pages"}],"about":[{"href":"https:\/\/0-zz.com\/02\/wp-json\/wp\/v2\/types\/page"}],"author":[{"embeddable":true,"href":"https:\/\/0-zz.com\/02\/wp-json\/wp\/v2\/users\/1"}],"replies":[{"embeddable":true,"href":"https:\/\/0-zz.com\/02\/wp-json\/wp\/v2\/comments?post=53"}],"version-history":[{"count":7,"href":"https:\/\/0-zz.com\/02\/wp-json\/wp\/v2\/pages\/53\/revisions"}],"predecessor-version":[{"id":176,"href":"https:\/\/0-zz.com\/02\/wp-json\/wp\/v2\/pages\/53\/revisions\/176"}],"wp:attachment":[{"href":"https:\/\/0-zz.com\/02\/wp-json\/wp\/v2\/media?parent=53"}],"curies":[{"name":"wp","href":"https:\/\/api.w.org\/{rel}","templated":true}]}}