{"id":45,"date":"2022-02-20T03:20:43","date_gmt":"2022-02-20T15:20:43","guid":{"rendered":"https:\/\/0-zz.com\/02\/?page_id=45"},"modified":"2022-04-28T02:56:46","modified_gmt":"2022-04-28T14:56:46","slug":"d","status":"publish","type":"page","link":"https:\/\/0-zz.com\/02\/d\/","title":{"rendered":"D"},"content":{"rendered":"\n<h2 class=\"wp-block-heading\" id=\"d-02-d-02d\">d &#8211; 02\/d &#8211; 02D<\/h2>\n\n\n\n<figure class=\"wp-block-embed is-type-video is-provider-youtube wp-block-embed-youtube wp-embed-aspect-4-3 wp-has-aspect-ratio\"><div class=\"wp-block-embed__wrapper\">\n<iframe loading=\"lazy\" title=\"Pin - Niekochanie [Official Music Video]\" width=\"580\" height=\"435\" src=\"https:\/\/www.youtube.com\/embed\/dUxx9AnANLw?feature=oembed\" frameborder=\"0\" allow=\"accelerometer; autoplay; clipboard-write; encrypted-media; gyroscope; picture-in-picture; web-share\" referrerpolicy=\"strict-origin-when-cross-origin\" allowfullscreen><\/iframe>\n<\/div><\/figure>\n\n\n\n<h2 class=\"wp-block-heading\" id=\"pin-niekochanie-official-music-video\">Pin &#8211; Niekochanie [Official Music Video]<\/h2>\n\n\n\n<p>1.9M views&nbsp;\u00b7&nbsp;11 years ago<\/p>\n\n\n\n<h2 class=\"wp-block-heading\" id=\"warner-music-poland\">Warner Music Poland<\/h2>\n\n\n\n<p>SUBSCRIBED 97.2K subscribers<\/p>\n\n\n\n<p><a href=\"https:\/\/m.youtube.com\/channel\/UCLhrPIkHMjFSHKXWy-lYXNQ\">https:\/\/m.youtube.com\/channel\/UCLhrPIkHMjFSHKXWy-lYXNQ<\/a><\/p>\n\n\n\n<p>1.Wczoraj zdarzy\u0142o si\u0119 nam<br>to niekochanie,<br>s\u0142owa rozdar\u0142y nas tak,<br>jak wod\u0119 kamie\u0144.<br>Wiemy ju\u017c, \u017ce<br>sens naszych rozm\u00f3w sko\u0144czy\u0142 si\u0119,<br>by\u0142o tak jak zwykle jest.<\/p>\n\n\n\n<p>Ref.:Samotne serca bij\u0105 w nas,<br>i cho\u0107 pragniemy siebie tak,<br>zach\u0142annie,zach\u0142annie.<br>Zgubieni na rozstaju dr\u00f3g,<br>nie potrafimy wierzy\u0107 w cud,<br>bo tak \u0142atwiej,tak \u0142atwiej.<\/p>\n\n\n\n<p>2.Dzisiaj uda\u0142o si\u0119 nam,<br>to nie spotkanie,zn\u00f3w udajemy<br>ten stan, to ko\u0142ysanie.<br>Nie wierz\u0119, \u017ce sens naszych<br>rozm\u00f3w sko\u0144czy\u0142 si\u0119,b\u0119dzie<br>tak, jak zwykle jest.<\/p>\n\n\n\n<p>Ref.:Samotne serca&#8230;(2x)<\/p>\n\n\n\n<p>Samotne serca bij\u0105 w naas&#8230;<br>zgubieni na rozstaju dr\u00f3g&#8230;<br>tak \u0142atwiej&#8230;ooo<br>samotne serca bij\u0105 w nas i<br>cho\u0107 pragniemy siebie tak<br>zach\u0142annie, zach\u0142annie.<br>Zgubieni na rozstaju dr\u00f3g<br>nie potrafimy wierzy\u0107 w cud,<br>bo tak \u0142atwiej, tak \u0142atwiej.<br>Dzisiaj zdarzy\u0142o sie nam<br>to niekochanie&#8230;<\/p>\n\n\n\n<figure class=\"wp-block-table\"><table><tbody><tr><th>Autor tekstu:<\/th><td>Aleksander Wo\u017aniak<\/td><\/tr><tr><th>Kompozytor:<\/th><td>Aleksander Wo\u017aniak, Andrzej Lampert, Sebastian Kowol<\/td><\/tr><\/tbody><\/table><\/figure>\n\n\n\n<p><a href=\"https:\/\/www.tekstowo.pl\/piosenka,pin,niekochanie.html\">https:\/\/www.tekstowo.pl\/piosenka,pin,niekochanie.html<\/a><\/p>\n\n\n\n<hr class=\"wp-block-separator\"\/>\n\n\n\n<h4 class=\"wp-block-heading\">0-zz.com\/0 &#8211; 0-zz.com\/z :<\/h4>\n\n\n\n<p><small><strong><a href=\"http:\/\/0-zz.com\/0\">1\ufe0f\u20e31\ufe0f\u20e3-0<\/a> |<a href=\"http:\/\/0-zz.com\/1\">1\ufe0f\u20e32\ufe0f\u20e3-1<\/a> |<a href=\"http:\/\/0-zz.com\/2\">1\ufe0f\u20e33\ufe0f\u20e3-2<\/a> |<a href=\"http:\/\/0-zz.com\/3\">1\ufe0f\u20e34\ufe0f\u20e3-3<\/a> |<a href=\"http:\/\/0-zz.com\/4\">1\ufe0f\u20e35\ufe0f\u20e3-4<\/a> |<a href=\"http:\/\/0-zz.com\/5\">1\ufe0f\u20e36\ufe0f\u20e3-5<\/a> <\/strong><\/small><br><small> <strong><a href=\"http:\/\/0-zz.com\/6\">2\ufe0f\u20e31\ufe0f\u20e3-6<\/a> |<a href=\"http:\/\/0-zz.com\/7\">2\ufe0f\u20e32\ufe0f\u20e3-7<\/a> |<a href=\"http:\/\/0-zz.com\/8\">2\ufe0f\u20e33\ufe0f\u20e3-8<\/a> |<a href=\"http:\/\/0-zz.com\/9\">2\ufe0f\u20e34\ufe0f\u20e3-9<\/a> |<a href=\"http:\/\/0-zz.com\/a\">2\ufe0f\u20e35\ufe0f\u20e3-A<\/a> |<a href=\"http:\/\/0-zz.com\/b\">2\ufe0f\u20e36\ufe0f\u20e3-B<\/a><\/strong><\/small><br><small> <strong><a href=\"http:\/\/0-zz.com\/c\">3\ufe0f\u20e31\ufe0f\u20e3-C<\/a> |<a href=\"http:\/\/0-zz.com\/d\">3\ufe0f\u20e32\ufe0f\u20e3-D<\/a> |<a href=\"http:\/\/0-zz.com\/e\">3\ufe0f\u20e33\ufe0f\u20e3-E<\/a> |<a href=\"http:\/\/0-zz.com\/f\">3\ufe0f\u20e34\ufe0f\u20e3-F<\/a> |<a href=\"http:\/\/0-zz.com\/g\">3\ufe0f\u20e35\ufe0f\u20e3-G<\/a> |<a href=\"http:\/\/0-zz.com\/h\">3\ufe0f\u20e36\ufe0f\u20e3-H<\/a><\/strong><\/small><br><small> <strong><a href=\"http:\/\/0-zz.com\/i\">4\ufe0f\u20e31\ufe0f\u20e3-I<\/a> |<a href=\"http:\/\/0-zz.com\/j\">4\ufe0f\u20e32\ufe0f\u20e3-J<\/a> |<a href=\"http:\/\/0-zz.com\/k\">4\ufe0f\u20e33\ufe0f\u20e3-K<\/a> |<a href=\"http:\/\/0-zz.com\/l\">4\ufe0f\u20e34\ufe0f\u20e3-L<\/a> |<a href=\"http:\/\/0-zz.com\/m\">4\ufe0f\u20e35\ufe0f\u20e3-M<\/a> |<a href=\"http:\/\/0-zz.com\/n\">4\ufe0f\u20e36\ufe0f\u20e3-N<\/a><\/strong><\/small><br><small> <strong><a href=\"http:\/\/0-zz.com\/o\">5\ufe0f\u20e31\ufe0f\u20e3-O<\/a> |<a href=\"http:\/\/0-zz.com\/p\">5\ufe0f\u20e32\ufe0f\u20e3-P<\/a> |<a href=\"http:\/\/0-zz.com\/q\">5\ufe0f\u20e33\ufe0f\u20e3-Q<\/a> |<a href=\"http:\/\/0-zz.com\/r\">5\ufe0f\u20e34\ufe0f\u20e3-R<\/a> |<a href=\"http:\/\/0-zz.com\/s\">5\ufe0f\u20e35\ufe0f\u20e3-S<\/a> |<a href=\"http:\/\/0-zz.com\/t\">5\ufe0f\u20e36\ufe0f\u20e3-T<\/a><\/strong><\/small><br><small> <strong><a href=\"http:\/\/0-zz.com\/u\">6\ufe0f\u20e31\ufe0f\u20e3-U<\/a> |<a href=\"http:\/\/0-zz.com\/v\">6\ufe0f\u20e32\ufe0f\u20e3-V<\/a> |<a href=\"http:\/\/0-zz.com\/w\">6\ufe0f\u20e33\ufe0f\u20e3-W<\/a> |<a href=\"http:\/\/0-zz.com\/x\">6\ufe0f\u20e34\ufe0f\u20e3-X<\/a> |<a href=\"http:\/\/0-zz.com\/y\">6\ufe0f\u20e35\ufe0f\u20e3-Y<\/a> |<a href=\"http:\/\/0-zz.com\/z\">6\ufe0f\u20e36\ufe0f\u20e3-Z<\/a><\/strong><\/small><\/p>\n\n\n\n<p>Roll 2 dice ?? 1\ufe0f\u20e32\ufe0f\u20e33\ufe0f\u20e34\ufe0f\u20e35\ufe0f\u20e36\ufe0f\u20e3<\/p>\n\n\n\n<p><a href=\"https:\/\/www.random.org\/dice\/\">https:\/\/www.random.org\/dice\/<\/a><\/p>\n\n\n\n<p><a href=\"https:\/\/www.google.com\/search?q=dice+roller\">https:\/\/www.google.com\/search?q=dice+roller<\/a><\/p>\n\n\n\n<hr class=\"wp-block-separator\"\/>\n\n\n\n<p><a href=\"https:\/\/12r.pl\/ea\/\">12r.pl\/ea<\/a>&nbsp;-&gt;&nbsp;<a href=\"https:\/\/12r.uk\/ea\/\">12r.uk\/ea<\/a>&nbsp;-&gt;&nbsp;<a href=\"https:\/\/7hi7.com\/ea\/\">7hi7.com\/ea<\/a><\/p>\n\n\n\n<p>Wikipedia.org &#8211; Play game &#8211; portals, categories, states, cities, capital cities<\/p>\n","protected":false},"excerpt":{"rendered":"<p>d &#8211; 02\/d &#8211; 02D Pin &#8211; Niekochanie [Official Music Video] 1.9M views&nbsp;\u00b7&nbsp;11 years ago Warner Music Poland SUBSCRIBED 97.2K subscribers https:\/\/m.youtube.com\/channel\/UCLhrPIkHMjFSHKXWy-lYXNQ 1.Wczoraj zdarzy\u0142o si\u0119 namto niekochanie,s\u0142owa rozdar\u0142y nas tak,jak wod\u0119 kamie\u0144.Wiemy ju\u017c, \u017cesens naszych rozm\u00f3w sko\u0144czy\u0142 si\u0119,by\u0142o tak jak zwykle jest. Ref.:Samotne serca bij\u0105 w nas,i cho\u0107 pragniemy siebie tak,zach\u0142annie,zach\u0142annie.Zgubieni na rozstaju dr\u00f3g,nie potrafimy [&hellip;]<\/p>\n","protected":false},"author":1,"featured_media":0,"parent":0,"menu_order":0,"comment_status":"closed","ping_status":"closed","template":"","meta":{"footnotes":""},"class_list":["post-45","page","type-page","status-publish","hentry"],"_links":{"self":[{"href":"https:\/\/0-zz.com\/02\/wp-json\/wp\/v2\/pages\/45","targetHints":{"allow":["GET"]}}],"collection":[{"href":"https:\/\/0-zz.com\/02\/wp-json\/wp\/v2\/pages"}],"about":[{"href":"https:\/\/0-zz.com\/02\/wp-json\/wp\/v2\/types\/page"}],"author":[{"embeddable":true,"href":"https:\/\/0-zz.com\/02\/wp-json\/wp\/v2\/users\/1"}],"replies":[{"embeddable":true,"href":"https:\/\/0-zz.com\/02\/wp-json\/wp\/v2\/comments?post=45"}],"version-history":[{"count":3,"href":"https:\/\/0-zz.com\/02\/wp-json\/wp\/v2\/pages\/45\/revisions"}],"predecessor-version":[{"id":171,"href":"https:\/\/0-zz.com\/02\/wp-json\/wp\/v2\/pages\/45\/revisions\/171"}],"wp:attachment":[{"href":"https:\/\/0-zz.com\/02\/wp-json\/wp\/v2\/media?parent=45"}],"curies":[{"name":"wp","href":"https:\/\/api.w.org\/{rel}","templated":true}]}}