{"id":41,"date":"2022-02-20T03:01:26","date_gmt":"2022-02-20T15:01:26","guid":{"rendered":"https:\/\/0-zz.com\/02\/?page_id=41"},"modified":"2022-04-28T02:54:47","modified_gmt":"2022-04-28T14:54:47","slug":"b","status":"publish","type":"page","link":"https:\/\/0-zz.com\/02\/b\/","title":{"rendered":"B"},"content":{"rendered":"\n<h2 class=\"wp-block-heading\" id=\"b-02-b-02b\">b &#8211; 02\/b &#8211; 02B<\/h2>\n\n\n\n<figure class=\"wp-block-embed is-type-video is-provider-youtube wp-block-embed-youtube wp-embed-aspect-16-9 wp-has-aspect-ratio\"><div class=\"wp-block-embed__wrapper\">\n<iframe loading=\"lazy\" title=\"Kasia Cerekwicka - Na kolana\" width=\"580\" height=\"326\" src=\"https:\/\/www.youtube.com\/embed\/y3bmeafP778?feature=oembed\" frameborder=\"0\" allow=\"accelerometer; autoplay; clipboard-write; encrypted-media; gyroscope; picture-in-picture; web-share\" referrerpolicy=\"strict-origin-when-cross-origin\" allowfullscreen><\/iframe>\n<\/div><\/figure>\n\n\n\n<h2 class=\"wp-block-heading\" id=\"kasia-cerekwicka-na-kolana\">Kasia Cerekwicka &#8211; Na kolana<\/h2>\n\n\n\n<p>14M views&nbsp;\u00b7&nbsp;12 years ago<\/p>\n\n\n\n<h2 class=\"wp-block-heading\" id=\"kasia-cerekwicka-official\">Kasia Cerekwicka Official<\/h2>\n\n\n\n<p>SUBSCRIBED 27.8K subscribers<\/p>\n\n\n\n<p><a href=\"https:\/\/m.youtube.com\/channel\/UCyhZCaG048BknqzHpldoc7w\">https:\/\/m.youtube.com\/channel\/UCyhZCaG048BknqzHpldoc7w<\/a><\/p>\n\n\n\n<p>Zamilcz, zamilcz,<br>ju\u017c nie chc\u0119 s\u0142ysze\u0107 ciebie nigdy wi\u0119cej,<br>krwawi moje serce.<br>Znikaj, znikaj,<br>ju\u017c nie chc\u0119 widzie\u0107 ciebie nigdy wi\u0119cej,<br>znikaj jak najpr\u0119dzej.<br>Da\u0142am ci wszystko, co mog\u0142am da\u0107,<br>a w zamian za to ty odp\u0142acasz si\u0119 tak.<\/p>\n\n\n\n<p>I cho\u0107by\u015b upad\u0142 na kolana,<br>I cho\u0107by\u015b b\u0142aga\u0142,<br>to ju\u017c nie dzia\u0142a na mnie,<br>\u017cegnaj, twoja strata.<br>Zabieraj wszystkie swoje rzeczy,<br>nic tu po tobie.<br>Tw\u00f3j czas ju\u017c min\u0105\u0142.<br>Od dzi\u015b jestem twoim wrogiem,<br>ty moim wrogiem.<\/p>\n\n\n\n<p>Koniec to koniec,<br>zbyt wiele my\u015bli bije si\u0119 w mojej g\u0142owie<br>przeciw tobie.<br>Zapomnij, zapomnij<br>o wszystkim tym, co by\u0142o mi\u0119dzy nami,<br>bo to ju\u017c za nami.<br>Da\u0142am ci wi\u0119cej ni\u017c mog\u0142e\u015b mie\u0107,<br>a w zamian za to tak odp\u0142acasz si\u0119.<\/p>\n\n\n\n<p>I cho\u0107by\u015b upad\u0142 na kolana,<br>I cho\u0107by\u015b b\u0142aga\u0142,<br>to ju\u017c nie dzia\u0142a na mnie,<br>\u017cegnaj, twoja strata.<br>Zabieraj wszystkie swoje rzeczy,<br>nic tu po tobie.<br>Tw\u00f3j czas ju\u017c min\u0105\u0142.<br>Od dzi\u015b jestem twoim wrogiem,<br>ty moim wrogiem.<\/p>\n\n\n\n<p>Spe\u0142ni\u0107 chcia\u0142am ka\u017cde twoje \u017cyczenie,<br>gdyby\u015b tylko chcia\u0142,<br>gdyby\u015b tylko chcia\u0142.<br>Mog\u0142e\u015b wszystko mie\u0107 na palca skinienie,<br>cierpliwo\u015b\u0107 moja sko\u0144czy\u0142a si\u0119.<\/p>\n\n\n\n<p>I cho\u0107by\u015b upad\u0142 na kolana,<br>i cho\u0107by\u015b b\u0142aga\u0142 (cho\u0107by\u015b b\u0142aga\u0142),<br>to ju\u017c nie dzia\u0142a na mnie,<br>\u017cegnaj, twoja strata (twoja, twoja strata),<br>zabieraj wszystkie swoje rzeczy,<br>nic tu po tobie (nic tu po tobie),<br>tw\u00f3j czas ju\u017c min\u0105\u0142,<br>od dzi\u015b jestem twoim wrogiem,<br>ty moim wrogiem.<\/p>\n\n\n\n<p>I cho\u0107by\u015b upad\u0142 na kolana,<br>i cho\u0107by\u015b b\u0142aga\u0142 (cho\u0107by\u015b b\u0142aga\u0142),<br>to ju\u017c nie dzia\u0142a na mnie,<br>\u017cegnaj, twoja, twoja strata.<br>Zabieraj wszystkie swoje rzeczy<br>nic tu po tobie.<\/p>\n\n\n\n<figure class=\"wp-block-table\"><table><tbody><tr><th>Autor tekstu:<\/th><td>Kasia Cerekwicka<\/td><\/tr><tr><th>Kompozytor:<\/th><td>Piotr Siejka<\/td><\/tr><\/tbody><\/table><\/figure>\n\n\n\n<p><a href=\"https:\/\/www.tekstowo.pl\/piosenka,kasia_cerekwicka,na_kolana.html\">https:\/\/www.tekstowo.pl\/piosenka,kasia_cerekwicka,na_kolana.html<\/a><\/p>\n\n\n\n<hr class=\"wp-block-separator\"\/>\n\n\n\n<h4 class=\"wp-block-heading\">0-zz.com\/0 &#8211; 0-zz.com\/z :<\/h4>\n\n\n\n<p><small><strong><a href=\"http:\/\/0-zz.com\/0\">1\ufe0f\u20e31\ufe0f\u20e3-0<\/a> |<a href=\"http:\/\/0-zz.com\/1\">1\ufe0f\u20e32\ufe0f\u20e3-1<\/a> |<a href=\"http:\/\/0-zz.com\/2\">1\ufe0f\u20e33\ufe0f\u20e3-2<\/a> |<a href=\"http:\/\/0-zz.com\/3\">1\ufe0f\u20e34\ufe0f\u20e3-3<\/a> |<a href=\"http:\/\/0-zz.com\/4\">1\ufe0f\u20e35\ufe0f\u20e3-4<\/a> |<a href=\"http:\/\/0-zz.com\/5\">1\ufe0f\u20e36\ufe0f\u20e3-5<\/a> <\/strong><\/small><br><small> <strong><a href=\"http:\/\/0-zz.com\/6\">2\ufe0f\u20e31\ufe0f\u20e3-6<\/a> |<a href=\"http:\/\/0-zz.com\/7\">2\ufe0f\u20e32\ufe0f\u20e3-7<\/a> |<a href=\"http:\/\/0-zz.com\/8\">2\ufe0f\u20e33\ufe0f\u20e3-8<\/a> |<a href=\"http:\/\/0-zz.com\/9\">2\ufe0f\u20e34\ufe0f\u20e3-9<\/a> |<a href=\"http:\/\/0-zz.com\/a\">2\ufe0f\u20e35\ufe0f\u20e3-A<\/a> |<a href=\"http:\/\/0-zz.com\/b\">2\ufe0f\u20e36\ufe0f\u20e3-B<\/a><\/strong><\/small><br><small> <strong><a href=\"http:\/\/0-zz.com\/c\">3\ufe0f\u20e31\ufe0f\u20e3-C<\/a> |<a href=\"http:\/\/0-zz.com\/d\">3\ufe0f\u20e32\ufe0f\u20e3-D<\/a> |<a href=\"http:\/\/0-zz.com\/e\">3\ufe0f\u20e33\ufe0f\u20e3-E<\/a> |<a href=\"http:\/\/0-zz.com\/f\">3\ufe0f\u20e34\ufe0f\u20e3-F<\/a> |<a href=\"http:\/\/0-zz.com\/g\">3\ufe0f\u20e35\ufe0f\u20e3-G<\/a> |<a href=\"http:\/\/0-zz.com\/h\">3\ufe0f\u20e36\ufe0f\u20e3-H<\/a><\/strong><\/small><br><small> <strong><a href=\"http:\/\/0-zz.com\/i\">4\ufe0f\u20e31\ufe0f\u20e3-I<\/a> |<a href=\"http:\/\/0-zz.com\/j\">4\ufe0f\u20e32\ufe0f\u20e3-J<\/a> |<a href=\"http:\/\/0-zz.com\/k\">4\ufe0f\u20e33\ufe0f\u20e3-K<\/a> |<a href=\"http:\/\/0-zz.com\/l\">4\ufe0f\u20e34\ufe0f\u20e3-L<\/a> |<a href=\"http:\/\/0-zz.com\/m\">4\ufe0f\u20e35\ufe0f\u20e3-M<\/a> |<a href=\"http:\/\/0-zz.com\/n\">4\ufe0f\u20e36\ufe0f\u20e3-N<\/a><\/strong><\/small><br><small> <strong><a href=\"http:\/\/0-zz.com\/o\">5\ufe0f\u20e31\ufe0f\u20e3-O<\/a> |<a href=\"http:\/\/0-zz.com\/p\">5\ufe0f\u20e32\ufe0f\u20e3-P<\/a> |<a href=\"http:\/\/0-zz.com\/q\">5\ufe0f\u20e33\ufe0f\u20e3-Q<\/a> |<a href=\"http:\/\/0-zz.com\/r\">5\ufe0f\u20e34\ufe0f\u20e3-R<\/a> |<a href=\"http:\/\/0-zz.com\/s\">5\ufe0f\u20e35\ufe0f\u20e3-S<\/a> |<a href=\"http:\/\/0-zz.com\/t\">5\ufe0f\u20e36\ufe0f\u20e3-T<\/a><\/strong><\/small><br><small> <strong><a href=\"http:\/\/0-zz.com\/u\">6\ufe0f\u20e31\ufe0f\u20e3-U<\/a> |<a href=\"http:\/\/0-zz.com\/v\">6\ufe0f\u20e32\ufe0f\u20e3-V<\/a> |<a href=\"http:\/\/0-zz.com\/w\">6\ufe0f\u20e33\ufe0f\u20e3-W<\/a> |<a href=\"http:\/\/0-zz.com\/x\">6\ufe0f\u20e34\ufe0f\u20e3-X<\/a> |<a href=\"http:\/\/0-zz.com\/y\">6\ufe0f\u20e35\ufe0f\u20e3-Y<\/a> |<a href=\"http:\/\/0-zz.com\/z\">6\ufe0f\u20e36\ufe0f\u20e3-Z<\/a><\/strong><\/small><\/p>\n\n\n\n<p>Roll 2 dice ?? 1\ufe0f\u20e32\ufe0f\u20e33\ufe0f\u20e34\ufe0f\u20e35\ufe0f\u20e36\ufe0f\u20e3<\/p>\n\n\n\n<p><a href=\"https:\/\/www.random.org\/dice\/\">https:\/\/www.random.org\/dice\/<\/a><\/p>\n\n\n\n<p><a href=\"https:\/\/www.google.com\/search?q=dice+roller\">https:\/\/www.google.com\/search?q=dice+roller<\/a><\/p>\n\n\n\n<hr class=\"wp-block-separator\"\/>\n\n\n\n<p><a href=\"https:\/\/12r.pl\/ea\/\">12r.pl\/ea<\/a>&nbsp;-&gt;&nbsp;<a href=\"https:\/\/12r.uk\/ea\/\">12r.uk\/ea<\/a>&nbsp;-&gt;&nbsp;<a href=\"https:\/\/7hi7.com\/ea\/\">7hi7.com\/ea<\/a><\/p>\n\n\n\n<p>Wikipedia.org &#8211; Play game &#8211; portals, categories, states, cities, capital cities<\/p>\n","protected":false},"excerpt":{"rendered":"<p>b &#8211; 02\/b &#8211; 02B Kasia Cerekwicka &#8211; Na kolana 14M views&nbsp;\u00b7&nbsp;12 years ago Kasia Cerekwicka Official SUBSCRIBED 27.8K subscribers https:\/\/m.youtube.com\/channel\/UCyhZCaG048BknqzHpldoc7w Zamilcz, zamilcz,ju\u017c nie chc\u0119 s\u0142ysze\u0107 ciebie nigdy wi\u0119cej,krwawi moje serce.Znikaj, znikaj,ju\u017c nie chc\u0119 widzie\u0107 ciebie nigdy wi\u0119cej,znikaj jak najpr\u0119dzej.Da\u0142am ci wszystko, co mog\u0142am da\u0107,a w zamian za to ty odp\u0142acasz si\u0119 tak. I cho\u0107by\u015b [&hellip;]<\/p>\n","protected":false},"author":1,"featured_media":0,"parent":0,"menu_order":0,"comment_status":"closed","ping_status":"closed","template":"","meta":{"footnotes":""},"class_list":["post-41","page","type-page","status-publish","hentry"],"_links":{"self":[{"href":"https:\/\/0-zz.com\/02\/wp-json\/wp\/v2\/pages\/41","targetHints":{"allow":["GET"]}}],"collection":[{"href":"https:\/\/0-zz.com\/02\/wp-json\/wp\/v2\/pages"}],"about":[{"href":"https:\/\/0-zz.com\/02\/wp-json\/wp\/v2\/types\/page"}],"author":[{"embeddable":true,"href":"https:\/\/0-zz.com\/02\/wp-json\/wp\/v2\/users\/1"}],"replies":[{"embeddable":true,"href":"https:\/\/0-zz.com\/02\/wp-json\/wp\/v2\/comments?post=41"}],"version-history":[{"count":3,"href":"https:\/\/0-zz.com\/02\/wp-json\/wp\/v2\/pages\/41\/revisions"}],"predecessor-version":[{"id":169,"href":"https:\/\/0-zz.com\/02\/wp-json\/wp\/v2\/pages\/41\/revisions\/169"}],"wp:attachment":[{"href":"https:\/\/0-zz.com\/02\/wp-json\/wp\/v2\/media?parent=41"}],"curies":[{"name":"wp","href":"https:\/\/api.w.org\/{rel}","templated":true}]}}