{"id":39,"date":"2022-02-20T02:57:19","date_gmt":"2022-02-20T14:57:19","guid":{"rendered":"https:\/\/0-zz.com\/02\/?page_id=39"},"modified":"2022-04-28T02:53:49","modified_gmt":"2022-04-28T14:53:49","slug":"a","status":"publish","type":"page","link":"https:\/\/0-zz.com\/02\/a\/","title":{"rendered":"A"},"content":{"rendered":"\n<h2 class=\"wp-block-heading\" id=\"a-02-a-02a\">a &#8211; 02\/a &#8211; 02A<\/h2>\n\n\n\n<figure class=\"wp-block-embed is-type-video is-provider-youtube wp-block-embed-youtube wp-embed-aspect-16-9 wp-has-aspect-ratio\"><div class=\"wp-block-embed__wrapper\">\n<iframe loading=\"lazy\" title=\"Ania - Tego chcialam (Video)\" width=\"580\" height=\"326\" src=\"https:\/\/www.youtube.com\/embed\/2nprtClCpWY?feature=oembed\" frameborder=\"0\" allow=\"accelerometer; autoplay; clipboard-write; encrypted-media; gyroscope; picture-in-picture; web-share\" referrerpolicy=\"strict-origin-when-cross-origin\" allowfullscreen><\/iframe>\n<\/div><\/figure>\n\n\n\n<h2 class=\"wp-block-heading\" id=\"ania-tego-chcialam-video\">Ania &#8211; Tego chcialam (Video)<\/h2>\n\n\n\n<p>5.7M views&nbsp;\u00b7&nbsp;12 years ago<\/p>\n\n\n\n<h2 class=\"wp-block-heading\" id=\"ania-dabrowska\">Ania D\u0105browska<\/h2>\n\n\n\n<p>SUBSCRIBED 205K subscribers<\/p>\n\n\n\n<p><a href=\"https:\/\/m.youtube.com\/channel\/UCAkllAf9MF8hxUc5rZb7gDw\">https:\/\/m.youtube.com\/channel\/UCAkllAf9MF8hxUc5rZb7gDw<\/a><\/p>\n\n\n\n<p>Tego chcia\u0142am<br>zalanych \u0142zami nocy w\u0142a\u015bnie to dosta\u0142am<br>wci\u0105\u017c b\u0119d\u0119 czeka\u0107 na tw\u00f3j znak cho\u0107 nadaremnie<br>pomi\u0119dzy nami nie wydarzy si\u0119 nic wi\u0119cej<\/p>\n\n\n\n<p>Tyle twoich s\u0142\u00f3w w g\u0142owie ci\u0105gle mam<br>tyle pi\u0119knych s\u0142\u00f3w \u017ce uwierzy\u0142am, \u017ce ju\u017c zawsze b\u0119dzie tak<br>Tyle twoich s\u0142\u00f3w w g\u0142owie ci\u0105gle mam<br>tyle pi\u0119knych s\u0142\u00f3w \u017ce uwierzy\u0142am, \u017ce ju\u017c zawsze b\u0119dzie tak<\/p>\n\n\n\n<p>Tego chcia\u0142am<br>by\u015b znikn\u0105\u0142 raz na zawsze w\u0142a\u015bnie to dosta\u0142am<br>musz\u0119 zapomnie\u0107 wszystko co mi powiedzia\u0142e\u015b<br>mo\u017ce zapomn\u0119 kiedy\u015b o tym, \u017ce istnia\u0142e\u015b<\/p>\n\n\n\n<p>Tyle twoich s\u0142\u00f3w w g\u0142owie ci\u0105gle mam<br>tyle pi\u0119knych s\u0142\u00f3w \u017ce uwierzy\u0142am, \u017ce ju\u017c zawsze b\u0119dzie tak<br>Tyle twoich s\u0142\u00f3w w g\u0142owie ci\u0105gle mam<br>tyle pi\u0119knych s\u0142\u00f3w \u017ce uwierzy\u0142am, \u017ce ju\u017c zawsze b\u0119dzie tak<\/p>\n\n\n\n<figure class=\"wp-block-table\"><table><tbody><tr><th>Autor tekstu:<\/th><td>Ania D\u0105browska<\/td><\/tr><tr><th>Kompozytor:<\/th><td>Ania D\u0105browska<\/td><\/tr><\/tbody><\/table><\/figure>\n\n\n\n<p><a href=\"https:\/\/www.tekstowo.pl\/piosenka,ania_dabrowska,tego_chcialam.html\">https:\/\/www.tekstowo.pl\/piosenka,ania_dabrowska,tego_chcialam.html<\/a><\/p>\n\n\n\n<hr class=\"wp-block-separator\"\/>\n\n\n\n<h4 class=\"wp-block-heading\">0-zz.com\/0 &#8211; 0-zz.com\/z :<\/h4>\n\n\n\n<p><small><strong><a href=\"http:\/\/0-zz.com\/0\">1\ufe0f\u20e31\ufe0f\u20e3-0<\/a> |<a href=\"http:\/\/0-zz.com\/1\">1\ufe0f\u20e32\ufe0f\u20e3-1<\/a> |<a href=\"http:\/\/0-zz.com\/2\">1\ufe0f\u20e33\ufe0f\u20e3-2<\/a> |<a href=\"http:\/\/0-zz.com\/3\">1\ufe0f\u20e34\ufe0f\u20e3-3<\/a> |<a href=\"http:\/\/0-zz.com\/4\">1\ufe0f\u20e35\ufe0f\u20e3-4<\/a> |<a href=\"http:\/\/0-zz.com\/5\">1\ufe0f\u20e36\ufe0f\u20e3-5<\/a> <\/strong><\/small><br><small> <strong><a href=\"http:\/\/0-zz.com\/6\">2\ufe0f\u20e31\ufe0f\u20e3-6<\/a> |<a href=\"http:\/\/0-zz.com\/7\">2\ufe0f\u20e32\ufe0f\u20e3-7<\/a> |<a href=\"http:\/\/0-zz.com\/8\">2\ufe0f\u20e33\ufe0f\u20e3-8<\/a> |<a href=\"http:\/\/0-zz.com\/9\">2\ufe0f\u20e34\ufe0f\u20e3-9<\/a> |<a href=\"http:\/\/0-zz.com\/a\">2\ufe0f\u20e35\ufe0f\u20e3-A<\/a> |<a href=\"http:\/\/0-zz.com\/b\">2\ufe0f\u20e36\ufe0f\u20e3-B<\/a><\/strong><\/small><br><small> <strong><a href=\"http:\/\/0-zz.com\/c\">3\ufe0f\u20e31\ufe0f\u20e3-C<\/a> |<a href=\"http:\/\/0-zz.com\/d\">3\ufe0f\u20e32\ufe0f\u20e3-D<\/a> |<a href=\"http:\/\/0-zz.com\/e\">3\ufe0f\u20e33\ufe0f\u20e3-E<\/a> |<a href=\"http:\/\/0-zz.com\/f\">3\ufe0f\u20e34\ufe0f\u20e3-F<\/a> |<a href=\"http:\/\/0-zz.com\/g\">3\ufe0f\u20e35\ufe0f\u20e3-G<\/a> |<a href=\"http:\/\/0-zz.com\/h\">3\ufe0f\u20e36\ufe0f\u20e3-H<\/a><\/strong><\/small><br><small> <strong><a href=\"http:\/\/0-zz.com\/i\">4\ufe0f\u20e31\ufe0f\u20e3-I<\/a> |<a href=\"http:\/\/0-zz.com\/j\">4\ufe0f\u20e32\ufe0f\u20e3-J<\/a> |<a href=\"http:\/\/0-zz.com\/k\">4\ufe0f\u20e33\ufe0f\u20e3-K<\/a> |<a href=\"http:\/\/0-zz.com\/l\">4\ufe0f\u20e34\ufe0f\u20e3-L<\/a> |<a href=\"http:\/\/0-zz.com\/m\">4\ufe0f\u20e35\ufe0f\u20e3-M<\/a> |<a href=\"http:\/\/0-zz.com\/n\">4\ufe0f\u20e36\ufe0f\u20e3-N<\/a><\/strong><\/small><br><small> <strong><a href=\"http:\/\/0-zz.com\/o\">5\ufe0f\u20e31\ufe0f\u20e3-O<\/a> |<a href=\"http:\/\/0-zz.com\/p\">5\ufe0f\u20e32\ufe0f\u20e3-P<\/a> |<a href=\"http:\/\/0-zz.com\/q\">5\ufe0f\u20e33\ufe0f\u20e3-Q<\/a> |<a href=\"http:\/\/0-zz.com\/r\">5\ufe0f\u20e34\ufe0f\u20e3-R<\/a> |<a href=\"http:\/\/0-zz.com\/s\">5\ufe0f\u20e35\ufe0f\u20e3-S<\/a> |<a href=\"http:\/\/0-zz.com\/t\">5\ufe0f\u20e36\ufe0f\u20e3-T<\/a><\/strong><\/small><br><small> <strong><a href=\"http:\/\/0-zz.com\/u\">6\ufe0f\u20e31\ufe0f\u20e3-U<\/a> |<a href=\"http:\/\/0-zz.com\/v\">6\ufe0f\u20e32\ufe0f\u20e3-V<\/a> |<a href=\"http:\/\/0-zz.com\/w\">6\ufe0f\u20e33\ufe0f\u20e3-W<\/a> |<a href=\"http:\/\/0-zz.com\/x\">6\ufe0f\u20e34\ufe0f\u20e3-X<\/a> |<a href=\"http:\/\/0-zz.com\/y\">6\ufe0f\u20e35\ufe0f\u20e3-Y<\/a> |<a href=\"http:\/\/0-zz.com\/z\">6\ufe0f\u20e36\ufe0f\u20e3-Z<\/a><\/strong><\/small><\/p>\n\n\n\n<p>Roll 2 dice ?? 1\ufe0f\u20e32\ufe0f\u20e33\ufe0f\u20e34\ufe0f\u20e35\ufe0f\u20e36\ufe0f\u20e3<\/p>\n\n\n\n<p><a href=\"https:\/\/www.random.org\/dice\/\">https:\/\/www.random.org\/dice\/<\/a><\/p>\n\n\n\n<p><a href=\"https:\/\/www.google.com\/search?q=dice+roller\">https:\/\/www.google.com\/search?q=dice+roller<\/a><\/p>\n\n\n\n<hr class=\"wp-block-separator\"\/>\n\n\n\n<p><a href=\"https:\/\/12r.pl\/ea\/\">12r.pl\/ea<\/a>&nbsp;-&gt;&nbsp;<a href=\"https:\/\/12r.uk\/ea\/\">12r.uk\/ea<\/a>&nbsp;-&gt;&nbsp;<a href=\"https:\/\/7hi7.com\/ea\/\">7hi7.com\/ea<\/a><\/p>\n\n\n\n<p>Wikipedia.org &#8211; Play game &#8211; portals, categories, states, cities, capital cities<\/p>\n","protected":false},"excerpt":{"rendered":"<p>a &#8211; 02\/a &#8211; 02A Ania &#8211; Tego chcialam (Video) 5.7M views&nbsp;\u00b7&nbsp;12 years ago Ania D\u0105browska SUBSCRIBED 205K subscribers https:\/\/m.youtube.com\/channel\/UCAkllAf9MF8hxUc5rZb7gDw Tego chcia\u0142amzalanych \u0142zami nocy w\u0142a\u015bnie to dosta\u0142amwci\u0105\u017c b\u0119d\u0119 czeka\u0107 na tw\u00f3j znak cho\u0107 nadaremniepomi\u0119dzy nami nie wydarzy si\u0119 nic wi\u0119cej Tyle twoich s\u0142\u00f3w w g\u0142owie ci\u0105gle mamtyle pi\u0119knych s\u0142\u00f3w \u017ce uwierzy\u0142am, \u017ce ju\u017c zawsze b\u0119dzie [&hellip;]<\/p>\n","protected":false},"author":1,"featured_media":0,"parent":0,"menu_order":0,"comment_status":"closed","ping_status":"closed","template":"","meta":{"footnotes":""},"class_list":["post-39","page","type-page","status-publish","hentry"],"_links":{"self":[{"href":"https:\/\/0-zz.com\/02\/wp-json\/wp\/v2\/pages\/39","targetHints":{"allow":["GET"]}}],"collection":[{"href":"https:\/\/0-zz.com\/02\/wp-json\/wp\/v2\/pages"}],"about":[{"href":"https:\/\/0-zz.com\/02\/wp-json\/wp\/v2\/types\/page"}],"author":[{"embeddable":true,"href":"https:\/\/0-zz.com\/02\/wp-json\/wp\/v2\/users\/1"}],"replies":[{"embeddable":true,"href":"https:\/\/0-zz.com\/02\/wp-json\/wp\/v2\/comments?post=39"}],"version-history":[{"count":3,"href":"https:\/\/0-zz.com\/02\/wp-json\/wp\/v2\/pages\/39\/revisions"}],"predecessor-version":[{"id":168,"href":"https:\/\/0-zz.com\/02\/wp-json\/wp\/v2\/pages\/39\/revisions\/168"}],"wp:attachment":[{"href":"https:\/\/0-zz.com\/02\/wp-json\/wp\/v2\/media?parent=39"}],"curies":[{"name":"wp","href":"https:\/\/api.w.org\/{rel}","templated":true}]}}