{"id":35,"date":"2022-02-20T02:47:25","date_gmt":"2022-02-20T14:47:25","guid":{"rendered":"https:\/\/0-zz.com\/02\/?page_id=35"},"modified":"2022-04-28T02:51:52","modified_gmt":"2022-04-28T14:51:52","slug":"8-2","status":"publish","type":"page","link":"https:\/\/0-zz.com\/02\/8-2\/","title":{"rendered":"8"},"content":{"rendered":"\n<h2 class=\"wp-block-heading\" id=\"8-02-8-028\">8 &#8211; 02\/8 &#8211; 028<\/h2>\n\n\n\n<figure class=\"wp-block-embed is-type-video is-provider-youtube wp-block-embed-youtube wp-embed-aspect-16-9 wp-has-aspect-ratio\"><div class=\"wp-block-embed__wrapper\">\n<iframe loading=\"lazy\" title=\"Kasia Kowalska - Antidotum\" width=\"580\" height=\"326\" src=\"https:\/\/www.youtube.com\/embed\/8LmwM1sug74?feature=oembed\" frameborder=\"0\" allow=\"accelerometer; autoplay; clipboard-write; encrypted-media; gyroscope; picture-in-picture; web-share\" referrerpolicy=\"strict-origin-when-cross-origin\" allowfullscreen><\/iframe>\n<\/div><\/figure>\n\n\n\n<h2 class=\"wp-block-heading\" id=\"kasia-kowalska-antidotum\">Kasia Kowalska &#8211; Antidotum<\/h2>\n\n\n\n<p>4.5M views&nbsp;\u00b7&nbsp;10 years ago<\/p>\n\n\n\n<h2 class=\"wp-block-heading\" id=\"kasia-kowalska\">Kasia Kowalska<\/h2>\n\n\n\n<p>SUBSCRIBED 44.8K subscribers<\/p>\n\n\n\n<p><a href=\"https:\/\/m.youtube.com\/channel\/UCfZMQa4TL-6lhlUxvZGdJ_w\">https:\/\/m.youtube.com\/channel\/UCfZMQa4TL-6lhlUxvZGdJ_w<\/a><\/p>\n\n\n\n<p>Ju\u017c nie czekam<br>Ju\u017c nie trwoni\u0119 mych dni na \u017cal<br>Jestem pewna<br>Trze\u017awym okiem dzi\u015b widz\u0119 jak<\/p>\n\n\n\n<p>Ka\u017cdy z nas robi b\u0142\u0105d<br>Czeka a\u017c przyjdzie kto\u015b<br>Kto wype\u0142ni nam \u015bwiat<br>Ka\u017cdy z nas cierpi, bo<br>Wierzy, \u017ce przyjdzie kto\u015b<br>Kto ukoi nasz strach<\/p>\n\n\n\n<p>Co mo\u017ce przyj\u015b\u0107 tego nigdy nie wiesz<br>Za ca\u0142e z\u0142o przesta\u0144 wini\u0107 siebie<br>Wiar\u0119 masz, si\u0142\u0119 masz by zmieni\u0107 to<\/p>\n\n\n\n<p>Zrzuc\u0119 ci\u0119\u017car twych k\u0142amstw<br>Powtarzanych co dnia<br>Zaczn\u0119 wierzy\u0107 w to<br>\u017be \u017cy\u0107 bez ciebie si\u0119 da<br>Obiecam otrze\u0107 swe \u0142zy<br>Ju\u017c wiem nie po to mam by\u0107<br>By si\u0119 zadr\u0119cza\u0107<br>Do wn\u0119trza sw\u00f3j krzyk chowa\u0107<br>Nie tego chc\u0119<br>Dzi\u015b nie tego chc\u0119<\/p>\n\n\n\n<p>Ju\u017c nie czekam<br>Nie odpowiem, \u017ce si\u0142 mi brak<br>Jestem wdzi\u0119czna<br>Antidotum dzi\u015b w sobie mam<\/p>\n\n\n\n<p>Co mo\u017ce przyj\u015b\u0107 tego nigdy nie wiesz<br>Za ca\u0142e z\u0142o przesta\u0144 wini\u0107 siebie<br>Wiar\u0119 masz, si\u0142\u0119 masz by zmieni\u0107 to<\/p>\n\n\n\n<p>Zrzuc\u0119 ci\u0119\u017car twych k\u0142amstw<br>Powtarzanych co dnia<br>Zaczn\u0119 wierzy\u0107 w to<br>\u017be \u017cy\u0107 bez ciebie si\u0119 da<br>Obiecam otrze\u0107 swe \u0142zy<br>Ju\u017c wiem nie po to mam by\u0107<br>By si\u0119 zadr\u0119cza\u0107<br>Do wn\u0119trza sw\u00f3j krzyk chowa\u0107<br>Nie tego chc\u0119<br>Dzi\u015b nie tego chc\u0119<\/p>\n\n\n\n<p>Zrzuc\u0119 ci\u0119\u017car twych k\u0142amstw<br>Powtarzanych co dnia<br>Zaczn\u0119 wierzy\u0107 w to<br>\u017be \u017cy\u0107 bez ciebie si\u0119 da<br>Obiecam otrze\u0107 swe \u0142zy<br>Ju\u017c wiem nie po to mam by\u0107<br>By si\u0119 zadr\u0119cza\u0107<br>Pami\u0119taj, dzi\u015b nie tego chc\u0119<\/p>\n\n\n\n<p>Zrzuc\u0119 ci\u0119\u017car twych k\u0142amstw<br>Powtarzanych co dnia<br>Zaczn\u0119 wierzy\u0107 w to<br>\u017be \u017cy\u0107 bez ciebie si\u0119 da<br>Obiecam otrze\u0107 swe \u0142zy<br>Ju\u017c wiem nie po to mam by\u0107<br>By si\u0119 zadr\u0119cza\u0107<br>Do wn\u0119trza sw\u00f3j krzyk chowa\u0107<br>Nie tego chc\u0119<br>Dzi\u015b nie tego chc\u0119<\/p>\n\n\n\n<figure class=\"wp-block-table\"><table><tbody><tr><th>Autor tekstu:<\/th><td>Katarzyna Kowalska<\/td><\/tr><tr><th>Kompozytor:<\/th><td>Micha\u0142 Grymuza<\/td><\/tr><\/tbody><\/table><\/figure>\n\n\n\n<p><a href=\"https:\/\/www.tekstowo.pl\/piosenka,kasia_kowalska,antidotum.html\">https:\/\/www.tekstowo.pl\/piosenka,kasia_kowalska,antidotum.html<\/a><\/p>\n\n\n\n<hr class=\"wp-block-separator\"\/>\n\n\n\n<h4 class=\"wp-block-heading\">0-zz.com\/0 &#8211; 0-zz.com\/z :<\/h4>\n\n\n\n<p><small><strong><a href=\"http:\/\/0-zz.com\/0\">1\ufe0f\u20e31\ufe0f\u20e3-0<\/a> |<a href=\"http:\/\/0-zz.com\/1\">1\ufe0f\u20e32\ufe0f\u20e3-1<\/a> |<a href=\"http:\/\/0-zz.com\/2\">1\ufe0f\u20e33\ufe0f\u20e3-2<\/a> |<a href=\"http:\/\/0-zz.com\/3\">1\ufe0f\u20e34\ufe0f\u20e3-3<\/a> |<a href=\"http:\/\/0-zz.com\/4\">1\ufe0f\u20e35\ufe0f\u20e3-4<\/a> |<a href=\"http:\/\/0-zz.com\/5\">1\ufe0f\u20e36\ufe0f\u20e3-5<\/a> <\/strong><\/small><br><small> <strong><a href=\"http:\/\/0-zz.com\/6\">2\ufe0f\u20e31\ufe0f\u20e3-6<\/a> |<a href=\"http:\/\/0-zz.com\/7\">2\ufe0f\u20e32\ufe0f\u20e3-7<\/a> |<a href=\"http:\/\/0-zz.com\/8\">2\ufe0f\u20e33\ufe0f\u20e3-8<\/a> |<a href=\"http:\/\/0-zz.com\/9\">2\ufe0f\u20e34\ufe0f\u20e3-9<\/a> |<a href=\"http:\/\/0-zz.com\/a\">2\ufe0f\u20e35\ufe0f\u20e3-A<\/a> |<a href=\"http:\/\/0-zz.com\/b\">2\ufe0f\u20e36\ufe0f\u20e3-B<\/a><\/strong><\/small><br><small> <strong><a href=\"http:\/\/0-zz.com\/c\">3\ufe0f\u20e31\ufe0f\u20e3-C<\/a> |<a href=\"http:\/\/0-zz.com\/d\">3\ufe0f\u20e32\ufe0f\u20e3-D<\/a> |<a href=\"http:\/\/0-zz.com\/e\">3\ufe0f\u20e33\ufe0f\u20e3-E<\/a> |<a href=\"http:\/\/0-zz.com\/f\">3\ufe0f\u20e34\ufe0f\u20e3-F<\/a> |<a href=\"http:\/\/0-zz.com\/g\">3\ufe0f\u20e35\ufe0f\u20e3-G<\/a> |<a href=\"http:\/\/0-zz.com\/h\">3\ufe0f\u20e36\ufe0f\u20e3-H<\/a><\/strong><\/small><br><small> <strong><a href=\"http:\/\/0-zz.com\/i\">4\ufe0f\u20e31\ufe0f\u20e3-I<\/a> |<a href=\"http:\/\/0-zz.com\/j\">4\ufe0f\u20e32\ufe0f\u20e3-J<\/a> |<a href=\"http:\/\/0-zz.com\/k\">4\ufe0f\u20e33\ufe0f\u20e3-K<\/a> |<a href=\"http:\/\/0-zz.com\/l\">4\ufe0f\u20e34\ufe0f\u20e3-L<\/a> |<a href=\"http:\/\/0-zz.com\/m\">4\ufe0f\u20e35\ufe0f\u20e3-M<\/a> |<a href=\"http:\/\/0-zz.com\/n\">4\ufe0f\u20e36\ufe0f\u20e3-N<\/a><\/strong><\/small><br><small> <strong><a href=\"http:\/\/0-zz.com\/o\">5\ufe0f\u20e31\ufe0f\u20e3-O<\/a> |<a href=\"http:\/\/0-zz.com\/p\">5\ufe0f\u20e32\ufe0f\u20e3-P<\/a> |<a href=\"http:\/\/0-zz.com\/q\">5\ufe0f\u20e33\ufe0f\u20e3-Q<\/a> |<a href=\"http:\/\/0-zz.com\/r\">5\ufe0f\u20e34\ufe0f\u20e3-R<\/a> |<a href=\"http:\/\/0-zz.com\/s\">5\ufe0f\u20e35\ufe0f\u20e3-S<\/a> |<a href=\"http:\/\/0-zz.com\/t\">5\ufe0f\u20e36\ufe0f\u20e3-T<\/a><\/strong><\/small><br><small> <strong><a href=\"http:\/\/0-zz.com\/u\">6\ufe0f\u20e31\ufe0f\u20e3-U<\/a> |<a href=\"http:\/\/0-zz.com\/v\">6\ufe0f\u20e32\ufe0f\u20e3-V<\/a> |<a href=\"http:\/\/0-zz.com\/w\">6\ufe0f\u20e33\ufe0f\u20e3-W<\/a> |<a href=\"http:\/\/0-zz.com\/x\">6\ufe0f\u20e34\ufe0f\u20e3-X<\/a> |<a href=\"http:\/\/0-zz.com\/y\">6\ufe0f\u20e35\ufe0f\u20e3-Y<\/a> |<a href=\"http:\/\/0-zz.com\/z\">6\ufe0f\u20e36\ufe0f\u20e3-Z<\/a><\/strong><\/small><\/p>\n\n\n\n<p>Roll 2 dice ?? 1\ufe0f\u20e32\ufe0f\u20e33\ufe0f\u20e34\ufe0f\u20e35\ufe0f\u20e36\ufe0f\u20e3<\/p>\n\n\n\n<p><a href=\"https:\/\/www.random.org\/dice\/\">https:\/\/www.random.org\/dice\/<\/a><\/p>\n\n\n\n<p><a href=\"https:\/\/www.google.com\/search?q=dice+roller\">https:\/\/www.google.com\/search?q=dice+roller<\/a><\/p>\n\n\n\n<hr class=\"wp-block-separator\"\/>\n\n\n\n<p><a href=\"https:\/\/12r.pl\/ea\/\">12r.pl\/ea<\/a>&nbsp;-&gt;&nbsp;<a href=\"https:\/\/12r.uk\/ea\/\">12r.uk\/ea<\/a>&nbsp;-&gt;&nbsp;<a href=\"https:\/\/7hi7.com\/ea\/\">7hi7.com\/ea<\/a><\/p>\n\n\n\n<p>Wikipedia.org &#8211; Play game &#8211; portals, categories, states, cities, capital cities<\/p>\n","protected":false},"excerpt":{"rendered":"<p>8 &#8211; 02\/8 &#8211; 028 Kasia Kowalska &#8211; Antidotum 4.5M views&nbsp;\u00b7&nbsp;10 years ago Kasia Kowalska SUBSCRIBED 44.8K subscribers https:\/\/m.youtube.com\/channel\/UCfZMQa4TL-6lhlUxvZGdJ_w Ju\u017c nie czekamJu\u017c nie trwoni\u0119 mych dni na \u017calJestem pewnaTrze\u017awym okiem dzi\u015b widz\u0119 jak Ka\u017cdy z nas robi b\u0142\u0105dCzeka a\u017c przyjdzie kto\u015bKto wype\u0142ni nam \u015bwiatKa\u017cdy z nas cierpi, boWierzy, \u017ce przyjdzie kto\u015bKto ukoi nasz strach Co [&hellip;]<\/p>\n","protected":false},"author":1,"featured_media":0,"parent":0,"menu_order":0,"comment_status":"closed","ping_status":"closed","template":"","meta":{"footnotes":""},"class_list":["post-35","page","type-page","status-publish","hentry"],"_links":{"self":[{"href":"https:\/\/0-zz.com\/02\/wp-json\/wp\/v2\/pages\/35","targetHints":{"allow":["GET"]}}],"collection":[{"href":"https:\/\/0-zz.com\/02\/wp-json\/wp\/v2\/pages"}],"about":[{"href":"https:\/\/0-zz.com\/02\/wp-json\/wp\/v2\/types\/page"}],"author":[{"embeddable":true,"href":"https:\/\/0-zz.com\/02\/wp-json\/wp\/v2\/users\/1"}],"replies":[{"embeddable":true,"href":"https:\/\/0-zz.com\/02\/wp-json\/wp\/v2\/comments?post=35"}],"version-history":[{"count":3,"href":"https:\/\/0-zz.com\/02\/wp-json\/wp\/v2\/pages\/35\/revisions"}],"predecessor-version":[{"id":166,"href":"https:\/\/0-zz.com\/02\/wp-json\/wp\/v2\/pages\/35\/revisions\/166"}],"wp:attachment":[{"href":"https:\/\/0-zz.com\/02\/wp-json\/wp\/v2\/media?parent=35"}],"curies":[{"name":"wp","href":"https:\/\/api.w.org\/{rel}","templated":true}]}}