{"id":33,"date":"2022-02-20T02:38:48","date_gmt":"2022-02-20T14:38:48","guid":{"rendered":"https:\/\/0-zz.com\/02\/?page_id=33"},"modified":"2022-04-28T02:50:52","modified_gmt":"2022-04-28T14:50:52","slug":"7-2","status":"publish","type":"page","link":"https:\/\/0-zz.com\/02\/7-2\/","title":{"rendered":"7"},"content":{"rendered":"\n<h2 class=\"wp-block-heading\" id=\"7-02-7-027\">7 &#8211; 02\/7 &#8211; 027<\/h2>\n\n\n\n<figure class=\"wp-block-embed is-type-video is-provider-youtube wp-block-embed-youtube wp-embed-aspect-4-3 wp-has-aspect-ratio\"><div class=\"wp-block-embed__wrapper\">\n<iframe loading=\"lazy\" title=\"Gosia Andrzejewicz - S\u0142owa\" width=\"580\" height=\"435\" src=\"https:\/\/www.youtube.com\/embed\/ASPkJzvB8sw?feature=oembed\" frameborder=\"0\" allow=\"accelerometer; autoplay; clipboard-write; encrypted-media; gyroscope; picture-in-picture; web-share\" referrerpolicy=\"strict-origin-when-cross-origin\" allowfullscreen><\/iframe>\n<\/div><\/figure>\n\n\n\n<h2 class=\"wp-block-heading\" id=\"gosia-andrzejewicz-slowa\">Gosia Andrzejewicz &#8211; S\u0142owa<\/h2>\n\n\n\n<p>523K views&nbsp;\u00b7&nbsp;11 years ago<\/p>\n\n\n\n<h2 class=\"wp-block-heading\" id=\"gosiaandrzejewicztv\">GosiaAndrzejewiczTV<\/h2>\n\n\n\n<p>SUBSCRIBED 21K subscribers<\/p>\n\n\n\n<p><a href=\"https:\/\/m.youtube.com\/channel\/UCk5NsXI2tjLBp-_COQm9HJg\">https:\/\/m.youtube.com\/channel\/UCk5NsXI2tjLBp-_COQm9HJg<\/a><\/p>\n\n\n\n<p>Tak lekkie jak s\u0142owika \u015bpiew<br>Tak ciep\u0142e jak<br>Jak pustynny deszcz<br>Umia\u0142y by\u0107 tylko s\u0142owa Twe heije<br>Tuli\u0142y mnie w ramionach snu<br>Chroni\u0142y przed ka\u017cdym brakiem tchu<br>My\u015bla\u0142am, \u017ce tak ju\u017c pozostanie heije<\/p>\n\n\n\n<p>Odnalaz\u0142am siebie w Tobie<br>Nie potrafi\u0119 Ci\u0119 zapomnie\u0107<br>Bo jeste\u015b obecny<br>W ka\u017cdej chwili, kt\u00f3ra mnie otacza<br>Wci\u0105\u017c pami\u0119tam tamte chwile<br>W kt\u00f3rych tak m\u00f3wi\u0142e\u015b tyle<br>\u017be kochasz, \u017ce pragniesz<br>Bym by\u0142a tylko z Tob\u0105 tu na zawsze<\/p>\n\n\n\n<p>Ju\u017c ponad rok jak nie ma Ci\u0119<br>Niewdzi\u0119czny los zmienia \u017cycia bieg<br>Tak trudno jest zacz\u0105\u0107 nowy dzie\u0144 heije<br>Zatrzymam Ci\u0119 w pami\u0119ci mej<br>Chc\u0119 poczu\u0107 jak<br>Jak przytulam Ci\u0119<br>Chc\u0119 wierzy\u0107, \u017ce nic nie sta\u0142o si\u0119 heije<\/p>\n\n\n\n<p>Odnalaz\u0142am siebie w Tobie&#8230;<\/p>\n\n\n\n<figure class=\"wp-block-table\"><table><tbody><tr><th>Autor tekstu:<\/th><td>Gosia Andrzejewicz<\/td><\/tr><tr><th>Kompozytor:<\/th><td>Goffredo Orlandi<\/td><\/tr><\/tbody><\/table><\/figure>\n\n\n\n<p><a href=\"https:\/\/www.tekstowo.pl\/piosenka,gosia_andrzejewicz,slowa.html\">https:\/\/www.tekstowo.pl\/piosenka,gosia_andrzejewicz,slowa.html<\/a><\/p>\n\n\n\n<hr class=\"wp-block-separator\"\/>\n\n\n\n<h4 class=\"wp-block-heading\">0-zz.com\/0 &#8211; 0-zz.com\/z :<\/h4>\n\n\n\n<p><small><strong><a href=\"http:\/\/0-zz.com\/0\">1\ufe0f\u20e31\ufe0f\u20e3-0<\/a> |<a href=\"http:\/\/0-zz.com\/1\">1\ufe0f\u20e32\ufe0f\u20e3-1<\/a> |<a href=\"http:\/\/0-zz.com\/2\">1\ufe0f\u20e33\ufe0f\u20e3-2<\/a> |<a href=\"http:\/\/0-zz.com\/3\">1\ufe0f\u20e34\ufe0f\u20e3-3<\/a> |<a href=\"http:\/\/0-zz.com\/4\">1\ufe0f\u20e35\ufe0f\u20e3-4<\/a> |<a href=\"http:\/\/0-zz.com\/5\">1\ufe0f\u20e36\ufe0f\u20e3-5<\/a> <\/strong><\/small><br><small> <strong><a href=\"http:\/\/0-zz.com\/6\">2\ufe0f\u20e31\ufe0f\u20e3-6<\/a> |<a href=\"http:\/\/0-zz.com\/7\">2\ufe0f\u20e32\ufe0f\u20e3-7<\/a> |<a href=\"http:\/\/0-zz.com\/8\">2\ufe0f\u20e33\ufe0f\u20e3-8<\/a> |<a href=\"http:\/\/0-zz.com\/9\">2\ufe0f\u20e34\ufe0f\u20e3-9<\/a> |<a href=\"http:\/\/0-zz.com\/a\">2\ufe0f\u20e35\ufe0f\u20e3-A<\/a> |<a href=\"http:\/\/0-zz.com\/b\">2\ufe0f\u20e36\ufe0f\u20e3-B<\/a><\/strong><\/small><br><small> <strong><a href=\"http:\/\/0-zz.com\/c\">3\ufe0f\u20e31\ufe0f\u20e3-C<\/a> |<a href=\"http:\/\/0-zz.com\/d\">3\ufe0f\u20e32\ufe0f\u20e3-D<\/a> |<a href=\"http:\/\/0-zz.com\/e\">3\ufe0f\u20e33\ufe0f\u20e3-E<\/a> |<a href=\"http:\/\/0-zz.com\/f\">3\ufe0f\u20e34\ufe0f\u20e3-F<\/a> |<a href=\"http:\/\/0-zz.com\/g\">3\ufe0f\u20e35\ufe0f\u20e3-G<\/a> |<a href=\"http:\/\/0-zz.com\/h\">3\ufe0f\u20e36\ufe0f\u20e3-H<\/a><\/strong><\/small><br><small> <strong><a href=\"http:\/\/0-zz.com\/i\">4\ufe0f\u20e31\ufe0f\u20e3-I<\/a> |<a href=\"http:\/\/0-zz.com\/j\">4\ufe0f\u20e32\ufe0f\u20e3-J<\/a> |<a href=\"http:\/\/0-zz.com\/k\">4\ufe0f\u20e33\ufe0f\u20e3-K<\/a> |<a href=\"http:\/\/0-zz.com\/l\">4\ufe0f\u20e34\ufe0f\u20e3-L<\/a> |<a href=\"http:\/\/0-zz.com\/m\">4\ufe0f\u20e35\ufe0f\u20e3-M<\/a> |<a href=\"http:\/\/0-zz.com\/n\">4\ufe0f\u20e36\ufe0f\u20e3-N<\/a><\/strong><\/small><br><small> <strong><a href=\"http:\/\/0-zz.com\/o\">5\ufe0f\u20e31\ufe0f\u20e3-O<\/a> |<a href=\"http:\/\/0-zz.com\/p\">5\ufe0f\u20e32\ufe0f\u20e3-P<\/a> |<a href=\"http:\/\/0-zz.com\/q\">5\ufe0f\u20e33\ufe0f\u20e3-Q<\/a> |<a href=\"http:\/\/0-zz.com\/r\">5\ufe0f\u20e34\ufe0f\u20e3-R<\/a> |<a href=\"http:\/\/0-zz.com\/s\">5\ufe0f\u20e35\ufe0f\u20e3-S<\/a> |<a href=\"http:\/\/0-zz.com\/t\">5\ufe0f\u20e36\ufe0f\u20e3-T<\/a><\/strong><\/small><br><small> <strong><a href=\"http:\/\/0-zz.com\/u\">6\ufe0f\u20e31\ufe0f\u20e3-U<\/a> |<a href=\"http:\/\/0-zz.com\/v\">6\ufe0f\u20e32\ufe0f\u20e3-V<\/a> |<a href=\"http:\/\/0-zz.com\/w\">6\ufe0f\u20e33\ufe0f\u20e3-W<\/a> |<a href=\"http:\/\/0-zz.com\/x\">6\ufe0f\u20e34\ufe0f\u20e3-X<\/a> |<a href=\"http:\/\/0-zz.com\/y\">6\ufe0f\u20e35\ufe0f\u20e3-Y<\/a> |<a href=\"http:\/\/0-zz.com\/z\">6\ufe0f\u20e36\ufe0f\u20e3-Z<\/a><\/strong><\/small><\/p>\n\n\n\n<p>Roll 2 dice ?? 1\ufe0f\u20e32\ufe0f\u20e33\ufe0f\u20e34\ufe0f\u20e35\ufe0f\u20e36\ufe0f\u20e3<\/p>\n\n\n\n<p><a href=\"https:\/\/www.random.org\/dice\/\">https:\/\/www.random.org\/dice\/<\/a><\/p>\n\n\n\n<p><a href=\"https:\/\/www.google.com\/search?q=dice+roller\">https:\/\/www.google.com\/search?q=dice+roller<\/a><\/p>\n\n\n\n<hr class=\"wp-block-separator\"\/>\n\n\n\n<p><a href=\"https:\/\/12r.pl\/ea\/\">12r.pl\/ea<\/a>&nbsp;-&gt;&nbsp;<a href=\"https:\/\/12r.uk\/ea\/\">12r.uk\/ea<\/a>&nbsp;-&gt;&nbsp;<a href=\"https:\/\/7hi7.com\/ea\/\">7hi7.com\/ea<\/a><\/p>\n\n\n\n<p>Wikipedia.org &#8211; Play game &#8211; portals, categories, states, cities, capital cities<\/p>\n","protected":false},"excerpt":{"rendered":"<p>7 &#8211; 02\/7 &#8211; 027 Gosia Andrzejewicz &#8211; S\u0142owa 523K views&nbsp;\u00b7&nbsp;11 years ago GosiaAndrzejewiczTV SUBSCRIBED 21K subscribers https:\/\/m.youtube.com\/channel\/UCk5NsXI2tjLBp-_COQm9HJg Tak lekkie jak s\u0142owika \u015bpiewTak ciep\u0142e jakJak pustynny deszczUmia\u0142y by\u0107 tylko s\u0142owa Twe heijeTuli\u0142y mnie w ramionach snuChroni\u0142y przed ka\u017cdym brakiem tchuMy\u015bla\u0142am, \u017ce tak ju\u017c pozostanie heije Odnalaz\u0142am siebie w TobieNie potrafi\u0119 Ci\u0119 zapomnie\u0107Bo jeste\u015b obecnyW ka\u017cdej [&hellip;]<\/p>\n","protected":false},"author":1,"featured_media":0,"parent":0,"menu_order":0,"comment_status":"closed","ping_status":"closed","template":"","meta":{"footnotes":""},"class_list":["post-33","page","type-page","status-publish","hentry"],"_links":{"self":[{"href":"https:\/\/0-zz.com\/02\/wp-json\/wp\/v2\/pages\/33","targetHints":{"allow":["GET"]}}],"collection":[{"href":"https:\/\/0-zz.com\/02\/wp-json\/wp\/v2\/pages"}],"about":[{"href":"https:\/\/0-zz.com\/02\/wp-json\/wp\/v2\/types\/page"}],"author":[{"embeddable":true,"href":"https:\/\/0-zz.com\/02\/wp-json\/wp\/v2\/users\/1"}],"replies":[{"embeddable":true,"href":"https:\/\/0-zz.com\/02\/wp-json\/wp\/v2\/comments?post=33"}],"version-history":[{"count":3,"href":"https:\/\/0-zz.com\/02\/wp-json\/wp\/v2\/pages\/33\/revisions"}],"predecessor-version":[{"id":165,"href":"https:\/\/0-zz.com\/02\/wp-json\/wp\/v2\/pages\/33\/revisions\/165"}],"wp:attachment":[{"href":"https:\/\/0-zz.com\/02\/wp-json\/wp\/v2\/media?parent=33"}],"curies":[{"name":"wp","href":"https:\/\/api.w.org\/{rel}","templated":true}]}}