{"id":27,"date":"2022-02-20T02:24:05","date_gmt":"2022-02-20T14:24:05","guid":{"rendered":"https:\/\/0-zz.com\/02\/?page_id=27"},"modified":"2022-04-28T02:48:33","modified_gmt":"2022-04-28T14:48:33","slug":"5-2","status":"publish","type":"page","link":"https:\/\/0-zz.com\/02\/5-2\/","title":{"rendered":"5"},"content":{"rendered":"\n<h2 class=\"wp-block-heading\" id=\"5-02-5-025\">5 &#8211; 02\/5 &#8211; 025<\/h2>\n\n\n\n<figure class=\"wp-block-embed is-type-video is-provider-youtube wp-block-embed-youtube wp-embed-aspect-16-9 wp-has-aspect-ratio\"><div class=\"wp-block-embed__wrapper\">\n<iframe loading=\"lazy\" title=\"Blue Cafe - Czas Nie Bedzie Czekal\" width=\"580\" height=\"326\" src=\"https:\/\/www.youtube.com\/embed\/UmJKQ50LrXQ?feature=oembed\" frameborder=\"0\" allow=\"accelerometer; autoplay; clipboard-write; encrypted-media; gyroscope; picture-in-picture; web-share\" referrerpolicy=\"strict-origin-when-cross-origin\" allowfullscreen><\/iframe>\n<\/div><\/figure>\n\n\n\n<h2 class=\"wp-block-heading\" id=\"blue-cafe-czas-nie-bedzie-czekal\">Blue Cafe &#8211; Czas Nie Bedzie Czekal<\/h2>\n\n\n\n<p>12M views&nbsp;\u00b7&nbsp;10 years ago<\/p>\n\n\n\n<h2 class=\"wp-block-heading\" id=\"blue-cafe\">Blue Cafe<\/h2>\n\n\n\n<p>SUBSCRIBED 32.6K subscribers<\/p>\n\n\n\n<p><a href=\"https:\/\/m.youtube.com\/channel\/UCNjiySp_byJeBeAJ0x83qag\">https:\/\/m.youtube.com\/channel\/UCNjiySp_byJeBeAJ0x83qag<\/a><\/p>\n\n\n\n<p>O niepowstrzymane \u0142zy<br>Nigdy nie spe\u0142nione sny<br>S\u0142owa, kt\u00f3rych by\u0142o brak<br>Dzi\u015b do siebie mam \u017cal<br>Wci\u0105\u017c t\u0142umiony w sobie krzyk<br>B\u00f3l co zadr\u0105 we mnie tkwi\u0142<br>Strach przed tym, co pi\u0119kne jest<br>Dzi\u015b zapomnie\u0107 ju\u017c chc\u0119.<\/p>\n\n\n\n<p>Czas nie b\u0119dzie na nas czeka\u0142<br>Wi\u0119c wybaczmy sobie to, co by\u0142o w nas z\u0142e<br>Nie umiem \u017cy\u0107 bez ciebie<br>Teraz dobrze to wiem.<\/p>\n\n\n\n<p>O stracony przez nas czas<br>W gruzach wymarzony \u015bwiat<br>Wojny kto z nas racje mia\u0142<br>Dzisiaj do nas mam \u017cal<br>Z niespe\u0142nionych marze\u0144 stos<br>\u017balem przepe\u0142niony g\u0142os<br>To, co tak bola\u0142o mnie<br>Dzi\u015b zapomnie\u0107 ju\u017c chc\u0119.<\/p>\n\n\n\n<p>Czas nie b\u0119dzie na nas czeka\u0142<br>Wi\u0119c wybaczmy sobie to, co by\u0142o w nas z\u0142e<br>Nie umiem \u017cy\u0107 bez ciebie<br>Teraz dobrze to wiem.<\/p>\n\n\n\n<p>Czas nie b\u0119dzie na nas czeka\u0142<br>Wi\u0119c wybaczmy sobie to, co by\u0142o w nas z\u0142e<br>Nie umiem \u017cy\u0107 bez ciebie<br>Teraz dobrze to wiem&#8230;<br>Teraz dobrze to wiem&#8230;<br>Teraz dobrze to wiem&#8230;<\/p>\n\n\n\n<figure class=\"wp-block-table\"><table><tbody><tr><th>Autor tekstu:<\/th><td>Pawe\u0142 Rurak-Sokal<\/td><\/tr><tr><th>Kompozytor:<\/th><td>Pawe\u0142 Rurak-Sokal<\/td><\/tr><\/tbody><\/table><\/figure>\n\n\n\n<p><a href=\"https:\/\/www.tekstowo.pl\/piosenka,blue_caf_,czas_nie_bedzie_czekal.html\">https:\/\/www.tekstowo.pl\/piosenka,blue_caf_,czas_nie_bedzie_czekal.html<\/a><\/p>\n\n\n\n<figure class=\"wp-block-embed is-type-video is-provider-youtube wp-block-embed-youtube wp-embed-aspect-16-9 wp-has-aspect-ratio\"><div class=\"wp-block-embed__wrapper\">\n<iframe loading=\"lazy\" title=\"Blue Cafe - To Ty\" width=\"580\" height=\"326\" src=\"https:\/\/www.youtube.com\/embed\/V1q6kvi4e1s?feature=oembed\" frameborder=\"0\" allow=\"accelerometer; autoplay; clipboard-write; encrypted-media; gyroscope; picture-in-picture; web-share\" referrerpolicy=\"strict-origin-when-cross-origin\" allowfullscreen><\/iframe>\n<\/div><\/figure>\n\n\n\n<h2 class=\"wp-block-heading\" id=\"blue-cafe-to-ty\">Blue Cafe &#8211; To Ty<\/h2>\n\n\n\n<p>12M views&nbsp;\u00b7&nbsp;6 years ago<\/p>\n\n\n\n<h2 class=\"wp-block-heading\" id=\"bluecafemusicvevo\">BlueCafeMusicVEVO<\/h2>\n\n\n\n<p>SUBSCRIBED 53.2K subscribers<\/p>\n\n\n\n<p><a href=\"https:\/\/m.youtube.com\/channel\/UChCkqsyTt7nOwGdkA1KT-Ag\">https:\/\/m.youtube.com\/channel\/UChCkqsyTt7nOwGdkA1KT-Ag<\/a><\/p>\n\n\n\n<p>Wiem, obserwujesz mnie,<br>ja widz\u0119 Ciebie te\u017c,<br>widz\u0119 Ciebie te\u017c<\/p>\n\n\n\n<p>Wiem, obserwujesz mnie,<br>ja widz\u0119 Ciebie te\u017c,<br>widz\u0119 Ciebie te\u017c<\/p>\n\n\n\n<p>Ja wiem, to jedno pewne jest,<br>to Ciebie przed oczami mam.<br>Kto wie, zn\u00f3w mo\u017ce spotkam Ci\u0119,<br>nim sko\u0144czy si\u0119 d\u0142ugi dzie\u0144.<\/p>\n\n\n\n<p>Tak trudno jest zostawi\u0107 te wspomnienia,<br>Wszystko, co wiesz, nim spotka\u0142 nas los.<br>Nie w Tobie chc\u0119 dzi\u015b szuka\u0107 zapomnienia,<br>Niech minie czas&#8230;<\/p>\n\n\n\n<p>To Ty, stale mijamy si\u0119,<br>kto wie, co oddala nas.<br>To nic, odnajdziemy si\u0119 gdzie\u015b.<br>Ty wiesz i ja.<\/p>\n\n\n\n<p>To Ty, stale mijamy si\u0119,<br>kto wie, co oddala nas.<br>To nic, odnajdziemy si\u0119 gdzie\u015b.<br>Ty wiesz i ja.<\/p>\n\n\n\n<p>Wiem, obserwujesz mnie,<br>ja widz\u0119 Ciebie te\u017c,<br>widz\u0119 Ciebie te\u017c<br>Wiem, obserwujesz mnie.<\/p>\n\n\n\n<p>Nie szukam prawdy, kt\u00f3r\u0105 znam,<br>we \u015bnie nie szukam Ciebie ju\u017c.<br>Pojawiasz si\u0119, zabierasz mnie,<br>w twych oczach zapadam si\u0119.<\/p>\n\n\n\n<p>Tak wiele chc\u0119, odwagi mi brakuje,<br>Nadejdzie czas gdy powiem Ci to.<br>Stracone dni &#8211; to wszystko nadal czuj\u0119,<br>Tak blisko nam&#8230;<\/p>\n\n\n\n<p>To Ty, stale mijamy si\u0119,<br>kto wie, co oddala nas.<br>To nic, odnajdziemy si\u0119 gdzie\u015b.<br>Ty wiesz i ja.<\/p>\n\n\n\n<p>To Ty, stale mijamy si\u0119,<br>kto wie, co oddala nas.<br>To nic, odnajdziemy si\u0119 gdzie\u015b.<br>Ty wiesz i ja.<\/p>\n\n\n\n<p>To Ty, stale mijamy si\u0119,<br>kto wie, co oddala nas.<br>To nic, odnajdziemy si\u0119 gdzie\u015b.<br>Ty wiesz i ja.<\/p>\n\n\n\n<figure class=\"wp-block-table\"><table><tbody><tr><th>Autor tekstu:<\/th><td>Dominika Gaw\u0119da, Kasia Popowska<\/td><\/tr><tr><th>Kompozytor:<\/th><td>Pawe\u0142 Rurak-Sokal<\/td><\/tr><\/tbody><\/table><\/figure>\n\n\n\n<p><a href=\"https:\/\/www.tekstowo.pl\/piosenka,blue_caf_,to_ty.html\">https:\/\/www.tekstowo.pl\/piosenka,blue_caf_,to_ty.html<\/a><\/p>\n\n\n\n<hr class=\"wp-block-separator\"\/>\n\n\n\n<h4 class=\"wp-block-heading\">0-zz.com\/0 &#8211; 0-zz.com\/z :<\/h4>\n\n\n\n<p><small><strong><a href=\"http:\/\/0-zz.com\/0\">1\ufe0f\u20e31\ufe0f\u20e3-0<\/a> |<a href=\"http:\/\/0-zz.com\/1\">1\ufe0f\u20e32\ufe0f\u20e3-1<\/a> |<a href=\"http:\/\/0-zz.com\/2\">1\ufe0f\u20e33\ufe0f\u20e3-2<\/a> |<a href=\"http:\/\/0-zz.com\/3\">1\ufe0f\u20e34\ufe0f\u20e3-3<\/a> |<a href=\"http:\/\/0-zz.com\/4\">1\ufe0f\u20e35\ufe0f\u20e3-4<\/a> |<a href=\"http:\/\/0-zz.com\/5\">1\ufe0f\u20e36\ufe0f\u20e3-5<\/a> <\/strong><\/small><br><small> <strong><a href=\"http:\/\/0-zz.com\/6\">2\ufe0f\u20e31\ufe0f\u20e3-6<\/a> |<a href=\"http:\/\/0-zz.com\/7\">2\ufe0f\u20e32\ufe0f\u20e3-7<\/a> |<a href=\"http:\/\/0-zz.com\/8\">2\ufe0f\u20e33\ufe0f\u20e3-8<\/a> |<a href=\"http:\/\/0-zz.com\/9\">2\ufe0f\u20e34\ufe0f\u20e3-9<\/a> |<a href=\"http:\/\/0-zz.com\/a\">2\ufe0f\u20e35\ufe0f\u20e3-A<\/a> |<a href=\"http:\/\/0-zz.com\/b\">2\ufe0f\u20e36\ufe0f\u20e3-B<\/a><\/strong><\/small><br><small> <strong><a href=\"http:\/\/0-zz.com\/c\">3\ufe0f\u20e31\ufe0f\u20e3-C<\/a> |<a href=\"http:\/\/0-zz.com\/d\">3\ufe0f\u20e32\ufe0f\u20e3-D<\/a> |<a href=\"http:\/\/0-zz.com\/e\">3\ufe0f\u20e33\ufe0f\u20e3-E<\/a> |<a href=\"http:\/\/0-zz.com\/f\">3\ufe0f\u20e34\ufe0f\u20e3-F<\/a> |<a href=\"http:\/\/0-zz.com\/g\">3\ufe0f\u20e35\ufe0f\u20e3-G<\/a> |<a href=\"http:\/\/0-zz.com\/h\">3\ufe0f\u20e36\ufe0f\u20e3-H<\/a><\/strong><\/small><br><small> <strong><a href=\"http:\/\/0-zz.com\/i\">4\ufe0f\u20e31\ufe0f\u20e3-I<\/a> |<a href=\"http:\/\/0-zz.com\/j\">4\ufe0f\u20e32\ufe0f\u20e3-J<\/a> |<a href=\"http:\/\/0-zz.com\/k\">4\ufe0f\u20e33\ufe0f\u20e3-K<\/a> |<a href=\"http:\/\/0-zz.com\/l\">4\ufe0f\u20e34\ufe0f\u20e3-L<\/a> |<a href=\"http:\/\/0-zz.com\/m\">4\ufe0f\u20e35\ufe0f\u20e3-M<\/a> |<a href=\"http:\/\/0-zz.com\/n\">4\ufe0f\u20e36\ufe0f\u20e3-N<\/a><\/strong><\/small><br><small> <strong><a href=\"http:\/\/0-zz.com\/o\">5\ufe0f\u20e31\ufe0f\u20e3-O<\/a> |<a href=\"http:\/\/0-zz.com\/p\">5\ufe0f\u20e32\ufe0f\u20e3-P<\/a> |<a href=\"http:\/\/0-zz.com\/q\">5\ufe0f\u20e33\ufe0f\u20e3-Q<\/a> |<a href=\"http:\/\/0-zz.com\/r\">5\ufe0f\u20e34\ufe0f\u20e3-R<\/a> |<a href=\"http:\/\/0-zz.com\/s\">5\ufe0f\u20e35\ufe0f\u20e3-S<\/a> |<a href=\"http:\/\/0-zz.com\/t\">5\ufe0f\u20e36\ufe0f\u20e3-T<\/a><\/strong><\/small><br><small> <strong><a href=\"http:\/\/0-zz.com\/u\">6\ufe0f\u20e31\ufe0f\u20e3-U<\/a> |<a href=\"http:\/\/0-zz.com\/v\">6\ufe0f\u20e32\ufe0f\u20e3-V<\/a> |<a href=\"http:\/\/0-zz.com\/w\">6\ufe0f\u20e33\ufe0f\u20e3-W<\/a> |<a href=\"http:\/\/0-zz.com\/x\">6\ufe0f\u20e34\ufe0f\u20e3-X<\/a> |<a href=\"http:\/\/0-zz.com\/y\">6\ufe0f\u20e35\ufe0f\u20e3-Y<\/a> |<a href=\"http:\/\/0-zz.com\/z\">6\ufe0f\u20e36\ufe0f\u20e3-Z<\/a><\/strong><\/small><\/p>\n\n\n\n<p>Roll 2 dice ?? 1\ufe0f\u20e32\ufe0f\u20e33\ufe0f\u20e34\ufe0f\u20e35\ufe0f\u20e36\ufe0f\u20e3<\/p>\n\n\n\n<p><a href=\"https:\/\/www.random.org\/dice\/\">https:\/\/www.random.org\/dice\/<\/a><\/p>\n\n\n\n<p><a href=\"https:\/\/www.google.com\/search?q=dice+roller\">https:\/\/www.google.com\/search?q=dice+roller<\/a><\/p>\n\n\n\n<hr class=\"wp-block-separator\"\/>\n\n\n\n<p><a href=\"https:\/\/12r.pl\/ea\/\">12r.pl\/ea<\/a>&nbsp;-&gt;&nbsp;<a href=\"https:\/\/12r.uk\/ea\/\">12r.uk\/ea<\/a>&nbsp;-&gt;&nbsp;<a href=\"https:\/\/7hi7.com\/ea\/\">7hi7.com\/ea<\/a><\/p>\n\n\n\n<p>Wikipedia.org &#8211; Play game &#8211; portals, categories, states, cities, capital cities<\/p>\n","protected":false},"excerpt":{"rendered":"<p>5 &#8211; 02\/5 &#8211; 025 Blue Cafe &#8211; Czas Nie Bedzie Czekal 12M views&nbsp;\u00b7&nbsp;10 years ago Blue Cafe SUBSCRIBED 32.6K subscribers https:\/\/m.youtube.com\/channel\/UCNjiySp_byJeBeAJ0x83qag O niepowstrzymane \u0142zyNigdy nie spe\u0142nione snyS\u0142owa, kt\u00f3rych by\u0142o brakDzi\u015b do siebie mam \u017calWci\u0105\u017c t\u0142umiony w sobie krzykB\u00f3l co zadr\u0105 we mnie tkwi\u0142Strach przed tym, co pi\u0119kne jestDzi\u015b zapomnie\u0107 ju\u017c chc\u0119. Czas nie b\u0119dzie [&hellip;]<\/p>\n","protected":false},"author":1,"featured_media":0,"parent":0,"menu_order":0,"comment_status":"closed","ping_status":"closed","template":"","meta":{"footnotes":""},"class_list":["post-27","page","type-page","status-publish","hentry"],"_links":{"self":[{"href":"https:\/\/0-zz.com\/02\/wp-json\/wp\/v2\/pages\/27","targetHints":{"allow":["GET"]}}],"collection":[{"href":"https:\/\/0-zz.com\/02\/wp-json\/wp\/v2\/pages"}],"about":[{"href":"https:\/\/0-zz.com\/02\/wp-json\/wp\/v2\/types\/page"}],"author":[{"embeddable":true,"href":"https:\/\/0-zz.com\/02\/wp-json\/wp\/v2\/users\/1"}],"replies":[{"embeddable":true,"href":"https:\/\/0-zz.com\/02\/wp-json\/wp\/v2\/comments?post=27"}],"version-history":[{"count":5,"href":"https:\/\/0-zz.com\/02\/wp-json\/wp\/v2\/pages\/27\/revisions"}],"predecessor-version":[{"id":163,"href":"https:\/\/0-zz.com\/02\/wp-json\/wp\/v2\/pages\/27\/revisions\/163"}],"wp:attachment":[{"href":"https:\/\/0-zz.com\/02\/wp-json\/wp\/v2\/media?parent=27"}],"curies":[{"name":"wp","href":"https:\/\/api.w.org\/{rel}","templated":true}]}}