{"id":25,"date":"2022-02-20T02:18:22","date_gmt":"2022-02-20T14:18:22","guid":{"rendered":"https:\/\/0-zz.com\/02\/?page_id=25"},"modified":"2022-04-28T02:46:28","modified_gmt":"2022-04-28T14:46:28","slug":"4-2","status":"publish","type":"page","link":"https:\/\/0-zz.com\/02\/4-2\/","title":{"rendered":"4"},"content":{"rendered":"\n<h2 class=\"wp-block-heading\" id=\"4-02-4-024\">4 &#8211; 02\/4 &#8211; 024<\/h2>\n\n\n\n<figure class=\"wp-block-embed is-type-video is-provider-youtube wp-block-embed-youtube wp-embed-aspect-4-3 wp-has-aspect-ratio\"><div class=\"wp-block-embed__wrapper\">\n<iframe loading=\"lazy\" title=\"BRAThANKI - W Kinie W Lublinie [Official Video]\" width=\"580\" height=\"435\" src=\"https:\/\/www.youtube.com\/embed\/kWRhdN2XusA?feature=oembed\" frameborder=\"0\" allow=\"accelerometer; autoplay; clipboard-write; encrypted-media; gyroscope; picture-in-picture; web-share\" referrerpolicy=\"strict-origin-when-cross-origin\" allowfullscreen><\/iframe>\n<\/div><\/figure>\n\n\n\n<h2 class=\"wp-block-heading\" id=\"brathanki-w-kinie-w-lublinie-official-video\">BRAThANKI &#8211; W Kinie W Lublinie [Official Video]<\/h2>\n\n\n\n<p>10M views&nbsp;\u00b7&nbsp;12 years ago<\/p>\n\n\n\n<h2 class=\"wp-block-heading\" id=\"brathanki\">BRAThANKI<\/h2>\n\n\n\n<p>SUBSCRIBED 17.9K subscribers<\/p>\n\n\n\n<p><a href=\"https:\/\/m.youtube.com\/channel\/UC1ViL9YkJvaSzFIU3lSIjGA\">https:\/\/m.youtube.com\/channel\/UC1ViL9YkJvaSzFIU3lSIjGA<\/a><\/p>\n\n\n\n<p>O \u015bwicie i o zmroku<br>O \u015bwicie i o zmroku<br>W po\u0142udnie, w nocy, o \u015bwicie<br>W Skar\u017cysku i w Sanoku<br>W Skar\u017cysku i w Sanoku<br>Ty mnie pokochaj nad \u017cycie<\/p>\n\n\n\n<p>W berecie, w czapce, chustce<br>W berecie, w czapce, chustce<br>W czapce od stryjka ze Lwowa<br>Na falochronie w Ustce<br>Na falochronie w Ustce<br>Ty mnie pokochaj od nowa<\/p>\n\n\n\n<p>W kinie, w Lublinie \u2013 kochaj mnie<br>W K\u0142aju, w tramwaju \u2013 kochaj mnie<br>Nie marud\u017a, nie szlochaj,<br>ale z ca\u0142ej si\u0142y kochaj<br>W gminie, w K\u0119trzynie \u2013 kochaj mnie<br>W metrze i w swetrze \u2013 kochaj mnie<br>Czy miasto czy wiocha, ty mnie z ca\u0142ej si\u0142y kochaj<\/p>\n\n\n\n<p>W rado\u015bci no i w smutku<br>W rado\u015bci no i w smutku<br>W rado\u015bci z ciep\u0142ego lata<br>Na piasku pla\u017cy, w Gr\u00f3dku<br>Na piasku pla\u017cy, w Gr\u00f3dku<br>Kochaj mnie do ko\u0144ca \u015bwiata<\/p>\n\n\n\n<p>W spokoju oraz w niebie<br>W spokoju oraz w niebie<br>W spokoju palmowych niedziel<br>W Marwa\u0142dzie i w Gi\u0119tlewie<br>W Marwa\u0142dzie i w Gi\u0119tlewie<br>Kochaj w bogactwie i w biedzie<\/p>\n\n\n\n<p>W kinie, w Lublinie \u2013 kochaj mnie<br>W K\u0142aju, w tramwaju \u2013 kochaj mnie<br>Nie marud\u017a, nie szlochaj,<br>ale z ca\u0142ej si\u0142y kochaj<br>W gminie, w K\u0119trzynie \u2013 kochaj mnie<br>W metrze i w swetrze \u2013 kochaj mnie<br>Czy miasto czy wiocha, ty mnie z ca\u0142ej si\u0142y kochaj<\/p>\n\n\n\n<p>Jak m\u0142ody u\u0142an dzielnie<br>Jak m\u0142ody u\u0142an dzielnie<br>Jak wartki na wiosn\u0119 strumie\u0144<br>Na nartach wodnych w Mielnie<br>Na nartach wodnych w Mielnie<br>Kochaj najmocniej, jak umiesz<\/p>\n\n\n\n<p>Latem w przydro\u017cnym rowie<br>Latem w przydro\u017cnym rowie<br>Zim\u0105 na sankach i nartach<br>Najmocniej za\u015b w Krakowie<br>Najmocniej za\u015b w Krakowie<br>Kochaj, bom tego jest warta<\/p>\n\n\n\n<p>W kinie, w Lublinie \u2013 kochaj mnie<br>W K\u0142aju, w tramwaju \u2013 kochaj mnie<br>Nie marud\u017a, nie szlochaj,<br>ale z ca\u0142ej si\u0142y kochaj<br>W gminie, w K\u0119trzynie \u2013 kochaj mnie<br>W metrze i w swetrze \u2013 kochaj mnie<br>Czy miasto czy wiocha, ty mnie z ca\u0142ej si\u0142y kochaj!<\/p>\n\n\n\n<figure class=\"wp-block-table\"><table><tbody><tr><th>Autor tekstu:<\/th><td>Zbigniew Ksi\u0105\u017cek<\/td><\/tr><tr><th>Kompozytor:<\/th><td>Brathanki<\/td><\/tr><\/tbody><\/table><\/figure>\n\n\n\n<p><a href=\"https:\/\/www.tekstowo.pl\/piosenka,brathanki,w_kinie___w_lublinie_kochaj_mnie.html\">https:\/\/www.tekstowo.pl\/piosenka,brathanki,w_kinie___w_lublinie_kochaj_mnie.html<\/a><\/p>\n\n\n\n<hr class=\"wp-block-separator\"\/>\n\n\n\n<h4 class=\"wp-block-heading\">0-zz.com\/0 &#8211; 0-zz.com\/z :<\/h4>\n\n\n\n<p><small><strong><a href=\"http:\/\/0-zz.com\/0\">1\ufe0f\u20e31\ufe0f\u20e3-0<\/a> |<a href=\"http:\/\/0-zz.com\/1\">1\ufe0f\u20e32\ufe0f\u20e3-1<\/a> |<a href=\"http:\/\/0-zz.com\/2\">1\ufe0f\u20e33\ufe0f\u20e3-2<\/a> |<a href=\"http:\/\/0-zz.com\/3\">1\ufe0f\u20e34\ufe0f\u20e3-3<\/a> |<a href=\"http:\/\/0-zz.com\/4\">1\ufe0f\u20e35\ufe0f\u20e3-4<\/a> |<a href=\"http:\/\/0-zz.com\/5\">1\ufe0f\u20e36\ufe0f\u20e3-5<\/a> <\/strong><\/small><br><small> <strong><a href=\"http:\/\/0-zz.com\/6\">2\ufe0f\u20e31\ufe0f\u20e3-6<\/a> |<a href=\"http:\/\/0-zz.com\/7\">2\ufe0f\u20e32\ufe0f\u20e3-7<\/a> |<a href=\"http:\/\/0-zz.com\/8\">2\ufe0f\u20e33\ufe0f\u20e3-8<\/a> |<a href=\"http:\/\/0-zz.com\/9\">2\ufe0f\u20e34\ufe0f\u20e3-9<\/a> |<a href=\"http:\/\/0-zz.com\/a\">2\ufe0f\u20e35\ufe0f\u20e3-A<\/a> |<a href=\"http:\/\/0-zz.com\/b\">2\ufe0f\u20e36\ufe0f\u20e3-B<\/a><\/strong><\/small><br><small> <strong><a href=\"http:\/\/0-zz.com\/c\">3\ufe0f\u20e31\ufe0f\u20e3-C<\/a> |<a href=\"http:\/\/0-zz.com\/d\">3\ufe0f\u20e32\ufe0f\u20e3-D<\/a> |<a href=\"http:\/\/0-zz.com\/e\">3\ufe0f\u20e33\ufe0f\u20e3-E<\/a> |<a href=\"http:\/\/0-zz.com\/f\">3\ufe0f\u20e34\ufe0f\u20e3-F<\/a> |<a href=\"http:\/\/0-zz.com\/g\">3\ufe0f\u20e35\ufe0f\u20e3-G<\/a> |<a href=\"http:\/\/0-zz.com\/h\">3\ufe0f\u20e36\ufe0f\u20e3-H<\/a><\/strong><\/small><br><small> <strong><a href=\"http:\/\/0-zz.com\/i\">4\ufe0f\u20e31\ufe0f\u20e3-I<\/a> |<a href=\"http:\/\/0-zz.com\/j\">4\ufe0f\u20e32\ufe0f\u20e3-J<\/a> |<a href=\"http:\/\/0-zz.com\/k\">4\ufe0f\u20e33\ufe0f\u20e3-K<\/a> |<a href=\"http:\/\/0-zz.com\/l\">4\ufe0f\u20e34\ufe0f\u20e3-L<\/a> |<a href=\"http:\/\/0-zz.com\/m\">4\ufe0f\u20e35\ufe0f\u20e3-M<\/a> |<a href=\"http:\/\/0-zz.com\/n\">4\ufe0f\u20e36\ufe0f\u20e3-N<\/a><\/strong><\/small><br><small> <strong><a href=\"http:\/\/0-zz.com\/o\">5\ufe0f\u20e31\ufe0f\u20e3-O<\/a> |<a href=\"http:\/\/0-zz.com\/p\">5\ufe0f\u20e32\ufe0f\u20e3-P<\/a> |<a href=\"http:\/\/0-zz.com\/q\">5\ufe0f\u20e33\ufe0f\u20e3-Q<\/a> |<a href=\"http:\/\/0-zz.com\/r\">5\ufe0f\u20e34\ufe0f\u20e3-R<\/a> |<a href=\"http:\/\/0-zz.com\/s\">5\ufe0f\u20e35\ufe0f\u20e3-S<\/a> |<a href=\"http:\/\/0-zz.com\/t\">5\ufe0f\u20e36\ufe0f\u20e3-T<\/a><\/strong><\/small><br><small> <strong><a href=\"http:\/\/0-zz.com\/u\">6\ufe0f\u20e31\ufe0f\u20e3-U<\/a> |<a href=\"http:\/\/0-zz.com\/v\">6\ufe0f\u20e32\ufe0f\u20e3-V<\/a> |<a href=\"http:\/\/0-zz.com\/w\">6\ufe0f\u20e33\ufe0f\u20e3-W<\/a> |<a href=\"http:\/\/0-zz.com\/x\">6\ufe0f\u20e34\ufe0f\u20e3-X<\/a> |<a href=\"http:\/\/0-zz.com\/y\">6\ufe0f\u20e35\ufe0f\u20e3-Y<\/a> |<a href=\"http:\/\/0-zz.com\/z\">6\ufe0f\u20e36\ufe0f\u20e3-Z<\/a><\/strong><\/small><\/p>\n\n\n\n<p>Roll 2 dice ?? 1\ufe0f\u20e32\ufe0f\u20e33\ufe0f\u20e34\ufe0f\u20e35\ufe0f\u20e36\ufe0f\u20e3<\/p>\n\n\n\n<p><a href=\"https:\/\/www.random.org\/dice\/\">https:\/\/www.random.org\/dice\/<\/a><\/p>\n\n\n\n<p><a href=\"https:\/\/www.google.com\/search?q=dice+roller\">https:\/\/www.google.com\/search?q=dice+roller<\/a><\/p>\n\n\n\n<hr class=\"wp-block-separator\"\/>\n\n\n\n<p><a href=\"https:\/\/12r.pl\/ea\/\">12r.pl\/ea<\/a>&nbsp;-&gt;&nbsp;<a href=\"https:\/\/12r.uk\/ea\/\">12r.uk\/ea<\/a>&nbsp;-&gt;&nbsp;<a href=\"https:\/\/7hi7.com\/ea\/\">7hi7.com\/ea<\/a><\/p>\n\n\n\n<p>Wikipedia.org &#8211; Play game &#8211; portals, categories, states, cities, capital cities<\/p>\n","protected":false},"excerpt":{"rendered":"<p>4 &#8211; 02\/4 &#8211; 024 BRAThANKI &#8211; W Kinie W Lublinie [Official Video] 10M views&nbsp;\u00b7&nbsp;12 years ago BRAThANKI SUBSCRIBED 17.9K subscribers https:\/\/m.youtube.com\/channel\/UC1ViL9YkJvaSzFIU3lSIjGA O \u015bwicie i o zmrokuO \u015bwicie i o zmrokuW po\u0142udnie, w nocy, o \u015bwicieW Skar\u017cysku i w SanokuW Skar\u017cysku i w SanokuTy mnie pokochaj nad \u017cycie W berecie, w czapce, chustceW berecie, w [&hellip;]<\/p>\n","protected":false},"author":1,"featured_media":0,"parent":0,"menu_order":0,"comment_status":"closed","ping_status":"closed","template":"","meta":{"footnotes":""},"class_list":["post-25","page","type-page","status-publish","hentry"],"_links":{"self":[{"href":"https:\/\/0-zz.com\/02\/wp-json\/wp\/v2\/pages\/25","targetHints":{"allow":["GET"]}}],"collection":[{"href":"https:\/\/0-zz.com\/02\/wp-json\/wp\/v2\/pages"}],"about":[{"href":"https:\/\/0-zz.com\/02\/wp-json\/wp\/v2\/types\/page"}],"author":[{"embeddable":true,"href":"https:\/\/0-zz.com\/02\/wp-json\/wp\/v2\/users\/1"}],"replies":[{"embeddable":true,"href":"https:\/\/0-zz.com\/02\/wp-json\/wp\/v2\/comments?post=25"}],"version-history":[{"count":3,"href":"https:\/\/0-zz.com\/02\/wp-json\/wp\/v2\/pages\/25\/revisions"}],"predecessor-version":[{"id":161,"href":"https:\/\/0-zz.com\/02\/wp-json\/wp\/v2\/pages\/25\/revisions\/161"}],"wp:attachment":[{"href":"https:\/\/0-zz.com\/02\/wp-json\/wp\/v2\/media?parent=25"}],"curies":[{"name":"wp","href":"https:\/\/api.w.org\/{rel}","templated":true}]}}