{"id":21,"date":"2022-02-20T02:06:29","date_gmt":"2022-02-20T14:06:29","guid":{"rendered":"https:\/\/0-zz.com\/02\/?page_id=21"},"modified":"2022-04-28T02:44:18","modified_gmt":"2022-04-28T14:44:18","slug":"2-2","status":"publish","type":"page","link":"https:\/\/0-zz.com\/02\/2-2\/","title":{"rendered":"2"},"content":{"rendered":"\n<h2 class=\"wp-block-heading\" id=\"2-02-2-022\">2 &#8211; 02\/2 &#8211; 022<\/h2>\n\n\n\n<figure class=\"wp-block-embed is-type-video is-provider-youtube wp-block-embed-youtube wp-embed-aspect-4-3 wp-has-aspect-ratio\"><div class=\"wp-block-embed__wrapper\">\n<iframe loading=\"lazy\" title=\"Wilki - Na Zawsze I Na Wiecznosc [Official Music Video]\" width=\"580\" height=\"435\" src=\"https:\/\/www.youtube.com\/embed\/KluzKnEapkA?feature=oembed\" frameborder=\"0\" allow=\"accelerometer; autoplay; clipboard-write; encrypted-media; gyroscope; picture-in-picture; web-share\" referrerpolicy=\"strict-origin-when-cross-origin\" allowfullscreen><\/iframe>\n<\/div><\/figure>\n\n\n\n<h2 class=\"wp-block-heading\" id=\"wilki-na-zawsze-i-na-wiecznosc-official-music-video\">Wilki &#8211; Na Zawsze I Na Wiecznosc [Official Music Video]<\/h2>\n\n\n\n<p>10M views&nbsp;\u00b7&nbsp;11 years ago<\/p>\n\n\n\n<h2 class=\"wp-block-heading\" id=\"wilki\">Wilki<\/h2>\n\n\n\n<p>SUBSCRIBED 57.7K subscribers<\/p>\n\n\n\n<p><a href=\"https:\/\/m.youtube.com\/channel\/UCt2pAzult4jjetAfIJv3VLw\">https:\/\/m.youtube.com\/channel\/UCt2pAzult4jjetAfIJv3VLw<\/a><\/p>\n\n\n\n<p>By\u0142 chyba maj, Park na Grochowie.<br>W s\u0142oneczny dzie\u0144, zobaczy\u0142em Ci\u0119.<br>Ta\u0144czy\u0142a\u015b boso, by\u0142a\u015b jak natchniona,<br>A po chwili zacz\u0105\u0142 pada\u0107 deszcz.<\/p>\n\n\n\n<p>Nie wiedzia\u0142em, co si\u0119 ze mn\u0105 dzieje,<br>Wszystko znik\u0142o by\u0142a\u015b tylko ty.<br>Sta\u0142a\u015b w t\u0119czy jak zaczarowana,<br>\u015awieci\u0142o s\u0142once a z nieba pada\u0142 deszcz.<\/p>\n\n\n\n<p>Tyle samotnych dr\u00f3g musia\u0142em przej\u015b\u0107 bez Ciebie.<br>Tyle samotnych dr\u00f3g musia\u0142em przej\u015b\u0107 by m\u00f3c,<br>odnale\u017a\u0107 Ciebie tu.<br>I wtedy pada\u0142 deszcz.<\/p>\n\n\n\n<p>Nasze oczy wreszcie si\u0119 spotka\u0142y,<br>jak odbicia zagubionych gwiazd.<br>By\u0142a\u015b blisko, wszystko zrozumia\u0142em,<br>Kto odejdzie zawsze b\u0119dzie sam.<\/p>\n\n\n\n<p>Na zawsze i na wieczno\u015b\u0107, uczy\u0144my z \u017cycia \u015bwi\u0119to,<br>By b\u0119d\u0105c tu przez chwil\u0119 wszystko zapami\u0119ta\u0107.<br>Nasza droga nigdy si\u0119 nie sko\u0144czy,<br>A kto odejdzie zawsze b\u0119dzie sam.<\/p>\n\n\n\n<p>Tyle samotnych dr\u00f3g musia\u0142em przej\u015b\u0107 bez Ciebie.<br>Tyle samotnych dr\u00f3g musia\u0142em przej\u015b\u0107 by m\u00f3c,<br>odnale\u017a\u0107 Ciebie tu.<br>I wtedy pada\u0142 deszcz. 2x<\/p>\n\n\n\n<p>Tyle samotnych dr\u00f3g musia\u0142em przej\u015b\u0107 bez Ciebie.<br>Tyle samotnych dr\u00f3g musia\u0142em przej\u015b\u0107 by m\u00f3c,<br>odnale\u017a\u0107 Ciebie tu.<\/p>\n\n\n\n<figure class=\"wp-block-table\"><table><tbody><tr><th>Autor tekstu:<\/th><td>Wilki<\/td><\/tr><\/tbody><\/table><\/figure>\n\n\n\n<p><a href=\"https:\/\/www.tekstowo.pl\/piosenka,wilki,na_zawsze_i_na_wiecznosc.html\">https:\/\/www.tekstowo.pl\/piosenka,wilki,na_zawsze_i_na_wiecznosc.html<\/a><\/p>\n\n\n\n<hr class=\"wp-block-separator\"\/>\n\n\n\n<h4 class=\"wp-block-heading\">0-zz.com\/0 &#8211; 0-zz.com\/z :<\/h4>\n\n\n\n<p><small><strong><a href=\"http:\/\/0-zz.com\/0\">1\ufe0f\u20e31\ufe0f\u20e3-0<\/a> |<a href=\"http:\/\/0-zz.com\/1\">1\ufe0f\u20e32\ufe0f\u20e3-1<\/a> |<a href=\"http:\/\/0-zz.com\/2\">1\ufe0f\u20e33\ufe0f\u20e3-2<\/a> |<a href=\"http:\/\/0-zz.com\/3\">1\ufe0f\u20e34\ufe0f\u20e3-3<\/a> |<a href=\"http:\/\/0-zz.com\/4\">1\ufe0f\u20e35\ufe0f\u20e3-4<\/a> |<a href=\"http:\/\/0-zz.com\/5\">1\ufe0f\u20e36\ufe0f\u20e3-5<\/a> <\/strong><\/small><br><small> <strong><a href=\"http:\/\/0-zz.com\/6\">2\ufe0f\u20e31\ufe0f\u20e3-6<\/a> |<a href=\"http:\/\/0-zz.com\/7\">2\ufe0f\u20e32\ufe0f\u20e3-7<\/a> |<a href=\"http:\/\/0-zz.com\/8\">2\ufe0f\u20e33\ufe0f\u20e3-8<\/a> |<a href=\"http:\/\/0-zz.com\/9\">2\ufe0f\u20e34\ufe0f\u20e3-9<\/a> |<a href=\"http:\/\/0-zz.com\/a\">2\ufe0f\u20e35\ufe0f\u20e3-A<\/a> |<a href=\"http:\/\/0-zz.com\/b\">2\ufe0f\u20e36\ufe0f\u20e3-B<\/a><\/strong><\/small><br><small> <strong><a href=\"http:\/\/0-zz.com\/c\">3\ufe0f\u20e31\ufe0f\u20e3-C<\/a> |<a href=\"http:\/\/0-zz.com\/d\">3\ufe0f\u20e32\ufe0f\u20e3-D<\/a> |<a href=\"http:\/\/0-zz.com\/e\">3\ufe0f\u20e33\ufe0f\u20e3-E<\/a> |<a href=\"http:\/\/0-zz.com\/f\">3\ufe0f\u20e34\ufe0f\u20e3-F<\/a> |<a href=\"http:\/\/0-zz.com\/g\">3\ufe0f\u20e35\ufe0f\u20e3-G<\/a> |<a href=\"http:\/\/0-zz.com\/h\">3\ufe0f\u20e36\ufe0f\u20e3-H<\/a><\/strong><\/small><br><small> <strong><a href=\"http:\/\/0-zz.com\/i\">4\ufe0f\u20e31\ufe0f\u20e3-I<\/a> |<a href=\"http:\/\/0-zz.com\/j\">4\ufe0f\u20e32\ufe0f\u20e3-J<\/a> |<a href=\"http:\/\/0-zz.com\/k\">4\ufe0f\u20e33\ufe0f\u20e3-K<\/a> |<a href=\"http:\/\/0-zz.com\/l\">4\ufe0f\u20e34\ufe0f\u20e3-L<\/a> |<a href=\"http:\/\/0-zz.com\/m\">4\ufe0f\u20e35\ufe0f\u20e3-M<\/a> |<a href=\"http:\/\/0-zz.com\/n\">4\ufe0f\u20e36\ufe0f\u20e3-N<\/a><\/strong><\/small><br><small> <strong><a href=\"http:\/\/0-zz.com\/o\">5\ufe0f\u20e31\ufe0f\u20e3-O<\/a> |<a href=\"http:\/\/0-zz.com\/p\">5\ufe0f\u20e32\ufe0f\u20e3-P<\/a> |<a href=\"http:\/\/0-zz.com\/q\">5\ufe0f\u20e33\ufe0f\u20e3-Q<\/a> |<a href=\"http:\/\/0-zz.com\/r\">5\ufe0f\u20e34\ufe0f\u20e3-R<\/a> |<a href=\"http:\/\/0-zz.com\/s\">5\ufe0f\u20e35\ufe0f\u20e3-S<\/a> |<a href=\"http:\/\/0-zz.com\/t\">5\ufe0f\u20e36\ufe0f\u20e3-T<\/a><\/strong><\/small><br><small> <strong><a href=\"http:\/\/0-zz.com\/u\">6\ufe0f\u20e31\ufe0f\u20e3-U<\/a> |<a href=\"http:\/\/0-zz.com\/v\">6\ufe0f\u20e32\ufe0f\u20e3-V<\/a> |<a href=\"http:\/\/0-zz.com\/w\">6\ufe0f\u20e33\ufe0f\u20e3-W<\/a> |<a href=\"http:\/\/0-zz.com\/x\">6\ufe0f\u20e34\ufe0f\u20e3-X<\/a> |<a href=\"http:\/\/0-zz.com\/y\">6\ufe0f\u20e35\ufe0f\u20e3-Y<\/a> |<a href=\"http:\/\/0-zz.com\/z\">6\ufe0f\u20e36\ufe0f\u20e3-Z<\/a><\/strong><\/small><\/p>\n\n\n\n<p>Roll 2 dice ?? 1\ufe0f\u20e32\ufe0f\u20e33\ufe0f\u20e34\ufe0f\u20e35\ufe0f\u20e36\ufe0f\u20e3<\/p>\n\n\n\n<p><a href=\"https:\/\/www.random.org\/dice\/\">https:\/\/www.random.org\/dice\/<\/a><\/p>\n\n\n\n<p><a href=\"https:\/\/www.google.com\/search?q=dice+roller\">https:\/\/www.google.com\/search?q=dice+roller<\/a><\/p>\n\n\n\n<hr class=\"wp-block-separator\"\/>\n\n\n\n<p><a href=\"https:\/\/12r.pl\/ea\/\">12r.pl\/ea<\/a>&nbsp;-&gt;&nbsp;<a href=\"https:\/\/12r.uk\/ea\/\">12r.uk\/ea<\/a>&nbsp;-&gt;&nbsp;<a href=\"https:\/\/7hi7.com\/ea\/\">7hi7.com\/ea<\/a><\/p>\n\n\n\n<p>Wikipedia.org &#8211; Play game &#8211; portals, categories, states, cities, capital cities<\/p>\n","protected":false},"excerpt":{"rendered":"<p>2 &#8211; 02\/2 &#8211; 022 Wilki &#8211; Na Zawsze I Na Wiecznosc [Official Music Video] 10M views&nbsp;\u00b7&nbsp;11 years ago Wilki SUBSCRIBED 57.7K subscribers https:\/\/m.youtube.com\/channel\/UCt2pAzult4jjetAfIJv3VLw By\u0142 chyba maj, Park na Grochowie.W s\u0142oneczny dzie\u0144, zobaczy\u0142em Ci\u0119.Ta\u0144czy\u0142a\u015b boso, by\u0142a\u015b jak natchniona,A po chwili zacz\u0105\u0142 pada\u0107 deszcz. Nie wiedzia\u0142em, co si\u0119 ze mn\u0105 dzieje,Wszystko znik\u0142o by\u0142a\u015b tylko ty.Sta\u0142a\u015b w [&hellip;]<\/p>\n","protected":false},"author":1,"featured_media":0,"parent":0,"menu_order":0,"comment_status":"closed","ping_status":"closed","template":"","meta":{"footnotes":""},"class_list":["post-21","page","type-page","status-publish","hentry"],"_links":{"self":[{"href":"https:\/\/0-zz.com\/02\/wp-json\/wp\/v2\/pages\/21","targetHints":{"allow":["GET"]}}],"collection":[{"href":"https:\/\/0-zz.com\/02\/wp-json\/wp\/v2\/pages"}],"about":[{"href":"https:\/\/0-zz.com\/02\/wp-json\/wp\/v2\/types\/page"}],"author":[{"embeddable":true,"href":"https:\/\/0-zz.com\/02\/wp-json\/wp\/v2\/users\/1"}],"replies":[{"embeddable":true,"href":"https:\/\/0-zz.com\/02\/wp-json\/wp\/v2\/comments?post=21"}],"version-history":[{"count":3,"href":"https:\/\/0-zz.com\/02\/wp-json\/wp\/v2\/pages\/21\/revisions"}],"predecessor-version":[{"id":159,"href":"https:\/\/0-zz.com\/02\/wp-json\/wp\/v2\/pages\/21\/revisions\/159"}],"wp:attachment":[{"href":"https:\/\/0-zz.com\/02\/wp-json\/wp\/v2\/media?parent=21"}],"curies":[{"name":"wp","href":"https:\/\/api.w.org\/{rel}","templated":true}]}}