{"id":114,"date":"2022-02-20T22:18:14","date_gmt":"2022-02-21T10:18:14","guid":{"rendered":"https:\/\/0-zz.com\/02\/?page_id=114"},"modified":"2022-04-28T03:31:24","modified_gmt":"2022-04-28T15:31:24","slug":"z","status":"publish","type":"page","link":"https:\/\/0-zz.com\/02\/z\/","title":{"rendered":"Z"},"content":{"rendered":"\n<h2 class=\"wp-block-heading\" id=\"z-02-z-02z\">z &#8211; 02\/z &#8211; 02Z<\/h2>\n\n\n\n<figure class=\"wp-block-embed is-type-video is-provider-youtube wp-block-embed-youtube wp-embed-aspect-16-9 wp-has-aspect-ratio\"><div class=\"wp-block-embed__wrapper\">\n<iframe loading=\"lazy\" title=\"Danuta Rinn - Gdzie ci m\u0119\u017cczy\u017ani [Official Audio]\" width=\"580\" height=\"326\" src=\"https:\/\/www.youtube.com\/embed\/3WTmobbdiTw?feature=oembed\" frameborder=\"0\" allow=\"accelerometer; autoplay; clipboard-write; encrypted-media; gyroscope; picture-in-picture; web-share\" referrerpolicy=\"strict-origin-when-cross-origin\" allowfullscreen><\/iframe>\n<\/div><\/figure>\n\n\n\n<h2 class=\"wp-block-heading\" id=\"danuta-rinn-gdzie-ci-mezczyzni-official-audio\">Danuta Rinn &#8211; Gdzie ci m\u0119\u017cczy\u017ani [Official Audio]<\/h2>\n\n\n\n<p>646K views&nbsp;\u00b7&nbsp;2 years ago<\/p>\n\n\n\n<h2 class=\"wp-block-heading\" id=\"polskie-nagrania\">Polskie Nagrania<\/h2>\n\n\n\n<p>SUBSCRIBED 108K subscribers<\/p>\n\n\n\n<p><a href=\"https:\/\/m.youtube.com\/channel\/UCeAFhL7tQmtLp9zk7uQpNoQ\">https:\/\/m.youtube.com\/channel\/UCeAFhL7tQmtLp9zk7uQpNoQ<\/a><\/p>\n\n\n\n<p>Gdzie ci m\u0119\u017cczy\u017ani, prawdziwi tacy,<br>mmm, or\u0142y, soko\u0142y, herosy?<br>Gdzie ci m\u0119\u017cczy\u017ani na miar\u0119 czas\u00f3w,<br>gdzie te ch\u0142opy? &#8211; Jeee!&#8230;<\/p>\n\n\n\n<p>Dooko\u0142a jeden z drugim<br>jak nie nerwus, to histeryk,<br>drobny cwaniak, skrz\u0119tna mr\u00f3wa,<br>niepowa\u017cne to, nieszczere.<br>Jak bezwolne manekiny<br>przestawiane i kopane,<br>g\u0119by pe\u0142ne wazeliny,<br>oczka stale rozbiegane.<br>Bez godno\u015bci, bez honoru,<br>zak\u0142amane swoje racje<br>wykrzykuje taki w domu<br>\u015bmiesznym szeptem po kolacji,<br>\u015bmiesznym szeptem po kolacji,<br>\u015bmiesznym szeptem po kolacji&#8230;<\/p>\n\n\n\n<p>Gdzie ci m\u0119\u017cczy\u017ani, prawdziwi tacy,<br>mmm, or\u0142y, soko\u0142y, herosy?<br>Gdzie ci m\u0119\u017cczy\u017ani na miar\u0119 czas\u00f3w,<br>gdzie te ch\u0142opy? &#8211; Jeee!&#8230;<\/p>\n\n\n\n<p>Bojownicy spraw ogromnych,<br>ow\u0142adni\u0119ci ideami<br>o znaczeniu wiekopomnym<br>i wejrzeniu jak ze stali.<br>Gdzie umys\u0142y epokowe,<br>protopla\u015bci czyn\u00f3w wi\u0119kszych,<br>ni\u017c pok\u0105tne, zarobkowe<br>kombinacje tu\u017c przed pierwszym?<br>Nieprzekupni, pro\u015bci, zacni,<br>wielkoduszni i szlachetni.<br>Gdzie-\u017ce oni, gdzie tytany<br>woli, czynu, intelektu,<br>woli, czynu, intelektu,<br>woli, czynu, intelektu?<\/p>\n\n\n\n<p>Gdzie s\u0105 prawdziwi m\u0119\u017cczy\u017ani tacy,<br>mmm, or\u0142y, soko\u0142y, ba\u017canty?<br>Gdzie ci m\u0119\u017cczy\u017ani &#8211; mmm &#8211; na miar\u0119 czas\u00f3w,<br>gdzie te franty? &#8211; Jeee!&#8230;<\/p>\n\n\n\n<p>Gdzie, gdzie, gdzie, gdzie?<\/p>\n\n\n\n<p>Nie ma, nie ma, nie ma, nie ma,<br>nie ma, nie ma, nie ma, nie ma.<br>Nie ma, nie ma, nie ma, nie ma,<br>nie ma, nie ma, nie ma, nie ma,<br>nie ma, nie ma, nie ma, nie ma,<br>nie ma, nie ma, nie ma, nie ma&#8230;<\/p>\n\n\n\n<p>Gdzie te ch\u0142opy, gdzie te ch\u0142opy,<br>gdzie te ch\u0142opy, gdzie te ch\u0142opy?<br>No nie ma, nie ma, nie ma, nie ma, nie ma,<br>nie ma, nie ma, nie ma, nie ma, nie ma&#8230;<\/p>\n\n\n\n<p>Gdzie, gdzie, no gdzie, gdzie,<br>no gdzie te ch\u0142opy? &#8211; Jeee!&#8230;<\/p>\n\n\n\n<figure class=\"wp-block-table\"><table><tbody><tr><th>Autor tekstu:<\/th><td>Jan Pietrzak<\/td><\/tr><tr><th>Kompozytor:<\/th><td>W\u0142odzimierz Korcz<\/td><\/tr><\/tbody><\/table><\/figure>\n\n\n\n<p><a href=\"https:\/\/www.tekstowo.pl\/piosenka,danuta_rinn,gdzie_ci_mezczy_ni.html\">https:\/\/www.tekstowo.pl\/piosenka,danuta_rinn,gdzie_ci_mezczy_ni.html<\/a><\/p>\n\n\n\n<hr class=\"wp-block-separator\"\/>\n\n\n\n<h4 class=\"wp-block-heading\">0-zz.com\/0 &#8211; 0-zz.com\/z :<\/h4>\n\n\n\n<p><small><strong><a href=\"http:\/\/0-zz.com\/0\">1\ufe0f\u20e31\ufe0f\u20e3-0<\/a> |<a href=\"http:\/\/0-zz.com\/1\">1\ufe0f\u20e32\ufe0f\u20e3-1<\/a> |<a href=\"http:\/\/0-zz.com\/2\">1\ufe0f\u20e33\ufe0f\u20e3-2<\/a> |<a href=\"http:\/\/0-zz.com\/3\">1\ufe0f\u20e34\ufe0f\u20e3-3<\/a> |<a href=\"http:\/\/0-zz.com\/4\">1\ufe0f\u20e35\ufe0f\u20e3-4<\/a> |<a href=\"http:\/\/0-zz.com\/5\">1\ufe0f\u20e36\ufe0f\u20e3-5<\/a> <\/strong><\/small><br><small> <strong><a href=\"http:\/\/0-zz.com\/6\">2\ufe0f\u20e31\ufe0f\u20e3-6<\/a> |<a href=\"http:\/\/0-zz.com\/7\">2\ufe0f\u20e32\ufe0f\u20e3-7<\/a> |<a href=\"http:\/\/0-zz.com\/8\">2\ufe0f\u20e33\ufe0f\u20e3-8<\/a> |<a href=\"http:\/\/0-zz.com\/9\">2\ufe0f\u20e34\ufe0f\u20e3-9<\/a> |<a href=\"http:\/\/0-zz.com\/a\">2\ufe0f\u20e35\ufe0f\u20e3-A<\/a> |<a href=\"http:\/\/0-zz.com\/b\">2\ufe0f\u20e36\ufe0f\u20e3-B<\/a><\/strong><\/small><br><small> <strong><a href=\"http:\/\/0-zz.com\/c\">3\ufe0f\u20e31\ufe0f\u20e3-C<\/a> |<a href=\"http:\/\/0-zz.com\/d\">3\ufe0f\u20e32\ufe0f\u20e3-D<\/a> |<a href=\"http:\/\/0-zz.com\/e\">3\ufe0f\u20e33\ufe0f\u20e3-E<\/a> |<a href=\"http:\/\/0-zz.com\/f\">3\ufe0f\u20e34\ufe0f\u20e3-F<\/a> |<a href=\"http:\/\/0-zz.com\/g\">3\ufe0f\u20e35\ufe0f\u20e3-G<\/a> |<a href=\"http:\/\/0-zz.com\/h\">3\ufe0f\u20e36\ufe0f\u20e3-H<\/a><\/strong><\/small><br><small> <strong><a href=\"http:\/\/0-zz.com\/i\">4\ufe0f\u20e31\ufe0f\u20e3-I<\/a> |<a href=\"http:\/\/0-zz.com\/j\">4\ufe0f\u20e32\ufe0f\u20e3-J<\/a> |<a href=\"http:\/\/0-zz.com\/k\">4\ufe0f\u20e33\ufe0f\u20e3-K<\/a> |<a href=\"http:\/\/0-zz.com\/l\">4\ufe0f\u20e34\ufe0f\u20e3-L<\/a> |<a href=\"http:\/\/0-zz.com\/m\">4\ufe0f\u20e35\ufe0f\u20e3-M<\/a> |<a href=\"http:\/\/0-zz.com\/n\">4\ufe0f\u20e36\ufe0f\u20e3-N<\/a><\/strong><\/small><br><small> <strong><a href=\"http:\/\/0-zz.com\/o\">5\ufe0f\u20e31\ufe0f\u20e3-O<\/a> |<a href=\"http:\/\/0-zz.com\/p\">5\ufe0f\u20e32\ufe0f\u20e3-P<\/a> |<a href=\"http:\/\/0-zz.com\/q\">5\ufe0f\u20e33\ufe0f\u20e3-Q<\/a> |<a href=\"http:\/\/0-zz.com\/r\">5\ufe0f\u20e34\ufe0f\u20e3-R<\/a> |<a href=\"http:\/\/0-zz.com\/s\">5\ufe0f\u20e35\ufe0f\u20e3-S<\/a> |<a href=\"http:\/\/0-zz.com\/t\">5\ufe0f\u20e36\ufe0f\u20e3-T<\/a><\/strong><\/small><br><small> <strong><a href=\"http:\/\/0-zz.com\/u\">6\ufe0f\u20e31\ufe0f\u20e3-U<\/a> |<a href=\"http:\/\/0-zz.com\/v\">6\ufe0f\u20e32\ufe0f\u20e3-V<\/a> |<a href=\"http:\/\/0-zz.com\/w\">6\ufe0f\u20e33\ufe0f\u20e3-W<\/a> |<a href=\"http:\/\/0-zz.com\/x\">6\ufe0f\u20e34\ufe0f\u20e3-X<\/a> |<a href=\"http:\/\/0-zz.com\/y\">6\ufe0f\u20e35\ufe0f\u20e3-Y<\/a> |<a href=\"http:\/\/0-zz.com\/z\">6\ufe0f\u20e36\ufe0f\u20e3-Z<\/a><\/strong><\/small><\/p>\n\n\n\n<p>Roll 2 dice ?? 1\ufe0f\u20e32\ufe0f\u20e33\ufe0f\u20e34\ufe0f\u20e35\ufe0f\u20e36\ufe0f\u20e3<\/p>\n\n\n\n<p><a href=\"https:\/\/www.random.org\/dice\/\">https:\/\/www.random.org\/dice\/<\/a><\/p>\n\n\n\n<p><a href=\"https:\/\/www.google.com\/search?q=dice+roller\">https:\/\/www.google.com\/search?q=dice+roller<\/a><\/p>\n\n\n\n<hr class=\"wp-block-separator\"\/>\n\n\n\n<p><a href=\"https:\/\/12r.pl\/ea\/\">12r.pl\/ea<\/a>&nbsp;-&gt;&nbsp;<a href=\"https:\/\/12r.uk\/ea\/\">12r.uk\/ea<\/a>&nbsp;-&gt;&nbsp;<a href=\"https:\/\/7hi7.com\/ea\/\">7hi7.com\/ea<\/a><\/p>\n\n\n\n<p>Wikipedia.org &#8211; Play game &#8211; portals, categories, states, cities, capital cities<\/p>\n","protected":false},"excerpt":{"rendered":"<p>z &#8211; 02\/z &#8211; 02Z Danuta Rinn &#8211; Gdzie ci m\u0119\u017cczy\u017ani [Official Audio] 646K views&nbsp;\u00b7&nbsp;2 years ago Polskie Nagrania SUBSCRIBED 108K subscribers https:\/\/m.youtube.com\/channel\/UCeAFhL7tQmtLp9zk7uQpNoQ Gdzie ci m\u0119\u017cczy\u017ani, prawdziwi tacy,mmm, or\u0142y, soko\u0142y, herosy?Gdzie ci m\u0119\u017cczy\u017ani na miar\u0119 czas\u00f3w,gdzie te ch\u0142opy? &#8211; Jeee!&#8230; Dooko\u0142a jeden z drugimjak nie nerwus, to histeryk,drobny cwaniak, skrz\u0119tna mr\u00f3wa,niepowa\u017cne to, nieszczere.Jak bezwolne manekinyprzestawiane [&hellip;]<\/p>\n","protected":false},"author":1,"featured_media":0,"parent":0,"menu_order":0,"comment_status":"closed","ping_status":"closed","template":"","meta":{"footnotes":""},"class_list":["post-114","page","type-page","status-publish","hentry"],"_links":{"self":[{"href":"https:\/\/0-zz.com\/02\/wp-json\/wp\/v2\/pages\/114","targetHints":{"allow":["GET"]}}],"collection":[{"href":"https:\/\/0-zz.com\/02\/wp-json\/wp\/v2\/pages"}],"about":[{"href":"https:\/\/0-zz.com\/02\/wp-json\/wp\/v2\/types\/page"}],"author":[{"embeddable":true,"href":"https:\/\/0-zz.com\/02\/wp-json\/wp\/v2\/users\/1"}],"replies":[{"embeddable":true,"href":"https:\/\/0-zz.com\/02\/wp-json\/wp\/v2\/comments?post=114"}],"version-history":[{"count":3,"href":"https:\/\/0-zz.com\/02\/wp-json\/wp\/v2\/pages\/114\/revisions"}],"predecessor-version":[{"id":197,"href":"https:\/\/0-zz.com\/02\/wp-json\/wp\/v2\/pages\/114\/revisions\/197"}],"wp:attachment":[{"href":"https:\/\/0-zz.com\/02\/wp-json\/wp\/v2\/media?parent=114"}],"curies":[{"name":"wp","href":"https:\/\/api.w.org\/{rel}","templated":true}]}}