{"id":112,"date":"2022-02-20T22:12:39","date_gmt":"2022-02-21T10:12:39","guid":{"rendered":"https:\/\/0-zz.com\/02\/?page_id=112"},"modified":"2022-04-28T03:30:22","modified_gmt":"2022-04-28T15:30:22","slug":"y","status":"publish","type":"page","link":"https:\/\/0-zz.com\/02\/y\/","title":{"rendered":"Y"},"content":{"rendered":"\n<h2 class=\"wp-block-heading\" id=\"y-02-y-02y\">y &#8211; 02\/y &#8211; 02Y<\/h2>\n\n\n\n<figure class=\"wp-block-embed is-type-video is-provider-youtube wp-block-embed-youtube wp-embed-aspect-16-9 wp-has-aspect-ratio\"><div class=\"wp-block-embed__wrapper\">\n<iframe loading=\"lazy\" title=\"Marek Grechuta - Nie dokazuj [Official Audio]\" width=\"580\" height=\"326\" src=\"https:\/\/www.youtube.com\/embed\/fOULwRpDAeA?feature=oembed\" frameborder=\"0\" allow=\"accelerometer; autoplay; clipboard-write; encrypted-media; gyroscope; picture-in-picture; web-share\" referrerpolicy=\"strict-origin-when-cross-origin\" allowfullscreen><\/iframe>\n<\/div><\/figure>\n\n\n\n<h2 class=\"wp-block-heading\" id=\"marek-grechuta-nie-dokazuj-official-audio\">Marek Grechuta &#8211; Nie dokazuj [Official Audio]<\/h2>\n\n\n\n<p>1.8M views&nbsp;\u00b7&nbsp;2 years ago<\/p>\n\n\n\n<h2 class=\"wp-block-heading\" id=\"polskie-nagrania\">Polskie Nagrania<\/h2>\n\n\n\n<p>SUBSCRIBED 108K subscribers<\/p>\n\n\n\n<p><a href=\"https:\/\/m.youtube.com\/channel\/UCeAFhL7tQmtLp9zk7uQpNoQ\">https:\/\/m.youtube.com\/channel\/UCeAFhL7tQmtLp9zk7uQpNoQ<\/a><\/p>\n\n\n\n<p>By\u0142o kiedy\u015b w pewnym mie\u015bcie wielkie poruszenie,<br>Wystawiano nies\u0142ychanie pi\u0119kne przedstawienie,<br>Wszyscy dobrze si\u0119 bawili, chocia\u017c by\u0142 wyj\u0105tek.<\/p>\n\n\n\n<p>M\u0142oda pani z ko\u0144ca sali wszystko mia\u0142a za nic,<br>Nawet to \u017ce \u015bpiewak \u015bpiewa\u0142 tylko dla tej pani,<br>I gdy rozum traci\u0142 dla niej, \u015bmia\u0142a si\u0119, klaska\u0142a.<\/p>\n\n\n\n<p>W drugim akcie \u015bpiewak \u015bpiewa\u0142 znacznie ju\u017c rozwa\u017cniej,<br>M\u0142oda pani by\u0142a jednak ci\u0105gle niepowa\u017cna,<br>A\u017c do chwili, kiedy nagle, nagle w\u015br\u00f3d pokazu,<br>Pad\u0142y s\u0142owa&#8230;<\/p>\n\n\n\n<p>Nie dokazuj, mi\u0142a nie dokazuj,<br>Przecie\u017c nie jest z ciebie znowu taki cud,<br>Nie od razu, mi\u0142a nie od razu,<br>Nie od razu stopisz serca mego l\u00f3d!<\/p>\n\n\n\n<p>Nie dokazuj, mi\u0142a nie dokazuj,<br>Przecie\u017c nie jest z ciebie znowu taki cud,<br>Nie od razu, mi\u0142a nie od razu,<br>Nie od razu stopisz serca mego l\u00f3d!<\/p>\n\n\n\n<p>Innym razem zaproszony by\u0142em na wernisa\u017c,<br>Na wystawy p\u00f3\u017an\u0105 noc\u0105 w g\u0142\u0119bokich piwnicach,<br>Czy to by\u0142y p\u0142\u00f3tna mistrza Jana czy Kantego?<br>Nie pami\u0119tam tego&#8230;<\/p>\n\n\n\n<p>By\u0142y tam obrazy wielkie, p\u0142\u00f3tna kolorowe,<br>Z nieskromnymi kobietami szkice nastrojowe,<br>Ca\u0142e szcz\u0119\u015bcie, \u017ce natur\u0105 martw\u0105 jednak by\u0142y&#8230;<\/p>\n\n\n\n<p>Na tym pierwszym m\u0142oda pani ta\u0144czy na polanie,<br>A na dw\u00f3ch dalszych rozbawione dwie nast\u0119pne panie.<br>Cho\u0107 szale\u0144stwem by\u0142o \u015bpiewa\u0107 &#8211; \u015bpiewa\u0107 do obrazu,<br>Nie zdo\u0142a\u0142em si\u0119 powstrzyma\u0107:<\/p>\n\n\n\n<p>Nie dokazuj, mi\u0142a nie dokazuj,<br>Przecie\u017c nie jest z ciebie znowu taki cud,<br>Nie od razu, mi\u0142a nie od razu,<br>Nie od razu stopisz serca mego l\u00f3d!<\/p>\n\n\n\n<p>Nie dokazuj, mi\u0142a nie dokazuj,<br>Przecie\u017c nie jest z ciebie znowu taki cud,<br>Nie od razu, mi\u0142a nie od razu,<br>Nie od razu stopisz serca mego l\u00f3d!<\/p>\n\n\n\n<p>By\u0142a tak\u017ce pewna chwila, kt\u00f3rej nie zapomn\u0119,<br>By\u0142 raz wiecz\u00f3r rozmarzony i nadzieje p\u0142onne,<br>Przez dziewczyn\u0119 z ko\u0144ca sali podobn\u0105 do r\u00f3\u017cy,<br>Kt\u00f3rej taniec w sercu moim \u015bwi\u0119ty spok\u00f3j zburzy\u0142&#8230;<\/p>\n\n\n\n<p>Wtedy zdarzy\u0142 si\u0119 niezwyk\u0142y, przedziwny wypadek,<br>Sam ju\u017c nie wiem jak to by\u0142o,<br>Trudno opowiada\u0107&#8230;<br>Jedno tylko dzi\u015b pami\u0119tam,<br>Jak jej za\u015bpiewa\u0142em&#8230;<\/p>\n\n\n\n<p>&#8222;Usta milcz\u0105, dusza \u015bpiewa,<br>Usta milcz\u0105, \u015bwiat rozbrzmiewa!&#8221;<\/p>\n\n\n\n<p>Lecz dziewczyna nie s\u0142ucha\u0142a,<br>Ta\u0144cem ju\u017c zaj\u0119ta,<br>W ta\u0144cu komu\u015b za\u015bpiewa\u0142a to co tak pami\u0119tam&#8230;<\/p>\n\n\n\n<p>&#8222;Nie dokazuj, mi\u0142y nie dokazuj,<br>Przecie\u017c nie jest z ciebie znowu taki cud,<br>Nie od razu, mi\u0142y nie od razu,<br>Nie od razu stopisz serca mego l\u00f3d!&#8221;<\/p>\n\n\n\n<p>Nie dokazuj, mi\u0142a nie dokazuj,<br>Przecie\u017c nie jest z ciebie znowu taki cud,<br>Nie od razu, mi\u0142a nie od razu,<br>Nie od razu stopisz serca mego l\u00f3d!<\/p>\n\n\n\n<figure class=\"wp-block-table\"><table><tbody><tr><th>Autor tekstu:<\/th><td>Marek Grechuta<\/td><\/tr><tr><th>Kompozytor:<\/th><td>Jan Kanty Pawlu\u015bkiewicz<\/td><\/tr><\/tbody><\/table><\/figure>\n\n\n\n<p><a href=\"https:\/\/www.tekstowo.pl\/piosenka,marek_grechuta,nie_dokazuj.html\">https:\/\/www.tekstowo.pl\/piosenka,marek_grechuta,nie_dokazuj.html<\/a><\/p>\n\n\n\n<hr class=\"wp-block-separator\"\/>\n\n\n\n<h4 class=\"wp-block-heading\">0-zz.com\/0 &#8211; 0-zz.com\/z :<\/h4>\n\n\n\n<p><small><strong><a href=\"http:\/\/0-zz.com\/0\">1\ufe0f\u20e31\ufe0f\u20e3-0<\/a> |<a href=\"http:\/\/0-zz.com\/1\">1\ufe0f\u20e32\ufe0f\u20e3-1<\/a> |<a href=\"http:\/\/0-zz.com\/2\">1\ufe0f\u20e33\ufe0f\u20e3-2<\/a> |<a href=\"http:\/\/0-zz.com\/3\">1\ufe0f\u20e34\ufe0f\u20e3-3<\/a> |<a href=\"http:\/\/0-zz.com\/4\">1\ufe0f\u20e35\ufe0f\u20e3-4<\/a> |<a href=\"http:\/\/0-zz.com\/5\">1\ufe0f\u20e36\ufe0f\u20e3-5<\/a> <\/strong><\/small><br><small> <strong><a href=\"http:\/\/0-zz.com\/6\">2\ufe0f\u20e31\ufe0f\u20e3-6<\/a> |<a href=\"http:\/\/0-zz.com\/7\">2\ufe0f\u20e32\ufe0f\u20e3-7<\/a> |<a href=\"http:\/\/0-zz.com\/8\">2\ufe0f\u20e33\ufe0f\u20e3-8<\/a> |<a href=\"http:\/\/0-zz.com\/9\">2\ufe0f\u20e34\ufe0f\u20e3-9<\/a> |<a href=\"http:\/\/0-zz.com\/a\">2\ufe0f\u20e35\ufe0f\u20e3-A<\/a> |<a href=\"http:\/\/0-zz.com\/b\">2\ufe0f\u20e36\ufe0f\u20e3-B<\/a><\/strong><\/small><br><small> <strong><a href=\"http:\/\/0-zz.com\/c\">3\ufe0f\u20e31\ufe0f\u20e3-C<\/a> |<a href=\"http:\/\/0-zz.com\/d\">3\ufe0f\u20e32\ufe0f\u20e3-D<\/a> |<a href=\"http:\/\/0-zz.com\/e\">3\ufe0f\u20e33\ufe0f\u20e3-E<\/a> |<a href=\"http:\/\/0-zz.com\/f\">3\ufe0f\u20e34\ufe0f\u20e3-F<\/a> |<a href=\"http:\/\/0-zz.com\/g\">3\ufe0f\u20e35\ufe0f\u20e3-G<\/a> |<a href=\"http:\/\/0-zz.com\/h\">3\ufe0f\u20e36\ufe0f\u20e3-H<\/a><\/strong><\/small><br><small> <strong><a href=\"http:\/\/0-zz.com\/i\">4\ufe0f\u20e31\ufe0f\u20e3-I<\/a> |<a href=\"http:\/\/0-zz.com\/j\">4\ufe0f\u20e32\ufe0f\u20e3-J<\/a> |<a href=\"http:\/\/0-zz.com\/k\">4\ufe0f\u20e33\ufe0f\u20e3-K<\/a> |<a href=\"http:\/\/0-zz.com\/l\">4\ufe0f\u20e34\ufe0f\u20e3-L<\/a> |<a href=\"http:\/\/0-zz.com\/m\">4\ufe0f\u20e35\ufe0f\u20e3-M<\/a> |<a href=\"http:\/\/0-zz.com\/n\">4\ufe0f\u20e36\ufe0f\u20e3-N<\/a><\/strong><\/small><br><small> <strong><a href=\"http:\/\/0-zz.com\/o\">5\ufe0f\u20e31\ufe0f\u20e3-O<\/a> |<a href=\"http:\/\/0-zz.com\/p\">5\ufe0f\u20e32\ufe0f\u20e3-P<\/a> |<a href=\"http:\/\/0-zz.com\/q\">5\ufe0f\u20e33\ufe0f\u20e3-Q<\/a> |<a href=\"http:\/\/0-zz.com\/r\">5\ufe0f\u20e34\ufe0f\u20e3-R<\/a> |<a href=\"http:\/\/0-zz.com\/s\">5\ufe0f\u20e35\ufe0f\u20e3-S<\/a> |<a href=\"http:\/\/0-zz.com\/t\">5\ufe0f\u20e36\ufe0f\u20e3-T<\/a><\/strong><\/small><br><small> <strong><a href=\"http:\/\/0-zz.com\/u\">6\ufe0f\u20e31\ufe0f\u20e3-U<\/a> |<a href=\"http:\/\/0-zz.com\/v\">6\ufe0f\u20e32\ufe0f\u20e3-V<\/a> |<a href=\"http:\/\/0-zz.com\/w\">6\ufe0f\u20e33\ufe0f\u20e3-W<\/a> |<a href=\"http:\/\/0-zz.com\/x\">6\ufe0f\u20e34\ufe0f\u20e3-X<\/a> |<a href=\"http:\/\/0-zz.com\/y\">6\ufe0f\u20e35\ufe0f\u20e3-Y<\/a> |<a href=\"http:\/\/0-zz.com\/z\">6\ufe0f\u20e36\ufe0f\u20e3-Z<\/a><\/strong><\/small><\/p>\n\n\n\n<p>Roll 2 dice ?? 1\ufe0f\u20e32\ufe0f\u20e33\ufe0f\u20e34\ufe0f\u20e35\ufe0f\u20e36\ufe0f\u20e3<\/p>\n\n\n\n<p><a href=\"https:\/\/www.random.org\/dice\/\">https:\/\/www.random.org\/dice\/<\/a><\/p>\n\n\n\n<p><a href=\"https:\/\/www.google.com\/search?q=dice+roller\">https:\/\/www.google.com\/search?q=dice+roller<\/a><\/p>\n\n\n\n<hr class=\"wp-block-separator\"\/>\n\n\n\n<p><a href=\"https:\/\/12r.pl\/ea\/\">12r.pl\/ea<\/a>&nbsp;-&gt;&nbsp;<a href=\"https:\/\/12r.uk\/ea\/\">12r.uk\/ea<\/a>&nbsp;-&gt;&nbsp;<a href=\"https:\/\/7hi7.com\/ea\/\">7hi7.com\/ea<\/a><\/p>\n\n\n\n<p>Wikipedia.org &#8211; Play game &#8211; portals, categories, states, cities, capital cities<\/p>\n","protected":false},"excerpt":{"rendered":"<p>y &#8211; 02\/y &#8211; 02Y Marek Grechuta &#8211; Nie dokazuj [Official Audio] 1.8M views&nbsp;\u00b7&nbsp;2 years ago Polskie Nagrania SUBSCRIBED 108K subscribers https:\/\/m.youtube.com\/channel\/UCeAFhL7tQmtLp9zk7uQpNoQ By\u0142o kiedy\u015b w pewnym mie\u015bcie wielkie poruszenie,Wystawiano nies\u0142ychanie pi\u0119kne przedstawienie,Wszyscy dobrze si\u0119 bawili, chocia\u017c by\u0142 wyj\u0105tek. M\u0142oda pani z ko\u0144ca sali wszystko mia\u0142a za nic,Nawet to \u017ce \u015bpiewak \u015bpiewa\u0142 tylko dla tej pani,I [&hellip;]<\/p>\n","protected":false},"author":1,"featured_media":0,"parent":0,"menu_order":0,"comment_status":"closed","ping_status":"closed","template":"","meta":{"footnotes":""},"class_list":["post-112","page","type-page","status-publish","hentry"],"_links":{"self":[{"href":"https:\/\/0-zz.com\/02\/wp-json\/wp\/v2\/pages\/112","targetHints":{"allow":["GET"]}}],"collection":[{"href":"https:\/\/0-zz.com\/02\/wp-json\/wp\/v2\/pages"}],"about":[{"href":"https:\/\/0-zz.com\/02\/wp-json\/wp\/v2\/types\/page"}],"author":[{"embeddable":true,"href":"https:\/\/0-zz.com\/02\/wp-json\/wp\/v2\/users\/1"}],"replies":[{"embeddable":true,"href":"https:\/\/0-zz.com\/02\/wp-json\/wp\/v2\/comments?post=112"}],"version-history":[{"count":3,"href":"https:\/\/0-zz.com\/02\/wp-json\/wp\/v2\/pages\/112\/revisions"}],"predecessor-version":[{"id":196,"href":"https:\/\/0-zz.com\/02\/wp-json\/wp\/v2\/pages\/112\/revisions\/196"}],"wp:attachment":[{"href":"https:\/\/0-zz.com\/02\/wp-json\/wp\/v2\/media?parent=112"}],"curies":[{"name":"wp","href":"https:\/\/api.w.org\/{rel}","templated":true}]}}