{"id":110,"date":"2022-02-20T22:07:32","date_gmt":"2022-02-21T10:07:32","guid":{"rendered":"https:\/\/0-zz.com\/02\/?page_id=110"},"modified":"2022-04-28T03:29:23","modified_gmt":"2022-04-28T15:29:23","slug":"x","status":"publish","type":"page","link":"https:\/\/0-zz.com\/02\/x\/","title":{"rendered":"X"},"content":{"rendered":"\n<h2 class=\"wp-block-heading\" id=\"x-02-x-02x\">x &#8211; 02\/x &#8211; 02X<\/h2>\n\n\n\n<figure class=\"wp-block-embed is-type-video is-provider-youtube wp-block-embed-youtube wp-embed-aspect-16-9 wp-has-aspect-ratio\"><div class=\"wp-block-embed__wrapper\">\n<iframe loading=\"lazy\" title=\"Czerwone Gitary - Wr\u00f3\u0107my na jeziora [Official Audio]\" width=\"580\" height=\"326\" src=\"https:\/\/www.youtube.com\/embed\/enXdcZt_o-c?feature=oembed\" frameborder=\"0\" allow=\"accelerometer; autoplay; clipboard-write; encrypted-media; gyroscope; picture-in-picture; web-share\" referrerpolicy=\"strict-origin-when-cross-origin\" allowfullscreen><\/iframe>\n<\/div><\/figure>\n\n\n\n<h2 class=\"wp-block-heading\" id=\"czerwone-gitary-wrocmy-na-jeziora-official-audio\">Czerwone Gitary &#8211; Wr\u00f3\u0107my na jeziora [Official Audio]<\/h2>\n\n\n\n<p>842K views&nbsp;\u00b7&nbsp;2 years ago<\/p>\n\n\n\n<h2 class=\"wp-block-heading\" id=\"polskie-nagrania\">Polskie Nagrania<\/h2>\n\n\n\n<p>SUBSCRIBED 108K subscribers<\/p>\n\n\n\n<p><a href=\"https:\/\/m.youtube.com\/channel\/UCeAFhL7tQmtLp9zk7uQpNoQ\">https:\/\/m.youtube.com\/channel\/UCeAFhL7tQmtLp9zk7uQpNoQ<\/a><\/p>\n\n\n\n<p>Kiedy wr\u00f3c\u0105 ptaki<br>Do mazurskich gniazd,<br>Ruszaj tam, gdzie ju\u017c \u017ceglarze<br>P\u0142yn\u0105 szlakiem gwiazd.<\/p>\n\n\n\n<p>Wr\u00f3\u0107my na jeziora,<br>Na w\u0119drowny rejs;<br>Znajdziesz tam cel swojej drogi<br>W\u015br\u00f3d szumi\u0105cych drzew.<\/p>\n\n\n\n<p>Bia\u0142e \u017cagle,<br>Szmaragdowa to\u0144,<br>A przy tobie<br>Przyjacielska d\u0142o\u0144.<\/p>\n\n\n\n<p>Wr\u00f3cisz tam z gitar\u0105,<br>Gdzie ogniska blask.<br>Zosta\u0144 tu, noc \u015bpi w szuwarach,<br>Pie\u015bni s\u0142ucha las.<\/p>\n\n\n\n<p>Wr\u00f3\u0107my na jeziora,<br>Na samotny brzeg.<br>Zosta\u0144 tu, gdzie las i woda,<br>Maszt\u00f3w cichy \u015bpiew.<\/p>\n\n\n\n<p>Bia\u0142e \u017cagle,<br>Kt\u00f3re kryje mg\u0142a.<br>I nic nie m\u00f3w,<br>Bo przygoda trwa. \/bis<\/p>\n\n\n\n<p>Wr\u00f3\u0107my na jeziora,<br>Gdy zapadnie mrok.<br>Znajdziesz tu swoj\u0105 przygod\u0119,<br>Wr\u00f3cisz tu za rok. \/bis<\/p>\n\n\n\n<figure class=\"wp-block-table\"><table><tbody><tr><th>Autor tekstu:<\/th><td>Jan \u015awi\u0105\u0107<\/td><\/tr><tr><th>Kompozytor:<\/th><td>Krzysztof Klenczon<\/td><\/tr><\/tbody><\/table><\/figure>\n\n\n\n<p><a href=\"https:\/\/www.tekstowo.pl\/piosenka,czerwone_gitary,wrocmy_nad_jeziora.html\">https:\/\/www.tekstowo.pl\/piosenka,czerwone_gitary,wrocmy_nad_jeziora.html<\/a><\/p>\n\n\n\n<hr class=\"wp-block-separator\"\/>\n\n\n\n<h4 class=\"wp-block-heading\">0-zz.com\/0 &#8211; 0-zz.com\/z :<\/h4>\n\n\n\n<p><small><strong><a href=\"http:\/\/0-zz.com\/0\">1\ufe0f\u20e31\ufe0f\u20e3-0<\/a> |<a href=\"http:\/\/0-zz.com\/1\">1\ufe0f\u20e32\ufe0f\u20e3-1<\/a> |<a href=\"http:\/\/0-zz.com\/2\">1\ufe0f\u20e33\ufe0f\u20e3-2<\/a> |<a href=\"http:\/\/0-zz.com\/3\">1\ufe0f\u20e34\ufe0f\u20e3-3<\/a> |<a href=\"http:\/\/0-zz.com\/4\">1\ufe0f\u20e35\ufe0f\u20e3-4<\/a> |<a href=\"http:\/\/0-zz.com\/5\">1\ufe0f\u20e36\ufe0f\u20e3-5<\/a> <\/strong><\/small><br><small> <strong><a href=\"http:\/\/0-zz.com\/6\">2\ufe0f\u20e31\ufe0f\u20e3-6<\/a> |<a href=\"http:\/\/0-zz.com\/7\">2\ufe0f\u20e32\ufe0f\u20e3-7<\/a> |<a href=\"http:\/\/0-zz.com\/8\">2\ufe0f\u20e33\ufe0f\u20e3-8<\/a> |<a href=\"http:\/\/0-zz.com\/9\">2\ufe0f\u20e34\ufe0f\u20e3-9<\/a> |<a href=\"http:\/\/0-zz.com\/a\">2\ufe0f\u20e35\ufe0f\u20e3-A<\/a> |<a href=\"http:\/\/0-zz.com\/b\">2\ufe0f\u20e36\ufe0f\u20e3-B<\/a><\/strong><\/small><br><small> <strong><a href=\"http:\/\/0-zz.com\/c\">3\ufe0f\u20e31\ufe0f\u20e3-C<\/a> |<a href=\"http:\/\/0-zz.com\/d\">3\ufe0f\u20e32\ufe0f\u20e3-D<\/a> |<a href=\"http:\/\/0-zz.com\/e\">3\ufe0f\u20e33\ufe0f\u20e3-E<\/a> |<a href=\"http:\/\/0-zz.com\/f\">3\ufe0f\u20e34\ufe0f\u20e3-F<\/a> |<a href=\"http:\/\/0-zz.com\/g\">3\ufe0f\u20e35\ufe0f\u20e3-G<\/a> |<a href=\"http:\/\/0-zz.com\/h\">3\ufe0f\u20e36\ufe0f\u20e3-H<\/a><\/strong><\/small><br><small> <strong><a href=\"http:\/\/0-zz.com\/i\">4\ufe0f\u20e31\ufe0f\u20e3-I<\/a> |<a href=\"http:\/\/0-zz.com\/j\">4\ufe0f\u20e32\ufe0f\u20e3-J<\/a> |<a href=\"http:\/\/0-zz.com\/k\">4\ufe0f\u20e33\ufe0f\u20e3-K<\/a> |<a href=\"http:\/\/0-zz.com\/l\">4\ufe0f\u20e34\ufe0f\u20e3-L<\/a> |<a href=\"http:\/\/0-zz.com\/m\">4\ufe0f\u20e35\ufe0f\u20e3-M<\/a> |<a href=\"http:\/\/0-zz.com\/n\">4\ufe0f\u20e36\ufe0f\u20e3-N<\/a><\/strong><\/small><br><small> <strong><a href=\"http:\/\/0-zz.com\/o\">5\ufe0f\u20e31\ufe0f\u20e3-O<\/a> |<a href=\"http:\/\/0-zz.com\/p\">5\ufe0f\u20e32\ufe0f\u20e3-P<\/a> |<a href=\"http:\/\/0-zz.com\/q\">5\ufe0f\u20e33\ufe0f\u20e3-Q<\/a> |<a href=\"http:\/\/0-zz.com\/r\">5\ufe0f\u20e34\ufe0f\u20e3-R<\/a> |<a href=\"http:\/\/0-zz.com\/s\">5\ufe0f\u20e35\ufe0f\u20e3-S<\/a> |<a href=\"http:\/\/0-zz.com\/t\">5\ufe0f\u20e36\ufe0f\u20e3-T<\/a><\/strong><\/small><br><small> <strong><a href=\"http:\/\/0-zz.com\/u\">6\ufe0f\u20e31\ufe0f\u20e3-U<\/a> |<a href=\"http:\/\/0-zz.com\/v\">6\ufe0f\u20e32\ufe0f\u20e3-V<\/a> |<a href=\"http:\/\/0-zz.com\/w\">6\ufe0f\u20e33\ufe0f\u20e3-W<\/a> |<a href=\"http:\/\/0-zz.com\/x\">6\ufe0f\u20e34\ufe0f\u20e3-X<\/a> |<a href=\"http:\/\/0-zz.com\/y\">6\ufe0f\u20e35\ufe0f\u20e3-Y<\/a> |<a href=\"http:\/\/0-zz.com\/z\">6\ufe0f\u20e36\ufe0f\u20e3-Z<\/a><\/strong><\/small><\/p>\n\n\n\n<p>Roll 2 dice ?? 1\ufe0f\u20e32\ufe0f\u20e33\ufe0f\u20e34\ufe0f\u20e35\ufe0f\u20e36\ufe0f\u20e3<\/p>\n\n\n\n<p><a href=\"https:\/\/www.random.org\/dice\/\">https:\/\/www.random.org\/dice\/<\/a><\/p>\n\n\n\n<p><a href=\"https:\/\/www.google.com\/search?q=dice+roller\">https:\/\/www.google.com\/search?q=dice+roller<\/a><\/p>\n\n\n\n<hr class=\"wp-block-separator\"\/>\n\n\n\n<p><a href=\"https:\/\/12r.pl\/ea\/\">12r.pl\/ea<\/a>&nbsp;-&gt;&nbsp;<a href=\"https:\/\/12r.uk\/ea\/\">12r.uk\/ea<\/a>&nbsp;-&gt;&nbsp;<a href=\"https:\/\/7hi7.com\/ea\/\">7hi7.com\/ea<\/a><\/p>\n\n\n\n<p>Wikipedia.org &#8211; Play game &#8211; portals, categories, states, cities, capital cities<\/p>\n","protected":false},"excerpt":{"rendered":"<p>x &#8211; 02\/x &#8211; 02X Czerwone Gitary &#8211; Wr\u00f3\u0107my na jeziora [Official Audio] 842K views&nbsp;\u00b7&nbsp;2 years ago Polskie Nagrania SUBSCRIBED 108K subscribers https:\/\/m.youtube.com\/channel\/UCeAFhL7tQmtLp9zk7uQpNoQ Kiedy wr\u00f3c\u0105 ptakiDo mazurskich gniazd,Ruszaj tam, gdzie ju\u017c \u017ceglarzeP\u0142yn\u0105 szlakiem gwiazd. Wr\u00f3\u0107my na jeziora,Na w\u0119drowny rejs;Znajdziesz tam cel swojej drogiW\u015br\u00f3d szumi\u0105cych drzew. Bia\u0142e \u017cagle,Szmaragdowa to\u0144,A przy tobiePrzyjacielska d\u0142o\u0144. Wr\u00f3cisz tam z gitar\u0105,Gdzie [&hellip;]<\/p>\n","protected":false},"author":1,"featured_media":0,"parent":0,"menu_order":0,"comment_status":"closed","ping_status":"closed","template":"","meta":{"footnotes":""},"class_list":["post-110","page","type-page","status-publish","hentry"],"_links":{"self":[{"href":"https:\/\/0-zz.com\/02\/wp-json\/wp\/v2\/pages\/110","targetHints":{"allow":["GET"]}}],"collection":[{"href":"https:\/\/0-zz.com\/02\/wp-json\/wp\/v2\/pages"}],"about":[{"href":"https:\/\/0-zz.com\/02\/wp-json\/wp\/v2\/types\/page"}],"author":[{"embeddable":true,"href":"https:\/\/0-zz.com\/02\/wp-json\/wp\/v2\/users\/1"}],"replies":[{"embeddable":true,"href":"https:\/\/0-zz.com\/02\/wp-json\/wp\/v2\/comments?post=110"}],"version-history":[{"count":3,"href":"https:\/\/0-zz.com\/02\/wp-json\/wp\/v2\/pages\/110\/revisions"}],"predecessor-version":[{"id":195,"href":"https:\/\/0-zz.com\/02\/wp-json\/wp\/v2\/pages\/110\/revisions\/195"}],"wp:attachment":[{"href":"https:\/\/0-zz.com\/02\/wp-json\/wp\/v2\/media?parent=110"}],"curies":[{"name":"wp","href":"https:\/\/api.w.org\/{rel}","templated":true}]}}