{"id":96,"date":"2022-02-20T23:40:10","date_gmt":"2022-02-20T09:40:10","guid":{"rendered":"https:\/\/0-zz.com\/01\/?page_id=96"},"modified":"2022-04-29T04:41:19","modified_gmt":"2022-04-28T14:41:19","slug":"z","status":"publish","type":"page","link":"https:\/\/0-zz.com\/01\/z\/","title":{"rendered":"Z"},"content":{"rendered":"\n<h2 class=\"wp-block-heading\" id=\"z-01-z-01z\">z &#8211; 01\/z &#8211; 01Z<\/h2>\n\n\n\n<figure class=\"wp-block-embed is-type-video is-provider-youtube wp-block-embed-youtube wp-embed-aspect-16-9 wp-has-aspect-ratio\"><div class=\"wp-block-embed__wrapper\">\n<iframe loading=\"lazy\" title=\"Kasia Kowalska - Spowiedz\" width=\"580\" height=\"326\" src=\"https:\/\/www.youtube.com\/embed\/LWE6rwKCC80?feature=oembed\" frameborder=\"0\" allow=\"accelerometer; autoplay; clipboard-write; encrypted-media; gyroscope; picture-in-picture; web-share\" referrerpolicy=\"strict-origin-when-cross-origin\" allowfullscreen><\/iframe>\n<\/div><\/figure>\n\n\n\n<h2 class=\"wp-block-heading\" id=\"kasia-kowalska-spowiedz\">Kasia Kowalska &#8211; Spowiedz<\/h2>\n\n\n\n<p>10M views&nbsp;\u00b7&nbsp;11 years ago<\/p>\n\n\n\n<h2 class=\"wp-block-heading\" id=\"kasia-kowalska\">Kasia Kowalska<\/h2>\n\n\n\n<p>SUBSCRIBED 44.8K subscribers<\/p>\n\n\n\n<p><a href=\"https:\/\/m.youtube.com\/channel\/UCfZMQa4TL-6lhlUxvZGdJ_w\">https:\/\/m.youtube.com\/channel\/UCfZMQa4TL-6lhlUxvZGdJ_w<\/a><\/p>\n\n\n\n<p>M\u00f3wi\u0142e\u015b mi, \u017ce przyci\u0105gam gniew,<br>\u017be za nic masz m\u0105 niewinno\u015b\u0107<br>Kaza\u0142e\u015b mi trudn\u0105 drog\u0105 i\u015b\u0107,<br>Za str\u00f3\u017ca mie\u0107 tylko ciemno\u015b\u0107<\/p>\n\n\n\n<p>Patrzy\u0142e\u015b jak wolno staczam si\u0119<br>I spadam w otch\u0142a\u0144 bezdenn\u0105<br>Widzia\u0142e\u015b jak mieszam z winem krew<br>By ob\u0142askawi\u0107 codzienno\u015b\u0107<\/p>\n\n\n\n<p>Me serce bije i tak na przek\u00f3r dniom,<br>Gdy ci\u0105gle czuj\u0119 tw\u00f3j gniew nade mn\u0105<br>Me serce bije i nie zatrzymasz go<br>Me serce bije i tak, na pewno<\/p>\n\n\n\n<p>Wyostrzam wzrok kiedy przyj\u015b\u0107 ma sen<br>Jak dziki zwierz jestem czujna<br>Napi\u0119t\u0105 strun\u0105 me cia\u0142o jest<br>W obawie, \u017ce ciebie spotka<\/p>\n\n\n\n<p>Me serce bije i tak na przek\u00f3r dniom<br>Gdy ci\u0105gle czuj\u0119 tw\u00f3j gniew nade mn\u0105<br>Me serce bije i tak, jak kruche szk\u0142o<br>Jest wci\u0105\u017c m\u00f3j los, m\u00f3j los<\/p>\n\n\n\n<p>Za str\u00f3\u017ca mam tylko ciemno\u015b\u0107&#8230;<\/p>\n\n\n\n<p>Me serce bije i tak na przek\u00f3r dniom,<br>Gdy ci\u0105gle czuj\u0119 tw\u00f3j gniew nade mn\u0105<br>Me serce bije i tak, jak kruche szk\u0142o<br>Jest wci\u0105\u017c m\u00f3j los<\/p>\n\n\n\n<p>Me serce bije i tak<br>Me serce bije i tak<br>Me serce bije i nie zatrzymasz go<br>Me serce bije i tak, na pewno<\/p>\n\n\n\n<figure class=\"wp-block-table\"><table><tbody><tr><th>Autor tekstu:<\/th><td>Kasia Kowalska<\/td><\/tr><tr><th>Kompozytor:<\/th><td>Jerzy Runowski<\/td><\/tr><\/tbody><\/table><\/figure>\n\n\n\n<p><a href=\"https:\/\/www.tekstowo.pl\/piosenka,kasia_kowalska,spowied_.html\">https:\/\/www.tekstowo.pl\/piosenka,kasia_kowalska,spowied_.html<\/a><\/p>\n\n\n\n<hr class=\"wp-block-separator\"\/>\n\n\n\n<h4 class=\"wp-block-heading\">0-zz.com\/0 &#8211; 0-zz.com\/z :<\/h4>\n\n\n\n<p><small><strong><a href=\"http:\/\/0-zz.com\/0\">1\ufe0f\u20e31\ufe0f\u20e3-0<\/a> |<a href=\"http:\/\/0-zz.com\/1\">1\ufe0f\u20e32\ufe0f\u20e3-1<\/a> |<a href=\"http:\/\/0-zz.com\/2\">1\ufe0f\u20e33\ufe0f\u20e3-2<\/a> |<a href=\"http:\/\/0-zz.com\/3\">1\ufe0f\u20e34\ufe0f\u20e3-3<\/a> |<a href=\"http:\/\/0-zz.com\/4\">1\ufe0f\u20e35\ufe0f\u20e3-4<\/a> |<a href=\"http:\/\/0-zz.com\/5\">1\ufe0f\u20e36\ufe0f\u20e3-5<\/a> <\/strong><\/small><br><small> <strong><a href=\"http:\/\/0-zz.com\/6\">2\ufe0f\u20e31\ufe0f\u20e3-6<\/a> |<a href=\"http:\/\/0-zz.com\/7\">2\ufe0f\u20e32\ufe0f\u20e3-7<\/a> |<a href=\"http:\/\/0-zz.com\/8\">2\ufe0f\u20e33\ufe0f\u20e3-8<\/a> |<a href=\"http:\/\/0-zz.com\/9\">2\ufe0f\u20e34\ufe0f\u20e3-9<\/a> |<a href=\"http:\/\/0-zz.com\/a\">2\ufe0f\u20e35\ufe0f\u20e3-A<\/a> |<a href=\"http:\/\/0-zz.com\/b\">2\ufe0f\u20e36\ufe0f\u20e3-B<\/a><\/strong><\/small><br><small> <strong><a href=\"http:\/\/0-zz.com\/c\">3\ufe0f\u20e31\ufe0f\u20e3-C<\/a> |<a href=\"http:\/\/0-zz.com\/d\">3\ufe0f\u20e32\ufe0f\u20e3-D<\/a> |<a href=\"http:\/\/0-zz.com\/e\">3\ufe0f\u20e33\ufe0f\u20e3-E<\/a> |<a href=\"http:\/\/0-zz.com\/f\">3\ufe0f\u20e34\ufe0f\u20e3-F<\/a> |<a href=\"http:\/\/0-zz.com\/g\">3\ufe0f\u20e35\ufe0f\u20e3-G<\/a> |<a href=\"http:\/\/0-zz.com\/h\">3\ufe0f\u20e36\ufe0f\u20e3-H<\/a><\/strong><\/small><br><small> <strong><a href=\"http:\/\/0-zz.com\/i\">4\ufe0f\u20e31\ufe0f\u20e3-I<\/a> |<a href=\"http:\/\/0-zz.com\/j\">4\ufe0f\u20e32\ufe0f\u20e3-J<\/a> |<a href=\"http:\/\/0-zz.com\/k\">4\ufe0f\u20e33\ufe0f\u20e3-K<\/a> |<a href=\"http:\/\/0-zz.com\/l\">4\ufe0f\u20e34\ufe0f\u20e3-L<\/a> |<a href=\"http:\/\/0-zz.com\/m\">4\ufe0f\u20e35\ufe0f\u20e3-M<\/a> |<a href=\"http:\/\/0-zz.com\/n\">4\ufe0f\u20e36\ufe0f\u20e3-N<\/a><\/strong><\/small><br><small> <strong><a href=\"http:\/\/0-zz.com\/o\">5\ufe0f\u20e31\ufe0f\u20e3-O<\/a> |<a href=\"http:\/\/0-zz.com\/p\">5\ufe0f\u20e32\ufe0f\u20e3-P<\/a> |<a href=\"http:\/\/0-zz.com\/q\">5\ufe0f\u20e33\ufe0f\u20e3-Q<\/a> |<a href=\"http:\/\/0-zz.com\/r\">5\ufe0f\u20e34\ufe0f\u20e3-R<\/a> |<a href=\"http:\/\/0-zz.com\/s\">5\ufe0f\u20e35\ufe0f\u20e3-S<\/a> |<a href=\"http:\/\/0-zz.com\/t\">5\ufe0f\u20e36\ufe0f\u20e3-T<\/a><\/strong><\/small><br><small> <strong><a href=\"http:\/\/0-zz.com\/u\">6\ufe0f\u20e31\ufe0f\u20e3-U<\/a> |<a href=\"http:\/\/0-zz.com\/v\">6\ufe0f\u20e32\ufe0f\u20e3-V<\/a> |<a href=\"http:\/\/0-zz.com\/w\">6\ufe0f\u20e33\ufe0f\u20e3-W<\/a> |<a href=\"http:\/\/0-zz.com\/x\">6\ufe0f\u20e34\ufe0f\u20e3-X<\/a> |<a href=\"http:\/\/0-zz.com\/y\">6\ufe0f\u20e35\ufe0f\u20e3-Y<\/a> |<a href=\"http:\/\/0-zz.com\/z\">6\ufe0f\u20e36\ufe0f\u20e3-Z<\/a><\/strong><\/small><\/p>\n\n\n\n<p>Roll 2 dice ?? 1\ufe0f\u20e32\ufe0f\u20e33\ufe0f\u20e34\ufe0f\u20e35\ufe0f\u20e36\ufe0f\u20e3<\/p>\n\n\n\n<p><a href=\"https:\/\/www.random.org\/dice\/\">https:\/\/www.random.org\/dice\/<\/a><\/p>\n\n\n\n<p><a href=\"https:\/\/www.google.com\/search?q=dice+roller\">https:\/\/www.google.com\/search?q=dice+roller<\/a><\/p>\n\n\n\n<hr class=\"wp-block-separator\"\/>\n\n\n\n<p><a href=\"https:\/\/12r.pl\/ea\/\">12r.pl\/ea<\/a>&nbsp;-&gt;&nbsp;<a href=\"https:\/\/12r.uk\/ea\/\">12r.uk\/ea<\/a>&nbsp;-&gt;&nbsp;<a href=\"https:\/\/7hi7.com\/ea\/\">7hi7.com\/ea<\/a><\/p>\n\n\n\n<p>Wikipedia.org &#8211; Play game &#8211; portals, categories, states, cities, capital cities<\/p>\n","protected":false},"excerpt":{"rendered":"<p>z &#8211; 01\/z &#8211; 01Z Kasia Kowalska &#8211; Spowiedz 10M views&nbsp;\u00b7&nbsp;11 years ago Kasia Kowalska SUBSCRIBED 44.8K subscribers https:\/\/m.youtube.com\/channel\/UCfZMQa4TL-6lhlUxvZGdJ_w M\u00f3wi\u0142e\u015b mi, \u017ce przyci\u0105gam gniew,\u017be za nic masz m\u0105 niewinno\u015b\u0107Kaza\u0142e\u015b mi trudn\u0105 drog\u0105 i\u015b\u0107,Za str\u00f3\u017ca mie\u0107 tylko ciemno\u015b\u0107 Patrzy\u0142e\u015b jak wolno staczam si\u0119I spadam w otch\u0142a\u0144 bezdenn\u0105Widzia\u0142e\u015b jak mieszam z winem krewBy ob\u0142askawi\u0107 codzienno\u015b\u0107 Me serce [&hellip;]<\/p>\n","protected":false},"author":1,"featured_media":0,"parent":0,"menu_order":0,"comment_status":"closed","ping_status":"closed","template":"","meta":{"footnotes":""},"class_list":["post-96","page","type-page","status-publish","hentry"],"_links":{"self":[{"href":"https:\/\/0-zz.com\/01\/wp-json\/wp\/v2\/pages\/96","targetHints":{"allow":["GET"]}}],"collection":[{"href":"https:\/\/0-zz.com\/01\/wp-json\/wp\/v2\/pages"}],"about":[{"href":"https:\/\/0-zz.com\/01\/wp-json\/wp\/v2\/types\/page"}],"author":[{"embeddable":true,"href":"https:\/\/0-zz.com\/01\/wp-json\/wp\/v2\/users\/1"}],"replies":[{"embeddable":true,"href":"https:\/\/0-zz.com\/01\/wp-json\/wp\/v2\/comments?post=96"}],"version-history":[{"count":4,"href":"https:\/\/0-zz.com\/01\/wp-json\/wp\/v2\/pages\/96\/revisions"}],"predecessor-version":[{"id":226,"href":"https:\/\/0-zz.com\/01\/wp-json\/wp\/v2\/pages\/96\/revisions\/226"}],"wp:attachment":[{"href":"https:\/\/0-zz.com\/01\/wp-json\/wp\/v2\/media?parent=96"}],"curies":[{"name":"wp","href":"https:\/\/api.w.org\/{rel}","templated":true}]}}