{"id":90,"date":"2022-02-20T23:38:49","date_gmt":"2022-02-20T09:38:49","guid":{"rendered":"https:\/\/0-zz.com\/01\/?page_id=90"},"modified":"2022-04-29T04:37:25","modified_gmt":"2022-04-28T14:37:25","slug":"w","status":"publish","type":"page","link":"https:\/\/0-zz.com\/01\/w\/","title":{"rendered":"W"},"content":{"rendered":"\n<h2 class=\"wp-block-heading\" id=\"w-01-w-01w\">w &#8211; 01\/w &#8211; 01W<\/h2>\n\n\n\n<figure class=\"wp-block-embed is-type-video is-provider-youtube wp-block-embed-youtube wp-embed-aspect-4-3 wp-has-aspect-ratio\"><div class=\"wp-block-embed__wrapper\">\n<iframe loading=\"lazy\" title=\"Patrycja Markowska - Jeszcze Raz\" width=\"580\" height=\"435\" src=\"https:\/\/www.youtube.com\/embed\/Feuexes7ntw?feature=oembed\" frameborder=\"0\" allow=\"accelerometer; autoplay; clipboard-write; encrypted-media; gyroscope; picture-in-picture; web-share\" referrerpolicy=\"strict-origin-when-cross-origin\" allowfullscreen><\/iframe>\n<\/div><\/figure>\n\n\n\n<h2 class=\"wp-block-heading\" id=\"patrycja-markowska-jeszcze-raz\">Patrycja Markowska &#8211; Jeszcze Raz<\/h2>\n\n\n\n<p>5.9M views&nbsp;\u00b7&nbsp;11 years ago<\/p>\n\n\n\n<h2 class=\"wp-block-heading\" id=\"patrycja-markowska\">Patrycja Markowska<\/h2>\n\n\n\n<p>SUBSCRIBED 57.5K subscribers<\/p>\n\n\n\n<p><a href=\"https:\/\/m.youtube.com\/channel\/UCKtHJBAFD5kc__AFvAv36ew\">https:\/\/m.youtube.com\/channel\/UCKtHJBAFD5kc__AFvAv36ew<\/a><\/p>\n\n\n\n<p>1.<br>Jeszcze raz jeszcze noc taka m\u0142oda ,<br>jeszcze raz co na p\u00f3\u017aniej tego szkoda.<br>Jeszcze raz obie dusze w jedno cia\u0142o.<br>Jeszcze raz pod powiek\u0105 b\u0119dzie bia\u0142o.<\/p>\n\n\n\n<p>Co z prochu powsta\u0107 ma teraz, obr\u00f3\u0107my w proch.<\/p>\n\n\n\n<p>Ref.<br>Jeszcze raz zabierz mnie do pierwszej \u0142zy.<br>Jeszcze raz powiedz, \u017ce nic si\u0119 nie liczy.<br>Zata\u0144czmy, zata\u0144czmy zerwij ze mnie wstyd.<br>Jeszcze raz zabierz mnie do pierwszej \u0142zy.<br>Jeszcze raz powiedz, \u017ce nic si\u0119 nie liczy.<br>Zata\u0144czmy, zata\u0144czmy tak jak jeszcze nikt .<\/p>\n\n\n\n<p>2.<br>Jeszcze raz czas rozp\u0142ywa si\u0119 z gor\u0105ca.<br>Jeszcze raz wschodz\u0105 we mnie s\u0142o\u0144ca.<br>Jeszcze raz chce us\u0142ysze\u0107 jak mnie wo\u0142asz,<br>jeszcze raz zanim zgasn\u0119 w twoich d\u0142oniach.<br>Jeszcze raz, jeszcze raz ,jeszcze jeden,<br>jeszcze raz odp\u0142yniemy w siebie.<br>Jeszcze raz w naszych czterech \u015bcianach nieba.<br>Jeszcze raz uwolnimy dzikie serca.<\/p>\n\n\n\n<p>Co z prochu powsta\u0107 ma teraz, obr\u00f3\u0107my w proch.<\/p>\n\n\n\n<p>Ref.<br>Jeszcze raz zabierz mnie do pierwszej \u0142zy.<br>Jeszcze raz powiedz, \u017ce nic si\u0119 nie liczy.<br>Zata\u0144czmy, zata\u0144czmy zerwij ze mnie wstyd.<br>Jeszcze raz zabierz mnie do pierwszej \u0142zy.<br>Jeszcze raz powiedz, \u017ce nic si\u0119 nie liczy.<br>Zata\u0144czmy, zata\u0144czmy tak jak jeszcze nikt .<\/p>\n\n\n\n<p>Jeszcze raz&#8230;<br>Jeszcze raz zabierz mnie, jeszcze raz powiedz \u017ce..<br>zata\u0144czmy, zerwij ze mnie wstyd&#8230;<br>Jeszcze raz<br>zabierz mnie do pierwszej \u0142zy,<br>jeszcze raz powiedz, \u017ce nic si\u0119 nie liczy..<\/p>\n\n\n\n<figure class=\"wp-block-table\"><table><tbody><tr><th>Autor tekstu:<\/th><td>Ryszard Kunce<\/td><\/tr><tr><th>Kompozytor:<\/th><td>Rafa\u0142 S\u0119dek<\/td><\/tr><\/tbody><\/table><\/figure>\n\n\n\n<p><a href=\"https:\/\/www.tekstowo.pl\/piosenka,patrycja_markowska,jeszcze_raz.html\">https:\/\/www.tekstowo.pl\/piosenka,patrycja_markowska,jeszcze_raz.html<\/a><\/p>\n\n\n\n<hr class=\"wp-block-separator\"\/>\n\n\n\n<h4 class=\"wp-block-heading\">0-zz.com\/0 &#8211; 0-zz.com\/z :<\/h4>\n\n\n\n<p><small><strong><a href=\"http:\/\/0-zz.com\/0\">1\ufe0f\u20e31\ufe0f\u20e3-0<\/a> |<a href=\"http:\/\/0-zz.com\/1\">1\ufe0f\u20e32\ufe0f\u20e3-1<\/a> |<a href=\"http:\/\/0-zz.com\/2\">1\ufe0f\u20e33\ufe0f\u20e3-2<\/a> |<a href=\"http:\/\/0-zz.com\/3\">1\ufe0f\u20e34\ufe0f\u20e3-3<\/a> |<a href=\"http:\/\/0-zz.com\/4\">1\ufe0f\u20e35\ufe0f\u20e3-4<\/a> |<a href=\"http:\/\/0-zz.com\/5\">1\ufe0f\u20e36\ufe0f\u20e3-5<\/a> <\/strong><\/small><br><small> <strong><a href=\"http:\/\/0-zz.com\/6\">2\ufe0f\u20e31\ufe0f\u20e3-6<\/a> |<a href=\"http:\/\/0-zz.com\/7\">2\ufe0f\u20e32\ufe0f\u20e3-7<\/a> |<a href=\"http:\/\/0-zz.com\/8\">2\ufe0f\u20e33\ufe0f\u20e3-8<\/a> |<a href=\"http:\/\/0-zz.com\/9\">2\ufe0f\u20e34\ufe0f\u20e3-9<\/a> |<a href=\"http:\/\/0-zz.com\/a\">2\ufe0f\u20e35\ufe0f\u20e3-A<\/a> |<a href=\"http:\/\/0-zz.com\/b\">2\ufe0f\u20e36\ufe0f\u20e3-B<\/a><\/strong><\/small><br><small> <strong><a href=\"http:\/\/0-zz.com\/c\">3\ufe0f\u20e31\ufe0f\u20e3-C<\/a> |<a href=\"http:\/\/0-zz.com\/d\">3\ufe0f\u20e32\ufe0f\u20e3-D<\/a> |<a href=\"http:\/\/0-zz.com\/e\">3\ufe0f\u20e33\ufe0f\u20e3-E<\/a> |<a href=\"http:\/\/0-zz.com\/f\">3\ufe0f\u20e34\ufe0f\u20e3-F<\/a> |<a href=\"http:\/\/0-zz.com\/g\">3\ufe0f\u20e35\ufe0f\u20e3-G<\/a> |<a href=\"http:\/\/0-zz.com\/h\">3\ufe0f\u20e36\ufe0f\u20e3-H<\/a><\/strong><\/small><br><small> <strong><a href=\"http:\/\/0-zz.com\/i\">4\ufe0f\u20e31\ufe0f\u20e3-I<\/a> |<a href=\"http:\/\/0-zz.com\/j\">4\ufe0f\u20e32\ufe0f\u20e3-J<\/a> |<a href=\"http:\/\/0-zz.com\/k\">4\ufe0f\u20e33\ufe0f\u20e3-K<\/a> |<a href=\"http:\/\/0-zz.com\/l\">4\ufe0f\u20e34\ufe0f\u20e3-L<\/a> |<a href=\"http:\/\/0-zz.com\/m\">4\ufe0f\u20e35\ufe0f\u20e3-M<\/a> |<a href=\"http:\/\/0-zz.com\/n\">4\ufe0f\u20e36\ufe0f\u20e3-N<\/a><\/strong><\/small><br><small> <strong><a href=\"http:\/\/0-zz.com\/o\">5\ufe0f\u20e31\ufe0f\u20e3-O<\/a> |<a href=\"http:\/\/0-zz.com\/p\">5\ufe0f\u20e32\ufe0f\u20e3-P<\/a> |<a href=\"http:\/\/0-zz.com\/q\">5\ufe0f\u20e33\ufe0f\u20e3-Q<\/a> |<a href=\"http:\/\/0-zz.com\/r\">5\ufe0f\u20e34\ufe0f\u20e3-R<\/a> |<a href=\"http:\/\/0-zz.com\/s\">5\ufe0f\u20e35\ufe0f\u20e3-S<\/a> |<a href=\"http:\/\/0-zz.com\/t\">5\ufe0f\u20e36\ufe0f\u20e3-T<\/a><\/strong><\/small><br><small> <strong><a href=\"http:\/\/0-zz.com\/u\">6\ufe0f\u20e31\ufe0f\u20e3-U<\/a> |<a href=\"http:\/\/0-zz.com\/v\">6\ufe0f\u20e32\ufe0f\u20e3-V<\/a> |<a href=\"http:\/\/0-zz.com\/w\">6\ufe0f\u20e33\ufe0f\u20e3-W<\/a> |<a href=\"http:\/\/0-zz.com\/x\">6\ufe0f\u20e34\ufe0f\u20e3-X<\/a> |<a href=\"http:\/\/0-zz.com\/y\">6\ufe0f\u20e35\ufe0f\u20e3-Y<\/a> |<a href=\"http:\/\/0-zz.com\/z\">6\ufe0f\u20e36\ufe0f\u20e3-Z<\/a><\/strong><\/small><\/p>\n\n\n\n<p>Roll 2 dice ?? 1\ufe0f\u20e32\ufe0f\u20e33\ufe0f\u20e34\ufe0f\u20e35\ufe0f\u20e36\ufe0f\u20e3<\/p>\n\n\n\n<p><a href=\"https:\/\/www.random.org\/dice\/\">https:\/\/www.random.org\/dice\/<\/a><\/p>\n\n\n\n<p><a href=\"https:\/\/www.google.com\/search?q=dice+roller\">https:\/\/www.google.com\/search?q=dice+roller<\/a><\/p>\n\n\n\n<hr class=\"wp-block-separator\"\/>\n\n\n\n<p><a href=\"https:\/\/12r.pl\/ea\/\">12r.pl\/ea<\/a>&nbsp;-&gt;&nbsp;<a href=\"https:\/\/12r.uk\/ea\/\">12r.uk\/ea<\/a>&nbsp;-&gt;&nbsp;<a href=\"https:\/\/7hi7.com\/ea\/\">7hi7.com\/ea<\/a><\/p>\n\n\n\n<p>Wikipedia.org &#8211; Play game &#8211; portals, categories, states, cities, capital cities<\/p>\n","protected":false},"excerpt":{"rendered":"<p>w &#8211; 01\/w &#8211; 01W Patrycja Markowska &#8211; Jeszcze Raz 5.9M views&nbsp;\u00b7&nbsp;11 years ago Patrycja Markowska SUBSCRIBED 57.5K subscribers https:\/\/m.youtube.com\/channel\/UCKtHJBAFD5kc__AFvAv36ew 1.Jeszcze raz jeszcze noc taka m\u0142oda ,jeszcze raz co na p\u00f3\u017aniej tego szkoda.Jeszcze raz obie dusze w jedno cia\u0142o.Jeszcze raz pod powiek\u0105 b\u0119dzie bia\u0142o. Co z prochu powsta\u0107 ma teraz, obr\u00f3\u0107my w proch. Ref.Jeszcze raz [&hellip;]<\/p>\n","protected":false},"author":1,"featured_media":0,"parent":0,"menu_order":0,"comment_status":"closed","ping_status":"closed","template":"","meta":{"footnotes":""},"class_list":["post-90","page","type-page","status-publish","hentry"],"_links":{"self":[{"href":"https:\/\/0-zz.com\/01\/wp-json\/wp\/v2\/pages\/90","targetHints":{"allow":["GET"]}}],"collection":[{"href":"https:\/\/0-zz.com\/01\/wp-json\/wp\/v2\/pages"}],"about":[{"href":"https:\/\/0-zz.com\/01\/wp-json\/wp\/v2\/types\/page"}],"author":[{"embeddable":true,"href":"https:\/\/0-zz.com\/01\/wp-json\/wp\/v2\/users\/1"}],"replies":[{"embeddable":true,"href":"https:\/\/0-zz.com\/01\/wp-json\/wp\/v2\/comments?post=90"}],"version-history":[{"count":4,"href":"https:\/\/0-zz.com\/01\/wp-json\/wp\/v2\/pages\/90\/revisions"}],"predecessor-version":[{"id":223,"href":"https:\/\/0-zz.com\/01\/wp-json\/wp\/v2\/pages\/90\/revisions\/223"}],"wp:attachment":[{"href":"https:\/\/0-zz.com\/01\/wp-json\/wp\/v2\/media?parent=90"}],"curies":[{"name":"wp","href":"https:\/\/api.w.org\/{rel}","templated":true}]}}