{"id":88,"date":"2022-02-20T23:38:23","date_gmt":"2022-02-20T09:38:23","guid":{"rendered":"https:\/\/0-zz.com\/01\/?page_id=88"},"modified":"2022-04-29T04:36:28","modified_gmt":"2022-04-28T14:36:28","slug":"v","status":"publish","type":"page","link":"https:\/\/0-zz.com\/01\/v\/","title":{"rendered":"V"},"content":{"rendered":"\n<h2 class=\"wp-block-heading\" id=\"v-01-v-01v\">v &#8211; 01\/v &#8211; 01V<\/h2>\n\n\n\n<figure class=\"wp-block-embed is-type-video is-provider-youtube wp-block-embed-youtube wp-embed-aspect-16-9 wp-has-aspect-ratio\"><div class=\"wp-block-embed__wrapper\">\n<iframe loading=\"lazy\" title=\"Kasia Kowalska - To Co Dobre\" width=\"580\" height=\"326\" src=\"https:\/\/www.youtube.com\/embed\/2bIn-jurWhM?feature=oembed\" frameborder=\"0\" allow=\"accelerometer; autoplay; clipboard-write; encrypted-media; gyroscope; picture-in-picture; web-share\" referrerpolicy=\"strict-origin-when-cross-origin\" allowfullscreen><\/iframe>\n<\/div><\/figure>\n\n\n\n<h2 class=\"wp-block-heading\" id=\"kasia-kowalska-to-co-dobre\">Kasia Kowalska &#8211; To Co Dobre<\/h2>\n\n\n\n<p>5.5M views&nbsp;\u00b7&nbsp;10 years ago<\/p>\n\n\n\n<h2 class=\"wp-block-heading\" id=\"kasia-kowalska\">Kasia Kowalska<\/h2>\n\n\n\n<p>SUBSCRIBED 44.8K subscribers<\/p>\n\n\n\n<p><a href=\"https:\/\/m.youtube.com\/channel\/UCfZMQa4TL-6lhlUxvZGdJ_w\">https:\/\/m.youtube.com\/channel\/UCfZMQa4TL-6lhlUxvZGdJ_w<\/a><\/p>\n\n\n\n<p>Zamkni\u0119ta w sobie szukasz ucieczki<br>Boisz si\u0119 wyj\u015b\u0107, boisz si\u0119 chcie\u0107<br>Wiem jak jest trudno strach przezwyci\u0119\u017cy\u0107<br>Na przek\u00f3r \u017cyciu nadawa\u0107 mu sens<\/p>\n\n\n\n<p>Wszystkim nam brakuje szcz\u0119\u015bcia<br>Masz to na co godzisz si\u0119<br>Ka\u017cda droga jest \u0142atwiejsza<br>Gdy widzisz to, co dobre jest<\/p>\n\n\n\n<p>Mam du\u017co si\u0142, lecz ufa\u0107 nie b\u0119d\u0119<br>Cho\u0107 dobry los da\u0142 co chcia\u0142am mie\u0107<br>Kiedy\u015b dla ciebie by\u0142am diamentem<br>Zmieni\u0142 mnie czas, zmieni\u0142y mnie \u0142zy<\/p>\n\n\n\n<p>Wszystkim nam brakuje szcz\u0119\u015bcia<br>Masz to na co godzisz si\u0119<br>Ka\u017cda droga jest \u0142atwiejsza<br>Gdy widzisz to, co dobre jest<\/p>\n\n\n\n<p>Wszyscy tak pragniemy szcz\u0119\u015bcia<br>Masz to na co godzisz si\u0119<br>Ka\u017cda droga jest \u0142atwiejsza<br>Gdy widzisz to, co dobre jest<\/p>\n\n\n\n<p>Wszystkim nam brakuje szcz\u0119\u015bcia<br>Masz to na co godzisz si\u0119<br>Ka\u017cda droga jest \u0142atwiejsza<br>Gdy widz\u0119 to, co dobre jest<\/p>\n\n\n\n<figure class=\"wp-block-table\"><table><tbody><tr><th>Autor tekstu:<\/th><td>Kasia Kowalska<\/td><\/tr><tr><th>Kompozytor:<\/th><td>Zdzis\u0142aw Zio\u0142o<\/td><\/tr><\/tbody><\/table><\/figure>\n\n\n\n<p><a href=\"https:\/\/www.tekstowo.pl\/piosenka,kasia_kowalska,to_co_dobre.html\">https:\/\/www.tekstowo.pl\/piosenka,kasia_kowalska,to_co_dobre.html<\/a><\/p>\n\n\n\n<hr class=\"wp-block-separator\"\/>\n\n\n\n<h4 class=\"wp-block-heading\">0-zz.com\/0 &#8211; 0-zz.com\/z :<\/h4>\n\n\n\n<p><small><strong><a href=\"http:\/\/0-zz.com\/0\">1\ufe0f\u20e31\ufe0f\u20e3-0<\/a> |<a href=\"http:\/\/0-zz.com\/1\">1\ufe0f\u20e32\ufe0f\u20e3-1<\/a> |<a href=\"http:\/\/0-zz.com\/2\">1\ufe0f\u20e33\ufe0f\u20e3-2<\/a> |<a href=\"http:\/\/0-zz.com\/3\">1\ufe0f\u20e34\ufe0f\u20e3-3<\/a> |<a href=\"http:\/\/0-zz.com\/4\">1\ufe0f\u20e35\ufe0f\u20e3-4<\/a> |<a href=\"http:\/\/0-zz.com\/5\">1\ufe0f\u20e36\ufe0f\u20e3-5<\/a> <\/strong><\/small><br><small> <strong><a href=\"http:\/\/0-zz.com\/6\">2\ufe0f\u20e31\ufe0f\u20e3-6<\/a> |<a href=\"http:\/\/0-zz.com\/7\">2\ufe0f\u20e32\ufe0f\u20e3-7<\/a> |<a href=\"http:\/\/0-zz.com\/8\">2\ufe0f\u20e33\ufe0f\u20e3-8<\/a> |<a href=\"http:\/\/0-zz.com\/9\">2\ufe0f\u20e34\ufe0f\u20e3-9<\/a> |<a href=\"http:\/\/0-zz.com\/a\">2\ufe0f\u20e35\ufe0f\u20e3-A<\/a> |<a href=\"http:\/\/0-zz.com\/b\">2\ufe0f\u20e36\ufe0f\u20e3-B<\/a><\/strong><\/small><br><small> <strong><a href=\"http:\/\/0-zz.com\/c\">3\ufe0f\u20e31\ufe0f\u20e3-C<\/a> |<a href=\"http:\/\/0-zz.com\/d\">3\ufe0f\u20e32\ufe0f\u20e3-D<\/a> |<a href=\"http:\/\/0-zz.com\/e\">3\ufe0f\u20e33\ufe0f\u20e3-E<\/a> |<a href=\"http:\/\/0-zz.com\/f\">3\ufe0f\u20e34\ufe0f\u20e3-F<\/a> |<a href=\"http:\/\/0-zz.com\/g\">3\ufe0f\u20e35\ufe0f\u20e3-G<\/a> |<a href=\"http:\/\/0-zz.com\/h\">3\ufe0f\u20e36\ufe0f\u20e3-H<\/a><\/strong><\/small><br><small> <strong><a href=\"http:\/\/0-zz.com\/i\">4\ufe0f\u20e31\ufe0f\u20e3-I<\/a> |<a href=\"http:\/\/0-zz.com\/j\">4\ufe0f\u20e32\ufe0f\u20e3-J<\/a> |<a href=\"http:\/\/0-zz.com\/k\">4\ufe0f\u20e33\ufe0f\u20e3-K<\/a> |<a href=\"http:\/\/0-zz.com\/l\">4\ufe0f\u20e34\ufe0f\u20e3-L<\/a> |<a href=\"http:\/\/0-zz.com\/m\">4\ufe0f\u20e35\ufe0f\u20e3-M<\/a> |<a href=\"http:\/\/0-zz.com\/n\">4\ufe0f\u20e36\ufe0f\u20e3-N<\/a><\/strong><\/small><br><small> <strong><a href=\"http:\/\/0-zz.com\/o\">5\ufe0f\u20e31\ufe0f\u20e3-O<\/a> |<a href=\"http:\/\/0-zz.com\/p\">5\ufe0f\u20e32\ufe0f\u20e3-P<\/a> |<a href=\"http:\/\/0-zz.com\/q\">5\ufe0f\u20e33\ufe0f\u20e3-Q<\/a> |<a href=\"http:\/\/0-zz.com\/r\">5\ufe0f\u20e34\ufe0f\u20e3-R<\/a> |<a href=\"http:\/\/0-zz.com\/s\">5\ufe0f\u20e35\ufe0f\u20e3-S<\/a> |<a href=\"http:\/\/0-zz.com\/t\">5\ufe0f\u20e36\ufe0f\u20e3-T<\/a><\/strong><\/small><br><small> <strong><a href=\"http:\/\/0-zz.com\/u\">6\ufe0f\u20e31\ufe0f\u20e3-U<\/a> |<a href=\"http:\/\/0-zz.com\/v\">6\ufe0f\u20e32\ufe0f\u20e3-V<\/a> |<a href=\"http:\/\/0-zz.com\/w\">6\ufe0f\u20e33\ufe0f\u20e3-W<\/a> |<a href=\"http:\/\/0-zz.com\/x\">6\ufe0f\u20e34\ufe0f\u20e3-X<\/a> |<a href=\"http:\/\/0-zz.com\/y\">6\ufe0f\u20e35\ufe0f\u20e3-Y<\/a> |<a href=\"http:\/\/0-zz.com\/z\">6\ufe0f\u20e36\ufe0f\u20e3-Z<\/a><\/strong><\/small><\/p>\n\n\n\n<p>Roll 2 dice ?? 1\ufe0f\u20e32\ufe0f\u20e33\ufe0f\u20e34\ufe0f\u20e35\ufe0f\u20e36\ufe0f\u20e3<\/p>\n\n\n\n<p><a href=\"https:\/\/www.random.org\/dice\/\">https:\/\/www.random.org\/dice\/<\/a><\/p>\n\n\n\n<p><a href=\"https:\/\/www.google.com\/search?q=dice+roller\">https:\/\/www.google.com\/search?q=dice+roller<\/a><\/p>\n\n\n\n<hr class=\"wp-block-separator\"\/>\n\n\n\n<p><a href=\"https:\/\/12r.pl\/ea\/\">12r.pl\/ea<\/a>&nbsp;-&gt;&nbsp;<a href=\"https:\/\/12r.uk\/ea\/\">12r.uk\/ea<\/a>&nbsp;-&gt;&nbsp;<a href=\"https:\/\/7hi7.com\/ea\/\">7hi7.com\/ea<\/a><\/p>\n\n\n\n<p>Wikipedia.org &#8211; Play game &#8211; portals, categories, states, cities, capital cities<\/p>\n","protected":false},"excerpt":{"rendered":"<p>v &#8211; 01\/v &#8211; 01V Kasia Kowalska &#8211; To Co Dobre 5.5M views&nbsp;\u00b7&nbsp;10 years ago Kasia Kowalska SUBSCRIBED 44.8K subscribers https:\/\/m.youtube.com\/channel\/UCfZMQa4TL-6lhlUxvZGdJ_w Zamkni\u0119ta w sobie szukasz ucieczkiBoisz si\u0119 wyj\u015b\u0107, boisz si\u0119 chcie\u0107Wiem jak jest trudno strach przezwyci\u0119\u017cy\u0107Na przek\u00f3r \u017cyciu nadawa\u0107 mu sens Wszystkim nam brakuje szcz\u0119\u015bciaMasz to na co godzisz si\u0119Ka\u017cda droga jest \u0142atwiejszaGdy widzisz to, [&hellip;]<\/p>\n","protected":false},"author":1,"featured_media":0,"parent":0,"menu_order":0,"comment_status":"closed","ping_status":"closed","template":"","meta":{"footnotes":""},"class_list":["post-88","page","type-page","status-publish","hentry"],"_links":{"self":[{"href":"https:\/\/0-zz.com\/01\/wp-json\/wp\/v2\/pages\/88","targetHints":{"allow":["GET"]}}],"collection":[{"href":"https:\/\/0-zz.com\/01\/wp-json\/wp\/v2\/pages"}],"about":[{"href":"https:\/\/0-zz.com\/01\/wp-json\/wp\/v2\/types\/page"}],"author":[{"embeddable":true,"href":"https:\/\/0-zz.com\/01\/wp-json\/wp\/v2\/users\/1"}],"replies":[{"embeddable":true,"href":"https:\/\/0-zz.com\/01\/wp-json\/wp\/v2\/comments?post=88"}],"version-history":[{"count":4,"href":"https:\/\/0-zz.com\/01\/wp-json\/wp\/v2\/pages\/88\/revisions"}],"predecessor-version":[{"id":222,"href":"https:\/\/0-zz.com\/01\/wp-json\/wp\/v2\/pages\/88\/revisions\/222"}],"wp:attachment":[{"href":"https:\/\/0-zz.com\/01\/wp-json\/wp\/v2\/media?parent=88"}],"curies":[{"name":"wp","href":"https:\/\/api.w.org\/{rel}","templated":true}]}}