{"id":82,"date":"2022-02-20T23:31:24","date_gmt":"2022-02-20T09:31:24","guid":{"rendered":"https:\/\/0-zz.com\/01\/?page_id=82"},"modified":"2022-04-29T04:34:47","modified_gmt":"2022-04-28T14:34:47","slug":"t","status":"publish","type":"page","link":"https:\/\/0-zz.com\/01\/t\/","title":{"rendered":"T"},"content":{"rendered":"\n<h2 class=\"wp-block-heading\" id=\"t-01-t-01t\">t &#8211; 01\/t &#8211; 01T<\/h2>\n\n\n\n<figure class=\"wp-block-embed is-type-video is-provider-youtube wp-block-embed-youtube wp-embed-aspect-16-9 wp-has-aspect-ratio\"><div class=\"wp-block-embed__wrapper\">\n<iframe loading=\"lazy\" title=\"Ania D\u0105browska - W G\u0142owie\" width=\"580\" height=\"326\" src=\"https:\/\/www.youtube.com\/embed\/1RdIhg1DvEg?feature=oembed\" frameborder=\"0\" allow=\"accelerometer; autoplay; clipboard-write; encrypted-media; gyroscope; picture-in-picture; web-share\" referrerpolicy=\"strict-origin-when-cross-origin\" allowfullscreen><\/iframe>\n<\/div><\/figure>\n\n\n\n<h2 class=\"wp-block-heading\" id=\"ania-dabrowska-w-glowie\">Ania Dabrowska &#8211; W G\u0142owie<\/h2>\n\n\n\n<p>32M views&nbsp;\u00b7&nbsp;5 years ago<\/p>\n\n\n\n<h2 class=\"wp-block-heading\" id=\"ania-dabrowska\">Ania D\u0105browska<\/h2>\n\n\n\n<p>SUBSCRIBED 205K subscribers<\/p>\n\n\n\n<p><a href=\"https:\/\/m.youtube.com\/channel\/UCAkllAf9MF8hxUc5rZb7gDw\">https:\/\/m.youtube.com\/channel\/UCAkllAf9MF8hxUc5rZb7gDw<\/a><\/p>\n\n\n\n<p>Z przeznaczenia w oczach Twych,<br>Wiary, \u017ce tak mia\u0142o by\u0107,<br>Z wielkiej nami\u0119tno\u015bci stworz\u0119 nas.<br>Z dreszczy ju\u017c na sam\u0105 my\u015bl,<br>\u017be w\u0142a\u015bnie si\u0119 spe\u0142niaj\u0105 sny,<br>Z chwil gdy zn\u00f3w za szybko mija czas&#8230;<\/p>\n\n\n\n<p>Z wielkich odkry\u0107 ma\u0142ych spraw,<br>Z my\u015bli, \u017ce ju\u017c sk\u0105d\u015b Ci\u0119 znam,<br>Z rank\u00f3w, kiedy pewno\u015b\u0107 obok \u015bpi.<br>\u015awiat ju\u017c sko\u0144czy\u0142 si\u0119 nieraz,<br>A my mo\u017cemy wiecznie trwa\u0107,<br>Wi\u0119c zmy\u015blam, tak bez ko\u0144ca zmy\u015blam nas.<\/p>\n\n\n\n<p>Mam Ciebie tylko w g\u0142owie i to wystarczy mi,<br>Na prawdziw\u0105 wojn\u0119 nie zamierzam i\u015b\u0107.<br>Ciebie mam tylko w g\u0142owie, mam zmy\u015blony \u015bwiat,<br>Nie chc\u0119 i\u015b\u0107 na t\u0105 wojn\u0119 jeszcze raz.<\/p>\n\n\n\n<p>Nigdy mi nie znudzisz si\u0119,<br>Jeste\u015b wszystkim czego chc\u0119,<br>Tak bezpieczna z Tob\u0105 mog\u0119 by\u0107.<br>Bez pretensji, wielkich scen,<br>Nikt nie musi stara\u0107 si\u0119,<br>Mi\u0119dzy nami zawsze dobrze jest.<\/p>\n\n\n\n<p>Mam Ciebie tylko w g\u0142owie i to wystarczy mi,<br>Na prawdziw\u0105 wojn\u0119 nie zamierzam i\u015b\u0107.<br>Ciebie mam tylko w g\u0142owie, mam zmy\u015blony \u015bwiat,<br>Nie chc\u0119 i\u015b\u0107 na t\u0105 wojn\u0119 jeszcze raz.<\/p>\n\n\n\n<p>Mam Ciebie tylko w g\u0142owie i to wystarczy mi,<br>Na prawdziw\u0105 wojn\u0119 nie zamierzam i\u015b\u0107.<\/p>\n\n\n\n<p>Mam Ciebie tylko w g\u0142owie i to wystarczy mi,<br>Na prawdziw\u0105 wojn\u0119 nie zamierzam i\u015b\u0107.<br>Ciebie mam tylko w g\u0142owie, mam zmy\u015blony \u015bwiat,<br>Nie chc\u0119 i\u015b\u0107 na t\u0105 wojn\u0119 jeszcze raz.<\/p>\n\n\n\n<p>Mam Ciebie tylko w g\u0142owie i to wystarczy mi,<br>Na prawdziw\u0105 wojn\u0119 nie zamierzam i\u015b\u0107.<br>Ciebie mam tylko w g\u0142owie, mam zmy\u015blony \u015bwiat,<br>Nie chc\u0119 i\u015b\u0107 na t\u0105 wojn\u0119 jeszcze raz.<\/p>\n\n\n\n<figure class=\"wp-block-table\"><table><tbody><tr><th>Autor tekstu:<\/th><td>Anna Dabrowska, Martyna Melosik<\/td><\/tr><tr><th>Kompozytor:<\/th><td>Anna Dabrowska<\/td><\/tr><\/tbody><\/table><\/figure>\n\n\n\n<p><a href=\"https:\/\/www.tekstowo.pl\/piosenka,ania_dabrowska,w_glowie.html\">https:\/\/www.tekstowo.pl\/piosenka,ania_dabrowska,w_glowie.html<\/a><\/p>\n\n\n\n<hr class=\"wp-block-separator\"\/>\n\n\n\n<h4 class=\"wp-block-heading\">0-zz.com\/0 &#8211; 0-zz.com\/z :<\/h4>\n\n\n\n<p><small><strong><a href=\"http:\/\/0-zz.com\/0\">1\ufe0f\u20e31\ufe0f\u20e3-0<\/a> |<a href=\"http:\/\/0-zz.com\/1\">1\ufe0f\u20e32\ufe0f\u20e3-1<\/a> |<a href=\"http:\/\/0-zz.com\/2\">1\ufe0f\u20e33\ufe0f\u20e3-2<\/a> |<a href=\"http:\/\/0-zz.com\/3\">1\ufe0f\u20e34\ufe0f\u20e3-3<\/a> |<a href=\"http:\/\/0-zz.com\/4\">1\ufe0f\u20e35\ufe0f\u20e3-4<\/a> |<a href=\"http:\/\/0-zz.com\/5\">1\ufe0f\u20e36\ufe0f\u20e3-5<\/a> <\/strong><\/small><br><small> <strong><a href=\"http:\/\/0-zz.com\/6\">2\ufe0f\u20e31\ufe0f\u20e3-6<\/a> |<a href=\"http:\/\/0-zz.com\/7\">2\ufe0f\u20e32\ufe0f\u20e3-7<\/a> |<a href=\"http:\/\/0-zz.com\/8\">2\ufe0f\u20e33\ufe0f\u20e3-8<\/a> |<a href=\"http:\/\/0-zz.com\/9\">2\ufe0f\u20e34\ufe0f\u20e3-9<\/a> |<a href=\"http:\/\/0-zz.com\/a\">2\ufe0f\u20e35\ufe0f\u20e3-A<\/a> |<a href=\"http:\/\/0-zz.com\/b\">2\ufe0f\u20e36\ufe0f\u20e3-B<\/a><\/strong><\/small><br><small> <strong><a href=\"http:\/\/0-zz.com\/c\">3\ufe0f\u20e31\ufe0f\u20e3-C<\/a> |<a href=\"http:\/\/0-zz.com\/d\">3\ufe0f\u20e32\ufe0f\u20e3-D<\/a> |<a href=\"http:\/\/0-zz.com\/e\">3\ufe0f\u20e33\ufe0f\u20e3-E<\/a> |<a href=\"http:\/\/0-zz.com\/f\">3\ufe0f\u20e34\ufe0f\u20e3-F<\/a> |<a href=\"http:\/\/0-zz.com\/g\">3\ufe0f\u20e35\ufe0f\u20e3-G<\/a> |<a href=\"http:\/\/0-zz.com\/h\">3\ufe0f\u20e36\ufe0f\u20e3-H<\/a><\/strong><\/small><br><small> <strong><a href=\"http:\/\/0-zz.com\/i\">4\ufe0f\u20e31\ufe0f\u20e3-I<\/a> |<a href=\"http:\/\/0-zz.com\/j\">4\ufe0f\u20e32\ufe0f\u20e3-J<\/a> |<a href=\"http:\/\/0-zz.com\/k\">4\ufe0f\u20e33\ufe0f\u20e3-K<\/a> |<a href=\"http:\/\/0-zz.com\/l\">4\ufe0f\u20e34\ufe0f\u20e3-L<\/a> |<a href=\"http:\/\/0-zz.com\/m\">4\ufe0f\u20e35\ufe0f\u20e3-M<\/a> |<a href=\"http:\/\/0-zz.com\/n\">4\ufe0f\u20e36\ufe0f\u20e3-N<\/a><\/strong><\/small><br><small> <strong><a href=\"http:\/\/0-zz.com\/o\">5\ufe0f\u20e31\ufe0f\u20e3-O<\/a> |<a href=\"http:\/\/0-zz.com\/p\">5\ufe0f\u20e32\ufe0f\u20e3-P<\/a> |<a href=\"http:\/\/0-zz.com\/q\">5\ufe0f\u20e33\ufe0f\u20e3-Q<\/a> |<a href=\"http:\/\/0-zz.com\/r\">5\ufe0f\u20e34\ufe0f\u20e3-R<\/a> |<a href=\"http:\/\/0-zz.com\/s\">5\ufe0f\u20e35\ufe0f\u20e3-S<\/a> |<a href=\"http:\/\/0-zz.com\/t\">5\ufe0f\u20e36\ufe0f\u20e3-T<\/a><\/strong><\/small><br><small> <strong><a href=\"http:\/\/0-zz.com\/u\">6\ufe0f\u20e31\ufe0f\u20e3-U<\/a> |<a href=\"http:\/\/0-zz.com\/v\">6\ufe0f\u20e32\ufe0f\u20e3-V<\/a> |<a href=\"http:\/\/0-zz.com\/w\">6\ufe0f\u20e33\ufe0f\u20e3-W<\/a> |<a href=\"http:\/\/0-zz.com\/x\">6\ufe0f\u20e34\ufe0f\u20e3-X<\/a> |<a href=\"http:\/\/0-zz.com\/y\">6\ufe0f\u20e35\ufe0f\u20e3-Y<\/a> |<a href=\"http:\/\/0-zz.com\/z\">6\ufe0f\u20e36\ufe0f\u20e3-Z<\/a><\/strong><\/small><\/p>\n\n\n\n<p>Roll 2 dice ?? 1\ufe0f\u20e32\ufe0f\u20e33\ufe0f\u20e34\ufe0f\u20e35\ufe0f\u20e36\ufe0f\u20e3<\/p>\n\n\n\n<p><a href=\"https:\/\/www.random.org\/dice\/\">https:\/\/www.random.org\/dice\/<\/a><\/p>\n\n\n\n<p><a href=\"https:\/\/www.google.com\/search?q=dice+roller\">https:\/\/www.google.com\/search?q=dice+roller<\/a><\/p>\n\n\n\n<hr class=\"wp-block-separator\"\/>\n\n\n\n<p><a href=\"https:\/\/12r.pl\/ea\/\">12r.pl\/ea<\/a>&nbsp;-&gt;&nbsp;<a href=\"https:\/\/12r.uk\/ea\/\">12r.uk\/ea<\/a>&nbsp;-&gt;&nbsp;<a href=\"https:\/\/7hi7.com\/ea\/\">7hi7.com\/ea<\/a><\/p>\n\n\n\n<p>Wikipedia.org &#8211; Play game &#8211; portals, categories, states, cities, capital cities<\/p>\n","protected":false},"excerpt":{"rendered":"<p>t &#8211; 01\/t &#8211; 01T Ania Dabrowska &#8211; W G\u0142owie 32M views&nbsp;\u00b7&nbsp;5 years ago Ania D\u0105browska SUBSCRIBED 205K subscribers https:\/\/m.youtube.com\/channel\/UCAkllAf9MF8hxUc5rZb7gDw Z przeznaczenia w oczach Twych,Wiary, \u017ce tak mia\u0142o by\u0107,Z wielkiej nami\u0119tno\u015bci stworz\u0119 nas.Z dreszczy ju\u017c na sam\u0105 my\u015bl,\u017be w\u0142a\u015bnie si\u0119 spe\u0142niaj\u0105 sny,Z chwil gdy zn\u00f3w za szybko mija czas&#8230; Z wielkich odkry\u0107 ma\u0142ych spraw,Z my\u015bli, [&hellip;]<\/p>\n","protected":false},"author":1,"featured_media":0,"parent":0,"menu_order":0,"comment_status":"closed","ping_status":"closed","template":"","meta":{"footnotes":""},"class_list":["post-82","page","type-page","status-publish","hentry"],"_links":{"self":[{"href":"https:\/\/0-zz.com\/01\/wp-json\/wp\/v2\/pages\/82","targetHints":{"allow":["GET"]}}],"collection":[{"href":"https:\/\/0-zz.com\/01\/wp-json\/wp\/v2\/pages"}],"about":[{"href":"https:\/\/0-zz.com\/01\/wp-json\/wp\/v2\/types\/page"}],"author":[{"embeddable":true,"href":"https:\/\/0-zz.com\/01\/wp-json\/wp\/v2\/users\/1"}],"replies":[{"embeddable":true,"href":"https:\/\/0-zz.com\/01\/wp-json\/wp\/v2\/comments?post=82"}],"version-history":[{"count":4,"href":"https:\/\/0-zz.com\/01\/wp-json\/wp\/v2\/pages\/82\/revisions"}],"predecessor-version":[{"id":220,"href":"https:\/\/0-zz.com\/01\/wp-json\/wp\/v2\/pages\/82\/revisions\/220"}],"wp:attachment":[{"href":"https:\/\/0-zz.com\/01\/wp-json\/wp\/v2\/media?parent=82"}],"curies":[{"name":"wp","href":"https:\/\/api.w.org\/{rel}","templated":true}]}}