{"id":80,"date":"2022-02-20T23:30:17","date_gmt":"2022-02-20T09:30:17","guid":{"rendered":"https:\/\/0-zz.com\/01\/?page_id=80"},"modified":"2022-04-29T04:33:42","modified_gmt":"2022-04-28T14:33:42","slug":"s","status":"publish","type":"page","link":"https:\/\/0-zz.com\/01\/s\/","title":{"rendered":"S"},"content":{"rendered":"\n<h2 class=\"wp-block-heading\" id=\"s-01-s-01s\">s &#8211; 01\/s &#8211; 01S<\/h2>\n\n\n\n<figure class=\"wp-block-embed is-type-video is-provider-youtube wp-block-embed-youtube wp-embed-aspect-4-3 wp-has-aspect-ratio\"><div class=\"wp-block-embed__wrapper\">\n<iframe loading=\"lazy\" title=\"Brodka - Mial byc slub (Video)\" width=\"580\" height=\"435\" src=\"https:\/\/www.youtube.com\/embed\/ty3n87vbVe4?feature=oembed\" frameborder=\"0\" allow=\"accelerometer; autoplay; clipboard-write; encrypted-media; gyroscope; picture-in-picture; web-share\" referrerpolicy=\"strict-origin-when-cross-origin\" allowfullscreen><\/iframe>\n<\/div><\/figure>\n\n\n\n<h2 class=\"wp-block-heading\" id=\"brodka-mial-byc-slub-video\">Brodka &#8211; Mial byc slub (Video)<\/h2>\n\n\n\n<p>17M views&nbsp;\u00b7&nbsp;12 years ago<\/p>\n\n\n\n<h2 class=\"wp-block-heading\" id=\"brodka\">Brodka<\/h2>\n\n\n\n<p>SUBSCRIBED 74.3K subscribers<\/p>\n\n\n\n<p><a href=\"https:\/\/m.youtube.com\/channel\/UCbBb_GF5abnvZnHBxoMKejw\">https:\/\/m.youtube.com\/channel\/UCbBb_GF5abnvZnHBxoMKejw<\/a><\/p>\n\n\n\n<p>\u017bon\u0105 mia\u0142am by\u0107,<br>mia\u0142 by\u0107 \u015blub i wesele te\u017c,<br>Ju\u017c zaprosi\u0142am go\u015bci,<br>kapela z rodzinnych stron<br>Mia\u0142a tam gra\u0107 polk\u0119 na dwa.<br>Matki pob\u0142ogos\u0142awi\u0142y dawno nam.<\/p>\n\n\n\n<p>By\u0142 um\u00f3wiony ksi\u0105dz,<br>Bukiet mi przywie\u017ali z bia\u0142ych r\u00f3\u017c.<br>Welon ju\u017c na g\u0142owie, ko\u015bci\u00f3\u0142 p\u0119ka w szwach,<br>Babcia we \u0142zach cichutko \u0142ka.<br>Organista daje znak, a jego brak.<\/p>\n\n\n\n<p>Sukienka samotnie w szafie l\u015bni,<br>Nie za\u0142o\u017cy jej ju\u017c nikt<br>Nie dowie si\u0119 czemu tak sta\u0142o si\u0119.<br>Zamiast &#8222;tak\u201d on powiedzia\u0142 \u201dnie\u201d.<\/p>\n\n\n\n<p>Zam\u00f3wi\u0142am pogod\u0119 na ten dzie\u0144,<br>a i tak zn\u00f3w pada\u0142 deszcz.<br>Nikt nie widzia\u0142 mych \u0142ez, gdy m\u00f3wi\u0142e\u015b, \u017ce<br>Nie pokochasz nigdy mnie na dobre i z\u0142e.<\/p>\n\n\n\n<p>Kto z mi\u0142o\u015bci nie umar\u0142 nie potrafi \u017cy\u0107.<br>Moje serce kiedy\u015b z\u0142amane mocniej kocha dzi\u015b.<br>Kto z mi\u0142o\u015bci jeszcze nie umar\u0142 nie potrafi \u017cy\u0107.<br>Moje serce kiedy\u015b z\u0142amane mocniej kocha dzi\u015b.<\/p>\n\n\n\n<figure class=\"wp-block-table\"><table><tbody><tr><th>Autor tekstu:<\/th><td>Ania D\u0105browska<\/td><\/tr><tr><th>Kompozytor:<\/th><td>Bartek Kap\u0142o\u0144ski<\/td><\/tr><\/tbody><\/table><\/figure>\n\n\n\n<p><a href=\"https:\/\/www.tekstowo.pl\/piosenka,monika_brodka,mial_byc_slub.html\">https:\/\/www.tekstowo.pl\/piosenka,monika_brodka,mial_byc_slub.html<\/a><\/p>\n\n\n\n<hr class=\"wp-block-separator\"\/>\n\n\n\n<h4 class=\"wp-block-heading\">0-zz.com\/0 &#8211; 0-zz.com\/z :<\/h4>\n\n\n\n<p><small><strong><a href=\"http:\/\/0-zz.com\/0\">1\ufe0f\u20e31\ufe0f\u20e3-0<\/a> |<a href=\"http:\/\/0-zz.com\/1\">1\ufe0f\u20e32\ufe0f\u20e3-1<\/a> |<a href=\"http:\/\/0-zz.com\/2\">1\ufe0f\u20e33\ufe0f\u20e3-2<\/a> |<a href=\"http:\/\/0-zz.com\/3\">1\ufe0f\u20e34\ufe0f\u20e3-3<\/a> |<a href=\"http:\/\/0-zz.com\/4\">1\ufe0f\u20e35\ufe0f\u20e3-4<\/a> |<a href=\"http:\/\/0-zz.com\/5\">1\ufe0f\u20e36\ufe0f\u20e3-5<\/a> <\/strong><\/small><br><small> <strong><a href=\"http:\/\/0-zz.com\/6\">2\ufe0f\u20e31\ufe0f\u20e3-6<\/a> |<a href=\"http:\/\/0-zz.com\/7\">2\ufe0f\u20e32\ufe0f\u20e3-7<\/a> |<a href=\"http:\/\/0-zz.com\/8\">2\ufe0f\u20e33\ufe0f\u20e3-8<\/a> |<a href=\"http:\/\/0-zz.com\/9\">2\ufe0f\u20e34\ufe0f\u20e3-9<\/a> |<a href=\"http:\/\/0-zz.com\/a\">2\ufe0f\u20e35\ufe0f\u20e3-A<\/a> |<a href=\"http:\/\/0-zz.com\/b\">2\ufe0f\u20e36\ufe0f\u20e3-B<\/a><\/strong><\/small><br><small> <strong><a href=\"http:\/\/0-zz.com\/c\">3\ufe0f\u20e31\ufe0f\u20e3-C<\/a> |<a href=\"http:\/\/0-zz.com\/d\">3\ufe0f\u20e32\ufe0f\u20e3-D<\/a> |<a href=\"http:\/\/0-zz.com\/e\">3\ufe0f\u20e33\ufe0f\u20e3-E<\/a> |<a href=\"http:\/\/0-zz.com\/f\">3\ufe0f\u20e34\ufe0f\u20e3-F<\/a> |<a href=\"http:\/\/0-zz.com\/g\">3\ufe0f\u20e35\ufe0f\u20e3-G<\/a> |<a href=\"http:\/\/0-zz.com\/h\">3\ufe0f\u20e36\ufe0f\u20e3-H<\/a><\/strong><\/small><br><small> <strong><a href=\"http:\/\/0-zz.com\/i\">4\ufe0f\u20e31\ufe0f\u20e3-I<\/a> |<a href=\"http:\/\/0-zz.com\/j\">4\ufe0f\u20e32\ufe0f\u20e3-J<\/a> |<a href=\"http:\/\/0-zz.com\/k\">4\ufe0f\u20e33\ufe0f\u20e3-K<\/a> |<a href=\"http:\/\/0-zz.com\/l\">4\ufe0f\u20e34\ufe0f\u20e3-L<\/a> |<a href=\"http:\/\/0-zz.com\/m\">4\ufe0f\u20e35\ufe0f\u20e3-M<\/a> |<a href=\"http:\/\/0-zz.com\/n\">4\ufe0f\u20e36\ufe0f\u20e3-N<\/a><\/strong><\/small><br><small> <strong><a href=\"http:\/\/0-zz.com\/o\">5\ufe0f\u20e31\ufe0f\u20e3-O<\/a> |<a href=\"http:\/\/0-zz.com\/p\">5\ufe0f\u20e32\ufe0f\u20e3-P<\/a> |<a href=\"http:\/\/0-zz.com\/q\">5\ufe0f\u20e33\ufe0f\u20e3-Q<\/a> |<a href=\"http:\/\/0-zz.com\/r\">5\ufe0f\u20e34\ufe0f\u20e3-R<\/a> |<a href=\"http:\/\/0-zz.com\/s\">5\ufe0f\u20e35\ufe0f\u20e3-S<\/a> |<a href=\"http:\/\/0-zz.com\/t\">5\ufe0f\u20e36\ufe0f\u20e3-T<\/a><\/strong><\/small><br><small> <strong><a href=\"http:\/\/0-zz.com\/u\">6\ufe0f\u20e31\ufe0f\u20e3-U<\/a> |<a href=\"http:\/\/0-zz.com\/v\">6\ufe0f\u20e32\ufe0f\u20e3-V<\/a> |<a href=\"http:\/\/0-zz.com\/w\">6\ufe0f\u20e33\ufe0f\u20e3-W<\/a> |<a href=\"http:\/\/0-zz.com\/x\">6\ufe0f\u20e34\ufe0f\u20e3-X<\/a> |<a href=\"http:\/\/0-zz.com\/y\">6\ufe0f\u20e35\ufe0f\u20e3-Y<\/a> |<a href=\"http:\/\/0-zz.com\/z\">6\ufe0f\u20e36\ufe0f\u20e3-Z<\/a><\/strong><\/small><\/p>\n\n\n\n<p>Roll 2 dice ?? 1\ufe0f\u20e32\ufe0f\u20e33\ufe0f\u20e34\ufe0f\u20e35\ufe0f\u20e36\ufe0f\u20e3<\/p>\n\n\n\n<p><a href=\"https:\/\/www.random.org\/dice\/\">https:\/\/www.random.org\/dice\/<\/a><\/p>\n\n\n\n<p><a href=\"https:\/\/www.google.com\/search?q=dice+roller\">https:\/\/www.google.com\/search?q=dice+roller<\/a><\/p>\n\n\n\n<hr class=\"wp-block-separator\"\/>\n\n\n\n<p><a href=\"https:\/\/12r.pl\/ea\/\">12r.pl\/ea<\/a>&nbsp;-&gt;&nbsp;<a href=\"https:\/\/12r.uk\/ea\/\">12r.uk\/ea<\/a>&nbsp;-&gt;&nbsp;<a href=\"https:\/\/7hi7.com\/ea\/\">7hi7.com\/ea<\/a><\/p>\n\n\n\n<p>Wikipedia.org &#8211; Play game &#8211; portals, categories, states, cities, capital cities<\/p>\n","protected":false},"excerpt":{"rendered":"<p>s &#8211; 01\/s &#8211; 01S Brodka &#8211; Mial byc slub (Video) 17M views&nbsp;\u00b7&nbsp;12 years ago Brodka SUBSCRIBED 74.3K subscribers https:\/\/m.youtube.com\/channel\/UCbBb_GF5abnvZnHBxoMKejw \u017bon\u0105 mia\u0142am by\u0107,mia\u0142 by\u0107 \u015blub i wesele te\u017c,Ju\u017c zaprosi\u0142am go\u015bci,kapela z rodzinnych stronMia\u0142a tam gra\u0107 polk\u0119 na dwa.Matki pob\u0142ogos\u0142awi\u0142y dawno nam. By\u0142 um\u00f3wiony ksi\u0105dz,Bukiet mi przywie\u017ali z bia\u0142ych r\u00f3\u017c.Welon ju\u017c na g\u0142owie, ko\u015bci\u00f3\u0142 p\u0119ka w [&hellip;]<\/p>\n","protected":false},"author":1,"featured_media":0,"parent":0,"menu_order":0,"comment_status":"closed","ping_status":"closed","template":"","meta":{"footnotes":""},"class_list":["post-80","page","type-page","status-publish","hentry"],"_links":{"self":[{"href":"https:\/\/0-zz.com\/01\/wp-json\/wp\/v2\/pages\/80","targetHints":{"allow":["GET"]}}],"collection":[{"href":"https:\/\/0-zz.com\/01\/wp-json\/wp\/v2\/pages"}],"about":[{"href":"https:\/\/0-zz.com\/01\/wp-json\/wp\/v2\/types\/page"}],"author":[{"embeddable":true,"href":"https:\/\/0-zz.com\/01\/wp-json\/wp\/v2\/users\/1"}],"replies":[{"embeddable":true,"href":"https:\/\/0-zz.com\/01\/wp-json\/wp\/v2\/comments?post=80"}],"version-history":[{"count":4,"href":"https:\/\/0-zz.com\/01\/wp-json\/wp\/v2\/pages\/80\/revisions"}],"predecessor-version":[{"id":219,"href":"https:\/\/0-zz.com\/01\/wp-json\/wp\/v2\/pages\/80\/revisions\/219"}],"wp:attachment":[{"href":"https:\/\/0-zz.com\/01\/wp-json\/wp\/v2\/media?parent=80"}],"curies":[{"name":"wp","href":"https:\/\/api.w.org\/{rel}","templated":true}]}}