{"id":76,"date":"2022-02-20T23:29:19","date_gmt":"2022-02-20T09:29:19","guid":{"rendered":"https:\/\/0-zz.com\/01\/?page_id=76"},"modified":"2022-04-29T04:31:59","modified_gmt":"2022-04-28T14:31:59","slug":"q","status":"publish","type":"page","link":"https:\/\/0-zz.com\/01\/q\/","title":{"rendered":"Q"},"content":{"rendered":"\n<h2 class=\"wp-block-heading\" id=\"q-01-q-01q\">q &#8211; 01\/q &#8211; 01Q<\/h2>\n\n\n\n<figure class=\"wp-block-embed is-type-video is-provider-youtube wp-block-embed-youtube wp-embed-aspect-16-9 wp-has-aspect-ratio\"><div class=\"wp-block-embed__wrapper\">\n<iframe loading=\"lazy\" title=\"Ania - Nigdy wiecej nie tancz ze mna\" width=\"580\" height=\"326\" src=\"https:\/\/www.youtube.com\/embed\/-STfzpWO_w8?feature=oembed\" frameborder=\"0\" allow=\"accelerometer; autoplay; clipboard-write; encrypted-media; gyroscope; picture-in-picture; web-share\" referrerpolicy=\"strict-origin-when-cross-origin\" allowfullscreen><\/iframe>\n<\/div><\/figure>\n\n\n\n<h2 class=\"wp-block-heading\" id=\"ania-nigdy-wiecej-nie-tancz-ze-mna\">Ania &#8211; Nigdy wiecej nie tancz ze mna<\/h2>\n\n\n\n<p>4M views&nbsp;\u00b7&nbsp;12 years ago<\/p>\n\n\n\n<h2 class=\"wp-block-heading\" id=\"ania-dabrowska\">Ania D\u0105browska<\/h2>\n\n\n\n<p>SUBSCRIBED 205K subscribers<\/p>\n\n\n\n<p><a href=\"https:\/\/m.youtube.com\/channel\/UCAkllAf9MF8hxUc5rZb7gDw\">https:\/\/m.youtube.com\/channel\/UCAkllAf9MF8hxUc5rZb7gDw<\/a><\/p>\n\n\n\n<p>W g\u0142owie mi siedzisz wci\u0105\u017c<br>O Tobie my\u015bl\u0119 dzie\u0144 i noc<br>Czy tego chce czy nie<br>To co si\u0119 mog\u0142o sta\u0107<br>Ju\u017c teraz nie po\u0142\u0105czy nas<\/p>\n\n\n\n<p>Wi\u0119c nigdy wi\u0119cej nie ta\u0144cz ze mn\u0105<br>Ten taniec innej dzi\u015b daj<br>nigdy wi\u0119cej nie ta\u0144cz ze mn\u0105, nie<br>ju\u017c ci\u0119 za dobrze znam<\/p>\n\n\n\n<p>Serce za g\u0142upie jest<br>nie s\u0142ucham ju\u017c jego rad<br>oszuka\u0142o mnie<br>zn\u00f3w musze przez to przej\u015b\u0107<br>wiem dobrze \u017ce za swoje mam<\/p>\n\n\n\n<p>Wi\u0119c nigdy wi\u0119cej nie ta\u0144cz ze mn\u0105<br>Ten taniec innej dzi\u015b daj<br>nigdy wi\u0119cej nie ta\u0144cz ze mn\u0105, nie<br>ju\u017c ci\u0119 za dobrze znam<\/p>\n\n\n\n<p>Wi\u0119c nigdy wi\u0119cej nie ta\u0144cz ze mn\u0105<br>Ten taniec innej dzi\u015b daj<br>nigdy wi\u0119cej nie ta\u0144cz ze mn\u0105, nie<br>ju\u017c ci\u0119 za dobrze znam<\/p>\n\n\n\n<p>Wi\u0119c nigdy wi\u0119cej nie ta\u0144cz ze mn\u0105<br>Ten taniec innej dzi\u015b daj<br>nigdy wi\u0119cej nie ta\u0144cz ze mn\u0105, nie<br>ju\u017c ci\u0119 za dobrze znam<\/p>\n\n\n\n<figure class=\"wp-block-table\"><table><tbody><tr><th>Autor tekstu:<\/th><td>Ania D\u0105browska<\/td><\/tr><tr><th>Kompozytor:<\/th><td>Ania D\u0105browska<\/td><\/tr><\/tbody><\/table><\/figure>\n\n\n\n<p><a href=\"https:\/\/www.tekstowo.pl\/piosenka,ania_dabrowska,nigdy_wiecej_nie_ta_cz_ze_mna.html\">https:\/\/www.tekstowo.pl\/piosenka,ania_dabrowska,nigdy_wiecej_nie_ta_cz_ze_mna.html<\/a><\/p>\n\n\n\n<hr class=\"wp-block-separator\"\/>\n\n\n\n<h4 class=\"wp-block-heading\">0-zz.com\/0 &#8211; 0-zz.com\/z :<\/h4>\n\n\n\n<p><small><strong><a href=\"http:\/\/0-zz.com\/0\">1\ufe0f\u20e31\ufe0f\u20e3-0<\/a> |<a href=\"http:\/\/0-zz.com\/1\">1\ufe0f\u20e32\ufe0f\u20e3-1<\/a> |<a href=\"http:\/\/0-zz.com\/2\">1\ufe0f\u20e33\ufe0f\u20e3-2<\/a> |<a href=\"http:\/\/0-zz.com\/3\">1\ufe0f\u20e34\ufe0f\u20e3-3<\/a> |<a href=\"http:\/\/0-zz.com\/4\">1\ufe0f\u20e35\ufe0f\u20e3-4<\/a> |<a href=\"http:\/\/0-zz.com\/5\">1\ufe0f\u20e36\ufe0f\u20e3-5<\/a> <\/strong><\/small><br><small> <strong><a href=\"http:\/\/0-zz.com\/6\">2\ufe0f\u20e31\ufe0f\u20e3-6<\/a> |<a href=\"http:\/\/0-zz.com\/7\">2\ufe0f\u20e32\ufe0f\u20e3-7<\/a> |<a href=\"http:\/\/0-zz.com\/8\">2\ufe0f\u20e33\ufe0f\u20e3-8<\/a> |<a href=\"http:\/\/0-zz.com\/9\">2\ufe0f\u20e34\ufe0f\u20e3-9<\/a> |<a href=\"http:\/\/0-zz.com\/a\">2\ufe0f\u20e35\ufe0f\u20e3-A<\/a> |<a href=\"http:\/\/0-zz.com\/b\">2\ufe0f\u20e36\ufe0f\u20e3-B<\/a><\/strong><\/small><br><small> <strong><a href=\"http:\/\/0-zz.com\/c\">3\ufe0f\u20e31\ufe0f\u20e3-C<\/a> |<a href=\"http:\/\/0-zz.com\/d\">3\ufe0f\u20e32\ufe0f\u20e3-D<\/a> |<a href=\"http:\/\/0-zz.com\/e\">3\ufe0f\u20e33\ufe0f\u20e3-E<\/a> |<a href=\"http:\/\/0-zz.com\/f\">3\ufe0f\u20e34\ufe0f\u20e3-F<\/a> |<a href=\"http:\/\/0-zz.com\/g\">3\ufe0f\u20e35\ufe0f\u20e3-G<\/a> |<a href=\"http:\/\/0-zz.com\/h\">3\ufe0f\u20e36\ufe0f\u20e3-H<\/a><\/strong><\/small><br><small> <strong><a href=\"http:\/\/0-zz.com\/i\">4\ufe0f\u20e31\ufe0f\u20e3-I<\/a> |<a href=\"http:\/\/0-zz.com\/j\">4\ufe0f\u20e32\ufe0f\u20e3-J<\/a> |<a href=\"http:\/\/0-zz.com\/k\">4\ufe0f\u20e33\ufe0f\u20e3-K<\/a> |<a href=\"http:\/\/0-zz.com\/l\">4\ufe0f\u20e34\ufe0f\u20e3-L<\/a> |<a href=\"http:\/\/0-zz.com\/m\">4\ufe0f\u20e35\ufe0f\u20e3-M<\/a> |<a href=\"http:\/\/0-zz.com\/n\">4\ufe0f\u20e36\ufe0f\u20e3-N<\/a><\/strong><\/small><br><small> <strong><a href=\"http:\/\/0-zz.com\/o\">5\ufe0f\u20e31\ufe0f\u20e3-O<\/a> |<a href=\"http:\/\/0-zz.com\/p\">5\ufe0f\u20e32\ufe0f\u20e3-P<\/a> |<a href=\"http:\/\/0-zz.com\/q\">5\ufe0f\u20e33\ufe0f\u20e3-Q<\/a> |<a href=\"http:\/\/0-zz.com\/r\">5\ufe0f\u20e34\ufe0f\u20e3-R<\/a> |<a href=\"http:\/\/0-zz.com\/s\">5\ufe0f\u20e35\ufe0f\u20e3-S<\/a> |<a href=\"http:\/\/0-zz.com\/t\">5\ufe0f\u20e36\ufe0f\u20e3-T<\/a><\/strong><\/small><br><small> <strong><a href=\"http:\/\/0-zz.com\/u\">6\ufe0f\u20e31\ufe0f\u20e3-U<\/a> |<a href=\"http:\/\/0-zz.com\/v\">6\ufe0f\u20e32\ufe0f\u20e3-V<\/a> |<a href=\"http:\/\/0-zz.com\/w\">6\ufe0f\u20e33\ufe0f\u20e3-W<\/a> |<a href=\"http:\/\/0-zz.com\/x\">6\ufe0f\u20e34\ufe0f\u20e3-X<\/a> |<a href=\"http:\/\/0-zz.com\/y\">6\ufe0f\u20e35\ufe0f\u20e3-Y<\/a> |<a href=\"http:\/\/0-zz.com\/z\">6\ufe0f\u20e36\ufe0f\u20e3-Z<\/a><\/strong><\/small><\/p>\n\n\n\n<p>Roll 2 dice ?? 1\ufe0f\u20e32\ufe0f\u20e33\ufe0f\u20e34\ufe0f\u20e35\ufe0f\u20e36\ufe0f\u20e3<\/p>\n\n\n\n<p><a href=\"https:\/\/www.random.org\/dice\/\">https:\/\/www.random.org\/dice\/<\/a><\/p>\n\n\n\n<p><a href=\"https:\/\/www.google.com\/search?q=dice+roller\">https:\/\/www.google.com\/search?q=dice+roller<\/a><\/p>\n\n\n\n<hr class=\"wp-block-separator\"\/>\n\n\n\n<p><a href=\"https:\/\/12r.pl\/ea\/\">12r.pl\/ea<\/a>&nbsp;-&gt;&nbsp;<a href=\"https:\/\/12r.uk\/ea\/\">12r.uk\/ea<\/a>&nbsp;-&gt;&nbsp;<a href=\"https:\/\/7hi7.com\/ea\/\">7hi7.com\/ea<\/a><\/p>\n\n\n\n<p>Wikipedia.org &#8211; Play game &#8211; portals, categories, states, cities, capital cities<\/p>\n","protected":false},"excerpt":{"rendered":"<p>q &#8211; 01\/q &#8211; 01Q Ania &#8211; Nigdy wiecej nie tancz ze mna 4M views&nbsp;\u00b7&nbsp;12 years ago Ania D\u0105browska SUBSCRIBED 205K subscribers https:\/\/m.youtube.com\/channel\/UCAkllAf9MF8hxUc5rZb7gDw W g\u0142owie mi siedzisz wci\u0105\u017cO Tobie my\u015bl\u0119 dzie\u0144 i nocCzy tego chce czy nieTo co si\u0119 mog\u0142o sta\u0107Ju\u017c teraz nie po\u0142\u0105czy nas Wi\u0119c nigdy wi\u0119cej nie ta\u0144cz ze mn\u0105Ten taniec innej dzi\u015b [&hellip;]<\/p>\n","protected":false},"author":1,"featured_media":0,"parent":0,"menu_order":0,"comment_status":"closed","ping_status":"closed","template":"","meta":{"footnotes":""},"class_list":["post-76","page","type-page","status-publish","hentry"],"_links":{"self":[{"href":"https:\/\/0-zz.com\/01\/wp-json\/wp\/v2\/pages\/76","targetHints":{"allow":["GET"]}}],"collection":[{"href":"https:\/\/0-zz.com\/01\/wp-json\/wp\/v2\/pages"}],"about":[{"href":"https:\/\/0-zz.com\/01\/wp-json\/wp\/v2\/types\/page"}],"author":[{"embeddable":true,"href":"https:\/\/0-zz.com\/01\/wp-json\/wp\/v2\/users\/1"}],"replies":[{"embeddable":true,"href":"https:\/\/0-zz.com\/01\/wp-json\/wp\/v2\/comments?post=76"}],"version-history":[{"count":4,"href":"https:\/\/0-zz.com\/01\/wp-json\/wp\/v2\/pages\/76\/revisions"}],"predecessor-version":[{"id":217,"href":"https:\/\/0-zz.com\/01\/wp-json\/wp\/v2\/pages\/76\/revisions\/217"}],"wp:attachment":[{"href":"https:\/\/0-zz.com\/01\/wp-json\/wp\/v2\/media?parent=76"}],"curies":[{"name":"wp","href":"https:\/\/api.w.org\/{rel}","templated":true}]}}