{"id":74,"date":"2022-02-20T23:28:48","date_gmt":"2022-02-20T09:28:48","guid":{"rendered":"https:\/\/0-zz.com\/01\/?page_id=74"},"modified":"2022-04-29T04:31:05","modified_gmt":"2022-04-28T14:31:05","slug":"p","status":"publish","type":"page","link":"https:\/\/0-zz.com\/01\/p\/","title":{"rendered":"P"},"content":{"rendered":"\n<h2 class=\"wp-block-heading\" id=\"p-01-p-01p\">p &#8211; 01\/p &#8211; 01P<\/h2>\n\n\n\n<figure class=\"wp-block-embed is-type-video is-provider-youtube wp-block-embed-youtube wp-embed-aspect-16-9 wp-has-aspect-ratio\"><div class=\"wp-block-embed__wrapper\">\n<iframe loading=\"lazy\" title=\"Natalia Szroeder - Powietrze [Official Music Video]\" width=\"580\" height=\"326\" src=\"https:\/\/www.youtube.com\/embed\/gI7AcnmTXO8?feature=oembed\" frameborder=\"0\" allow=\"accelerometer; autoplay; clipboard-write; encrypted-media; gyroscope; picture-in-picture; web-share\" referrerpolicy=\"strict-origin-when-cross-origin\" allowfullscreen><\/iframe>\n<\/div><\/figure>\n\n\n\n<h2 class=\"wp-block-heading\" id=\"natalia-szroeder-powietrze-official-music-video\">Natalia Szroeder &#8211; Powietrze [Official Music Video]<\/h2>\n\n\n\n<p>23M views&nbsp;\u00b7&nbsp;5 years ago<\/p>\n\n\n\n<h2 class=\"wp-block-heading\" id=\"natalia-szroeder\">Natalia Szroeder<\/h2>\n\n\n\n<p>SUBSCRIBED 206K subscribers<\/p>\n\n\n\n<p><a href=\"https:\/\/m.youtube.com\/channel\/UCqnpFp5AKsvKBzsXFVRtnGA\">https:\/\/m.youtube.com\/channel\/UCqnpFp5AKsvKBzsXFVRtnGA<\/a><\/p>\n\n\n\n<p>A je\u015bli masz<br>W sercu troch\u0119 miejsca pozw\u00f3l mi ju\u017c dzi\u015b<br>Na chwil\u0119 wpa\u015b\u0107 i zamieszka\u0107 nawet, je\u015bli kto\u015b tam by\u0142<br>Nie b\u00f3j si\u0119 zmian<br>Razem z tob\u0105 chc\u0119 okrada\u0107 ten z\u0142y \u015bwiat<br>Z najlepszych chwil<br>Z nieba spada\u0107 kiedy nie masz si\u0142<\/p>\n\n\n\n<p>Je\u015bli tylko chcesz, daj zna\u0107<br>Podzielimy si\u0119 powietrzem<br>Z dwojga dusz i cia\u0142<br>Nakre\u015blimy kurs na szcz\u0119\u015bcie<\/p>\n\n\n\n<p>Gdy tracisz moc<br>Na rozdro\u017cach dooko\u0142a piach a cel<br>Wypada z r\u0105k chcesz samotnie nadal biec pod pr\u0105d<br>Dla Ciebie ja<br>Rzuc\u0119 wszystko bo od tego jest ten kto\u015b<br>Kto zawsze trwa<br>Kiedy ca\u0142\u0105 reszt\u0119 zrywa sztorm<\/p>\n\n\n\n<p>Je\u015bli tylko chcesz, daj zna\u0107<br>Podzielimy si\u0119 powietrzem<br>Z dwojga dusz i cia\u0142<br>Nakre\u015blimy kurs na szcz\u0119\u015bcie<\/p>\n\n\n\n<p>Ja i ty<br>Ja i ty<\/p>\n\n\n\n<p>Je\u015bli tylko chcesz, daj zna\u0107<br>Podzielimy si\u0119 powietrzem<br>Z dwojga dusz i cia\u0142<br>Nakre\u015blimy kurs na szcz\u0119\u015bcie<\/p>\n\n\n\n<p>Ponad niebem ja i ty<\/p>\n\n\n\n<p>Je\u015bli tylko chcesz, daj zna\u0107<br>Podzielimy si\u0119 powietrzem<br>Z dwojga dusz i cia\u0142<br>Nakre\u015blimy kurs nam na szcz\u0119\u015bcie<\/p>\n\n\n\n<p>Ponad niebem ja i ty<br>Ponad niebem ty i ja<br>Ponad niebem ja i ty<br>Ponad niebem ty i ja<\/p>\n\n\n\n<figure class=\"wp-block-table\"><table><tbody><tr><th>Autor tekstu:<\/th><td>Marcin Piotrowski (Liber)<\/td><\/tr><\/tbody><\/table><\/figure>\n\n\n\n<p><a href=\"https:\/\/www.tekstowo.pl\/piosenka,natalia_szroeder,powietrze.html\">https:\/\/www.tekstowo.pl\/piosenka,natalia_szroeder,powietrze.html<\/a><\/p>\n\n\n\n<hr class=\"wp-block-separator\"\/>\n\n\n\n<h4 class=\"wp-block-heading\">0-zz.com\/0 &#8211; 0-zz.com\/z :<\/h4>\n\n\n\n<p><small><strong><a href=\"http:\/\/0-zz.com\/0\">1\ufe0f\u20e31\ufe0f\u20e3-0<\/a> |<a href=\"http:\/\/0-zz.com\/1\">1\ufe0f\u20e32\ufe0f\u20e3-1<\/a> |<a href=\"http:\/\/0-zz.com\/2\">1\ufe0f\u20e33\ufe0f\u20e3-2<\/a> |<a href=\"http:\/\/0-zz.com\/3\">1\ufe0f\u20e34\ufe0f\u20e3-3<\/a> |<a href=\"http:\/\/0-zz.com\/4\">1\ufe0f\u20e35\ufe0f\u20e3-4<\/a> |<a href=\"http:\/\/0-zz.com\/5\">1\ufe0f\u20e36\ufe0f\u20e3-5<\/a> <\/strong><\/small><br><small> <strong><a href=\"http:\/\/0-zz.com\/6\">2\ufe0f\u20e31\ufe0f\u20e3-6<\/a> |<a href=\"http:\/\/0-zz.com\/7\">2\ufe0f\u20e32\ufe0f\u20e3-7<\/a> |<a href=\"http:\/\/0-zz.com\/8\">2\ufe0f\u20e33\ufe0f\u20e3-8<\/a> |<a href=\"http:\/\/0-zz.com\/9\">2\ufe0f\u20e34\ufe0f\u20e3-9<\/a> |<a href=\"http:\/\/0-zz.com\/a\">2\ufe0f\u20e35\ufe0f\u20e3-A<\/a> |<a href=\"http:\/\/0-zz.com\/b\">2\ufe0f\u20e36\ufe0f\u20e3-B<\/a><\/strong><\/small><br><small> <strong><a href=\"http:\/\/0-zz.com\/c\">3\ufe0f\u20e31\ufe0f\u20e3-C<\/a> |<a href=\"http:\/\/0-zz.com\/d\">3\ufe0f\u20e32\ufe0f\u20e3-D<\/a> |<a href=\"http:\/\/0-zz.com\/e\">3\ufe0f\u20e33\ufe0f\u20e3-E<\/a> |<a href=\"http:\/\/0-zz.com\/f\">3\ufe0f\u20e34\ufe0f\u20e3-F<\/a> |<a href=\"http:\/\/0-zz.com\/g\">3\ufe0f\u20e35\ufe0f\u20e3-G<\/a> |<a href=\"http:\/\/0-zz.com\/h\">3\ufe0f\u20e36\ufe0f\u20e3-H<\/a><\/strong><\/small><br><small> <strong><a href=\"http:\/\/0-zz.com\/i\">4\ufe0f\u20e31\ufe0f\u20e3-I<\/a> |<a href=\"http:\/\/0-zz.com\/j\">4\ufe0f\u20e32\ufe0f\u20e3-J<\/a> |<a href=\"http:\/\/0-zz.com\/k\">4\ufe0f\u20e33\ufe0f\u20e3-K<\/a> |<a href=\"http:\/\/0-zz.com\/l\">4\ufe0f\u20e34\ufe0f\u20e3-L<\/a> |<a href=\"http:\/\/0-zz.com\/m\">4\ufe0f\u20e35\ufe0f\u20e3-M<\/a> |<a href=\"http:\/\/0-zz.com\/n\">4\ufe0f\u20e36\ufe0f\u20e3-N<\/a><\/strong><\/small><br><small> <strong><a href=\"http:\/\/0-zz.com\/o\">5\ufe0f\u20e31\ufe0f\u20e3-O<\/a> |<a href=\"http:\/\/0-zz.com\/p\">5\ufe0f\u20e32\ufe0f\u20e3-P<\/a> |<a href=\"http:\/\/0-zz.com\/q\">5\ufe0f\u20e33\ufe0f\u20e3-Q<\/a> |<a href=\"http:\/\/0-zz.com\/r\">5\ufe0f\u20e34\ufe0f\u20e3-R<\/a> |<a href=\"http:\/\/0-zz.com\/s\">5\ufe0f\u20e35\ufe0f\u20e3-S<\/a> |<a href=\"http:\/\/0-zz.com\/t\">5\ufe0f\u20e36\ufe0f\u20e3-T<\/a><\/strong><\/small><br><small> <strong><a href=\"http:\/\/0-zz.com\/u\">6\ufe0f\u20e31\ufe0f\u20e3-U<\/a> |<a href=\"http:\/\/0-zz.com\/v\">6\ufe0f\u20e32\ufe0f\u20e3-V<\/a> |<a href=\"http:\/\/0-zz.com\/w\">6\ufe0f\u20e33\ufe0f\u20e3-W<\/a> |<a href=\"http:\/\/0-zz.com\/x\">6\ufe0f\u20e34\ufe0f\u20e3-X<\/a> |<a href=\"http:\/\/0-zz.com\/y\">6\ufe0f\u20e35\ufe0f\u20e3-Y<\/a> |<a href=\"http:\/\/0-zz.com\/z\">6\ufe0f\u20e36\ufe0f\u20e3-Z<\/a><\/strong><\/small><\/p>\n\n\n\n<p>Roll 2 dice ?? 1\ufe0f\u20e32\ufe0f\u20e33\ufe0f\u20e34\ufe0f\u20e35\ufe0f\u20e36\ufe0f\u20e3<\/p>\n\n\n\n<p><a href=\"https:\/\/www.random.org\/dice\/\">https:\/\/www.random.org\/dice\/<\/a><\/p>\n\n\n\n<p><a href=\"https:\/\/www.google.com\/search?q=dice+roller\">https:\/\/www.google.com\/search?q=dice+roller<\/a><\/p>\n\n\n\n<hr class=\"wp-block-separator\"\/>\n\n\n\n<p><a href=\"https:\/\/12r.pl\/ea\/\">12r.pl\/ea<\/a>&nbsp;-&gt;&nbsp;<a href=\"https:\/\/12r.uk\/ea\/\">12r.uk\/ea<\/a>&nbsp;-&gt;&nbsp;<a href=\"https:\/\/7hi7.com\/ea\/\">7hi7.com\/ea<\/a><\/p>\n\n\n\n<p>Wikipedia.org &#8211; Play game &#8211; portals, categories, states, cities, capital cities<\/p>\n","protected":false},"excerpt":{"rendered":"<p>p &#8211; 01\/p &#8211; 01P Natalia Szroeder &#8211; Powietrze [Official Music Video] 23M views&nbsp;\u00b7&nbsp;5 years ago Natalia Szroeder SUBSCRIBED 206K subscribers https:\/\/m.youtube.com\/channel\/UCqnpFp5AKsvKBzsXFVRtnGA A je\u015bli maszW sercu troch\u0119 miejsca pozw\u00f3l mi ju\u017c dzi\u015bNa chwil\u0119 wpa\u015b\u0107 i zamieszka\u0107 nawet, je\u015bli kto\u015b tam by\u0142Nie b\u00f3j si\u0119 zmianRazem z tob\u0105 chc\u0119 okrada\u0107 ten z\u0142y \u015bwiatZ najlepszych chwilZ nieba spada\u0107 [&hellip;]<\/p>\n","protected":false},"author":1,"featured_media":0,"parent":0,"menu_order":0,"comment_status":"closed","ping_status":"closed","template":"","meta":{"footnotes":""},"class_list":["post-74","page","type-page","status-publish","hentry"],"_links":{"self":[{"href":"https:\/\/0-zz.com\/01\/wp-json\/wp\/v2\/pages\/74","targetHints":{"allow":["GET"]}}],"collection":[{"href":"https:\/\/0-zz.com\/01\/wp-json\/wp\/v2\/pages"}],"about":[{"href":"https:\/\/0-zz.com\/01\/wp-json\/wp\/v2\/types\/page"}],"author":[{"embeddable":true,"href":"https:\/\/0-zz.com\/01\/wp-json\/wp\/v2\/users\/1"}],"replies":[{"embeddable":true,"href":"https:\/\/0-zz.com\/01\/wp-json\/wp\/v2\/comments?post=74"}],"version-history":[{"count":4,"href":"https:\/\/0-zz.com\/01\/wp-json\/wp\/v2\/pages\/74\/revisions"}],"predecessor-version":[{"id":216,"href":"https:\/\/0-zz.com\/01\/wp-json\/wp\/v2\/pages\/74\/revisions\/216"}],"wp:attachment":[{"href":"https:\/\/0-zz.com\/01\/wp-json\/wp\/v2\/media?parent=74"}],"curies":[{"name":"wp","href":"https:\/\/api.w.org\/{rel}","templated":true}]}}