{"id":72,"date":"2022-02-20T23:28:21","date_gmt":"2022-02-20T09:28:21","guid":{"rendered":"https:\/\/0-zz.com\/01\/?page_id=72"},"modified":"2022-04-29T04:30:14","modified_gmt":"2022-04-28T14:30:14","slug":"o","status":"publish","type":"page","link":"https:\/\/0-zz.com\/01\/o\/","title":{"rendered":"O"},"content":{"rendered":"\n<h2 class=\"wp-block-heading\" id=\"o-01-o-01o\">o &#8211; 01\/o &#8211; 01O<\/h2>\n\n\n\n<figure class=\"wp-block-embed is-type-video is-provider-youtube wp-block-embed-youtube wp-embed-aspect-16-9 wp-has-aspect-ratio\"><div class=\"wp-block-embed__wrapper\">\n<iframe loading=\"lazy\" title=\"Volver - Volveremos\" width=\"580\" height=\"326\" src=\"https:\/\/www.youtube.com\/embed\/sFWLBHSbpr8?feature=oembed\" frameborder=\"0\" allow=\"accelerometer; autoplay; clipboard-write; encrypted-media; gyroscope; picture-in-picture; web-share\" referrerpolicy=\"strict-origin-when-cross-origin\" allowfullscreen><\/iframe>\n<\/div><\/figure>\n\n\n\n<h2 class=\"wp-block-heading\" id=\"volver-volveremos\">Volver &#8211; Volveremos<\/h2>\n\n\n\n<p>16M views&nbsp;\u00b7&nbsp;10 years ago<\/p>\n\n\n\n<h2 class=\"wp-block-heading\" id=\"volvervevo\">VolverVEVO<\/h2>\n\n\n\n<p>SUBSCRIBED 16.5K subscribers<\/p>\n\n\n\n<p><a href=\"https:\/\/m.youtube.com\/channel\/UC8IZlPn-nGLwDVd114APWAQ\">https:\/\/m.youtube.com\/channel\/UC8IZlPn-nGLwDVd114APWAQ<\/a><\/p>\n\n\n\n<p>1. Znowu jestem tu, piasek wci\u0105\u017c ten sam,<br>\u015blady naszych st\u00f3p, rozwia\u0142 wiatr,<br>jak naszych s\u0142\u00f3w, morza cichy szmer.<br>Na przystani kto\u015b na gitarze gra,<br>letni romans co z\u0142\u0105czy\u0142 serca dwa,<br>w pasjansie chwil kr\u00f3l i dama kier.<\/p>\n\n\n\n<p>Obietnica przysz\u0142ych dni,<br>Volveremos ah\u00ed<\/p>\n\n\n\n<p>Ref: Jeszcze jeden raz spotka\u0107 Ciebie,<br>jeszcze jeden raz ton\u0105\u0107 w niebie.<br>Niech stanie czas nim \u015bwit jak ptaki sp\u0142oszy nas.<\/p>\n\n\n\n<p>Jeszcze jeden raz pla\u017ca pusta,<br>jeszcze jeden raz niech zap\u0142on\u0105 usta,<br>jak w tamten dzie\u0144 i noc co nam zabra\u0142a sen.<\/p>\n\n\n\n<p>2. Znowu jestem tu ale ca\u0142kiem sam,<br>id\u0119 poprzez t\u0142um i nadziej\u0119 mam,<br>\u017ce spotkam Ci\u0119 w tym pasjansie chwil.<br>Nagle ciep\u0142a d\u0142o\u0144 wiedzie mnie do gwiazd,<br>Oczu Twoich to\u0144, s\u0142\u00f3w gor\u0105cy piach.<br>Wiem, \u017ce razem zn\u00f3w powitamy \u015bwit.<\/p>\n\n\n\n<p>Tak, jak wtedy pierwszy raz,<br>wiatr we w\u0142osach, Ty i ja&#8230;<\/p>\n\n\n\n<p>Ref: Jeszcze jeden raz spotka\u0107 Ciebie,<br>jeszcze jeden raz ton\u0105\u0107 w niebie.<br>Niech stanie czas nim \u015bwit jak ptaki sp\u0142oszy nas.<\/p>\n\n\n\n<p>Jeszcze jeden raz pla\u017ca pusta,<br>jeszcze jeden raz niech zap\u0142on\u0105 usta<br>jak w tamten dzie\u0144 i noc co nam zabra\u0142a sen.<\/p>\n\n\n\n<p>Jeszcze jeden raz spotka\u0107 Ciebie,<br>jeszcze jeden raz ton\u0105\u0107 w niebie.<br>jak w tamten dzie\u0144 i noc co nam zabra\u0142a sen.<\/p>\n\n\n\n<p>Jeszcze raz&#8230;<\/p>\n\n\n\n<p>Ref: Jeszcze jeden raz spotka\u0107 Ciebie,<br>jeszcze jeden raz ton\u0105\u0107 w niebie.<br>Niech stanie czas nim \u015bwit jak ptaki sp\u0142oszy nas.<\/p>\n\n\n\n<p>Jeszcze jeden raz pla\u017ca pusta,<br>jeszcze jeden raz niech zap\u0142on\u0105 usta<br>jak w tamten dzie\u0144 i noc co nam zabra\u0142a sen.<\/p>\n\n\n\n<figure class=\"wp-block-table\"><table><tbody><tr><th>Autor tekstu:<\/th><td>Janusz Kruci\u0144ski<\/td><\/tr><\/tbody><\/table><\/figure>\n\n\n\n<p><a href=\"https:\/\/www.tekstowo.pl\/piosenka,volver,volveremos.html\">https:\/\/www.tekstowo.pl\/piosenka,volver,volveremos.html<\/a><\/p>\n\n\n\n<hr class=\"wp-block-separator\"\/>\n\n\n\n<h4 class=\"wp-block-heading\">0-zz.com\/0 &#8211; 0-zz.com\/z :<\/h4>\n\n\n\n<p><small><strong><a href=\"http:\/\/0-zz.com\/0\">1\ufe0f\u20e31\ufe0f\u20e3-0<\/a> |<a href=\"http:\/\/0-zz.com\/1\">1\ufe0f\u20e32\ufe0f\u20e3-1<\/a> |<a href=\"http:\/\/0-zz.com\/2\">1\ufe0f\u20e33\ufe0f\u20e3-2<\/a> |<a href=\"http:\/\/0-zz.com\/3\">1\ufe0f\u20e34\ufe0f\u20e3-3<\/a> |<a href=\"http:\/\/0-zz.com\/4\">1\ufe0f\u20e35\ufe0f\u20e3-4<\/a> |<a href=\"http:\/\/0-zz.com\/5\">1\ufe0f\u20e36\ufe0f\u20e3-5<\/a> <\/strong><\/small><br><small> <strong><a href=\"http:\/\/0-zz.com\/6\">2\ufe0f\u20e31\ufe0f\u20e3-6<\/a> |<a href=\"http:\/\/0-zz.com\/7\">2\ufe0f\u20e32\ufe0f\u20e3-7<\/a> |<a href=\"http:\/\/0-zz.com\/8\">2\ufe0f\u20e33\ufe0f\u20e3-8<\/a> |<a href=\"http:\/\/0-zz.com\/9\">2\ufe0f\u20e34\ufe0f\u20e3-9<\/a> |<a href=\"http:\/\/0-zz.com\/a\">2\ufe0f\u20e35\ufe0f\u20e3-A<\/a> |<a href=\"http:\/\/0-zz.com\/b\">2\ufe0f\u20e36\ufe0f\u20e3-B<\/a><\/strong><\/small><br><small> <strong><a href=\"http:\/\/0-zz.com\/c\">3\ufe0f\u20e31\ufe0f\u20e3-C<\/a> |<a href=\"http:\/\/0-zz.com\/d\">3\ufe0f\u20e32\ufe0f\u20e3-D<\/a> |<a href=\"http:\/\/0-zz.com\/e\">3\ufe0f\u20e33\ufe0f\u20e3-E<\/a> |<a href=\"http:\/\/0-zz.com\/f\">3\ufe0f\u20e34\ufe0f\u20e3-F<\/a> |<a href=\"http:\/\/0-zz.com\/g\">3\ufe0f\u20e35\ufe0f\u20e3-G<\/a> |<a href=\"http:\/\/0-zz.com\/h\">3\ufe0f\u20e36\ufe0f\u20e3-H<\/a><\/strong><\/small><br><small> <strong><a href=\"http:\/\/0-zz.com\/i\">4\ufe0f\u20e31\ufe0f\u20e3-I<\/a> |<a href=\"http:\/\/0-zz.com\/j\">4\ufe0f\u20e32\ufe0f\u20e3-J<\/a> |<a href=\"http:\/\/0-zz.com\/k\">4\ufe0f\u20e33\ufe0f\u20e3-K<\/a> |<a href=\"http:\/\/0-zz.com\/l\">4\ufe0f\u20e34\ufe0f\u20e3-L<\/a> |<a href=\"http:\/\/0-zz.com\/m\">4\ufe0f\u20e35\ufe0f\u20e3-M<\/a> |<a href=\"http:\/\/0-zz.com\/n\">4\ufe0f\u20e36\ufe0f\u20e3-N<\/a><\/strong><\/small><br><small> <strong><a href=\"http:\/\/0-zz.com\/o\">5\ufe0f\u20e31\ufe0f\u20e3-O<\/a> |<a href=\"http:\/\/0-zz.com\/p\">5\ufe0f\u20e32\ufe0f\u20e3-P<\/a> |<a href=\"http:\/\/0-zz.com\/q\">5\ufe0f\u20e33\ufe0f\u20e3-Q<\/a> |<a href=\"http:\/\/0-zz.com\/r\">5\ufe0f\u20e34\ufe0f\u20e3-R<\/a> |<a href=\"http:\/\/0-zz.com\/s\">5\ufe0f\u20e35\ufe0f\u20e3-S<\/a> |<a href=\"http:\/\/0-zz.com\/t\">5\ufe0f\u20e36\ufe0f\u20e3-T<\/a><\/strong><\/small><br><small> <strong><a href=\"http:\/\/0-zz.com\/u\">6\ufe0f\u20e31\ufe0f\u20e3-U<\/a> |<a href=\"http:\/\/0-zz.com\/v\">6\ufe0f\u20e32\ufe0f\u20e3-V<\/a> |<a href=\"http:\/\/0-zz.com\/w\">6\ufe0f\u20e33\ufe0f\u20e3-W<\/a> |<a href=\"http:\/\/0-zz.com\/x\">6\ufe0f\u20e34\ufe0f\u20e3-X<\/a> |<a href=\"http:\/\/0-zz.com\/y\">6\ufe0f\u20e35\ufe0f\u20e3-Y<\/a> |<a href=\"http:\/\/0-zz.com\/z\">6\ufe0f\u20e36\ufe0f\u20e3-Z<\/a><\/strong><\/small><\/p>\n\n\n\n<p>Roll 2 dice ?? 1\ufe0f\u20e32\ufe0f\u20e33\ufe0f\u20e34\ufe0f\u20e35\ufe0f\u20e36\ufe0f\u20e3<\/p>\n\n\n\n<p><a href=\"https:\/\/www.random.org\/dice\/\">https:\/\/www.random.org\/dice\/<\/a><\/p>\n\n\n\n<p><a href=\"https:\/\/www.google.com\/search?q=dice+roller\">https:\/\/www.google.com\/search?q=dice+roller<\/a><\/p>\n\n\n\n<hr class=\"wp-block-separator\"\/>\n\n\n\n<p><a href=\"https:\/\/12r.pl\/ea\/\">12r.pl\/ea<\/a>&nbsp;-&gt;&nbsp;<a href=\"https:\/\/12r.uk\/ea\/\">12r.uk\/ea<\/a>&nbsp;-&gt;&nbsp;<a href=\"https:\/\/7hi7.com\/ea\/\">7hi7.com\/ea<\/a><\/p>\n\n\n\n<p>Wikipedia.org &#8211; Play game &#8211; portals, categories, states, cities, capital cities<\/p>\n","protected":false},"excerpt":{"rendered":"<p>o &#8211; 01\/o &#8211; 01O Volver &#8211; Volveremos 16M views&nbsp;\u00b7&nbsp;10 years ago VolverVEVO SUBSCRIBED 16.5K subscribers https:\/\/m.youtube.com\/channel\/UC8IZlPn-nGLwDVd114APWAQ 1. Znowu jestem tu, piasek wci\u0105\u017c ten sam,\u015blady naszych st\u00f3p, rozwia\u0142 wiatr,jak naszych s\u0142\u00f3w, morza cichy szmer.Na przystani kto\u015b na gitarze gra,letni romans co z\u0142\u0105czy\u0142 serca dwa,w pasjansie chwil kr\u00f3l i dama kier. Obietnica przysz\u0142ych dni,Volveremos ah\u00ed Ref: [&hellip;]<\/p>\n","protected":false},"author":1,"featured_media":0,"parent":0,"menu_order":0,"comment_status":"closed","ping_status":"closed","template":"","meta":{"footnotes":""},"class_list":["post-72","page","type-page","status-publish","hentry"],"_links":{"self":[{"href":"https:\/\/0-zz.com\/01\/wp-json\/wp\/v2\/pages\/72","targetHints":{"allow":["GET"]}}],"collection":[{"href":"https:\/\/0-zz.com\/01\/wp-json\/wp\/v2\/pages"}],"about":[{"href":"https:\/\/0-zz.com\/01\/wp-json\/wp\/v2\/types\/page"}],"author":[{"embeddable":true,"href":"https:\/\/0-zz.com\/01\/wp-json\/wp\/v2\/users\/1"}],"replies":[{"embeddable":true,"href":"https:\/\/0-zz.com\/01\/wp-json\/wp\/v2\/comments?post=72"}],"version-history":[{"count":4,"href":"https:\/\/0-zz.com\/01\/wp-json\/wp\/v2\/pages\/72\/revisions"}],"predecessor-version":[{"id":215,"href":"https:\/\/0-zz.com\/01\/wp-json\/wp\/v2\/pages\/72\/revisions\/215"}],"wp:attachment":[{"href":"https:\/\/0-zz.com\/01\/wp-json\/wp\/v2\/media?parent=72"}],"curies":[{"name":"wp","href":"https:\/\/api.w.org\/{rel}","templated":true}]}}