{"id":70,"date":"2022-02-20T23:27:50","date_gmt":"2022-02-20T09:27:50","guid":{"rendered":"https:\/\/0-zz.com\/01\/?page_id=70"},"modified":"2022-04-29T04:29:16","modified_gmt":"2022-04-28T14:29:16","slug":"n","status":"publish","type":"page","link":"https:\/\/0-zz.com\/01\/n\/","title":{"rendered":"N"},"content":{"rendered":"\n<h2 class=\"wp-block-heading\" id=\"n-01-n-01n\">n &#8211; 01\/n &#8211; 01N<\/h2>\n\n\n\n<figure class=\"wp-block-embed is-type-video is-provider-youtube wp-block-embed-youtube wp-embed-aspect-16-9 wp-has-aspect-ratio\"><div class=\"wp-block-embed__wrapper\">\n<iframe loading=\"lazy\" title=\"Piotr Cugowski - Kto Nie Kochal\" width=\"580\" height=\"326\" src=\"https:\/\/www.youtube.com\/embed\/I6PUkIGBDwE?feature=oembed\" frameborder=\"0\" allow=\"accelerometer; autoplay; clipboard-write; encrypted-media; gyroscope; picture-in-picture; web-share\" referrerpolicy=\"strict-origin-when-cross-origin\" allowfullscreen><\/iframe>\n<\/div><\/figure>\n\n\n\n<h2 class=\"wp-block-heading\" id=\"piotr-cugowski-kto-nie-kochal\">Piotr Cugowski &#8211; Kto Nie Kochal<\/h2>\n\n\n\n<p>23M views&nbsp;\u00b7&nbsp;3 years ago<\/p>\n\n\n\n<h2 class=\"wp-block-heading\" id=\"piotr-cugowski\">Piotr Cugowski<\/h2>\n\n\n\n<p>SUBSCRIBED 68.4K subscribers<\/p>\n\n\n\n<p><a href=\"https:\/\/m.youtube.com\/channel\/UCv2mHDHHR3K6jdy_2mv0BDA\">https:\/\/m.youtube.com\/channel\/UCv2mHDHHR3K6jdy_2mv0BDA<\/a><\/p>\n\n\n\n<p>Kto nie kocha\u0142 ani raz<br>Nie wie, jak bywa ci\u0119\u017cka \u0142za<br>Ostatnia, ile wa\u017cy gniew<br>Mi\u0142o\u015b\u0107 niczym wojna jest<br>Zacz\u0105\u0107 tak, ale sko\u0144czy\u0107 nie,<br>Nie \u0142atwo przed sob\u0105 przyzna\u0107 si\u0119<\/p>\n\n\n\n<p>Kto nie kocha\u0142, nie wie nic<br>Kto nie kocha\u0142, tylko drwi<br>Kto nie s\u0142ysza\u0142 tych dw\u00f3ch s\u0142\u00f3w,<br>Nie rozumie, co to b\u00f3l<\/p>\n\n\n\n<p>Kto nie straci\u0142 g\u0142owy sam,<br>M\u00f3wi ci &#8222;Dobr\u0105 rad\u0119 dam&#8221;,<br>Lecz na to nie ma dobrych rad<br>Mi\u0142o\u015b\u0107 jak narkotyk jest<br>Zacz\u0105\u0107 tak, ale sko\u0144czy\u0107 nie,<br>Nie \u0142atwo gdy nie wszystko gra<\/p>\n\n\n\n<p>Kto nie kocha\u0142, nie wie nic<br>Kto nie kocha\u0142, tylko drwi<br>Kto nie s\u0142ysza\u0142 tych dw\u00f3ch s\u0142\u00f3w,<br>Nie rozumie co to b\u00f3l<\/p>\n\n\n\n<p>W ka\u017cdym z nas nadzieja si\u0119 tli,<br>\u017be pierwszym jest i b\u0119dzie tak jak nikt<br>W ka\u017cdym z nas z\u0142udzenie wci\u0105\u017c trwa,<br>\u017be w\u0142a\u015bnie noc jest pocz\u0105tkiem dnia<\/p>\n\n\n\n<p>Kto nie kocha\u0142, nie wie nic<br>Kto nie kocha\u0142, tylko drwi<br>Kto nie s\u0142ysza\u0142 tych dw\u00f3ch s\u0142\u00f3w,<br>Nie rozumie, oooh<\/p>\n\n\n\n<p>Kto nie kocha\u0142, nie wie nic<br>Kto nie kocha\u0142, tylko drwi<br>Kto nie s\u0142ysza\u0142 tych dw\u00f3ch s\u0142\u00f3w,<br>Nie wie, co to znaczy \u015bmiech przez \u0142zy<\/p>\n\n\n\n<figure class=\"wp-block-table\"><table><tbody><tr><th>Autor tekstu:<\/th><td>Wojciech Byrski<\/td><\/tr><tr><th>Kompozytor:<\/th><td>Piotr Cugowski, Marcin Trojanowicz<\/td><\/tr><\/tbody><\/table><\/figure>\n\n\n\n<p><a href=\"https:\/\/www.tekstowo.pl\/piosenka,piotr_cugowski,kto_nie_kochal.html\">https:\/\/www.tekstowo.pl\/piosenka,piotr_cugowski,kto_nie_kochal.html<\/a><\/p>\n\n\n\n<hr class=\"wp-block-separator\"\/>\n\n\n\n<h4 class=\"wp-block-heading\">0-zz.com\/0 &#8211; 0-zz.com\/z :<\/h4>\n\n\n\n<p><small><strong><a href=\"http:\/\/0-zz.com\/0\">1\ufe0f\u20e31\ufe0f\u20e3-0<\/a> |<a href=\"http:\/\/0-zz.com\/1\">1\ufe0f\u20e32\ufe0f\u20e3-1<\/a> |<a href=\"http:\/\/0-zz.com\/2\">1\ufe0f\u20e33\ufe0f\u20e3-2<\/a> |<a href=\"http:\/\/0-zz.com\/3\">1\ufe0f\u20e34\ufe0f\u20e3-3<\/a> |<a href=\"http:\/\/0-zz.com\/4\">1\ufe0f\u20e35\ufe0f\u20e3-4<\/a> |<a href=\"http:\/\/0-zz.com\/5\">1\ufe0f\u20e36\ufe0f\u20e3-5<\/a> <\/strong><\/small><br><small> <strong><a href=\"http:\/\/0-zz.com\/6\">2\ufe0f\u20e31\ufe0f\u20e3-6<\/a> |<a href=\"http:\/\/0-zz.com\/7\">2\ufe0f\u20e32\ufe0f\u20e3-7<\/a> |<a href=\"http:\/\/0-zz.com\/8\">2\ufe0f\u20e33\ufe0f\u20e3-8<\/a> |<a href=\"http:\/\/0-zz.com\/9\">2\ufe0f\u20e34\ufe0f\u20e3-9<\/a> |<a href=\"http:\/\/0-zz.com\/a\">2\ufe0f\u20e35\ufe0f\u20e3-A<\/a> |<a href=\"http:\/\/0-zz.com\/b\">2\ufe0f\u20e36\ufe0f\u20e3-B<\/a><\/strong><\/small><br><small> <strong><a href=\"http:\/\/0-zz.com\/c\">3\ufe0f\u20e31\ufe0f\u20e3-C<\/a> |<a href=\"http:\/\/0-zz.com\/d\">3\ufe0f\u20e32\ufe0f\u20e3-D<\/a> |<a href=\"http:\/\/0-zz.com\/e\">3\ufe0f\u20e33\ufe0f\u20e3-E<\/a> |<a href=\"http:\/\/0-zz.com\/f\">3\ufe0f\u20e34\ufe0f\u20e3-F<\/a> |<a href=\"http:\/\/0-zz.com\/g\">3\ufe0f\u20e35\ufe0f\u20e3-G<\/a> |<a href=\"http:\/\/0-zz.com\/h\">3\ufe0f\u20e36\ufe0f\u20e3-H<\/a><\/strong><\/small><br><small> <strong><a href=\"http:\/\/0-zz.com\/i\">4\ufe0f\u20e31\ufe0f\u20e3-I<\/a> |<a href=\"http:\/\/0-zz.com\/j\">4\ufe0f\u20e32\ufe0f\u20e3-J<\/a> |<a href=\"http:\/\/0-zz.com\/k\">4\ufe0f\u20e33\ufe0f\u20e3-K<\/a> |<a href=\"http:\/\/0-zz.com\/l\">4\ufe0f\u20e34\ufe0f\u20e3-L<\/a> |<a href=\"http:\/\/0-zz.com\/m\">4\ufe0f\u20e35\ufe0f\u20e3-M<\/a> |<a href=\"http:\/\/0-zz.com\/n\">4\ufe0f\u20e36\ufe0f\u20e3-N<\/a><\/strong><\/small><br><small> <strong><a href=\"http:\/\/0-zz.com\/o\">5\ufe0f\u20e31\ufe0f\u20e3-O<\/a> |<a href=\"http:\/\/0-zz.com\/p\">5\ufe0f\u20e32\ufe0f\u20e3-P<\/a> |<a href=\"http:\/\/0-zz.com\/q\">5\ufe0f\u20e33\ufe0f\u20e3-Q<\/a> |<a href=\"http:\/\/0-zz.com\/r\">5\ufe0f\u20e34\ufe0f\u20e3-R<\/a> |<a href=\"http:\/\/0-zz.com\/s\">5\ufe0f\u20e35\ufe0f\u20e3-S<\/a> |<a href=\"http:\/\/0-zz.com\/t\">5\ufe0f\u20e36\ufe0f\u20e3-T<\/a><\/strong><\/small><br><small> <strong><a href=\"http:\/\/0-zz.com\/u\">6\ufe0f\u20e31\ufe0f\u20e3-U<\/a> |<a href=\"http:\/\/0-zz.com\/v\">6\ufe0f\u20e32\ufe0f\u20e3-V<\/a> |<a href=\"http:\/\/0-zz.com\/w\">6\ufe0f\u20e33\ufe0f\u20e3-W<\/a> |<a href=\"http:\/\/0-zz.com\/x\">6\ufe0f\u20e34\ufe0f\u20e3-X<\/a> |<a href=\"http:\/\/0-zz.com\/y\">6\ufe0f\u20e35\ufe0f\u20e3-Y<\/a> |<a href=\"http:\/\/0-zz.com\/z\">6\ufe0f\u20e36\ufe0f\u20e3-Z<\/a><\/strong><\/small><\/p>\n\n\n\n<p>Roll 2 dice ?? 1\ufe0f\u20e32\ufe0f\u20e33\ufe0f\u20e34\ufe0f\u20e35\ufe0f\u20e36\ufe0f\u20e3<\/p>\n\n\n\n<p><a href=\"https:\/\/www.random.org\/dice\/\">https:\/\/www.random.org\/dice\/<\/a><\/p>\n\n\n\n<p><a href=\"https:\/\/www.google.com\/search?q=dice+roller\">https:\/\/www.google.com\/search?q=dice+roller<\/a><\/p>\n\n\n\n<hr class=\"wp-block-separator\"\/>\n\n\n\n<p><a href=\"https:\/\/12r.pl\/ea\/\">12r.pl\/ea<\/a>&nbsp;-&gt;&nbsp;<a href=\"https:\/\/12r.uk\/ea\/\">12r.uk\/ea<\/a>&nbsp;-&gt;&nbsp;<a href=\"https:\/\/7hi7.com\/ea\/\">7hi7.com\/ea<\/a><\/p>\n\n\n\n<p>Wikipedia.org &#8211; Play game &#8211; portals, categories, states, cities, capital cities<\/p>\n","protected":false},"excerpt":{"rendered":"<p>n &#8211; 01\/n &#8211; 01N Piotr Cugowski &#8211; Kto Nie Kochal 23M views&nbsp;\u00b7&nbsp;3 years ago Piotr Cugowski SUBSCRIBED 68.4K subscribers https:\/\/m.youtube.com\/channel\/UCv2mHDHHR3K6jdy_2mv0BDA Kto nie kocha\u0142 ani razNie wie, jak bywa ci\u0119\u017cka \u0142zaOstatnia, ile wa\u017cy gniewMi\u0142o\u015b\u0107 niczym wojna jestZacz\u0105\u0107 tak, ale sko\u0144czy\u0107 nie,Nie \u0142atwo przed sob\u0105 przyzna\u0107 si\u0119 Kto nie kocha\u0142, nie wie nicKto nie kocha\u0142, tylko [&hellip;]<\/p>\n","protected":false},"author":1,"featured_media":0,"parent":0,"menu_order":0,"comment_status":"closed","ping_status":"closed","template":"","meta":{"footnotes":""},"class_list":["post-70","page","type-page","status-publish","hentry"],"_links":{"self":[{"href":"https:\/\/0-zz.com\/01\/wp-json\/wp\/v2\/pages\/70","targetHints":{"allow":["GET"]}}],"collection":[{"href":"https:\/\/0-zz.com\/01\/wp-json\/wp\/v2\/pages"}],"about":[{"href":"https:\/\/0-zz.com\/01\/wp-json\/wp\/v2\/types\/page"}],"author":[{"embeddable":true,"href":"https:\/\/0-zz.com\/01\/wp-json\/wp\/v2\/users\/1"}],"replies":[{"embeddable":true,"href":"https:\/\/0-zz.com\/01\/wp-json\/wp\/v2\/comments?post=70"}],"version-history":[{"count":4,"href":"https:\/\/0-zz.com\/01\/wp-json\/wp\/v2\/pages\/70\/revisions"}],"predecessor-version":[{"id":214,"href":"https:\/\/0-zz.com\/01\/wp-json\/wp\/v2\/pages\/70\/revisions\/214"}],"wp:attachment":[{"href":"https:\/\/0-zz.com\/01\/wp-json\/wp\/v2\/media?parent=70"}],"curies":[{"name":"wp","href":"https:\/\/api.w.org\/{rel}","templated":true}]}}