{"id":68,"date":"2022-02-20T23:27:21","date_gmt":"2022-02-20T09:27:21","guid":{"rendered":"https:\/\/0-zz.com\/01\/?page_id=68"},"modified":"2022-04-29T04:28:18","modified_gmt":"2022-04-28T14:28:18","slug":"m","status":"publish","type":"page","link":"https:\/\/0-zz.com\/01\/m\/","title":{"rendered":"M"},"content":{"rendered":"\n<h2 class=\"wp-block-heading\" id=\"m-01-m-01m\">m &#8211; 01\/m &#8211; 01M<\/h2>\n\n\n\n<figure class=\"wp-block-embed is-type-video is-provider-youtube wp-block-embed-youtube wp-embed-aspect-16-9 wp-has-aspect-ratio\"><div class=\"wp-block-embed__wrapper\">\n<iframe loading=\"lazy\" title=\"Krzysztof Krawczyk - Bo jestes ty [Official Music Video]\" width=\"580\" height=\"326\" src=\"https:\/\/www.youtube.com\/embed\/KOY_05KwJYk?feature=oembed\" frameborder=\"0\" allow=\"accelerometer; autoplay; clipboard-write; encrypted-media; gyroscope; picture-in-picture; web-share\" referrerpolicy=\"strict-origin-when-cross-origin\" allowfullscreen><\/iframe>\n<\/div><\/figure>\n\n\n\n<h2 class=\"wp-block-heading\" id=\"krzysztof-krawczyk-bo-jestes-ty-official-music-video\">Krzysztof Krawczyk &#8211; Bo jestes ty [Official Music Video]<\/h2>\n\n\n\n<p>16M views&nbsp;\u00b7&nbsp;12 years ago<\/p>\n\n\n\n<h2 class=\"wp-block-heading\" id=\"krzysztof-krawczyk\">Krzysztof Krawczyk<\/h2>\n\n\n\n<p>SUBSCRIBED 60.2K subscribers<\/p>\n\n\n\n<p><a href=\"https:\/\/m.youtube.com\/channel\/UCuM0LIdP7-Zx0icGAtE1mUQ\">https:\/\/m.youtube.com\/channel\/UCuM0LIdP7-Zx0icGAtE1mUQ<\/a><\/p>\n\n\n\n<p>Na zewn\u0105trz mg\u0142a, tylko zi\u0105b i deszcz<br>A dla mnie \u015bwiat w ciep\u0142ym \u015bwietle \u015bwiec<br>Powietrze ma elektryczny smak<br>Chcia\u0142bym tak trwa\u0107 nawet tysi\u0105c lat<\/p>\n\n\n\n<p>Bo jeste\u015b Ty<br>Zn\u00f3w przy mnie budzisz si\u0119<br>Bo jeste\u015b Ty<br>I wci\u0105\u017c czuj\u0119, \u017ce&#8230;<br>Bo jeste\u015b Ty<br>C\u00f3\u017c wi\u0119cej m\u00f3g\u0142bym chcie\u0107?<br>Bo jeste\u015b tu<br>I prosz\u0119 zosta\u0144 ju\u017c<\/p>\n\n\n\n<p>Ja chcia\u0142bym tak zawsze biec pod wiatr<br>Nie liczy\u0107 dni, ci\u0105gle zmienia\u0107 twarz<br>Sprawi\u0107 by czas wci\u0105\u017c omija\u0142 mnie<br>Wszystko to ju\u017c dzi\u015b nie liczy si\u0119<\/p>\n\n\n\n<p>Bo jeste\u015b Ty<br>Zaczynasz ze mn\u0105 dzie\u0144<br>Bo jeste\u015b wci\u0105\u017c<br>Gdy zaczyna si\u0119 noc<br>Ju\u017c wszystko mam<br>C\u00f3\u017c wi\u0119cej m\u00f3g\u0142bym chcie\u0107?<br>Bo jeste\u015b tu<br>I zawsze tu b\u0105d\u017a<\/p>\n\n\n\n<p>Bo jeste\u015b Ty<br>Zn\u00f3w przy mnie budzisz si\u0119<br>Bo jeste\u015b Ty<br>I wci\u0105\u017c czuj\u0119, \u017ce&#8230;<br>Bo jeste\u015b Ty<br>C\u00f3\u017c wi\u0119cej m\u00f3g\u0142bym chcie\u0107?<br>Bo jeste\u015b tu<br>I prosz\u0119 zosta\u0144 ju\u017c<\/p>\n\n\n\n<p>Bo jeste\u015b Ty&#8230;<\/p>\n\n\n\n<figure class=\"wp-block-table\"><table><tbody><tr><th>Autor tekstu:<\/th><td>Danuta Jurewicz-Myszor, Przemys\u0142aw Myszor<\/td><\/tr><tr><th>Kompozytor:<\/th><td>Andrzej Smolik, Przemys\u0142aw Myszor<\/td><\/tr><\/tbody><\/table><\/figure>\n\n\n\n<p><a href=\"https:\/\/www.tekstowo.pl\/piosenka,krzysztof_krawczyk,bo_jestes_ty.html\">https:\/\/www.tekstowo.pl\/piosenka,krzysztof_krawczyk,bo_jestes_ty.html<\/a><\/p>\n\n\n\n<hr class=\"wp-block-separator\"\/>\n\n\n\n<h4 class=\"wp-block-heading\">0-zz.com\/0 &#8211; 0-zz.com\/z :<\/h4>\n\n\n\n<p><small><strong><a href=\"http:\/\/0-zz.com\/0\">1\ufe0f\u20e31\ufe0f\u20e3-0<\/a> |<a href=\"http:\/\/0-zz.com\/1\">1\ufe0f\u20e32\ufe0f\u20e3-1<\/a> |<a href=\"http:\/\/0-zz.com\/2\">1\ufe0f\u20e33\ufe0f\u20e3-2<\/a> |<a href=\"http:\/\/0-zz.com\/3\">1\ufe0f\u20e34\ufe0f\u20e3-3<\/a> |<a href=\"http:\/\/0-zz.com\/4\">1\ufe0f\u20e35\ufe0f\u20e3-4<\/a> |<a href=\"http:\/\/0-zz.com\/5\">1\ufe0f\u20e36\ufe0f\u20e3-5<\/a> <\/strong><\/small><br><small> <strong><a href=\"http:\/\/0-zz.com\/6\">2\ufe0f\u20e31\ufe0f\u20e3-6<\/a> |<a href=\"http:\/\/0-zz.com\/7\">2\ufe0f\u20e32\ufe0f\u20e3-7<\/a> |<a href=\"http:\/\/0-zz.com\/8\">2\ufe0f\u20e33\ufe0f\u20e3-8<\/a> |<a href=\"http:\/\/0-zz.com\/9\">2\ufe0f\u20e34\ufe0f\u20e3-9<\/a> |<a href=\"http:\/\/0-zz.com\/a\">2\ufe0f\u20e35\ufe0f\u20e3-A<\/a> |<a href=\"http:\/\/0-zz.com\/b\">2\ufe0f\u20e36\ufe0f\u20e3-B<\/a><\/strong><\/small><br><small> <strong><a href=\"http:\/\/0-zz.com\/c\">3\ufe0f\u20e31\ufe0f\u20e3-C<\/a> |<a href=\"http:\/\/0-zz.com\/d\">3\ufe0f\u20e32\ufe0f\u20e3-D<\/a> |<a href=\"http:\/\/0-zz.com\/e\">3\ufe0f\u20e33\ufe0f\u20e3-E<\/a> |<a href=\"http:\/\/0-zz.com\/f\">3\ufe0f\u20e34\ufe0f\u20e3-F<\/a> |<a href=\"http:\/\/0-zz.com\/g\">3\ufe0f\u20e35\ufe0f\u20e3-G<\/a> |<a href=\"http:\/\/0-zz.com\/h\">3\ufe0f\u20e36\ufe0f\u20e3-H<\/a><\/strong><\/small><br><small> <strong><a href=\"http:\/\/0-zz.com\/i\">4\ufe0f\u20e31\ufe0f\u20e3-I<\/a> |<a href=\"http:\/\/0-zz.com\/j\">4\ufe0f\u20e32\ufe0f\u20e3-J<\/a> |<a href=\"http:\/\/0-zz.com\/k\">4\ufe0f\u20e33\ufe0f\u20e3-K<\/a> |<a href=\"http:\/\/0-zz.com\/l\">4\ufe0f\u20e34\ufe0f\u20e3-L<\/a> |<a href=\"http:\/\/0-zz.com\/m\">4\ufe0f\u20e35\ufe0f\u20e3-M<\/a> |<a href=\"http:\/\/0-zz.com\/n\">4\ufe0f\u20e36\ufe0f\u20e3-N<\/a><\/strong><\/small><br><small> <strong><a href=\"http:\/\/0-zz.com\/o\">5\ufe0f\u20e31\ufe0f\u20e3-O<\/a> |<a href=\"http:\/\/0-zz.com\/p\">5\ufe0f\u20e32\ufe0f\u20e3-P<\/a> |<a href=\"http:\/\/0-zz.com\/q\">5\ufe0f\u20e33\ufe0f\u20e3-Q<\/a> |<a href=\"http:\/\/0-zz.com\/r\">5\ufe0f\u20e34\ufe0f\u20e3-R<\/a> |<a href=\"http:\/\/0-zz.com\/s\">5\ufe0f\u20e35\ufe0f\u20e3-S<\/a> |<a href=\"http:\/\/0-zz.com\/t\">5\ufe0f\u20e36\ufe0f\u20e3-T<\/a><\/strong><\/small><br><small> <strong><a href=\"http:\/\/0-zz.com\/u\">6\ufe0f\u20e31\ufe0f\u20e3-U<\/a> |<a href=\"http:\/\/0-zz.com\/v\">6\ufe0f\u20e32\ufe0f\u20e3-V<\/a> |<a href=\"http:\/\/0-zz.com\/w\">6\ufe0f\u20e33\ufe0f\u20e3-W<\/a> |<a href=\"http:\/\/0-zz.com\/x\">6\ufe0f\u20e34\ufe0f\u20e3-X<\/a> |<a href=\"http:\/\/0-zz.com\/y\">6\ufe0f\u20e35\ufe0f\u20e3-Y<\/a> |<a href=\"http:\/\/0-zz.com\/z\">6\ufe0f\u20e36\ufe0f\u20e3-Z<\/a><\/strong><\/small><\/p>\n\n\n\n<p>Roll 2 dice ?? 1\ufe0f\u20e32\ufe0f\u20e33\ufe0f\u20e34\ufe0f\u20e35\ufe0f\u20e36\ufe0f\u20e3<\/p>\n\n\n\n<p><a href=\"https:\/\/www.random.org\/dice\/\">https:\/\/www.random.org\/dice\/<\/a><\/p>\n\n\n\n<p><a href=\"https:\/\/www.google.com\/search?q=dice+roller\">https:\/\/www.google.com\/search?q=dice+roller<\/a><\/p>\n\n\n\n<hr class=\"wp-block-separator\"\/>\n\n\n\n<p><a href=\"https:\/\/12r.pl\/ea\/\">12r.pl\/ea<\/a>&nbsp;-&gt;&nbsp;<a href=\"https:\/\/12r.uk\/ea\/\">12r.uk\/ea<\/a>&nbsp;-&gt;&nbsp;<a href=\"https:\/\/7hi7.com\/ea\/\">7hi7.com\/ea<\/a><\/p>\n\n\n\n<p>Wikipedia.org &#8211; Play game &#8211; portals, categories, states, cities, capital cities<\/p>\n","protected":false},"excerpt":{"rendered":"<p>m &#8211; 01\/m &#8211; 01M Krzysztof Krawczyk &#8211; Bo jestes ty [Official Music Video] 16M views&nbsp;\u00b7&nbsp;12 years ago Krzysztof Krawczyk SUBSCRIBED 60.2K subscribers https:\/\/m.youtube.com\/channel\/UCuM0LIdP7-Zx0icGAtE1mUQ Na zewn\u0105trz mg\u0142a, tylko zi\u0105b i deszczA dla mnie \u015bwiat w ciep\u0142ym \u015bwietle \u015bwiecPowietrze ma elektryczny smakChcia\u0142bym tak trwa\u0107 nawet tysi\u0105c lat Bo jeste\u015b TyZn\u00f3w przy mnie budzisz si\u0119Bo jeste\u015b TyI [&hellip;]<\/p>\n","protected":false},"author":1,"featured_media":0,"parent":0,"menu_order":0,"comment_status":"closed","ping_status":"closed","template":"","meta":{"footnotes":""},"class_list":["post-68","page","type-page","status-publish","hentry"],"_links":{"self":[{"href":"https:\/\/0-zz.com\/01\/wp-json\/wp\/v2\/pages\/68","targetHints":{"allow":["GET"]}}],"collection":[{"href":"https:\/\/0-zz.com\/01\/wp-json\/wp\/v2\/pages"}],"about":[{"href":"https:\/\/0-zz.com\/01\/wp-json\/wp\/v2\/types\/page"}],"author":[{"embeddable":true,"href":"https:\/\/0-zz.com\/01\/wp-json\/wp\/v2\/users\/1"}],"replies":[{"embeddable":true,"href":"https:\/\/0-zz.com\/01\/wp-json\/wp\/v2\/comments?post=68"}],"version-history":[{"count":4,"href":"https:\/\/0-zz.com\/01\/wp-json\/wp\/v2\/pages\/68\/revisions"}],"predecessor-version":[{"id":213,"href":"https:\/\/0-zz.com\/01\/wp-json\/wp\/v2\/pages\/68\/revisions\/213"}],"wp:attachment":[{"href":"https:\/\/0-zz.com\/01\/wp-json\/wp\/v2\/media?parent=68"}],"curies":[{"name":"wp","href":"https:\/\/api.w.org\/{rel}","templated":true}]}}