{"id":66,"date":"2022-02-20T23:26:53","date_gmt":"2022-02-20T09:26:53","guid":{"rendered":"https:\/\/0-zz.com\/01\/?page_id=66"},"modified":"2022-04-29T04:27:24","modified_gmt":"2022-04-28T14:27:24","slug":"l","status":"publish","type":"page","link":"https:\/\/0-zz.com\/01\/l\/","title":{"rendered":"L"},"content":{"rendered":"\n<h2 class=\"wp-block-heading\" id=\"l-01-l-01l\">l &#8211; 01\/l &#8211; 01L<\/h2>\n\n\n\n<figure class=\"wp-block-embed is-type-video is-provider-youtube wp-block-embed-youtube wp-embed-aspect-16-9 wp-has-aspect-ratio\"><div class=\"wp-block-embed__wrapper\">\n<iframe loading=\"lazy\" title=\"Rafal Brzozowski - Tak Blisko\" width=\"580\" height=\"326\" src=\"https:\/\/www.youtube.com\/embed\/fl_swnrhmRY?feature=oembed\" frameborder=\"0\" allow=\"accelerometer; autoplay; clipboard-write; encrypted-media; gyroscope; picture-in-picture; web-share\" referrerpolicy=\"strict-origin-when-cross-origin\" allowfullscreen><\/iframe>\n<\/div><\/figure>\n\n\n\n<h2 class=\"wp-block-heading\" id=\"rafal-brzozowski-tak-blisko\">Rafal Brzozowski &#8211; Tak Blisko<\/h2>\n\n\n\n<p>22M views&nbsp;\u00b7&nbsp;9 years ago<\/p>\n\n\n\n<p>Nie widzisz mnie czy mo\u017ce co\u015b ukry\u0107 chcesz?<br>Odwracasz si\u0119 gdy pytam czy jest Ci \u017ale<\/p>\n\n\n\n<p>Kiedy b\u0119dziesz ju\u017c gotowa \u2013 daj mi zna\u0107<br>Wiesz, \u017ce mog\u0119 czeka\u0107 \u2013 dam Ci jeszcze czas<br>Razem by\u0107 \u2013 znaczenie cz\u0119sto inne ma<br>Chocia\u017c o tym wiem, to widz\u0119 jednak nas!<br>Bo nigdy&#8230;<\/p>\n\n\n\n<p>Tak blisko, tak blisko jak ja<br>Nie by\u0142 Ciebie nikt tak blisko<br>I nie podda\u0142 Twoim zmys\u0142om<br>Jak ja<br>(x2)<br>Zagubi\u0107 si\u0119 to ludzka rzecz, nie ma s\u0142\u00f3w<br>Nie\u0142atwo te\u017c odczyta\u0107 sens, cudzych sn\u00f3w<\/p>\n\n\n\n<p>Hoooo&#8230;<\/p>\n\n\n\n<p>Kiedy b\u0119dziesz ju\u017c gotowa \u2013 daj mi zna\u0107<br>Wiesz, \u017ce mog\u0119 czeka\u0107 \u2013 dam Ci jeszcze czas<br>Razem by\u0107 \u2013 znaczenie cz\u0119sto inne ma<br>Chocia\u017c o tym wiem, to widz\u0119 jednak nas!<br>Bo nigdy&#8230;<\/p>\n\n\n\n<p>Tak blisko, tak blisko jak ja<br>Nie by\u0142 Ciebie nikt tak blisko<br>I nie podda\u0142 Twoim zmys\u0142om<br>Jak ja<br>(x2)<\/p>\n\n\n\n<figure class=\"wp-block-table\"><table><tbody><tr><th>Autor tekstu:<\/th><td>Marek Ko\u015bcikiewicz<\/td><\/tr><tr><th>Kompozytor:<\/th><td>Rafa\u0142 Smole\u0144<\/td><\/tr><\/tbody><\/table><\/figure>\n\n\n\n<p><a href=\"https:\/\/www.tekstowo.pl\/piosenka,rafal_brzozowski,tak_blisko.html\">https:\/\/www.tekstowo.pl\/piosenka,rafal_brzozowski,tak_blisko.html<\/a><\/p>\n\n\n\n<figure class=\"wp-block-embed is-type-video is-provider-youtube wp-block-embed-youtube wp-embed-aspect-16-9 wp-has-aspect-ratio\"><div class=\"wp-block-embed__wrapper\">\n<iframe loading=\"lazy\" title=\"Rafal Brzozowski - Magiczne Slowa\" width=\"580\" height=\"326\" src=\"https:\/\/www.youtube.com\/embed\/NZfd9faqDjg?feature=oembed\" frameborder=\"0\" allow=\"accelerometer; autoplay; clipboard-write; encrypted-media; gyroscope; picture-in-picture; web-share\" referrerpolicy=\"strict-origin-when-cross-origin\" allowfullscreen><\/iframe>\n<\/div><\/figure>\n\n\n\n<h2 class=\"wp-block-heading\" id=\"rafal-brzozowski-magiczne-slowa\">Rafal Brzozowski &#8211; Magiczne Slowa<\/h2>\n\n\n\n<p>8.3M views&nbsp;\u00b7&nbsp;7 years ago<\/p>\n\n\n\n<h2 class=\"wp-block-heading\" id=\"rafalbrzozowskivevo\">RafalBrzozowskiVEVO<\/h2>\n\n\n\n<p>SUBSCRIBED 66K subscribers<\/p>\n\n\n\n<p><a href=\"https:\/\/m.youtube.com\/channel\/UCVpyoFQHyhSXaezJlj7d4AA\">https:\/\/m.youtube.com\/channel\/UCVpyoFQHyhSXaezJlj7d4AA<\/a><\/p>\n\n\n\n<p>Tylko Tobie, chc\u0119 powiedzie\u0107 to<br>To co czuj\u0119, dzi\u015b, kiedy przychodzi noc<br>Tylko Tobie, tylko Tobie dam<br>Bia\u0142\u0105 r\u00f3\u017c\u0119, i wszystko to co mam<\/p>\n\n\n\n<p>Ooo wszystko to co mam<br>Tylko Tobie dam wszystko to co mam<br>Ooo wszystko to co mam<\/p>\n\n\n\n<p>Tylko Ciebie, mog\u0119 kocha\u0107 tak<br>Tak do ko\u0144ca, jak kocha si\u0119 tylko raz<br>Tylko Tobie, tylko Tobie dam<br>Skrzyd\u0142a wiatru, i wszystko to co mam<\/p>\n\n\n\n<p>Ooo wszystko to co mam<br>Tylko Tobie dam wszystko to co mam<br>Ooo wszystko to co mam<br>Tylko Tobie dam wszystko to co mam<\/p>\n\n\n\n<p>Magiczne s\u0142owa s\u0105<br>W\u0142a\u015bnie po to by uciec st\u0105d<br>Gdzie\u015b jak najdalej st\u0105d<br>Gdzie\u015b jak najdalej st\u0105d<br>Gdzie\u015b jak najdalej st\u0105d<br>Gdzie\u015b jak najdalej st\u0105d<br>Tylko tobie, tylko tobie dam<br>Bia\u0142\u0105 r\u00f3\u017c\u0119, i wszystko to co mam<\/p>\n\n\n\n<p>Ooo wszystko to co mam<br>Tylko tobie dam wszystko to co mam<\/p>\n\n\n\n<figure class=\"wp-block-table\"><table><tbody><tr><th>Autor tekstu:<\/th><td>Jerzy Dura\u0142<\/td><\/tr><tr><th>Kompozytor:<\/th><td>Jerzy Dura\u0142<\/td><\/tr><\/tbody><\/table><\/figure>\n\n\n\n<p><a href=\"https:\/\/www.tekstowo.pl\/piosenka,rafal_brzozowski,magiczne_slowa.html\">https:\/\/www.tekstowo.pl\/piosenka,rafal_brzozowski,magiczne_slowa.html<\/a><\/p>\n\n\n\n<hr class=\"wp-block-separator\"\/>\n\n\n\n<h4 class=\"wp-block-heading\">0-zz.com\/0 &#8211; 0-zz.com\/z :<\/h4>\n\n\n\n<p><small><strong><a href=\"http:\/\/0-zz.com\/0\">1\ufe0f\u20e31\ufe0f\u20e3-0<\/a> |<a href=\"http:\/\/0-zz.com\/1\">1\ufe0f\u20e32\ufe0f\u20e3-1<\/a> |<a href=\"http:\/\/0-zz.com\/2\">1\ufe0f\u20e33\ufe0f\u20e3-2<\/a> |<a href=\"http:\/\/0-zz.com\/3\">1\ufe0f\u20e34\ufe0f\u20e3-3<\/a> |<a href=\"http:\/\/0-zz.com\/4\">1\ufe0f\u20e35\ufe0f\u20e3-4<\/a> |<a href=\"http:\/\/0-zz.com\/5\">1\ufe0f\u20e36\ufe0f\u20e3-5<\/a> <\/strong><\/small><br><small> <strong><a href=\"http:\/\/0-zz.com\/6\">2\ufe0f\u20e31\ufe0f\u20e3-6<\/a> |<a href=\"http:\/\/0-zz.com\/7\">2\ufe0f\u20e32\ufe0f\u20e3-7<\/a> |<a href=\"http:\/\/0-zz.com\/8\">2\ufe0f\u20e33\ufe0f\u20e3-8<\/a> |<a href=\"http:\/\/0-zz.com\/9\">2\ufe0f\u20e34\ufe0f\u20e3-9<\/a> |<a href=\"http:\/\/0-zz.com\/a\">2\ufe0f\u20e35\ufe0f\u20e3-A<\/a> |<a href=\"http:\/\/0-zz.com\/b\">2\ufe0f\u20e36\ufe0f\u20e3-B<\/a><\/strong><\/small><br><small> <strong><a href=\"http:\/\/0-zz.com\/c\">3\ufe0f\u20e31\ufe0f\u20e3-C<\/a> |<a href=\"http:\/\/0-zz.com\/d\">3\ufe0f\u20e32\ufe0f\u20e3-D<\/a> |<a href=\"http:\/\/0-zz.com\/e\">3\ufe0f\u20e33\ufe0f\u20e3-E<\/a> |<a href=\"http:\/\/0-zz.com\/f\">3\ufe0f\u20e34\ufe0f\u20e3-F<\/a> |<a href=\"http:\/\/0-zz.com\/g\">3\ufe0f\u20e35\ufe0f\u20e3-G<\/a> |<a href=\"http:\/\/0-zz.com\/h\">3\ufe0f\u20e36\ufe0f\u20e3-H<\/a><\/strong><\/small><br><small> <strong><a href=\"http:\/\/0-zz.com\/i\">4\ufe0f\u20e31\ufe0f\u20e3-I<\/a> |<a href=\"http:\/\/0-zz.com\/j\">4\ufe0f\u20e32\ufe0f\u20e3-J<\/a> |<a href=\"http:\/\/0-zz.com\/k\">4\ufe0f\u20e33\ufe0f\u20e3-K<\/a> |<a href=\"http:\/\/0-zz.com\/l\">4\ufe0f\u20e34\ufe0f\u20e3-L<\/a> |<a href=\"http:\/\/0-zz.com\/m\">4\ufe0f\u20e35\ufe0f\u20e3-M<\/a> |<a href=\"http:\/\/0-zz.com\/n\">4\ufe0f\u20e36\ufe0f\u20e3-N<\/a><\/strong><\/small><br><small> <strong><a href=\"http:\/\/0-zz.com\/o\">5\ufe0f\u20e31\ufe0f\u20e3-O<\/a> |<a href=\"http:\/\/0-zz.com\/p\">5\ufe0f\u20e32\ufe0f\u20e3-P<\/a> |<a href=\"http:\/\/0-zz.com\/q\">5\ufe0f\u20e33\ufe0f\u20e3-Q<\/a> |<a href=\"http:\/\/0-zz.com\/r\">5\ufe0f\u20e34\ufe0f\u20e3-R<\/a> |<a href=\"http:\/\/0-zz.com\/s\">5\ufe0f\u20e35\ufe0f\u20e3-S<\/a> |<a href=\"http:\/\/0-zz.com\/t\">5\ufe0f\u20e36\ufe0f\u20e3-T<\/a><\/strong><\/small><br><small> <strong><a href=\"http:\/\/0-zz.com\/u\">6\ufe0f\u20e31\ufe0f\u20e3-U<\/a> |<a href=\"http:\/\/0-zz.com\/v\">6\ufe0f\u20e32\ufe0f\u20e3-V<\/a> |<a href=\"http:\/\/0-zz.com\/w\">6\ufe0f\u20e33\ufe0f\u20e3-W<\/a> |<a href=\"http:\/\/0-zz.com\/x\">6\ufe0f\u20e34\ufe0f\u20e3-X<\/a> |<a href=\"http:\/\/0-zz.com\/y\">6\ufe0f\u20e35\ufe0f\u20e3-Y<\/a> |<a href=\"http:\/\/0-zz.com\/z\">6\ufe0f\u20e36\ufe0f\u20e3-Z<\/a><\/strong><\/small><\/p>\n\n\n\n<p>Roll 2 dice ?? 1\ufe0f\u20e32\ufe0f\u20e33\ufe0f\u20e34\ufe0f\u20e35\ufe0f\u20e36\ufe0f\u20e3<\/p>\n\n\n\n<p><a href=\"https:\/\/www.random.org\/dice\/\">https:\/\/www.random.org\/dice\/<\/a><\/p>\n\n\n\n<p><a href=\"https:\/\/www.google.com\/search?q=dice+roller\">https:\/\/www.google.com\/search?q=dice+roller<\/a><\/p>\n\n\n\n<hr class=\"wp-block-separator\"\/>\n\n\n\n<p><a href=\"https:\/\/12r.pl\/ea\/\">12r.pl\/ea<\/a>&nbsp;-&gt;&nbsp;<a href=\"https:\/\/12r.uk\/ea\/\">12r.uk\/ea<\/a>&nbsp;-&gt;&nbsp;<a href=\"https:\/\/7hi7.com\/ea\/\">7hi7.com\/ea<\/a><\/p>\n\n\n\n<p>Wikipedia.org &#8211; Play game &#8211; portals, categories, states, cities, capital cities<\/p>\n","protected":false},"excerpt":{"rendered":"<p>l &#8211; 01\/l &#8211; 01L Rafal Brzozowski &#8211; Tak Blisko 22M views&nbsp;\u00b7&nbsp;9 years ago Nie widzisz mnie czy mo\u017ce co\u015b ukry\u0107 chcesz?Odwracasz si\u0119 gdy pytam czy jest Ci \u017ale Kiedy b\u0119dziesz ju\u017c gotowa \u2013 daj mi zna\u0107Wiesz, \u017ce mog\u0119 czeka\u0107 \u2013 dam Ci jeszcze czasRazem by\u0107 \u2013 znaczenie cz\u0119sto inne maChocia\u017c o tym wiem, to [&hellip;]<\/p>\n","protected":false},"author":1,"featured_media":0,"parent":0,"menu_order":0,"comment_status":"closed","ping_status":"closed","template":"","meta":{"footnotes":""},"class_list":["post-66","page","type-page","status-publish","hentry"],"_links":{"self":[{"href":"https:\/\/0-zz.com\/01\/wp-json\/wp\/v2\/pages\/66","targetHints":{"allow":["GET"]}}],"collection":[{"href":"https:\/\/0-zz.com\/01\/wp-json\/wp\/v2\/pages"}],"about":[{"href":"https:\/\/0-zz.com\/01\/wp-json\/wp\/v2\/types\/page"}],"author":[{"embeddable":true,"href":"https:\/\/0-zz.com\/01\/wp-json\/wp\/v2\/users\/1"}],"replies":[{"embeddable":true,"href":"https:\/\/0-zz.com\/01\/wp-json\/wp\/v2\/comments?post=66"}],"version-history":[{"count":6,"href":"https:\/\/0-zz.com\/01\/wp-json\/wp\/v2\/pages\/66\/revisions"}],"predecessor-version":[{"id":212,"href":"https:\/\/0-zz.com\/01\/wp-json\/wp\/v2\/pages\/66\/revisions\/212"}],"wp:attachment":[{"href":"https:\/\/0-zz.com\/01\/wp-json\/wp\/v2\/media?parent=66"}],"curies":[{"name":"wp","href":"https:\/\/api.w.org\/{rel}","templated":true}]}}