{"id":58,"date":"2022-02-20T23:24:55","date_gmt":"2022-02-20T09:24:55","guid":{"rendered":"https:\/\/0-zz.com\/01\/?page_id=58"},"modified":"2022-04-29T04:22:52","modified_gmt":"2022-04-28T14:22:52","slug":"h","status":"publish","type":"page","link":"https:\/\/0-zz.com\/01\/h\/","title":{"rendered":"H"},"content":{"rendered":"\n<h2 class=\"wp-block-heading\" id=\"h-01-h-01h\">h &#8211; 01\/h &#8211; 01H<\/h2>\n\n\n\n<figure class=\"wp-block-embed is-type-video is-provider-youtube wp-block-embed-youtube wp-embed-aspect-16-9 wp-has-aspect-ratio\"><div class=\"wp-block-embed__wrapper\">\n<iframe loading=\"lazy\" title=\"Micha\u0142 Szczygie\u0142 - Spontan (Official Lyric Video)\" width=\"580\" height=\"326\" src=\"https:\/\/www.youtube.com\/embed\/3jXyvJ5zYmI?feature=oembed\" frameborder=\"0\" allow=\"accelerometer; autoplay; clipboard-write; encrypted-media; gyroscope; picture-in-picture; web-share\" referrerpolicy=\"strict-origin-when-cross-origin\" allowfullscreen><\/iframe>\n<\/div><\/figure>\n\n\n\n<h2 class=\"wp-block-heading\" id=\"michal-szczygiel-spontan-official-lyric-video\">Micha\u0142 Szczygie\u0142 &#8211; Spontan (Official Lyric Video)<\/h2>\n\n\n\n<p>20M views&nbsp;\u00b7&nbsp;1 year ago<\/p>\n\n\n\n<h2 class=\"wp-block-heading\" id=\"michal-szczygiel\">Micha\u0142 Szczygie\u0142<\/h2>\n\n\n\n<p>SUBSCRIBED 122K subscribers<\/p>\n\n\n\n<p><a href=\"https:\/\/m.youtube.com\/channel\/UCer6Pu_wX3DCnSeZAd50eiA\">https:\/\/m.youtube.com\/channel\/UCer6Pu_wX3DCnSeZAd50eiA<\/a><\/p>\n\n\n\n<p>Chce wyjecha\u0107 st\u0105d<br>By od\u015bwie\u017cy\u0107 pami\u0119\u0107<br>I wyostrzy\u0107 wzrok<br>Widzie\u0107 tylko mnie<br>I mnie<br>Nie mniej&#8230;<\/p>\n\n\n\n<p>Zapada zmrok<br>Wo\u0142a mnie to gdzie\u015b<br>Tam gdzie nie znane mi jest<\/p>\n\n\n\n<p>Gdy noc\u0105 uciekam do gwiazd<br>Podobno znikam z radar\u00f3w i map<\/p>\n\n\n\n<p>Trzymam si\u0119 zasad lecz<br>Mam swoje zdanie (Ej!)<br>A planu brak<br>Zabra\u0142 mnie<br>W tyle miejsc<\/p>\n\n\n\n<p>Trzymam na dystans strach<br>Potem czekam na wiatr<br>By pozwoli\u0107 si\u0119 nie\u015b\u0107<br>Lubi\u0119 spontan<br>A par\u0119 ma wad<br>Lubi\u0119 spontan i tak!<br>Trzymam na dystans strach<br>Potem czekam na wiatr<br>By pozwoli\u0107 si\u0119 nie\u015b\u0107<br>Lubi\u0119 spontan<br>A par\u0119 ma wad<br>Lubi\u0119 spontan<\/p>\n\n\n\n<p>Kolekcjoner chwil niezaplanowanych<br>Zanim przyjdzie \u015bwit<br>Stopi w drinkach l\u00f3d<br>I zgasi nas<br>To miasto jest<br>Jak niepewny grunt&#8230;<br>Na kt\u00f3rym przysz\u0142o mi sta\u0107<\/p>\n\n\n\n<p>Gdy noc\u0105 uciekam do gwiazd<br>Pilnuje my\u015bli by wr\u00f3ci\u0107 na czas<\/p>\n\n\n\n<p>Trzymam si\u0119 zasad lecz<br>Mam swoje zdanie (Ej!)<br>A planu brak<br>Zabra\u0142 mnie<br>W tyle miejsc<\/p>\n\n\n\n<p>Trzymam na dystans strach<br>Potem czekam na wiatr<br>By pozwoli\u0107 si\u0119 nie\u015b\u0107<br>Lubi\u0119 spontan<br>A par\u0119 ma wad<br>Lubi\u0119 spontan i tak!<br>Trzymam na dystans strach<br>Potem czekam na wiatr<br>By pozwoli\u0107 si\u0119 nie\u015b\u0107<br>Lubi\u0119 spontan<br>A par\u0119 ma wad<br>Lubi\u0119 spontan<\/p>\n\n\n\n<p>Tworz\u0119 swoj\u0105 gr\u0119,<br>W kt\u00f3rej mog\u0119 robi\u0107<br>To co chce<br>Bior\u0119 wdech<br>I wybieram to co dobre<br>Dlatego tworz\u0119 swoj\u0105 gr\u0119<br>W kt\u00f3rej mog\u0119 robi\u0107 to co chce<br>Bior\u0119 wdech&#8230;<br>I za sob\u0105 p\u00f3jd\u0119 w ogie\u0144<\/p>\n\n\n\n<p>Trzymam na dystans strach<br>Potem czekam na wiatr<br>By pozwoli\u0107 si\u0119 nie\u015b\u0107<br>Lubi\u0119 spontan<br>A par\u0119 ma wad<br>Lubi\u0119 spontan i tak!<br>Trzymam na dystans strach<br>Potem czekam na wiatr<br>By pozwoli\u0107 si\u0119 nie\u015b\u0107<br>Lubi\u0119 spontan<br>A par\u0119 ma wad<br>Lubi\u0119 spontan<\/p>\n\n\n\n<p>Lubi\u0119 spontan<br>A par\u0119 ma wad<br>Lubi\u0119 spontan<\/p>\n\n\n\n<figure class=\"wp-block-table\"><table><tbody><tr><th>Autor tekstu:<\/th><td>Arkadiusz Sitarz, Micha\u0142 Szczygie\u0142<\/td><\/tr><tr><th>Kompozytor:<\/th><td>Dominic Buczkowski-Wojtaszek, Patryk Kum\u00f3r, Micha\u0142 Szczygie\u0142<\/td><\/tr><\/tbody><\/table><\/figure>\n\n\n\n<p><a href=\"https:\/\/www.tekstowo.pl\/piosenka,michal_szczygiel,spontan.html\">https:\/\/www.tekstowo.pl\/piosenka,michal_szczygiel,spontan.html<\/a><\/p>\n\n\n\n<hr class=\"wp-block-separator\"\/>\n\n\n\n<h4 class=\"wp-block-heading\">0-zz.com\/0 &#8211; 0-zz.com\/z :<\/h4>\n\n\n\n<p><small><strong><a href=\"http:\/\/0-zz.com\/0\">1\ufe0f\u20e31\ufe0f\u20e3-0<\/a> |<a href=\"http:\/\/0-zz.com\/1\">1\ufe0f\u20e32\ufe0f\u20e3-1<\/a> |<a href=\"http:\/\/0-zz.com\/2\">1\ufe0f\u20e33\ufe0f\u20e3-2<\/a> |<a href=\"http:\/\/0-zz.com\/3\">1\ufe0f\u20e34\ufe0f\u20e3-3<\/a> |<a href=\"http:\/\/0-zz.com\/4\">1\ufe0f\u20e35\ufe0f\u20e3-4<\/a> |<a href=\"http:\/\/0-zz.com\/5\">1\ufe0f\u20e36\ufe0f\u20e3-5<\/a> <\/strong><\/small><br><small> <strong><a href=\"http:\/\/0-zz.com\/6\">2\ufe0f\u20e31\ufe0f\u20e3-6<\/a> |<a href=\"http:\/\/0-zz.com\/7\">2\ufe0f\u20e32\ufe0f\u20e3-7<\/a> |<a href=\"http:\/\/0-zz.com\/8\">2\ufe0f\u20e33\ufe0f\u20e3-8<\/a> |<a href=\"http:\/\/0-zz.com\/9\">2\ufe0f\u20e34\ufe0f\u20e3-9<\/a> |<a href=\"http:\/\/0-zz.com\/a\">2\ufe0f\u20e35\ufe0f\u20e3-A<\/a> |<a href=\"http:\/\/0-zz.com\/b\">2\ufe0f\u20e36\ufe0f\u20e3-B<\/a><\/strong><\/small><br><small> <strong><a href=\"http:\/\/0-zz.com\/c\">3\ufe0f\u20e31\ufe0f\u20e3-C<\/a> |<a href=\"http:\/\/0-zz.com\/d\">3\ufe0f\u20e32\ufe0f\u20e3-D<\/a> |<a href=\"http:\/\/0-zz.com\/e\">3\ufe0f\u20e33\ufe0f\u20e3-E<\/a> |<a href=\"http:\/\/0-zz.com\/f\">3\ufe0f\u20e34\ufe0f\u20e3-F<\/a> |<a href=\"http:\/\/0-zz.com\/g\">3\ufe0f\u20e35\ufe0f\u20e3-G<\/a> |<a href=\"http:\/\/0-zz.com\/h\">3\ufe0f\u20e36\ufe0f\u20e3-H<\/a><\/strong><\/small><br><small> <strong><a href=\"http:\/\/0-zz.com\/i\">4\ufe0f\u20e31\ufe0f\u20e3-I<\/a> |<a href=\"http:\/\/0-zz.com\/j\">4\ufe0f\u20e32\ufe0f\u20e3-J<\/a> |<a href=\"http:\/\/0-zz.com\/k\">4\ufe0f\u20e33\ufe0f\u20e3-K<\/a> |<a href=\"http:\/\/0-zz.com\/l\">4\ufe0f\u20e34\ufe0f\u20e3-L<\/a> |<a href=\"http:\/\/0-zz.com\/m\">4\ufe0f\u20e35\ufe0f\u20e3-M<\/a> |<a href=\"http:\/\/0-zz.com\/n\">4\ufe0f\u20e36\ufe0f\u20e3-N<\/a><\/strong><\/small><br><small> <strong><a href=\"http:\/\/0-zz.com\/o\">5\ufe0f\u20e31\ufe0f\u20e3-O<\/a> |<a href=\"http:\/\/0-zz.com\/p\">5\ufe0f\u20e32\ufe0f\u20e3-P<\/a> |<a href=\"http:\/\/0-zz.com\/q\">5\ufe0f\u20e33\ufe0f\u20e3-Q<\/a> |<a href=\"http:\/\/0-zz.com\/r\">5\ufe0f\u20e34\ufe0f\u20e3-R<\/a> |<a href=\"http:\/\/0-zz.com\/s\">5\ufe0f\u20e35\ufe0f\u20e3-S<\/a> |<a href=\"http:\/\/0-zz.com\/t\">5\ufe0f\u20e36\ufe0f\u20e3-T<\/a><\/strong><\/small><br><small> <strong><a href=\"http:\/\/0-zz.com\/u\">6\ufe0f\u20e31\ufe0f\u20e3-U<\/a> |<a href=\"http:\/\/0-zz.com\/v\">6\ufe0f\u20e32\ufe0f\u20e3-V<\/a> |<a href=\"http:\/\/0-zz.com\/w\">6\ufe0f\u20e33\ufe0f\u20e3-W<\/a> |<a href=\"http:\/\/0-zz.com\/x\">6\ufe0f\u20e34\ufe0f\u20e3-X<\/a> |<a href=\"http:\/\/0-zz.com\/y\">6\ufe0f\u20e35\ufe0f\u20e3-Y<\/a> |<a href=\"http:\/\/0-zz.com\/z\">6\ufe0f\u20e36\ufe0f\u20e3-Z<\/a><\/strong><\/small><\/p>\n\n\n\n<p>Roll 2 dice ?? 1\ufe0f\u20e32\ufe0f\u20e33\ufe0f\u20e34\ufe0f\u20e35\ufe0f\u20e36\ufe0f\u20e3<\/p>\n\n\n\n<p><a href=\"https:\/\/www.random.org\/dice\/\">https:\/\/www.random.org\/dice\/<\/a><\/p>\n\n\n\n<p><a href=\"https:\/\/www.google.com\/search?q=dice+roller\">https:\/\/www.google.com\/search?q=dice+roller<\/a><\/p>\n\n\n\n<hr class=\"wp-block-separator\"\/>\n\n\n\n<p><a href=\"https:\/\/12r.pl\/ea\/\">12r.pl\/ea<\/a>&nbsp;-&gt;&nbsp;<a href=\"https:\/\/12r.uk\/ea\/\">12r.uk\/ea<\/a>&nbsp;-&gt;&nbsp;<a href=\"https:\/\/7hi7.com\/ea\/\">7hi7.com\/ea<\/a><\/p>\n\n\n\n<p>Wikipedia.org &#8211; Play game &#8211; portals, categories, states, cities, capital cities<\/p>\n","protected":false},"excerpt":{"rendered":"<p>h &#8211; 01\/h &#8211; 01H Micha\u0142 Szczygie\u0142 &#8211; Spontan (Official Lyric Video) 20M views&nbsp;\u00b7&nbsp;1 year ago Micha\u0142 Szczygie\u0142 SUBSCRIBED 122K subscribers https:\/\/m.youtube.com\/channel\/UCer6Pu_wX3DCnSeZAd50eiA Chce wyjecha\u0107 st\u0105dBy od\u015bwie\u017cy\u0107 pami\u0119\u0107I wyostrzy\u0107 wzrokWidzie\u0107 tylko mnieI mnieNie mniej&#8230; Zapada zmrokWo\u0142a mnie to gdzie\u015bTam gdzie nie znane mi jest Gdy noc\u0105 uciekam do gwiazdPodobno znikam z radar\u00f3w i map Trzymam si\u0119 [&hellip;]<\/p>\n","protected":false},"author":1,"featured_media":0,"parent":0,"menu_order":0,"comment_status":"closed","ping_status":"closed","template":"","meta":{"footnotes":""},"class_list":["post-58","page","type-page","status-publish","hentry"],"_links":{"self":[{"href":"https:\/\/0-zz.com\/01\/wp-json\/wp\/v2\/pages\/58","targetHints":{"allow":["GET"]}}],"collection":[{"href":"https:\/\/0-zz.com\/01\/wp-json\/wp\/v2\/pages"}],"about":[{"href":"https:\/\/0-zz.com\/01\/wp-json\/wp\/v2\/types\/page"}],"author":[{"embeddable":true,"href":"https:\/\/0-zz.com\/01\/wp-json\/wp\/v2\/users\/1"}],"replies":[{"embeddable":true,"href":"https:\/\/0-zz.com\/01\/wp-json\/wp\/v2\/comments?post=58"}],"version-history":[{"count":4,"href":"https:\/\/0-zz.com\/01\/wp-json\/wp\/v2\/pages\/58\/revisions"}],"predecessor-version":[{"id":207,"href":"https:\/\/0-zz.com\/01\/wp-json\/wp\/v2\/pages\/58\/revisions\/207"}],"wp:attachment":[{"href":"https:\/\/0-zz.com\/01\/wp-json\/wp\/v2\/media?parent=58"}],"curies":[{"name":"wp","href":"https:\/\/api.w.org\/{rel}","templated":true}]}}