{"id":56,"date":"2022-02-20T23:24:26","date_gmt":"2022-02-20T09:24:26","guid":{"rendered":"https:\/\/0-zz.com\/01\/?page_id=56"},"modified":"2022-04-29T04:21:49","modified_gmt":"2022-04-28T14:21:49","slug":"g","status":"publish","type":"page","link":"https:\/\/0-zz.com\/01\/g\/","title":{"rendered":"G"},"content":{"rendered":"\n<h2 class=\"wp-block-heading\" id=\"g-01-g-01g\">g &#8211; 01\/g &#8211; 01G<\/h2>\n\n\n\n<figure class=\"wp-block-embed is-type-video is-provider-youtube wp-block-embed-youtube wp-embed-aspect-4-3 wp-has-aspect-ratio\"><div class=\"wp-block-embed__wrapper\">\n<iframe loading=\"lazy\" title=\"\u2588\u25ac\u2588 \u2588 \u2580\u2588\u2580 Sylwia Grzeszczak &amp; Liber - Co z nami b\u0119dzie\" width=\"580\" height=\"435\" src=\"https:\/\/www.youtube.com\/embed\/fgpRTeKGl20?feature=oembed\" frameborder=\"0\" allow=\"accelerometer; autoplay; clipboard-write; encrypted-media; gyroscope; picture-in-picture; web-share\" referrerpolicy=\"strict-origin-when-cross-origin\" allowfullscreen><\/iframe>\n<\/div><\/figure>\n\n\n\n<h2 class=\"wp-block-heading\" id=\"sylwia-grzeszczak-liber-co-z-nami-bedzie\">Sylwia Grzeszczak &amp; Liber &#8211; Co z nami b\u0119dzie<\/h2>\n\n\n\n<p>20M views&nbsp;\u00b7&nbsp;13 years ago<\/p>\n\n\n\n<h2 class=\"wp-block-heading\" id=\"mymusic\">MyMusic<\/h2>\n\n\n\n<p>SUBSCRIBED 553K subscribers<\/p>\n\n\n\n<p><a href=\"https:\/\/m.youtube.com\/channel\/UCHeo8472OnB2poQyPvcBx9g\">https:\/\/m.youtube.com\/channel\/UCHeo8472OnB2poQyPvcBx9g<\/a><\/p>\n\n\n\n<p>SYLWIA: Kiedy znajdziemy si\u0119 na zakr\u0119cie,<br>co z nami b\u0119dzie?<br>\u015awiat rozp\u0119dzi si\u0119 niebezpiecznie,<br>co z nami b\u0119dzie?<br>nawet je\u015bli \u017cycie dawno zna odpowied\u017a,<br>mo\u017ce lepiej gdy nam teraz nic nie powie&#8230; x2<\/p>\n\n\n\n<p>SYLWIA:Nasz ka\u017cdy pe\u0142en przyg\u00f3d rok,<br>ka\u017cdy miesi\u0105c drogi nasz,<br>Ka\u017cdy nowy dzie\u0144 jak szansa i<br>ka\u017cda chwila trwogi nasz,<br>ka\u017cdy zach\u00f3d s\u0142o\u0144ca nasz,<br>ka\u017cdy podniesiony ton,<br>ka\u017cdy naprawiony b\u0142\u0105d,<br>i czy musimy straci\u0107 to?!<\/p>\n\n\n\n<p>SYLWIA: Kiedy znajdziemy si\u0119 na zakr\u0119cie,<br>co z nami b\u0119dzie?<br>\u015awiat rozp\u0119dzi si\u0119 niebezpiecznie,<br>co z nami b\u0119dzie?<br>nawet je\u015bli \u017cycie dawno zna odpowied\u017a,<br>mo\u017ce lepiej gdy nam teraz nic nie powie&#8230;<\/p>\n\n\n\n<p>LIBER: W \u017cywym ogniu, nie\u0142atwych pyta\u0144, topimy plany i sami nie wiemy,<br>Po co chcemy przeczyta\u0107 ca\u0142y scenariusz,<br>Szukamy b\u0142\u0119d\u00f3w, przewidujemy najgorsze,<br>\u017ce nie dojdziemy do happy endu,<br>A to dopiero pocz\u0105tek, tyle przed nami,<br>Po co si\u0119 pyta\u0107 na starcie,<br>Co b\u0119dzie z nami?<br>I nawet je\u015bli, to \u017cycie zna ju\u017c odpowied\u017a,<br>b\u0119dzie du\u017co ciekawiej,<br>Gdy teraz nic nam nie powie.<\/p>\n\n\n\n<p>SYLWIA: Tyle miejsc odkrytych gdzie, inni nie dotarli wci\u0105\u017c,<br>Tyle kr\u0119tych dr\u00f3g pod pr\u0105d i czy musimy straci\u0107 to?!<\/p>\n\n\n\n<p>SYLWIA: Kiedy znajdziemy si\u0119 na zakr\u0119cie,<br>co z nami b\u0119dzie?<br>\u015awiat rozp\u0119dzi si\u0119 niebezpiecznie,<br>co z nami b\u0119dzie?<br>nawet je\u015bli \u017cycie dawno zna odpowied\u017a,<br>mo\u017ce lepiej gdy nam teraz,nic nie powie&#8230; x2<\/p>\n\n\n\n<figure class=\"wp-block-table\"><table><tbody><tr><th>Autor tekstu:<\/th><td>Marcin Piotrowski (Liber)<\/td><\/tr><tr><th>Kompozytor:<\/th><td>Sylwia Grzeszczak, Bartosz Zielony (Tabb)<\/td><\/tr><\/tbody><\/table><\/figure>\n\n\n\n<p><a href=\"https:\/\/www.tekstowo.pl\/piosenka,liber_ft_sylwia_grzeszczak,co_z_nami_bedzie.html\">https:\/\/www.tekstowo.pl\/piosenka,liber_ft_sylwia_grzeszczak,co_z_nami_bedzie.html<\/a><\/p>\n\n\n\n<hr class=\"wp-block-separator\"\/>\n\n\n\n<h4 class=\"wp-block-heading\">0-zz.com\/0 &#8211; 0-zz.com\/z :<\/h4>\n\n\n\n<p><small><strong><a href=\"http:\/\/0-zz.com\/0\">1\ufe0f\u20e31\ufe0f\u20e3-0<\/a> |<a href=\"http:\/\/0-zz.com\/1\">1\ufe0f\u20e32\ufe0f\u20e3-1<\/a> |<a href=\"http:\/\/0-zz.com\/2\">1\ufe0f\u20e33\ufe0f\u20e3-2<\/a> |<a href=\"http:\/\/0-zz.com\/3\">1\ufe0f\u20e34\ufe0f\u20e3-3<\/a> |<a href=\"http:\/\/0-zz.com\/4\">1\ufe0f\u20e35\ufe0f\u20e3-4<\/a> |<a href=\"http:\/\/0-zz.com\/5\">1\ufe0f\u20e36\ufe0f\u20e3-5<\/a> <\/strong><\/small><br><small> <strong><a href=\"http:\/\/0-zz.com\/6\">2\ufe0f\u20e31\ufe0f\u20e3-6<\/a> |<a href=\"http:\/\/0-zz.com\/7\">2\ufe0f\u20e32\ufe0f\u20e3-7<\/a> |<a href=\"http:\/\/0-zz.com\/8\">2\ufe0f\u20e33\ufe0f\u20e3-8<\/a> |<a href=\"http:\/\/0-zz.com\/9\">2\ufe0f\u20e34\ufe0f\u20e3-9<\/a> |<a href=\"http:\/\/0-zz.com\/a\">2\ufe0f\u20e35\ufe0f\u20e3-A<\/a> |<a href=\"http:\/\/0-zz.com\/b\">2\ufe0f\u20e36\ufe0f\u20e3-B<\/a><\/strong><\/small><br><small> <strong><a href=\"http:\/\/0-zz.com\/c\">3\ufe0f\u20e31\ufe0f\u20e3-C<\/a> |<a href=\"http:\/\/0-zz.com\/d\">3\ufe0f\u20e32\ufe0f\u20e3-D<\/a> |<a href=\"http:\/\/0-zz.com\/e\">3\ufe0f\u20e33\ufe0f\u20e3-E<\/a> |<a href=\"http:\/\/0-zz.com\/f\">3\ufe0f\u20e34\ufe0f\u20e3-F<\/a> |<a href=\"http:\/\/0-zz.com\/g\">3\ufe0f\u20e35\ufe0f\u20e3-G<\/a> |<a href=\"http:\/\/0-zz.com\/h\">3\ufe0f\u20e36\ufe0f\u20e3-H<\/a><\/strong><\/small><br><small> <strong><a href=\"http:\/\/0-zz.com\/i\">4\ufe0f\u20e31\ufe0f\u20e3-I<\/a> |<a href=\"http:\/\/0-zz.com\/j\">4\ufe0f\u20e32\ufe0f\u20e3-J<\/a> |<a href=\"http:\/\/0-zz.com\/k\">4\ufe0f\u20e33\ufe0f\u20e3-K<\/a> |<a href=\"http:\/\/0-zz.com\/l\">4\ufe0f\u20e34\ufe0f\u20e3-L<\/a> |<a href=\"http:\/\/0-zz.com\/m\">4\ufe0f\u20e35\ufe0f\u20e3-M<\/a> |<a href=\"http:\/\/0-zz.com\/n\">4\ufe0f\u20e36\ufe0f\u20e3-N<\/a><\/strong><\/small><br><small> <strong><a href=\"http:\/\/0-zz.com\/o\">5\ufe0f\u20e31\ufe0f\u20e3-O<\/a> |<a href=\"http:\/\/0-zz.com\/p\">5\ufe0f\u20e32\ufe0f\u20e3-P<\/a> |<a href=\"http:\/\/0-zz.com\/q\">5\ufe0f\u20e33\ufe0f\u20e3-Q<\/a> |<a href=\"http:\/\/0-zz.com\/r\">5\ufe0f\u20e34\ufe0f\u20e3-R<\/a> |<a href=\"http:\/\/0-zz.com\/s\">5\ufe0f\u20e35\ufe0f\u20e3-S<\/a> |<a href=\"http:\/\/0-zz.com\/t\">5\ufe0f\u20e36\ufe0f\u20e3-T<\/a><\/strong><\/small><br><small> <strong><a href=\"http:\/\/0-zz.com\/u\">6\ufe0f\u20e31\ufe0f\u20e3-U<\/a> |<a href=\"http:\/\/0-zz.com\/v\">6\ufe0f\u20e32\ufe0f\u20e3-V<\/a> |<a href=\"http:\/\/0-zz.com\/w\">6\ufe0f\u20e33\ufe0f\u20e3-W<\/a> |<a href=\"http:\/\/0-zz.com\/x\">6\ufe0f\u20e34\ufe0f\u20e3-X<\/a> |<a href=\"http:\/\/0-zz.com\/y\">6\ufe0f\u20e35\ufe0f\u20e3-Y<\/a> |<a href=\"http:\/\/0-zz.com\/z\">6\ufe0f\u20e36\ufe0f\u20e3-Z<\/a><\/strong><\/small><\/p>\n\n\n\n<p>Roll 2 dice ?? 1\ufe0f\u20e32\ufe0f\u20e33\ufe0f\u20e34\ufe0f\u20e35\ufe0f\u20e36\ufe0f\u20e3<\/p>\n\n\n\n<p><a href=\"https:\/\/www.random.org\/dice\/\">https:\/\/www.random.org\/dice\/<\/a><\/p>\n\n\n\n<p><a href=\"https:\/\/www.google.com\/search?q=dice+roller\">https:\/\/www.google.com\/search?q=dice+roller<\/a><\/p>\n\n\n\n<hr class=\"wp-block-separator\"\/>\n\n\n\n<p><a href=\"https:\/\/12r.pl\/ea\/\">12r.pl\/ea<\/a>&nbsp;-&gt;&nbsp;<a href=\"https:\/\/12r.uk\/ea\/\">12r.uk\/ea<\/a>&nbsp;-&gt;&nbsp;<a href=\"https:\/\/7hi7.com\/ea\/\">7hi7.com\/ea<\/a><\/p>\n\n\n\n<p>Wikipedia.org &#8211; Play game &#8211; portals, categories, states, cities, capital cities<\/p>\n","protected":false},"excerpt":{"rendered":"<p>g &#8211; 01\/g &#8211; 01G Sylwia Grzeszczak &amp; Liber &#8211; Co z nami b\u0119dzie 20M views&nbsp;\u00b7&nbsp;13 years ago MyMusic SUBSCRIBED 553K subscribers https:\/\/m.youtube.com\/channel\/UCHeo8472OnB2poQyPvcBx9g SYLWIA: Kiedy znajdziemy si\u0119 na zakr\u0119cie,co z nami b\u0119dzie?\u015awiat rozp\u0119dzi si\u0119 niebezpiecznie,co z nami b\u0119dzie?nawet je\u015bli \u017cycie dawno zna odpowied\u017a,mo\u017ce lepiej gdy nam teraz nic nie powie&#8230; x2 SYLWIA:Nasz ka\u017cdy pe\u0142en przyg\u00f3d [&hellip;]<\/p>\n","protected":false},"author":1,"featured_media":0,"parent":0,"menu_order":0,"comment_status":"closed","ping_status":"closed","template":"","meta":{"footnotes":""},"class_list":["post-56","page","type-page","status-publish","hentry"],"_links":{"self":[{"href":"https:\/\/0-zz.com\/01\/wp-json\/wp\/v2\/pages\/56","targetHints":{"allow":["GET"]}}],"collection":[{"href":"https:\/\/0-zz.com\/01\/wp-json\/wp\/v2\/pages"}],"about":[{"href":"https:\/\/0-zz.com\/01\/wp-json\/wp\/v2\/types\/page"}],"author":[{"embeddable":true,"href":"https:\/\/0-zz.com\/01\/wp-json\/wp\/v2\/users\/1"}],"replies":[{"embeddable":true,"href":"https:\/\/0-zz.com\/01\/wp-json\/wp\/v2\/comments?post=56"}],"version-history":[{"count":4,"href":"https:\/\/0-zz.com\/01\/wp-json\/wp\/v2\/pages\/56\/revisions"}],"predecessor-version":[{"id":206,"href":"https:\/\/0-zz.com\/01\/wp-json\/wp\/v2\/pages\/56\/revisions\/206"}],"wp:attachment":[{"href":"https:\/\/0-zz.com\/01\/wp-json\/wp\/v2\/media?parent=56"}],"curies":[{"name":"wp","href":"https:\/\/api.w.org\/{rel}","templated":true}]}}