{"id":46,"date":"2022-02-20T23:14:39","date_gmt":"2022-02-20T09:14:39","guid":{"rendered":"https:\/\/0-zz.com\/01\/?page_id=46"},"modified":"2022-04-29T04:17:31","modified_gmt":"2022-04-28T14:17:31","slug":"c","status":"publish","type":"page","link":"https:\/\/0-zz.com\/01\/c\/","title":{"rendered":"C"},"content":{"rendered":"\n<h2 class=\"wp-block-heading\" id=\"c-01-c-01c\">c &#8211; 01\/c &#8211; 01C<\/h2>\n\n\n\n<figure class=\"wp-block-embed is-type-video is-provider-youtube wp-block-embed-youtube wp-embed-aspect-16-9 wp-has-aspect-ratio\"><div class=\"wp-block-embed__wrapper\">\n<iframe loading=\"lazy\" title=\"LemON - Jutro [Official Music Video]\" width=\"580\" height=\"326\" src=\"https:\/\/www.youtube.com\/embed\/M7Sfgc73-sQ?feature=oembed\" frameborder=\"0\" allow=\"accelerometer; autoplay; clipboard-write; encrypted-media; gyroscope; picture-in-picture; web-share\" referrerpolicy=\"strict-origin-when-cross-origin\" allowfullscreen><\/iframe>\n<\/div><\/figure>\n\n\n\n<h2 class=\"wp-block-heading\" id=\"lemon-jutro-official-music-video\">LemON &#8211; Jutro [Official Music Video]<\/h2>\n\n\n\n<p>26M views&nbsp;\u00b7&nbsp;7 years ago<\/p>\n\n\n\n<h2 class=\"wp-block-heading\" id=\"lemon\">LemON<\/h2>\n\n\n\n<p>SUBSCRIBED 129K subscribers<\/p>\n\n\n\n<p><a href=\"https:\/\/m.youtube.com\/channel\/UC5fg8nLaKt9qcBCejWMSC1g\">https:\/\/m.youtube.com\/channel\/UC5fg8nLaKt9qcBCejWMSC1g<\/a><\/p>\n\n\n\n<p>\u017badnego ko\u0144ca \u015bwiata dzi\u015b nie b\u0119dzie!<br>Bo w Tokio jest ju\u017c jutro<br>Wci\u0105\u017c waham si\u0119 wci\u0105\u017c chc\u0119 ci\u0119 mie\u0107, chc\u0119<br>Chc\u0119 pewno\u015b\u0107 absolutn\u0105<\/p>\n\n\n\n<p>Gdy zechcesz i\u015b\u0107 to nie patrz w dal<br>Zr\u00f3b jeden krok do przodu<br>Bo ten nasz \u015bwiat jest pe\u0142en wad<br>I jest pe\u0142en gniewu<\/p>\n\n\n\n<p>Nie b\u0119d\u0119 my\u015ble\u0107 dzi\u015b i na jutro to zostawi\u0119<br>Ty jeste\u015b moj\u0105 muz\u0105, moj\u0105 cisz\u0105, moj\u0105<br>Nie b\u0119d\u0119 my\u015ble\u0107 dzi\u015b jeste\u015b moj\u0105 jutrzni\u0105&#8230;<\/p>\n\n\n\n<p>Chcesz cofnij si\u0119 o jeden dzie\u0144<br>Na East Village nadal wczoraj<br>Wci\u0105\u017c wierz\u0119, \u017ce nie zdarzy si\u0119<br>Nie zdarzy nam si\u0119 nic z\u0142ego<\/p>\n\n\n\n<p>Ucieknij ciosom to w prz\u00f3d, to w ty\u0142<br>Jakby\u015b by\u0142a wiatrem<br>Nie zasn\u0119 dzi\u015b przez ca\u0142\u0105 noc<br>Demonom b\u0119d\u0119 gra\u0142 ko\u0142ysank\u0119.<\/p>\n\n\n\n<p>Nie b\u0119d\u0119 my\u015ble\u0107 dzi\u015b i na jutro to zostawi\u0119<br>Ty jeste\u015b moj\u0105 muz\u0105, moj\u0105 cisz\u0105, moj\u0105<br>Nie b\u0119d\u0119 my\u015ble\u0107 dzi\u015b i na jutro to zostawi\u0119<br>Ty jeste\u015b moj\u0105 muz\u0105, jeste\u015b moj\u0105 jutrzni\u0105<\/p>\n\n\n\n<p>Cho\u0107 d\u0142onie dr\u017c\u0105 podnosz\u0119 miecz<br>Pewno\u015b\u0107 jest dla tych, co my\u015bl\u0105 mniej&#8230;<\/p>\n\n\n\n<p>Nie b\u0119d\u0119 my\u015ble\u0107 dzi\u015b i na jutro to zostawi\u0119<br>Ty jeste\u015b moj\u0105 muz\u0105, moj\u0105 cisz\u0105, moj\u0105<br>Nie b\u0119d\u0119 my\u015ble\u0107 dzi\u015b i na jutro to zostawi\u0119<br>Ty jeste\u015b moj\u0105 muz\u0105, jeste\u015b moj\u0105 jutrzni\u0105<\/p>\n\n\n\n<figure class=\"wp-block-table\"><table><tbody><tr><th>Autor tekstu:<\/th><td>Ma\u0142gorzata Dacko, Igor Herbut<\/td><\/tr><tr><th>Kompozytor:<\/th><td>Igor Herbut, Piotr Rubens<\/td><\/tr><\/tbody><\/table><\/figure>\n\n\n\n<p><a href=\"https:\/\/www.tekstowo.pl\/piosenka,lemon_pl,jutro.html\">https:\/\/www.tekstowo.pl\/piosenka,lemon_pl,jutro.html<\/a><\/p>\n\n\n\n<hr class=\"wp-block-separator\"\/>\n\n\n\n<h4 class=\"wp-block-heading\">0-zz.com\/0 &#8211; 0-zz.com\/z :<\/h4>\n\n\n\n<p><small><strong><a href=\"http:\/\/0-zz.com\/0\">1\ufe0f\u20e31\ufe0f\u20e3-0<\/a> |<a href=\"http:\/\/0-zz.com\/1\">1\ufe0f\u20e32\ufe0f\u20e3-1<\/a> |<a href=\"http:\/\/0-zz.com\/2\">1\ufe0f\u20e33\ufe0f\u20e3-2<\/a> |<a href=\"http:\/\/0-zz.com\/3\">1\ufe0f\u20e34\ufe0f\u20e3-3<\/a> |<a href=\"http:\/\/0-zz.com\/4\">1\ufe0f\u20e35\ufe0f\u20e3-4<\/a> |<a href=\"http:\/\/0-zz.com\/5\">1\ufe0f\u20e36\ufe0f\u20e3-5<\/a> <\/strong><\/small><br><small> <strong><a href=\"http:\/\/0-zz.com\/6\">2\ufe0f\u20e31\ufe0f\u20e3-6<\/a> |<a href=\"http:\/\/0-zz.com\/7\">2\ufe0f\u20e32\ufe0f\u20e3-7<\/a> |<a href=\"http:\/\/0-zz.com\/8\">2\ufe0f\u20e33\ufe0f\u20e3-8<\/a> |<a href=\"http:\/\/0-zz.com\/9\">2\ufe0f\u20e34\ufe0f\u20e3-9<\/a> |<a href=\"http:\/\/0-zz.com\/a\">2\ufe0f\u20e35\ufe0f\u20e3-A<\/a> |<a href=\"http:\/\/0-zz.com\/b\">2\ufe0f\u20e36\ufe0f\u20e3-B<\/a><\/strong><\/small><br><small> <strong><a href=\"http:\/\/0-zz.com\/c\">3\ufe0f\u20e31\ufe0f\u20e3-C<\/a> |<a href=\"http:\/\/0-zz.com\/d\">3\ufe0f\u20e32\ufe0f\u20e3-D<\/a> |<a href=\"http:\/\/0-zz.com\/e\">3\ufe0f\u20e33\ufe0f\u20e3-E<\/a> |<a href=\"http:\/\/0-zz.com\/f\">3\ufe0f\u20e34\ufe0f\u20e3-F<\/a> |<a href=\"http:\/\/0-zz.com\/g\">3\ufe0f\u20e35\ufe0f\u20e3-G<\/a> |<a href=\"http:\/\/0-zz.com\/h\">3\ufe0f\u20e36\ufe0f\u20e3-H<\/a><\/strong><\/small><br><small> <strong><a href=\"http:\/\/0-zz.com\/i\">4\ufe0f\u20e31\ufe0f\u20e3-I<\/a> |<a href=\"http:\/\/0-zz.com\/j\">4\ufe0f\u20e32\ufe0f\u20e3-J<\/a> |<a href=\"http:\/\/0-zz.com\/k\">4\ufe0f\u20e33\ufe0f\u20e3-K<\/a> |<a href=\"http:\/\/0-zz.com\/l\">4\ufe0f\u20e34\ufe0f\u20e3-L<\/a> |<a href=\"http:\/\/0-zz.com\/m\">4\ufe0f\u20e35\ufe0f\u20e3-M<\/a> |<a href=\"http:\/\/0-zz.com\/n\">4\ufe0f\u20e36\ufe0f\u20e3-N<\/a><\/strong><\/small><br><small> <strong><a href=\"http:\/\/0-zz.com\/o\">5\ufe0f\u20e31\ufe0f\u20e3-O<\/a> |<a href=\"http:\/\/0-zz.com\/p\">5\ufe0f\u20e32\ufe0f\u20e3-P<\/a> |<a href=\"http:\/\/0-zz.com\/q\">5\ufe0f\u20e33\ufe0f\u20e3-Q<\/a> |<a href=\"http:\/\/0-zz.com\/r\">5\ufe0f\u20e34\ufe0f\u20e3-R<\/a> |<a href=\"http:\/\/0-zz.com\/s\">5\ufe0f\u20e35\ufe0f\u20e3-S<\/a> |<a href=\"http:\/\/0-zz.com\/t\">5\ufe0f\u20e36\ufe0f\u20e3-T<\/a><\/strong><\/small><br><small> <strong><a href=\"http:\/\/0-zz.com\/u\">6\ufe0f\u20e31\ufe0f\u20e3-U<\/a> |<a href=\"http:\/\/0-zz.com\/v\">6\ufe0f\u20e32\ufe0f\u20e3-V<\/a> |<a href=\"http:\/\/0-zz.com\/w\">6\ufe0f\u20e33\ufe0f\u20e3-W<\/a> |<a href=\"http:\/\/0-zz.com\/x\">6\ufe0f\u20e34\ufe0f\u20e3-X<\/a> |<a href=\"http:\/\/0-zz.com\/y\">6\ufe0f\u20e35\ufe0f\u20e3-Y<\/a> |<a href=\"http:\/\/0-zz.com\/z\">6\ufe0f\u20e36\ufe0f\u20e3-Z<\/a><\/strong><\/small><\/p>\n\n\n\n<p>Roll 2 dice ?? 1\ufe0f\u20e32\ufe0f\u20e33\ufe0f\u20e34\ufe0f\u20e35\ufe0f\u20e36\ufe0f\u20e3<\/p>\n\n\n\n<p><a href=\"https:\/\/www.random.org\/dice\/\">https:\/\/www.random.org\/dice\/<\/a><\/p>\n\n\n\n<p><a href=\"https:\/\/www.google.com\/search?q=dice+roller\">https:\/\/www.google.com\/search?q=dice+roller<\/a><\/p>\n\n\n\n<hr class=\"wp-block-separator\"\/>\n\n\n\n<p><a href=\"https:\/\/12r.pl\/ea\/\">12r.pl\/ea<\/a>&nbsp;-&gt;&nbsp;<a href=\"https:\/\/12r.uk\/ea\/\">12r.uk\/ea<\/a>&nbsp;-&gt;&nbsp;<a href=\"https:\/\/7hi7.com\/ea\/\">7hi7.com\/ea<\/a><\/p>\n\n\n\n<p>Wikipedia.org &#8211; Play game &#8211; portals, categories, states, cities, capital cities<\/p>\n","protected":false},"excerpt":{"rendered":"<p>c &#8211; 01\/c &#8211; 01C LemON &#8211; Jutro [Official Music Video] 26M views&nbsp;\u00b7&nbsp;7 years ago LemON SUBSCRIBED 129K subscribers https:\/\/m.youtube.com\/channel\/UC5fg8nLaKt9qcBCejWMSC1g \u017badnego ko\u0144ca \u015bwiata dzi\u015b nie b\u0119dzie!Bo w Tokio jest ju\u017c jutroWci\u0105\u017c waham si\u0119 wci\u0105\u017c chc\u0119 ci\u0119 mie\u0107, chc\u0119Chc\u0119 pewno\u015b\u0107 absolutn\u0105 Gdy zechcesz i\u015b\u0107 to nie patrz w dalZr\u00f3b jeden krok do przoduBo ten nasz \u015bwiat [&hellip;]<\/p>\n","protected":false},"author":1,"featured_media":0,"parent":0,"menu_order":0,"comment_status":"closed","ping_status":"closed","template":"","meta":{"footnotes":""},"class_list":["post-46","page","type-page","status-publish","hentry"],"_links":{"self":[{"href":"https:\/\/0-zz.com\/01\/wp-json\/wp\/v2\/pages\/46","targetHints":{"allow":["GET"]}}],"collection":[{"href":"https:\/\/0-zz.com\/01\/wp-json\/wp\/v2\/pages"}],"about":[{"href":"https:\/\/0-zz.com\/01\/wp-json\/wp\/v2\/types\/page"}],"author":[{"embeddable":true,"href":"https:\/\/0-zz.com\/01\/wp-json\/wp\/v2\/users\/1"}],"replies":[{"embeddable":true,"href":"https:\/\/0-zz.com\/01\/wp-json\/wp\/v2\/comments?post=46"}],"version-history":[{"count":4,"href":"https:\/\/0-zz.com\/01\/wp-json\/wp\/v2\/pages\/46\/revisions"}],"predecessor-version":[{"id":202,"href":"https:\/\/0-zz.com\/01\/wp-json\/wp\/v2\/pages\/46\/revisions\/202"}],"wp:attachment":[{"href":"https:\/\/0-zz.com\/01\/wp-json\/wp\/v2\/media?parent=46"}],"curies":[{"name":"wp","href":"https:\/\/api.w.org\/{rel}","templated":true}]}}