{"id":42,"date":"2022-02-20T23:13:33","date_gmt":"2022-02-20T09:13:33","guid":{"rendered":"https:\/\/0-zz.com\/01\/?page_id=42"},"modified":"2022-04-29T04:15:12","modified_gmt":"2022-04-28T14:15:12","slug":"a","status":"publish","type":"page","link":"https:\/\/0-zz.com\/01\/a\/","title":{"rendered":"A"},"content":{"rendered":"\n<h2 class=\"wp-block-heading\" id=\"a-01-a-01a\">a &#8211; 01\/a &#8211; 01A<\/h2>\n\n\n\n<figure class=\"wp-block-embed is-type-video is-provider-youtube wp-block-embed-youtube wp-embed-aspect-16-9 wp-has-aspect-ratio\"><div class=\"wp-block-embed__wrapper\">\n<iframe loading=\"lazy\" title=\"Sylwia Grzeszczak - Flirt [Official Music Video]\" width=\"580\" height=\"326\" src=\"https:\/\/www.youtube.com\/embed\/ORikRIu7s1o?feature=oembed\" frameborder=\"0\" allow=\"accelerometer; autoplay; clipboard-write; encrypted-media; gyroscope; picture-in-picture; web-share\" referrerpolicy=\"strict-origin-when-cross-origin\" allowfullscreen><\/iframe>\n<\/div><\/figure>\n\n\n\n<h2 class=\"wp-block-heading\" id=\"sylwia-grzeszczak-flirt-official-music-video\">Sylwia Grzeszczak &#8211; Flirt [Official Music Video]<\/h2>\n\n\n\n<p>32M views&nbsp;\u00b7&nbsp;8 years ago<\/p>\n\n\n\n<h2 class=\"wp-block-heading\" id=\"sylwiagrzeszczak\">SylwiaGrzeszczak<\/h2>\n\n\n\n<p>SUBSCRIBED 577K subscribers<\/p>\n\n\n\n<p><a href=\"https:\/\/m.youtube.com\/channel\/UC_eOccJn9VU-KaQWRmiuz5Q\">https:\/\/m.youtube.com\/channel\/UC_eOccJn9VU-KaQWRmiuz5Q<\/a><\/p>\n\n\n\n<p>Dla nas ju\u017c nakryty st\u00f3\u0142,<br>wertujemy kart\u0119 da\u0144.<br>On tak nagle musi wyj\u015b\u0107,<br>w romantycznym blasku \u015bwiec.<\/p>\n\n\n\n<p>Zamawiam p\u0142acz.<\/p>\n\n\n\n<p>Tak dobrze to znam,<br>a zn\u00f3w tak mi wstyd.<br>M\u00f3wi, \u017ce to by\u0142 tylko flirt,<br>kilka cudownych min do z\u0142ej gry.<\/p>\n\n\n\n<p>Unosi do gwiazd<br>I maluje \u0142zy.<br>M\u00f3wi, \u017ce to by\u0142 tylko flirt,<br>a ja naiwna kocham si\u0119 w nim.<\/p>\n\n\n\n<p>Wiem, \u017ce wiecznie nie trwa nic.<br>Ka\u017cdy sukces niesie strach.<br>Los prowadzi z nami flirt,<br>Uwodzi nas czy to tylko \u017cart?<\/p>\n\n\n\n<p>Nie na wszystko mamy wp\u0142yw,<br>czasem kto\u015b nam powie nie.<br>Mo\u017ce nie jest, a\u017c tak \u017ale?<\/p>\n\n\n\n<p>Tak dobrze to znam,<br>a zn\u00f3w tak mi wstyd.<br>\u017bycie to jeden wielki flirt,<br>kilka cudownych min do z\u0142ej gry.<\/p>\n\n\n\n<p>Unosi do gwiazd<br>I maluje \u0142zy.<br>\u017bycie to jeden wielki flirt,<br>a ca\u0142a ziemia kocha si\u0119 w nim.<\/p>\n\n\n\n<p>Dzi\u015b rozbraja nas u\u015bmiechem,<br>czaruj\u0105co pi\u0119knym tak.<br>Co takiego w sobie ma?<br>Co w sobie ma?<\/p>\n\n\n\n<p>\u015awiata nie da si\u0119 nie kocha\u0107,<br>chocia\u017c co dzie\u0144 zmienia twarz.<br>Co dzie\u0144 zmienia twarz.<\/p>\n\n\n\n<p>Tak dobrze to znam,<br>a zn\u00f3w tak mi wstyd.<br>\u017bycie to jeden wielki flirt,<br>kilka cudownych min do z\u0142ej gry.<\/p>\n\n\n\n<p>Unosi do gwiazd<br>I maluje \u0142zy&#8230;<\/p>\n\n\n\n<p>Tak dobrze to znam,<br>a zn\u00f3w tak mi wstyd.<br>\u017bycie to jeden wielki flirt,<br>kilka cudownych min do z\u0142ej gry.<\/p>\n\n\n\n<p>Unosi do gwiazd<br>I maluje \u0142zy.<br>\u017bycie to jeden wielki flirt,<br>a ca\u0142a ziemia kocha si\u0119 w nim.<\/p>\n\n\n\n<p>Tak dobrze to znam,<br>a zn\u00f3w tak mi wstyd.<br>\u017bycie to jeden wielki flirt,<br>kilka cudownych min do z\u0142ej gry.<\/p>\n\n\n\n<p>Unosi do gwiazd i maluje \u0142zy.<br>\u017bycie to jeden wielki flirt,<br>a ca\u0142a ziemia kocha si\u0119 w nim.<br>Kocha si\u0119 w nim&#8230; kocha si\u0119 w nim&#8230;<\/p>\n\n\n\n<figure class=\"wp-block-table\"><table><tbody><tr><th>Autor tekstu:<\/th><td>Marcin Piotrowski<\/td><\/tr><tr><th>Kompozytor:<\/th><td>Sylwia Grzeszczak<\/td><\/tr><\/tbody><\/table><\/figure>\n\n\n\n<p><a href=\"https:\/\/www.tekstowo.pl\/piosenka,sylwia_grzeszczak,flirt.html\">https:\/\/www.tekstowo.pl\/piosenka,sylwia_grzeszczak,flirt.html<\/a><\/p>\n\n\n\n<hr class=\"wp-block-separator\"\/>\n\n\n\n<h4 class=\"wp-block-heading\">0-zz.com\/0 &#8211; 0-zz.com\/z :<\/h4>\n\n\n\n<p><small><strong><a href=\"http:\/\/0-zz.com\/0\">1\ufe0f\u20e31\ufe0f\u20e3-0<\/a> |<a href=\"http:\/\/0-zz.com\/1\">1\ufe0f\u20e32\ufe0f\u20e3-1<\/a> |<a href=\"http:\/\/0-zz.com\/2\">1\ufe0f\u20e33\ufe0f\u20e3-2<\/a> |<a href=\"http:\/\/0-zz.com\/3\">1\ufe0f\u20e34\ufe0f\u20e3-3<\/a> |<a href=\"http:\/\/0-zz.com\/4\">1\ufe0f\u20e35\ufe0f\u20e3-4<\/a> |<a href=\"http:\/\/0-zz.com\/5\">1\ufe0f\u20e36\ufe0f\u20e3-5<\/a> <\/strong><\/small><br><small> <strong><a href=\"http:\/\/0-zz.com\/6\">2\ufe0f\u20e31\ufe0f\u20e3-6<\/a> |<a href=\"http:\/\/0-zz.com\/7\">2\ufe0f\u20e32\ufe0f\u20e3-7<\/a> |<a href=\"http:\/\/0-zz.com\/8\">2\ufe0f\u20e33\ufe0f\u20e3-8<\/a> |<a href=\"http:\/\/0-zz.com\/9\">2\ufe0f\u20e34\ufe0f\u20e3-9<\/a> |<a href=\"http:\/\/0-zz.com\/a\">2\ufe0f\u20e35\ufe0f\u20e3-A<\/a> |<a href=\"http:\/\/0-zz.com\/b\">2\ufe0f\u20e36\ufe0f\u20e3-B<\/a><\/strong><\/small><br><small> <strong><a href=\"http:\/\/0-zz.com\/c\">3\ufe0f\u20e31\ufe0f\u20e3-C<\/a> |<a href=\"http:\/\/0-zz.com\/d\">3\ufe0f\u20e32\ufe0f\u20e3-D<\/a> |<a href=\"http:\/\/0-zz.com\/e\">3\ufe0f\u20e33\ufe0f\u20e3-E<\/a> |<a href=\"http:\/\/0-zz.com\/f\">3\ufe0f\u20e34\ufe0f\u20e3-F<\/a> |<a href=\"http:\/\/0-zz.com\/g\">3\ufe0f\u20e35\ufe0f\u20e3-G<\/a> |<a href=\"http:\/\/0-zz.com\/h\">3\ufe0f\u20e36\ufe0f\u20e3-H<\/a><\/strong><\/small><br><small> <strong><a href=\"http:\/\/0-zz.com\/i\">4\ufe0f\u20e31\ufe0f\u20e3-I<\/a> |<a href=\"http:\/\/0-zz.com\/j\">4\ufe0f\u20e32\ufe0f\u20e3-J<\/a> |<a href=\"http:\/\/0-zz.com\/k\">4\ufe0f\u20e33\ufe0f\u20e3-K<\/a> |<a href=\"http:\/\/0-zz.com\/l\">4\ufe0f\u20e34\ufe0f\u20e3-L<\/a> |<a href=\"http:\/\/0-zz.com\/m\">4\ufe0f\u20e35\ufe0f\u20e3-M<\/a> |<a href=\"http:\/\/0-zz.com\/n\">4\ufe0f\u20e36\ufe0f\u20e3-N<\/a><\/strong><\/small><br><small> <strong><a href=\"http:\/\/0-zz.com\/o\">5\ufe0f\u20e31\ufe0f\u20e3-O<\/a> |<a href=\"http:\/\/0-zz.com\/p\">5\ufe0f\u20e32\ufe0f\u20e3-P<\/a> |<a href=\"http:\/\/0-zz.com\/q\">5\ufe0f\u20e33\ufe0f\u20e3-Q<\/a> |<a href=\"http:\/\/0-zz.com\/r\">5\ufe0f\u20e34\ufe0f\u20e3-R<\/a> |<a href=\"http:\/\/0-zz.com\/s\">5\ufe0f\u20e35\ufe0f\u20e3-S<\/a> |<a href=\"http:\/\/0-zz.com\/t\">5\ufe0f\u20e36\ufe0f\u20e3-T<\/a><\/strong><\/small><br><small> <strong><a href=\"http:\/\/0-zz.com\/u\">6\ufe0f\u20e31\ufe0f\u20e3-U<\/a> |<a href=\"http:\/\/0-zz.com\/v\">6\ufe0f\u20e32\ufe0f\u20e3-V<\/a> |<a href=\"http:\/\/0-zz.com\/w\">6\ufe0f\u20e33\ufe0f\u20e3-W<\/a> |<a href=\"http:\/\/0-zz.com\/x\">6\ufe0f\u20e34\ufe0f\u20e3-X<\/a> |<a href=\"http:\/\/0-zz.com\/y\">6\ufe0f\u20e35\ufe0f\u20e3-Y<\/a> |<a href=\"http:\/\/0-zz.com\/z\">6\ufe0f\u20e36\ufe0f\u20e3-Z<\/a><\/strong><\/small><\/p>\n\n\n\n<p>Roll 2 dice ?? 1\ufe0f\u20e32\ufe0f\u20e33\ufe0f\u20e34\ufe0f\u20e35\ufe0f\u20e36\ufe0f\u20e3<\/p>\n\n\n\n<p><a href=\"https:\/\/www.random.org\/dice\/\">https:\/\/www.random.org\/dice\/<\/a><\/p>\n\n\n\n<p><a href=\"https:\/\/www.google.com\/search?q=dice+roller\">https:\/\/www.google.com\/search?q=dice+roller<\/a><\/p>\n\n\n\n<hr class=\"wp-block-separator\"\/>\n\n\n\n<p><a href=\"https:\/\/12r.pl\/ea\/\">12r.pl\/ea<\/a>&nbsp;-&gt;&nbsp;<a href=\"https:\/\/12r.uk\/ea\/\">12r.uk\/ea<\/a>&nbsp;-&gt;&nbsp;<a href=\"https:\/\/7hi7.com\/ea\/\">7hi7.com\/ea<\/a><\/p>\n\n\n\n<p>Wikipedia.org &#8211; Play game &#8211; portals, categories, states, cities, capital cities<\/p>\n","protected":false},"excerpt":{"rendered":"<p>a &#8211; 01\/a &#8211; 01A Sylwia Grzeszczak &#8211; Flirt [Official Music Video] 32M views&nbsp;\u00b7&nbsp;8 years ago SylwiaGrzeszczak SUBSCRIBED 577K subscribers https:\/\/m.youtube.com\/channel\/UC_eOccJn9VU-KaQWRmiuz5Q Dla nas ju\u017c nakryty st\u00f3\u0142,wertujemy kart\u0119 da\u0144.On tak nagle musi wyj\u015b\u0107,w romantycznym blasku \u015bwiec. Zamawiam p\u0142acz. Tak dobrze to znam,a zn\u00f3w tak mi wstyd.M\u00f3wi, \u017ce to by\u0142 tylko flirt,kilka cudownych min do z\u0142ej gry. [&hellip;]<\/p>\n","protected":false},"author":1,"featured_media":0,"parent":0,"menu_order":0,"comment_status":"closed","ping_status":"closed","template":"","meta":{"footnotes":""},"class_list":["post-42","page","type-page","status-publish","hentry"],"_links":{"self":[{"href":"https:\/\/0-zz.com\/01\/wp-json\/wp\/v2\/pages\/42","targetHints":{"allow":["GET"]}}],"collection":[{"href":"https:\/\/0-zz.com\/01\/wp-json\/wp\/v2\/pages"}],"about":[{"href":"https:\/\/0-zz.com\/01\/wp-json\/wp\/v2\/types\/page"}],"author":[{"embeddable":true,"href":"https:\/\/0-zz.com\/01\/wp-json\/wp\/v2\/users\/1"}],"replies":[{"embeddable":true,"href":"https:\/\/0-zz.com\/01\/wp-json\/wp\/v2\/comments?post=42"}],"version-history":[{"count":4,"href":"https:\/\/0-zz.com\/01\/wp-json\/wp\/v2\/pages\/42\/revisions"}],"predecessor-version":[{"id":200,"href":"https:\/\/0-zz.com\/01\/wp-json\/wp\/v2\/pages\/42\/revisions\/200"}],"wp:attachment":[{"href":"https:\/\/0-zz.com\/01\/wp-json\/wp\/v2\/media?parent=42"}],"curies":[{"name":"wp","href":"https:\/\/api.w.org\/{rel}","templated":true}]}}