{"id":40,"date":"2022-02-20T23:12:23","date_gmt":"2022-02-20T09:12:23","guid":{"rendered":"https:\/\/0-zz.com\/01\/?page_id=40"},"modified":"2022-04-29T04:14:10","modified_gmt":"2022-04-28T14:14:10","slug":"9-2","status":"publish","type":"page","link":"https:\/\/0-zz.com\/01\/9-2\/","title":{"rendered":"9"},"content":{"rendered":"\n<h2 class=\"wp-block-heading\" id=\"9-01-9-019\">9 &#8211; 01\/9 &#8211; 019<\/h2>\n\n\n\n<figure class=\"wp-block-embed is-type-video is-provider-youtube wp-block-embed-youtube wp-embed-aspect-16-9 wp-has-aspect-ratio\"><div class=\"wp-block-embed__wrapper\">\n<iframe loading=\"lazy\" title=\"BARANOVSKI - Lubi\u0119 by\u0107 z ni\u0105 [Official Music Video]\" width=\"580\" height=\"326\" src=\"https:\/\/www.youtube.com\/embed\/LySEJG2u_bM?feature=oembed\" frameborder=\"0\" allow=\"accelerometer; autoplay; clipboard-write; encrypted-media; gyroscope; picture-in-picture; web-share\" referrerpolicy=\"strict-origin-when-cross-origin\" allowfullscreen><\/iframe>\n<\/div><\/figure>\n\n\n\n<h2 class=\"wp-block-heading\" id=\"baranovski-lubie-byc-z-nia-official-music-video\">BARANOVSKI &#8211; Lubi\u0119 by\u0107 z ni\u0105 [Official Music Video]<\/h2>\n\n\n\n<p>35M views&nbsp;\u00b7&nbsp;1 year ago<\/p>\n\n\n\n<h2 class=\"wp-block-heading\" id=\"baranovski\">BARANOVSKI<\/h2>\n\n\n\n<p>SUBSCRIBED 91.9K subscribers<\/p>\n\n\n\n<p><a href=\"https:\/\/m.youtube.com\/channel\/UCqSSQr-UEA_0yCc_3F-mBiQ\">https:\/\/m.youtube.com\/channel\/UCqSSQr-UEA_0yCc_3F-mBiQ<\/a><\/p>\n\n\n\n<p>Mo\u017cesz m\u00f3wi\u0107 do mnie wierszem<br>Mo\u017cesz sta\u0107 ko\u0142o mnie<br>Mo\u017cesz spa\u0107 ko\u0142o mnie gdy pisze ci piosenk\u0119<br>I powiem wi\u0119cej<br>Zamarzy\u0142em skromnie<br>Nim to by\u0142o modne<br>By zosta\u0107 z tob\u0105 w domu<\/p>\n\n\n\n<p>Ca\u0142y rok<br>Za rogiem noc<br>Kolejny dzie\u0144, kolejna noc<br>I zn\u00f3w nam mija noc<br>Za noc\u0105 dzie\u0144 za dniem<br>I zn\u00f3w kolejny rok<\/p>\n\n\n\n<p>Lubi\u0119 by\u0107 z ni\u0105, tak<br>Lubi\u0119 by\u0107 z ni\u0105, lubi\u0119 by\u0107 z ni\u0105<br>Lubi\u0119 by\u0107 z ni\u0105<br>Lubi\u0119 by\u0107 z ni\u0105, lubi\u0119 by\u0107 z ni\u0105<\/p>\n\n\n\n<p>\u015awiat zatrzyma\u0142 si\u0119 na chwile<br>Jakby zmiot\u0142o wszystkie pionki z naszej planszy<br>Ju\u017c wystarczy<br>Dzi\u0119ki tyle<br>Ale moment gdy wystrzeli jak rakieta<br>Wiedz, \u017ce zawsze b\u0119d\u0119 czeka\u0142 w kosmodromie<\/p>\n\n\n\n<p>Mija noc<br>Za noc\u0105 dzie\u0144 za dniem<br>I zn\u00f3w kolejna noc<br>I niech tak mija noc za noc\u0105 dzie\u0144 za dniem<br>I zn\u00f3w kolejny rok<\/p>\n\n\n\n<p>Lubi\u0119 by\u0107 z ni\u0105, tak<br>Lubi\u0119 by\u0107 z ni\u0105, lubi\u0119 by\u0107 z ni\u0105<br>Lubi\u0119 by\u0107 z ni\u0105<br>Lubi\u0119 by\u0107 z ni\u0105, lubi\u0119 by\u0107 z ni\u0105<br>Lubi\u0119 by\u0107 z ni\u0105<br>Lubi\u0119 by\u0107 z ni\u0105, lubi\u0119 by\u0107 z ni\u0105<br>Lubi\u0119 by\u0107 z ni\u0105<br>Lubi\u0119 by\u0107 z ni\u0105, lubi\u0119 by\u0107 z ni\u0105<\/p>\n\n\n\n<p>Zamarzy\u0142em skromnie<\/p>\n\n\n\n<p>Lubi\u0119 by\u0107 z ni\u0105, tak<br>Lubi\u0119 by\u0107 z ni\u0105, lubi\u0119 by\u0107 z ni\u0105<br>Lubi\u0119 by\u0107 z ni\u0105<br>Lubi\u0119 by\u0107 z ni\u0105, lubi\u0119 by\u0107 z ni\u0105<br>Lubi\u0119 by\u0107 z ni\u0105<\/p>\n\n\n\n<figure class=\"wp-block-table\"><table><tbody><tr><th>Autor tekstu:<\/th><td>Wojciech Baranowski<\/td><\/tr><tr><th>Kompozytor:<\/th><td>Wojciech Baranowski<\/td><\/tr><\/tbody><\/table><\/figure>\n\n\n\n<p><a href=\"https:\/\/www.tekstowo.pl\/piosenka,baranovski,lubie_byc_z_nia.html\">https:\/\/www.tekstowo.pl\/piosenka,baranovski,lubie_byc_z_nia.html<\/a><\/p>\n\n\n\n<hr class=\"wp-block-separator\"\/>\n\n\n\n<h4 class=\"wp-block-heading\">0-zz.com\/0 &#8211; 0-zz.com\/z :<\/h4>\n\n\n\n<p><small><strong><a href=\"http:\/\/0-zz.com\/0\">1\ufe0f\u20e31\ufe0f\u20e3-0<\/a> |<a href=\"http:\/\/0-zz.com\/1\">1\ufe0f\u20e32\ufe0f\u20e3-1<\/a> |<a href=\"http:\/\/0-zz.com\/2\">1\ufe0f\u20e33\ufe0f\u20e3-2<\/a> |<a href=\"http:\/\/0-zz.com\/3\">1\ufe0f\u20e34\ufe0f\u20e3-3<\/a> |<a href=\"http:\/\/0-zz.com\/4\">1\ufe0f\u20e35\ufe0f\u20e3-4<\/a> |<a href=\"http:\/\/0-zz.com\/5\">1\ufe0f\u20e36\ufe0f\u20e3-5<\/a> <\/strong><\/small><br><small> <strong><a href=\"http:\/\/0-zz.com\/6\">2\ufe0f\u20e31\ufe0f\u20e3-6<\/a> |<a href=\"http:\/\/0-zz.com\/7\">2\ufe0f\u20e32\ufe0f\u20e3-7<\/a> |<a href=\"http:\/\/0-zz.com\/8\">2\ufe0f\u20e33\ufe0f\u20e3-8<\/a> |<a href=\"http:\/\/0-zz.com\/9\">2\ufe0f\u20e34\ufe0f\u20e3-9<\/a> |<a href=\"http:\/\/0-zz.com\/a\">2\ufe0f\u20e35\ufe0f\u20e3-A<\/a> |<a href=\"http:\/\/0-zz.com\/b\">2\ufe0f\u20e36\ufe0f\u20e3-B<\/a><\/strong><\/small><br><small> <strong><a href=\"http:\/\/0-zz.com\/c\">3\ufe0f\u20e31\ufe0f\u20e3-C<\/a> |<a href=\"http:\/\/0-zz.com\/d\">3\ufe0f\u20e32\ufe0f\u20e3-D<\/a> |<a href=\"http:\/\/0-zz.com\/e\">3\ufe0f\u20e33\ufe0f\u20e3-E<\/a> |<a href=\"http:\/\/0-zz.com\/f\">3\ufe0f\u20e34\ufe0f\u20e3-F<\/a> |<a href=\"http:\/\/0-zz.com\/g\">3\ufe0f\u20e35\ufe0f\u20e3-G<\/a> |<a href=\"http:\/\/0-zz.com\/h\">3\ufe0f\u20e36\ufe0f\u20e3-H<\/a><\/strong><\/small><br><small> <strong><a href=\"http:\/\/0-zz.com\/i\">4\ufe0f\u20e31\ufe0f\u20e3-I<\/a> |<a href=\"http:\/\/0-zz.com\/j\">4\ufe0f\u20e32\ufe0f\u20e3-J<\/a> |<a href=\"http:\/\/0-zz.com\/k\">4\ufe0f\u20e33\ufe0f\u20e3-K<\/a> |<a href=\"http:\/\/0-zz.com\/l\">4\ufe0f\u20e34\ufe0f\u20e3-L<\/a> |<a href=\"http:\/\/0-zz.com\/m\">4\ufe0f\u20e35\ufe0f\u20e3-M<\/a> |<a href=\"http:\/\/0-zz.com\/n\">4\ufe0f\u20e36\ufe0f\u20e3-N<\/a><\/strong><\/small><br><small> <strong><a href=\"http:\/\/0-zz.com\/o\">5\ufe0f\u20e31\ufe0f\u20e3-O<\/a> |<a href=\"http:\/\/0-zz.com\/p\">5\ufe0f\u20e32\ufe0f\u20e3-P<\/a> |<a href=\"http:\/\/0-zz.com\/q\">5\ufe0f\u20e33\ufe0f\u20e3-Q<\/a> |<a href=\"http:\/\/0-zz.com\/r\">5\ufe0f\u20e34\ufe0f\u20e3-R<\/a> |<a href=\"http:\/\/0-zz.com\/s\">5\ufe0f\u20e35\ufe0f\u20e3-S<\/a> |<a href=\"http:\/\/0-zz.com\/t\">5\ufe0f\u20e36\ufe0f\u20e3-T<\/a><\/strong><\/small><br><small> <strong><a href=\"http:\/\/0-zz.com\/u\">6\ufe0f\u20e31\ufe0f\u20e3-U<\/a> |<a href=\"http:\/\/0-zz.com\/v\">6\ufe0f\u20e32\ufe0f\u20e3-V<\/a> |<a href=\"http:\/\/0-zz.com\/w\">6\ufe0f\u20e33\ufe0f\u20e3-W<\/a> |<a href=\"http:\/\/0-zz.com\/x\">6\ufe0f\u20e34\ufe0f\u20e3-X<\/a> |<a href=\"http:\/\/0-zz.com\/y\">6\ufe0f\u20e35\ufe0f\u20e3-Y<\/a> |<a href=\"http:\/\/0-zz.com\/z\">6\ufe0f\u20e36\ufe0f\u20e3-Z<\/a><\/strong><\/small><\/p>\n\n\n\n<p>Roll 2 dice ?? 1\ufe0f\u20e32\ufe0f\u20e33\ufe0f\u20e34\ufe0f\u20e35\ufe0f\u20e36\ufe0f\u20e3<\/p>\n\n\n\n<p><a href=\"https:\/\/www.random.org\/dice\/\">https:\/\/www.random.org\/dice\/<\/a><\/p>\n\n\n\n<p><a href=\"https:\/\/www.google.com\/search?q=dice+roller\">https:\/\/www.google.com\/search?q=dice+roller<\/a><\/p>\n\n\n\n<hr class=\"wp-block-separator\"\/>\n\n\n\n<p><a href=\"https:\/\/12r.pl\/ea\/\">12r.pl\/ea<\/a>&nbsp;-&gt;&nbsp;<a href=\"https:\/\/12r.uk\/ea\/\">12r.uk\/ea<\/a>&nbsp;-&gt;&nbsp;<a href=\"https:\/\/7hi7.com\/ea\/\">7hi7.com\/ea<\/a><\/p>\n\n\n\n<p>Wikipedia.org &#8211; Play game &#8211; portals, categories, states, cities, capital cities<\/p>\n","protected":false},"excerpt":{"rendered":"<p>9 &#8211; 01\/9 &#8211; 019 BARANOVSKI &#8211; Lubi\u0119 by\u0107 z ni\u0105 [Official Music Video] 35M views&nbsp;\u00b7&nbsp;1 year ago BARANOVSKI SUBSCRIBED 91.9K subscribers https:\/\/m.youtube.com\/channel\/UCqSSQr-UEA_0yCc_3F-mBiQ Mo\u017cesz m\u00f3wi\u0107 do mnie wierszemMo\u017cesz sta\u0107 ko\u0142o mnieMo\u017cesz spa\u0107 ko\u0142o mnie gdy pisze ci piosenk\u0119I powiem wi\u0119cejZamarzy\u0142em skromnieNim to by\u0142o modneBy zosta\u0107 z tob\u0105 w domu Ca\u0142y rokZa rogiem nocKolejny dzie\u0144, kolejna [&hellip;]<\/p>\n","protected":false},"author":1,"featured_media":0,"parent":0,"menu_order":0,"comment_status":"closed","ping_status":"closed","template":"","meta":{"footnotes":""},"class_list":["post-40","page","type-page","status-publish","hentry"],"_links":{"self":[{"href":"https:\/\/0-zz.com\/01\/wp-json\/wp\/v2\/pages\/40","targetHints":{"allow":["GET"]}}],"collection":[{"href":"https:\/\/0-zz.com\/01\/wp-json\/wp\/v2\/pages"}],"about":[{"href":"https:\/\/0-zz.com\/01\/wp-json\/wp\/v2\/types\/page"}],"author":[{"embeddable":true,"href":"https:\/\/0-zz.com\/01\/wp-json\/wp\/v2\/users\/1"}],"replies":[{"embeddable":true,"href":"https:\/\/0-zz.com\/01\/wp-json\/wp\/v2\/comments?post=40"}],"version-history":[{"count":4,"href":"https:\/\/0-zz.com\/01\/wp-json\/wp\/v2\/pages\/40\/revisions"}],"predecessor-version":[{"id":199,"href":"https:\/\/0-zz.com\/01\/wp-json\/wp\/v2\/pages\/40\/revisions\/199"}],"wp:attachment":[{"href":"https:\/\/0-zz.com\/01\/wp-json\/wp\/v2\/media?parent=40"}],"curies":[{"name":"wp","href":"https:\/\/api.w.org\/{rel}","templated":true}]}}