{"id":38,"date":"2022-02-20T23:05:13","date_gmt":"2022-02-20T09:05:13","guid":{"rendered":"https:\/\/0-zz.com\/01\/?page_id=38"},"modified":"2022-04-29T04:13:12","modified_gmt":"2022-04-28T14:13:12","slug":"8-2","status":"publish","type":"page","link":"https:\/\/0-zz.com\/01\/8-2\/","title":{"rendered":"8"},"content":{"rendered":"\n<h2 class=\"wp-block-heading\" id=\"8-01-8-018\">8 &#8211; 01\/8 &#8211; 018<\/h2>\n\n\n\n<figure class=\"wp-block-embed is-type-video is-provider-youtube wp-block-embed-youtube wp-embed-aspect-16-9 wp-has-aspect-ratio\"><div class=\"wp-block-embed__wrapper\">\n<iframe loading=\"lazy\" title=\"G\u00d3R\u0104 TY - GOLEC uORKIESTRA &amp; GROMEE feat. BEDOES\" width=\"580\" height=\"326\" src=\"https:\/\/www.youtube.com\/embed\/fPFp97kyDoE?feature=oembed\" frameborder=\"0\" allow=\"accelerometer; autoplay; clipboard-write; encrypted-media; gyroscope; picture-in-picture; web-share\" referrerpolicy=\"strict-origin-when-cross-origin\" allowfullscreen><\/iframe>\n<\/div><\/figure>\n\n\n\n<h2 class=\"wp-block-heading\" id=\"gora-ty-golec-uorkiestra-gromee-feat-bedoes\">G\u00d3R\u0104 TY &#8211; GOLEC uORKIESTRA &amp; GROMEE feat. BEDOES<\/h2>\n\n\n\n<p>38M views&nbsp;\u00b7&nbsp;2 years ago<\/p>\n\n\n\n<h2 class=\"wp-block-heading\" id=\"golec-uorkiestra\">Golec uOrkiestra<\/h2>\n\n\n\n<p>SUBSCRIBED 249K subscribers<\/p>\n\n\n\n<p><a href=\"https:\/\/m.youtube.com\/channel\/UC7gX4DlceCyRoPIPq3VcikA\">https:\/\/m.youtube.com\/channel\/UC7gX4DlceCyRoPIPq3VcikA<\/a><\/p>\n\n\n\n<p>P\u00f3jd\u017a po rozum raz, to co dzieli nas<br>Zrzu\u0107 gdzie b\u0105d\u017a<br>I pewnego dnia, w to co \u0142\u0105czy\u0107 ma<br>Te\u017c si\u0119 w\u0142\u0105cz<br>Nie walcz bez ko\u0144ca tak<br>Sensu w tej wojnie brak<br>Zakop niczym top\u00f3r sw\u0105 zaciek\u0142\u0105 z\u0142o\u015b\u0107<br>Roztr\u0105bimy to, niech do\u0142\u0105czy kto ma ju\u017c do\u015b\u0107<\/p>\n\n\n\n<p>G\u00f3r\u0105 Ty, g\u00f3r\u0105 ja<br>Zejd\u0105 si\u0119 szczyty dwa<br>Jeden duch, w cia\u0142ach dw\u00f3ch<br>Niech gra<br>G\u00f3r\u0105 Ty, g\u00f3r\u0105 on<br>G\u0142osy dwa, jeden ton<br>Zejd\u017amy si\u0119, z wielu miejsc<br>I stron<\/p>\n\n\n\n<p>Nie oci\u0105gaj si\u0119, nie \u015bpij ca\u0142e dnie<br>Zbud\u017a, si\u0119 ju\u017c<br>Tw\u00f3j wspania\u0142y \u015bwiat,<br>Jest od wielu lat ju\u017c, tu\u017c tu\u017c<br>Gadaj po pierwsze mniej<br>S\u0142ucha\u0107 drugiego chciej<br>Staraj si\u0119 zrozumie\u0107 o co mu come on<br>Nie upieraj si\u0119, pod uwag\u0119 we\u017a inny plan<\/p>\n\n\n\n<p>G\u00f3r\u0105 Ty, g\u00f3r\u0105 ja<br>Zejd\u0105 si\u0119 szczyty dwa<br>Jeden duch, w cia\u0142ach dw\u00f3ch<br>Niech gra<br>G\u00f3r\u0105 Ty, g\u00f3r\u0105 on<br>G\u0142osy dwa, jeden ton<br>Zejd\u017amy si\u0119, z wielu miejsc<br>I stron<\/p>\n\n\n\n<p>G\u00f3r\u0105 ty, g\u00f3r\u0105 ja, g\u00f3r\u0105 my, g\u00f3r\u0105 gang<br>Jakbym nie mia\u0142 gustu, to bym si\u0119 nie lubi\u0142<br>Wi\u0119c to mnie nie dziwi, \u017ce nie lubi\u0105 nas<br>Jad\u0119 noc\u0105, mocno wciskam gaz<br>Problemy ju\u017c nie obchodz\u0105 nas<br>Wiemy dobrze jak smakuje beton<br>Je\u015bli mi nie wierzysz, sp\u00f3jrz na moj\u0105 twarz<br>Pot, krew i \u0142zy na mnie<br>Nie chcia\u0142em by\u0107 na dnie<br>Ca\u0142y gang, ca\u0142y blok na g\u00f3rze<br>Ca\u0142y gang mo\u017ce \u017cy\u0107 jak chce<br>Moi ludzie mieli pa\u0142ki, a nie byli w orkiestrze<br>Mia\u0142em nie by\u0107 nigdzie, a sp\u00f3jrz gdzie dzisiaj jestem<br>Ty te\u017c mo\u017cesz!<\/p>\n\n\n\n<p>G\u00f3r\u0105 Ty, g\u00f3r\u0105 ja<br>Zejd\u0105 si\u0119 szczyty dwa<br>Jeden duch, w cia\u0142ach dw\u00f3ch<br>Niech gra<br>G\u00f3r\u0105 Ty, g\u00f3r\u0105 on<br>G\u0142osy dwa, jeden ton<br>Zejd\u017amy si\u0119, z wielu miejsc<br>I stron<\/p>\n\n\n\n<p>G\u00f3r\u0105 Ty<br>G\u00f3r\u0105 ja<br>G\u00f3r\u0105 Ty<br>G\u00f3r\u0105 ja<br>G\u00f3r\u0105 Ty<br>G\u00f3r\u0105 ja<br>G\u00f3r\u0105 Ty<br>G\u00f3r\u0105 ja<\/p>\n\n\n\n<figure class=\"wp-block-table\"><table><tbody><tr><th>Autor tekstu:<\/th><td>Micha\u0142 Zab\u0142ocki \/ Borys Przybylski<\/td><\/tr><tr><th>Kompozytor:<\/th><td>Rafa\u0142 Rozmus \/ \u0141ukasz Golec \/ Kamil Lanek \/ Andrzej Gromala<\/td><\/tr><\/tbody><\/table><\/figure>\n\n\n\n<p><a href=\"https:\/\/www.tekstowo.pl\/piosenka,golec_uorkiestra__gromee,gora_ty__feat__bedoes_.html\">https:\/\/www.tekstowo.pl\/piosenka,golec_uorkiestra__gromee,gora_ty__feat__bedoes_.html<\/a><\/p>\n\n\n\n<hr class=\"wp-block-separator\"\/>\n\n\n\n<h4 class=\"wp-block-heading\">0-zz.com\/0 &#8211; 0-zz.com\/z :<\/h4>\n\n\n\n<p><small><strong><a href=\"http:\/\/0-zz.com\/0\">1\ufe0f\u20e31\ufe0f\u20e3-0<\/a> |<a href=\"http:\/\/0-zz.com\/1\">1\ufe0f\u20e32\ufe0f\u20e3-1<\/a> |<a href=\"http:\/\/0-zz.com\/2\">1\ufe0f\u20e33\ufe0f\u20e3-2<\/a> |<a href=\"http:\/\/0-zz.com\/3\">1\ufe0f\u20e34\ufe0f\u20e3-3<\/a> |<a href=\"http:\/\/0-zz.com\/4\">1\ufe0f\u20e35\ufe0f\u20e3-4<\/a> |<a href=\"http:\/\/0-zz.com\/5\">1\ufe0f\u20e36\ufe0f\u20e3-5<\/a> <\/strong><\/small><br><small> <strong><a href=\"http:\/\/0-zz.com\/6\">2\ufe0f\u20e31\ufe0f\u20e3-6<\/a> |<a href=\"http:\/\/0-zz.com\/7\">2\ufe0f\u20e32\ufe0f\u20e3-7<\/a> |<a href=\"http:\/\/0-zz.com\/8\">2\ufe0f\u20e33\ufe0f\u20e3-8<\/a> |<a href=\"http:\/\/0-zz.com\/9\">2\ufe0f\u20e34\ufe0f\u20e3-9<\/a> |<a href=\"http:\/\/0-zz.com\/a\">2\ufe0f\u20e35\ufe0f\u20e3-A<\/a> |<a href=\"http:\/\/0-zz.com\/b\">2\ufe0f\u20e36\ufe0f\u20e3-B<\/a><\/strong><\/small><br><small> <strong><a href=\"http:\/\/0-zz.com\/c\">3\ufe0f\u20e31\ufe0f\u20e3-C<\/a> |<a href=\"http:\/\/0-zz.com\/d\">3\ufe0f\u20e32\ufe0f\u20e3-D<\/a> |<a href=\"http:\/\/0-zz.com\/e\">3\ufe0f\u20e33\ufe0f\u20e3-E<\/a> |<a href=\"http:\/\/0-zz.com\/f\">3\ufe0f\u20e34\ufe0f\u20e3-F<\/a> |<a href=\"http:\/\/0-zz.com\/g\">3\ufe0f\u20e35\ufe0f\u20e3-G<\/a> |<a href=\"http:\/\/0-zz.com\/h\">3\ufe0f\u20e36\ufe0f\u20e3-H<\/a><\/strong><\/small><br><small> <strong><a href=\"http:\/\/0-zz.com\/i\">4\ufe0f\u20e31\ufe0f\u20e3-I<\/a> |<a href=\"http:\/\/0-zz.com\/j\">4\ufe0f\u20e32\ufe0f\u20e3-J<\/a> |<a href=\"http:\/\/0-zz.com\/k\">4\ufe0f\u20e33\ufe0f\u20e3-K<\/a> |<a href=\"http:\/\/0-zz.com\/l\">4\ufe0f\u20e34\ufe0f\u20e3-L<\/a> |<a href=\"http:\/\/0-zz.com\/m\">4\ufe0f\u20e35\ufe0f\u20e3-M<\/a> |<a href=\"http:\/\/0-zz.com\/n\">4\ufe0f\u20e36\ufe0f\u20e3-N<\/a><\/strong><\/small><br><small> <strong><a href=\"http:\/\/0-zz.com\/o\">5\ufe0f\u20e31\ufe0f\u20e3-O<\/a> |<a href=\"http:\/\/0-zz.com\/p\">5\ufe0f\u20e32\ufe0f\u20e3-P<\/a> |<a href=\"http:\/\/0-zz.com\/q\">5\ufe0f\u20e33\ufe0f\u20e3-Q<\/a> |<a href=\"http:\/\/0-zz.com\/r\">5\ufe0f\u20e34\ufe0f\u20e3-R<\/a> |<a href=\"http:\/\/0-zz.com\/s\">5\ufe0f\u20e35\ufe0f\u20e3-S<\/a> |<a href=\"http:\/\/0-zz.com\/t\">5\ufe0f\u20e36\ufe0f\u20e3-T<\/a><\/strong><\/small><br><small> <strong><a href=\"http:\/\/0-zz.com\/u\">6\ufe0f\u20e31\ufe0f\u20e3-U<\/a> |<a href=\"http:\/\/0-zz.com\/v\">6\ufe0f\u20e32\ufe0f\u20e3-V<\/a> |<a href=\"http:\/\/0-zz.com\/w\">6\ufe0f\u20e33\ufe0f\u20e3-W<\/a> |<a href=\"http:\/\/0-zz.com\/x\">6\ufe0f\u20e34\ufe0f\u20e3-X<\/a> |<a href=\"http:\/\/0-zz.com\/y\">6\ufe0f\u20e35\ufe0f\u20e3-Y<\/a> |<a href=\"http:\/\/0-zz.com\/z\">6\ufe0f\u20e36\ufe0f\u20e3-Z<\/a><\/strong><\/small><\/p>\n\n\n\n<p>Roll 2 dice ?? 1\ufe0f\u20e32\ufe0f\u20e33\ufe0f\u20e34\ufe0f\u20e35\ufe0f\u20e36\ufe0f\u20e3<\/p>\n\n\n\n<p><a href=\"https:\/\/www.random.org\/dice\/\">https:\/\/www.random.org\/dice\/<\/a><\/p>\n\n\n\n<p><a href=\"https:\/\/www.google.com\/search?q=dice+roller\">https:\/\/www.google.com\/search?q=dice+roller<\/a><\/p>\n\n\n\n<hr class=\"wp-block-separator\"\/>\n\n\n\n<p><a href=\"https:\/\/12r.pl\/ea\/\">12r.pl\/ea<\/a>&nbsp;-&gt;&nbsp;<a href=\"https:\/\/12r.uk\/ea\/\">12r.uk\/ea<\/a>&nbsp;-&gt;&nbsp;<a href=\"https:\/\/7hi7.com\/ea\/\">7hi7.com\/ea<\/a><\/p>\n\n\n\n<p>Wikipedia.org &#8211; Play game &#8211; portals, categories, states, cities, capital cities<\/p>\n","protected":false},"excerpt":{"rendered":"<p>8 &#8211; 01\/8 &#8211; 018 G\u00d3R\u0104 TY &#8211; GOLEC uORKIESTRA &amp; GROMEE feat. BEDOES 38M views&nbsp;\u00b7&nbsp;2 years ago Golec uOrkiestra SUBSCRIBED 249K subscribers https:\/\/m.youtube.com\/channel\/UC7gX4DlceCyRoPIPq3VcikA P\u00f3jd\u017a po rozum raz, to co dzieli nasZrzu\u0107 gdzie b\u0105d\u017aI pewnego dnia, w to co \u0142\u0105czy\u0107 maTe\u017c si\u0119 w\u0142\u0105czNie walcz bez ko\u0144ca takSensu w tej wojnie brakZakop niczym top\u00f3r sw\u0105 zaciek\u0142\u0105 [&hellip;]<\/p>\n","protected":false},"author":1,"featured_media":0,"parent":0,"menu_order":0,"comment_status":"closed","ping_status":"closed","template":"","meta":{"footnotes":""},"class_list":["post-38","page","type-page","status-publish","hentry"],"_links":{"self":[{"href":"https:\/\/0-zz.com\/01\/wp-json\/wp\/v2\/pages\/38","targetHints":{"allow":["GET"]}}],"collection":[{"href":"https:\/\/0-zz.com\/01\/wp-json\/wp\/v2\/pages"}],"about":[{"href":"https:\/\/0-zz.com\/01\/wp-json\/wp\/v2\/types\/page"}],"author":[{"embeddable":true,"href":"https:\/\/0-zz.com\/01\/wp-json\/wp\/v2\/users\/1"}],"replies":[{"embeddable":true,"href":"https:\/\/0-zz.com\/01\/wp-json\/wp\/v2\/comments?post=38"}],"version-history":[{"count":3,"href":"https:\/\/0-zz.com\/01\/wp-json\/wp\/v2\/pages\/38\/revisions"}],"predecessor-version":[{"id":198,"href":"https:\/\/0-zz.com\/01\/wp-json\/wp\/v2\/pages\/38\/revisions\/198"}],"wp:attachment":[{"href":"https:\/\/0-zz.com\/01\/wp-json\/wp\/v2\/media?parent=38"}],"curies":[{"name":"wp","href":"https:\/\/api.w.org\/{rel}","templated":true}]}}