{"id":36,"date":"2022-02-20T23:00:43","date_gmt":"2022-02-20T09:00:43","guid":{"rendered":"https:\/\/0-zz.com\/01\/?page_id=36"},"modified":"2022-04-29T04:11:25","modified_gmt":"2022-04-28T14:11:25","slug":"7-2","status":"publish","type":"page","link":"https:\/\/0-zz.com\/01\/7-2\/","title":{"rendered":"7"},"content":{"rendered":"\n<h2 class=\"wp-block-heading\" id=\"7-01-7-017\">7 &#8211; 01\/7 &#8211; 017<\/h2>\n\n\n\n<figure class=\"wp-block-embed is-type-video is-provider-youtube wp-block-embed-youtube wp-embed-aspect-16-9 wp-has-aspect-ratio\"><div class=\"wp-block-embed__wrapper\">\n<iframe loading=\"lazy\" title=\"Filip Lato &amp; Sound&#039;n&#039;Grace\u2013 100 [Official Music Video]\" width=\"580\" height=\"326\" src=\"https:\/\/www.youtube.com\/embed\/sDmUjj6i5GI?feature=oembed\" frameborder=\"0\" allow=\"accelerometer; autoplay; clipboard-write; encrypted-media; gyroscope; picture-in-picture; web-share\" referrerpolicy=\"strict-origin-when-cross-origin\" allowfullscreen><\/iframe>\n<\/div><\/figure>\n\n\n\n<h2 class=\"wp-block-heading\" id=\"filip-lato-sound-n-grace-100-official-music-video\">Filip Lato &amp; Sound&#8217;n&#8217;Grace\u2013 100 [Official Music Video]<\/h2>\n\n\n\n<p>39M views&nbsp;\u00b7&nbsp;4 years ago<\/p>\n\n\n\n<h2 class=\"wp-block-heading\" id=\"gorgo-music\">Gorgo Music<\/h2>\n\n\n\n<p>SUBSCRIBED 19.5K subscribers<\/p>\n\n\n\n<p><a href=\"https:\/\/m.youtube.com\/channel\/UCXMc7vCn4yW61mRCu9vsVGg\">https:\/\/m.youtube.com\/channel\/UCXMc7vCn4yW61mRCu9vsVGg<\/a><\/p>\n\n\n\n<p>I<br>B\u0119dzie to, co ma by\u0107, nie inaczej<br>Rozpromieni si\u0119 kto\u015b, kto\u015b zap\u0142acze<br>Nie dowiesz si\u0119 wcze\u015bniej, chyba \u017ce we \u015bnie<br>Ale czy chcesz?<br>Nie wiedzie\u0107 dobrze jest<br>Za czym tak gnasz, po co Ci to?<br>Zabierzesz ze sob\u0105, gdyby\u015b poszed\u0142 na dno<br>O\u0142\u00f3wek we\u017a, teraz kartk\u0119 i pisz:<br>Kupi\u0142em wszystko, a wci\u0105\u017c nie mam nic<\/p>\n\n\n\n<p>Ref.<br>Sw\u00f3j czas, we\u017a w gar\u015b\u0107, sw\u00f3j czas<br>Zanim Ci \u017cycie nie powie, \u017ce pass<br>I odholuje, we\u017a w gar\u015b\u0107 i id\u017a<br>Zacznij na 100, nie na 5 procent \u017cy\u0107<\/p>\n\n\n\n<p>II<br>Wielkie ma oczy strach, gdy si\u0119 boisz<br>To, co z\u0142e &#8211; wznieca i dwoi, troi<br>Pokochaj gor\u0119cej i we\u017a na r\u0119ce dziecko, bo<br>Ono przywo\u0142a dom<br>Nie wzbraniaj si\u0119, bierz wszystko jak jest<br>Bo \u017cycie po r\u00f3wno dzieli wydech i wdech<br>O\u0142\u00f3wek we\u017a, teraz kartk\u0119 i pisz:<br>Ju\u017c nie uciekam, bo we mnie jest mistrz!<\/p>\n\n\n\n<p>Ref.<br>Sw\u00f3j czas, we\u017a w gar\u015b\u0107, sw\u00f3j czas<br>Zanim Ci \u017cycie nie powie, \u017ce pass<br>I odholuje, we\u017a w gar\u015b\u0107 i id\u017a<br>Zacznij na 100, nie na 5 procent \u017cy\u0107 (x3)<\/p>\n\n\n\n<figure class=\"wp-block-table\"><table><tbody><tr><th>Autor tekstu:<\/th><td>Patrycja Kosiarkiewicz, \u0141ukasz Bartoszak<\/td><\/tr><tr><th>Kompozytor:<\/th><td>Bartosz Zielony<\/td><\/tr><\/tbody><\/table><\/figure>\n\n\n\n<p><a href=\"https:\/\/www.tekstowo.pl\/piosenka,sound_n_grace,100_ft__filip_lato.html\">https:\/\/www.tekstowo.pl\/piosenka,sound_n_grace,100_ft__filip_lato.html<\/a><\/p>\n\n\n\n<hr class=\"wp-block-separator\"\/>\n\n\n\n<h4 class=\"wp-block-heading\">0-zz.com\/0 &#8211; 0-zz.com\/z :<\/h4>\n\n\n\n<p><small><strong><a href=\"http:\/\/0-zz.com\/0\">1\ufe0f\u20e31\ufe0f\u20e3-0<\/a> |<a href=\"http:\/\/0-zz.com\/1\">1\ufe0f\u20e32\ufe0f\u20e3-1<\/a> |<a href=\"http:\/\/0-zz.com\/2\">1\ufe0f\u20e33\ufe0f\u20e3-2<\/a> |<a href=\"http:\/\/0-zz.com\/3\">1\ufe0f\u20e34\ufe0f\u20e3-3<\/a> |<a href=\"http:\/\/0-zz.com\/4\">1\ufe0f\u20e35\ufe0f\u20e3-4<\/a> |<a href=\"http:\/\/0-zz.com\/5\">1\ufe0f\u20e36\ufe0f\u20e3-5<\/a> <\/strong><\/small><br><small> <strong><a href=\"http:\/\/0-zz.com\/6\">2\ufe0f\u20e31\ufe0f\u20e3-6<\/a> |<a href=\"http:\/\/0-zz.com\/7\">2\ufe0f\u20e32\ufe0f\u20e3-7<\/a> |<a href=\"http:\/\/0-zz.com\/8\">2\ufe0f\u20e33\ufe0f\u20e3-8<\/a> |<a href=\"http:\/\/0-zz.com\/9\">2\ufe0f\u20e34\ufe0f\u20e3-9<\/a> |<a href=\"http:\/\/0-zz.com\/a\">2\ufe0f\u20e35\ufe0f\u20e3-A<\/a> |<a href=\"http:\/\/0-zz.com\/b\">2\ufe0f\u20e36\ufe0f\u20e3-B<\/a><\/strong><\/small><br><small> <strong><a href=\"http:\/\/0-zz.com\/c\">3\ufe0f\u20e31\ufe0f\u20e3-C<\/a> |<a href=\"http:\/\/0-zz.com\/d\">3\ufe0f\u20e32\ufe0f\u20e3-D<\/a> |<a href=\"http:\/\/0-zz.com\/e\">3\ufe0f\u20e33\ufe0f\u20e3-E<\/a> |<a href=\"http:\/\/0-zz.com\/f\">3\ufe0f\u20e34\ufe0f\u20e3-F<\/a> |<a href=\"http:\/\/0-zz.com\/g\">3\ufe0f\u20e35\ufe0f\u20e3-G<\/a> |<a href=\"http:\/\/0-zz.com\/h\">3\ufe0f\u20e36\ufe0f\u20e3-H<\/a><\/strong><\/small><br><small> <strong><a href=\"http:\/\/0-zz.com\/i\">4\ufe0f\u20e31\ufe0f\u20e3-I<\/a> |<a href=\"http:\/\/0-zz.com\/j\">4\ufe0f\u20e32\ufe0f\u20e3-J<\/a> |<a href=\"http:\/\/0-zz.com\/k\">4\ufe0f\u20e33\ufe0f\u20e3-K<\/a> |<a href=\"http:\/\/0-zz.com\/l\">4\ufe0f\u20e34\ufe0f\u20e3-L<\/a> |<a href=\"http:\/\/0-zz.com\/m\">4\ufe0f\u20e35\ufe0f\u20e3-M<\/a> |<a href=\"http:\/\/0-zz.com\/n\">4\ufe0f\u20e36\ufe0f\u20e3-N<\/a><\/strong><\/small><br><small> <strong><a href=\"http:\/\/0-zz.com\/o\">5\ufe0f\u20e31\ufe0f\u20e3-O<\/a> |<a href=\"http:\/\/0-zz.com\/p\">5\ufe0f\u20e32\ufe0f\u20e3-P<\/a> |<a href=\"http:\/\/0-zz.com\/q\">5\ufe0f\u20e33\ufe0f\u20e3-Q<\/a> |<a href=\"http:\/\/0-zz.com\/r\">5\ufe0f\u20e34\ufe0f\u20e3-R<\/a> |<a href=\"http:\/\/0-zz.com\/s\">5\ufe0f\u20e35\ufe0f\u20e3-S<\/a> |<a href=\"http:\/\/0-zz.com\/t\">5\ufe0f\u20e36\ufe0f\u20e3-T<\/a><\/strong><\/small><br><small> <strong><a href=\"http:\/\/0-zz.com\/u\">6\ufe0f\u20e31\ufe0f\u20e3-U<\/a> |<a href=\"http:\/\/0-zz.com\/v\">6\ufe0f\u20e32\ufe0f\u20e3-V<\/a> |<a href=\"http:\/\/0-zz.com\/w\">6\ufe0f\u20e33\ufe0f\u20e3-W<\/a> |<a href=\"http:\/\/0-zz.com\/x\">6\ufe0f\u20e34\ufe0f\u20e3-X<\/a> |<a href=\"http:\/\/0-zz.com\/y\">6\ufe0f\u20e35\ufe0f\u20e3-Y<\/a> |<a href=\"http:\/\/0-zz.com\/z\">6\ufe0f\u20e36\ufe0f\u20e3-Z<\/a><\/strong><\/small><\/p>\n\n\n\n<p>Roll 2 dice ?? 1\ufe0f\u20e32\ufe0f\u20e33\ufe0f\u20e34\ufe0f\u20e35\ufe0f\u20e36\ufe0f\u20e3<\/p>\n\n\n\n<p><a href=\"https:\/\/www.random.org\/dice\/\">https:\/\/www.random.org\/dice\/<\/a><\/p>\n\n\n\n<p><a href=\"https:\/\/www.google.com\/search?q=dice+roller\">https:\/\/www.google.com\/search?q=dice+roller<\/a><\/p>\n\n\n\n<hr class=\"wp-block-separator\"\/>\n\n\n\n<p><a href=\"https:\/\/12r.pl\/ea\/\">12r.pl\/ea<\/a>&nbsp;-&gt;&nbsp;<a href=\"https:\/\/12r.uk\/ea\/\">12r.uk\/ea<\/a>&nbsp;-&gt;&nbsp;<a href=\"https:\/\/7hi7.com\/ea\/\">7hi7.com\/ea<\/a><\/p>\n\n\n\n<p>Wikipedia.org &#8211; Play game &#8211; portals, categories, states, cities, capital cities<\/p>\n","protected":false},"excerpt":{"rendered":"<p>7 &#8211; 01\/7 &#8211; 017 Filip Lato &amp; Sound&#8217;n&#8217;Grace\u2013 100 [Official Music Video] 39M views&nbsp;\u00b7&nbsp;4 years ago Gorgo Music SUBSCRIBED 19.5K subscribers https:\/\/m.youtube.com\/channel\/UCXMc7vCn4yW61mRCu9vsVGg IB\u0119dzie to, co ma by\u0107, nie inaczejRozpromieni si\u0119 kto\u015b, kto\u015b zap\u0142aczeNie dowiesz si\u0119 wcze\u015bniej, chyba \u017ce we \u015bnieAle czy chcesz?Nie wiedzie\u0107 dobrze jestZa czym tak gnasz, po co Ci to?Zabierzesz ze sob\u0105, [&hellip;]<\/p>\n","protected":false},"author":1,"featured_media":0,"parent":0,"menu_order":0,"comment_status":"closed","ping_status":"closed","template":"","meta":{"footnotes":""},"class_list":["post-36","page","type-page","status-publish","hentry"],"_links":{"self":[{"href":"https:\/\/0-zz.com\/01\/wp-json\/wp\/v2\/pages\/36","targetHints":{"allow":["GET"]}}],"collection":[{"href":"https:\/\/0-zz.com\/01\/wp-json\/wp\/v2\/pages"}],"about":[{"href":"https:\/\/0-zz.com\/01\/wp-json\/wp\/v2\/types\/page"}],"author":[{"embeddable":true,"href":"https:\/\/0-zz.com\/01\/wp-json\/wp\/v2\/users\/1"}],"replies":[{"embeddable":true,"href":"https:\/\/0-zz.com\/01\/wp-json\/wp\/v2\/comments?post=36"}],"version-history":[{"count":3,"href":"https:\/\/0-zz.com\/01\/wp-json\/wp\/v2\/pages\/36\/revisions"}],"predecessor-version":[{"id":197,"href":"https:\/\/0-zz.com\/01\/wp-json\/wp\/v2\/pages\/36\/revisions\/197"}],"wp:attachment":[{"href":"https:\/\/0-zz.com\/01\/wp-json\/wp\/v2\/media?parent=36"}],"curies":[{"name":"wp","href":"https:\/\/api.w.org\/{rel}","templated":true}]}}